{"id":2532,"date":"2017-11-18T20:22:10","date_gmt":"2017-11-18T20:22:10","guid":{"rendered":"http:\/\/biblian.is\/1981\/opinberunarbokin-18-kafli\/"},"modified":"2021-06-06T11:04:27","modified_gmt":"2021-06-06T11:04:27","slug":"opinberunarbok-johannesar-18-kafli","status":"publish","type":"page","link":"https:\/\/biblian.is\/1981\/opinberunarbok-johannesar-18-kafli\/","title":{"rendered":"Opinberunarb\u00f3k J\u00f3hannesar 18. kafli"},"content":{"rendered":"<p><a name=\"1\"><span class=\"versanumer\">1<\/span><\/a>Eftir \u00feetta s\u00e1 \u00e9g annan engil st\u00edga ofan af himni, og haf\u00f0i hann miki\u00f0 vald og j\u00f6r\u00f0in lj\u00f3ma\u00f0i af d\u00fdr\u00f0 hans.<a name=\"2\"><span class=\"versanumer\">2<\/span><\/a>Og hann hr\u00f3pa\u00f0i me\u00f0 sterkri r\u00f6ddu og sag\u00f0i: Fallin er, fallin er Bab\u00fdlon hin mikla og or\u00f0in a\u00f0 dj\u00f6fla heimkynni og fangelsi alls konar \u00f3hreinna anda og fangelsi alls konar \u00f3hreinna og vi\u00f0bj\u00f3\u00f0slegra fugla.<a name=\"3\"><span class=\"versanumer\">3<\/span><\/a>\u00dev\u00ed a\u00f0 h\u00fan hefur byrla\u00f0 \u00f6llum \u00fej\u00f3\u00f0um af rei\u00f0i-v\u00edni saurlifna\u00f0ar s\u00edns, og konungar jar\u00f0arinnar dr\u00fdg\u00f0u saurlifna\u00f0 me\u00f0 henni og kaupmenn jar\u00f0arinnar au\u00f0gu\u00f0ust af gn\u00f3ttum muna\u00f0ar hennar.<a name=\"4\"><span class=\"versanumer\">4<\/span><\/a>Og \u00e9g heyr\u00f0i a\u00f0ra r\u00f6dd af himni, sem sag\u00f0i: Gangi\u00f0 \u00fat, mitt f\u00f3lk, \u00fat \u00far henni, svo a\u00f0 \u00fe\u00e9r eigi\u00f0 engan hlut \u00ed syndum hennar og hreppi\u00f0 ekki pl\u00e1gur hennar.<a name=\"5\"><span class=\"versanumer\">5<\/span><\/a>\u00dev\u00ed a\u00f0 syndir hennar hl\u00f3\u00f0ust allt upp til himins og Gu\u00f0 minntist rangl\u00e6tis hennar.<a name=\"6\"><span class=\"versanumer\">6<\/span><\/a>Gjaldi\u00f0 henni eins og h\u00fan hefur goldi\u00f0 og tv\u00edgjaldi\u00f0 henni eftir verkum hennar, byrli\u00f0 henni tv\u00f6falt \u00ed bikarinn, sem h\u00fan hefur byrla\u00f0.<a name=\"7\"><span class=\"versanumer\">7<\/span><\/a>Veiti\u00f0 henni eins mikla kv\u00f6l og sorg og hennar st\u00e6ril\u00e6ti og \u00f3h\u00f3f hefur veri\u00f0. H\u00fan segir \u00ed hjarta s\u00ednu: H\u00e9r sit \u00e9g og er drottning, ekkja er \u00e9g eigi, sorg mun \u00e9g aldrei sj\u00e1.<a name=\"8\"><span class=\"versanumer\">8<\/span><\/a>Fyrir \u00fev\u00ed munu pl\u00e1gur hennar koma \u00e1 einum degi: Dau\u00f0i, sorg og hungur, og \u00ed eldi mun h\u00fan ver\u00f0a brennd, \u00fev\u00ed a\u00f0 m\u00e1ttugur er Drottinn Gu\u00f0, sem hana d\u00e6mdi.<a name=\"9\"><span class=\"versanumer\">9<\/span><\/a>Og konungar jar\u00f0arinnar, sem me\u00f0 henni dr\u00fdg\u00f0u saurlifna\u00f0 og lif\u00f0u \u00ed muna\u00f0i, munu gr\u00e1ta og kveina yfir henni er \u00feeir sj\u00e1 reykinn af brennu hennar.<a name=\"10\"><span class=\"versanumer\">10<\/span><\/a>Af \u00f3tta fyrir kv\u00f6l hennar munu \u00feeir standa langt fr\u00e1 og segja: Vei, vei, borgin mikla, Bab\u00fdlon, borgin volduga, \u00e1 einni stundu kom d\u00f3mur \u00feinn.<a name=\"11\"><span class=\"versanumer\">11<\/span><\/a>Og kaupmenn jar\u00f0arinnar gr\u00e1ta og harma yfir henni, \u00fev\u00ed a\u00f0 enginn kaupir n\u00fa framar v\u00f6rur \u00feeirra,<a name=\"12\"><span class=\"versanumer\">12<\/span><\/a>farma af gulli og silfri, gimsteinum og perlum, d\u00fdru l\u00edni og purpura, silki og skarlati og alls konar ilmvi\u00f0 og alls konar muni af f\u00edlabeini og alls konar muni af hinum d\u00fdrasta vi\u00f0i og af eiri og j\u00e1rni og marmara,<a name=\"13\"><span class=\"versanumer\">13<\/span><\/a>og kanelb\u00f6rk og balsam, ilmjurtir og smyrsl, reykelsi, v\u00edn og ol\u00edu og f\u00ednt mj\u00f6l, og hveiti og eyki og sau\u00f0i og hesta og vagna og man og mannas\u00e1lir.<a name=\"14\"><span class=\"versanumer\">14<\/span><\/a>Og \u00e1v\u00f6xturinn, sem s\u00e1la \u00fe\u00edn girnist, hefur brug\u00f0ist \u00fe\u00e9r, \u00f6ll s\u00e6ld og glys \u00fe\u00e9r horfi\u00f0 og enginn mun framar \u00f6rmul af \u00fev\u00ed finna.<a name=\"15\"><span class=\"versanumer\">15<\/span><\/a>Seljendur \u00feessara hluta, sem au\u00f0gast hafa \u00e1 henni, munu standa \u00e1lengdar af \u00f3tta yfir kv\u00f6l hennar, gr\u00e1tandi og harmandi<a name=\"16\"><span class=\"versanumer\">16<\/span><\/a>og segja: Vei, vei, borgin mikla, sem kl\u00e6ddist d\u00fdru l\u00edni, purpura og skarlati og var gulli ro\u00f0in og gimsteinum og perlum.<a name=\"17\"><span class=\"versanumer\">17<\/span><\/a>\u00c1 einni stundu eyddist allur \u00feessi au\u00f0ur. Og allir skipstj\u00f3rar, allir farmenn og h\u00e1setar og allir \u00feeir, sem atvinnu reka \u00e1 sj\u00f3num, st\u00f3\u00f0u \u00e1lengdar<a name=\"18\"><span class=\"versanumer\">18<\/span><\/a>og hr\u00f3pu\u00f0u, er \u00feeir s\u00e1u reykinn af brennu hennar, og s\u00f6g\u00f0u: Hva\u00f0a borg jafnast vi\u00f0 borgina miklu?<a name=\"19\"><span class=\"versanumer\">19<\/span><\/a>Og \u00feeir jusu mold yfir h\u00f6fu\u00f0 s\u00e9r og hr\u00f3pu\u00f0u gr\u00e1tandi og harmandi: Vei, vei, borgin mikla, sem allir \u00feeir, er skip eiga \u00e1 sj\u00f3num, au\u00f0gu\u00f0ust \u00e1 vegna au\u00f0\u00e6fa hennar. \u00c1 einni stundu var h\u00fan \u00ed ey\u00f0i l\u00f6g\u00f0.<a name=\"20\"><span class=\"versanumer\">20<\/span><\/a>Fagna yfir henni, \u00fe\u00fa himinn og \u00fe\u00e9r heil\u00f6gu og \u00fe\u00e9r postular og sp\u00e1menn, \u00fev\u00ed a\u00f0 Gu\u00f0 hefur reki\u00f0 r\u00e9ttar y\u00f0ar \u00e1 henni.<a name=\"21\"><span class=\"versanumer\">21<\/span><\/a>Og einn sterkur engill t\u00f3k upp stein, eins og mikinn kvarnarstein, og kasta\u00f0i \u00ed hafi\u00f0 og sag\u00f0i: Svo voveiflega mun Bab\u00fdlon kollvarpast, borgin mikla, svo a\u00f0 engar menjar skulu eftir ver\u00f0a.<a name=\"22\"><span class=\"versanumer\">22<\/span><\/a>Og h\u00f6rpusl\u00e1ttur og s\u00f6nglist, p\u00edpuhlj\u00f3mur og l\u00fa\u00f0ur\u00feytur skal ekki framar heyrast \u00ed \u00fe\u00e9r og engir i\u00f0na\u00f0armenn og i\u00f0nir skulu framar \u00ed \u00fe\u00e9r finnast og kvarnarhlj\u00f3\u00f0 skal eigi framar \u00ed \u00fe\u00e9r heyrast.<a name=\"23\"><span class=\"versanumer\">23<\/span><\/a>Lampalj\u00f3s skal eigi framar \u00ed \u00fe\u00e9r l\u00fdsa og raust br\u00fa\u00f0guma og br\u00fa\u00f0ar skal eigi framar heyrast \u00ed \u00fe\u00e9r. Kaupmenn \u00fe\u00ednir voru h\u00f6f\u00f0ingjar jar\u00f0arinnar, af \u00fev\u00ed a\u00f0 allar \u00fej\u00f3\u00f0ir leiddust \u00ed villu af t\u00f6frum \u00fe\u00ednum.<a name=\"24\"><span class=\"versanumer\">24<\/span><\/a>Og \u00ed henni fannst bl\u00f3\u00f0 sp\u00e1manna og heilagra og allra \u00feeirra, sem hafa drepnir veri\u00f0 \u00e1 j\u00f6r\u00f0inni.<\/p>\n<div class=\"footnote1981\"><b>18.2<\/b> Fallin er Bab\u00fdlon Opb 14.8+ &#8211; heimkynni dj\u00f6fla Jes 13.21; 34.11; Jer 50.39; Bar 4.35<br \/>\n<b>18.3<\/b> Lostav\u00edn saurl\u00edfis Opb 14.8+ &#8211; konungar jar\u00f0arinnar Opb 17.2<br \/>\n<b>18.4<\/b> For\u00f0i\u00f0 y\u00f0ur Jes 48.20; 52.11; Jer 50.8; 51.6-9,45; 2Kor 6.17<br \/>\n<b>18.5<\/b> Allt til himins 1M\u00f3s 18.20-21; Jer 51.9<br \/>\n<b>18.6<\/b> Komi\u00f0 fram vi\u00f0 hana Slm 137.8; Jer 50.15,29; 2\u00deess 1.6<br \/>\n<b>18.7<\/b> St\u00e6ril\u00e6ti hennar Jes 47.7-9<br \/>\n<b>18.8<\/b> Brennd Opb 17.16+<br \/>\n<b>18.9<\/b> Konungar kveina Esk 26.16-17; 27.30-35<br \/>\n<b>18.11<\/b> Kaupmenn Esk 27.36<br \/>\n<b>18.12-13<\/b> Farmar Esk 27.12-24<br \/>\n<b>18.16<\/b> Skart sk\u00e6kjunnar Opb 17.4+<br \/>\n<b>18.17-19<\/b> Sj\u00f3farendur harma Esk 27.29-34<br \/>\n<b>18.20<\/b> Fagna \u00fe\u00fa himinn Opb 12.12+<br \/>\n<b>18.21<\/b> Steini kasta\u00f0 \u00ed hafi\u00f0 Jer 51.63-64 \u2013 engar menjar Esk 26.21<br \/>\n<b>18.22<\/b> Sbr Jes 24.8; Esk 26.13<br \/>\n<b>18.23<\/b> Sbr Jer 7.34; 25.10 \u2013 kaupmenn Jes 23.8<br \/>\n<b>18.24<\/b> Bl\u00f3\u00f0 sp\u00e1manna og heilagra Opb 16.6+<\/div>\n","protected":false},"excerpt":{"rendered":"<p>1Eftir \u00feetta s\u00e1 \u00e9g annan engil st\u00edga ofan af himni, og haf\u00f0i hann miki\u00f0 vald og j\u00f6r\u00f0in lj\u00f3ma\u00f0i af d\u00fdr\u00f0 hans.2Og hann hr\u00f3pa\u00f0i me\u00f0 sterkri r\u00f6ddu og sag\u00f0i: Fallin er, fallin er Bab\u00fdlon hin mikla og or\u00f0in a\u00f0 dj\u00f6fla heimkynni og fangelsi alls konar \u00f3hreinna anda og fangelsi alls konar \u00f3hreinna og vi\u00f0bj\u00f3\u00f0slegra fugla.3\u00dev\u00ed a\u00f0 h\u00fan hefur byrla\u00f0 \u00f6llum \u00fej\u00f3\u00f0um af rei\u00f0i-v\u00edni saurlifna\u00f0ar s\u00edns, og konungar jar\u00f0arinnar dr\u00fdg\u00f0u saurlifna\u00f0 me\u00f0 henni og kaupmenn jar\u00f0arinnar au\u00f0gu\u00f0ust af gn\u00f3ttum muna\u00f0ar hennar.4Og \u00e9g heyr\u00f0i a\u00f0ra r\u00f6dd af himni, sem sag\u00f0i: Gangi\u00f0 \u00fat, mitt f\u00f3lk, \u00fat \u00far henni, svo a\u00f0 \u00fe\u00e9r eigi\u00f0 engan hlut <a href=\"https:\/\/biblian.is\/1981\/opinberunarbok-johannesar-18-kafli\/\"> [&#8230;]<\/a><\/p>\n","protected":false},"author":1,"featured_media":0,"parent":0,"menu_order":0,"comment_status":"open","ping_status":"open","template":"bibliukaflar.php","meta":{"footnotes":""},"class_list":["post-2532","page","type-page","status-publish","hentry"],"_links":{"self":[{"href":"https:\/\/biblian.is\/1981\/wp-json\/wp\/v2\/pages\/2532","targetHints":{"allow":["GET"]}}],"collection":[{"href":"https:\/\/biblian.is\/1981\/wp-json\/wp\/v2\/pages"}],"about":[{"href":"https:\/\/biblian.is\/1981\/wp-json\/wp\/v2\/types\/page"}],"author":[{"embeddable":true,"href":"https:\/\/biblian.is\/1981\/wp-json\/wp\/v2\/users\/1"}],"replies":[{"embeddable":true,"href":"https:\/\/biblian.is\/1981\/wp-json\/wp\/v2\/comments?post=2532"}],"version-history":[{"count":0,"href":"https:\/\/biblian.is\/1981\/wp-json\/wp\/v2\/pages\/2532\/revisions"}],"wp:attachment":[{"href":"https:\/\/biblian.is\/1981\/wp-json\/wp\/v2\/media?parent=2532"}],"curies":[{"name":"wp","href":"https:\/\/api.w.org\/{rel}","templated":true}]}}