{"id":2529,"date":"2017-11-18T20:22:10","date_gmt":"2017-11-18T20:22:10","guid":{"rendered":"http:\/\/biblian.is\/1981\/opinberunarbokin-15-kafli\/"},"modified":"2021-06-06T11:04:26","modified_gmt":"2021-06-06T11:04:26","slug":"opinberunarbok-johannesar-15-kafli","status":"publish","type":"page","link":"https:\/\/biblian.is\/1981\/opinberunarbok-johannesar-15-kafli\/","title":{"rendered":"Opinberunarb\u00f3k J\u00f3hannesar 15. kafli"},"content":{"rendered":"<p><a name=\"1\"><span class=\"versanumer\">1<\/span><\/a>Og \u00e9g s\u00e1 anna\u00f0 t\u00e1kn \u00e1 himni, miki\u00f0 og undursamlegt: Sj\u00f6 engla, sem h\u00f6f\u00f0u sj\u00f6 s\u00ed\u00f0ustu pl\u00e1gurnar, \u00fev\u00ed a\u00f0 me\u00f0 \u00feeim fullna\u00f0ist rei\u00f0i Gu\u00f0s.<a name=\"2\"><span class=\"versanumer\">2<\/span><\/a>Og \u00e9g leit sem glerhaf eldi blandi\u00f0, og \u00e9g s\u00e1 \u00fe\u00e1, sem unni\u00f0 h\u00f6f\u00f0u sigur \u00e1 d\u00fdrinu og l\u00edkneski \u00feess og \u00e1 t\u00f6lu nafns \u00feess, standa vi\u00f0 glerhafi\u00f0 og halda \u00e1 h\u00f6rpum Gu\u00f0s.<a name=\"3\"><span class=\"versanumer\">3<\/span><\/a>Og \u00feeir syngja s\u00f6ng M\u00f3se, Gu\u00f0s \u00fej\u00f3ns, og s\u00f6ng lambsins og segja: Mikil og d\u00e1samleg eru verkin \u00fe\u00edn, Drottinn Gu\u00f0, \u00fe\u00fa alvaldi, r\u00e9ttl\u00e1tir og sannir eru vegir \u00fe\u00ednir, \u00fe\u00fa konungur aldanna.<a name=\"4\"><span class=\"versanumer\">4<\/span><\/a>Hver skyldi ekki \u00f3ttast, Drottinn, og vegsama nafn \u00feitt? \u00dev\u00ed a\u00f0 \u00fe\u00fa einn ert heilagur, allar \u00fej\u00f3\u00f0ir munu koma og tilbi\u00f0ja frammi fyrir \u00fe\u00e9r, \u00fev\u00ed a\u00f0 r\u00e9ttl\u00e1tir d\u00f3mar \u00fe\u00ednir eru opinberir or\u00f0nir.<a name=\"5\"><span class=\"versanumer\">5<\/span><\/a>Og eftir \u00feetta s\u00e1 \u00e9g, a\u00f0 upp var loki\u00f0 musterinu \u00e1 himni, tjaldb\u00fa\u00f0 vitnisbur\u00f0arins.<a name=\"6\"><span class=\"versanumer\">6<\/span><\/a>Og \u00fat gengu \u00far musterinu englarnir sj\u00f6, sem h\u00f6f\u00f0u pl\u00e1gurnar sj\u00f6, kl\u00e6ddir hreinu, sk\u00ednandi l\u00edni og gyrtir gullbeltum um brj\u00f3st.<a name=\"7\"><span class=\"versanumer\">7<\/span><\/a>Og englunum sj\u00f6 f\u00e9kk ein af verunum fj\u00f3rum sj\u00f6 gullsk\u00e1lar, fullar rei\u00f0i Gu\u00f0s, hans sem lifir um aldir alda.<a name=\"8\"><span class=\"versanumer\">8<\/span><\/a>Og musteri\u00f0 fylltist af reyknum af d\u00fdr\u00f0 Gu\u00f0s og m\u00e6tti hans, og enginn m\u00e1tti inn ganga \u00ed musteri\u00f0, uns fullna\u00f0ar v\u00e6ru \u00fe\u00e6r sj\u00f6 pl\u00e1gur englanna sj\u00f6.<\/p>\n<div class=\"footnote1981\"><b>15.1<\/b> Sj\u00f6 englar Opb 16.1; 17.1; 21.9 \u2013 sj\u00f6 pl\u00e1gur 3M\u00f3s 16.21<br \/>\n<b>15.2<\/b> Glerhaf Opb 4.6 \u2013 l\u00edkneski og tala d\u00fdrsins Opb 13.16+<br \/>\n<b>15.3<\/b> S\u00f6ngur M\u00f3se 2M\u00f3s 15.1-18 \u2013 mikil og d\u00e1samleg 2M\u00f3s 15.11; Slm 111.2-4; 139.14 \u2013 alvaldur Opb 1.8+<br \/>\n<b>15.3-4<\/b> Hver skyldi ekki &#8230; Jer 10.7<br \/>\n<b>15.4<\/b> Allar \u00fej\u00f3\u00f0ir munu koma Slm 86.9; Mal 1.11<br \/>\n<b>15.5<\/b> Vitnisbur\u00f0artjaldb\u00fa\u00f0in 2M\u00f3s 38.21; 40.34; sbr Opb 11.19+<br \/>\n<b>15.7<\/b> Sk\u00e1lar fullar rei\u00f0i Gu\u00f0s Opb 14.10+<br \/>\n<b>15.8<\/b> Musteri\u00f0 fyllist af reiknum 2M\u00f3s 40.34-35; 1Kon 8.10-11; Jes 6.4<\/div>\n","protected":false},"excerpt":{"rendered":"<p>1Og \u00e9g s\u00e1 anna\u00f0 t\u00e1kn \u00e1 himni, miki\u00f0 og undursamlegt: Sj\u00f6 engla, sem h\u00f6f\u00f0u sj\u00f6 s\u00ed\u00f0ustu pl\u00e1gurnar, \u00fev\u00ed a\u00f0 me\u00f0 \u00feeim fullna\u00f0ist rei\u00f0i Gu\u00f0s.2Og \u00e9g leit sem glerhaf eldi blandi\u00f0, og \u00e9g s\u00e1 \u00fe\u00e1, sem unni\u00f0 h\u00f6f\u00f0u sigur \u00e1 d\u00fdrinu og l\u00edkneski \u00feess og \u00e1 t\u00f6lu nafns \u00feess, standa vi\u00f0 glerhafi\u00f0 og halda \u00e1 h\u00f6rpum Gu\u00f0s.3Og \u00feeir syngja s\u00f6ng M\u00f3se, Gu\u00f0s \u00fej\u00f3ns, og s\u00f6ng lambsins og segja: Mikil og d\u00e1samleg eru verkin \u00fe\u00edn, Drottinn Gu\u00f0, \u00fe\u00fa alvaldi, r\u00e9ttl\u00e1tir og sannir eru vegir \u00fe\u00ednir, \u00fe\u00fa konungur aldanna.4Hver skyldi ekki \u00f3ttast, Drottinn, og vegsama nafn \u00feitt? \u00dev\u00ed a\u00f0 \u00fe\u00fa einn ert heilagur, <a href=\"https:\/\/biblian.is\/1981\/opinberunarbok-johannesar-15-kafli\/\"> [&#8230;]<\/a><\/p>\n","protected":false},"author":1,"featured_media":0,"parent":0,"menu_order":0,"comment_status":"open","ping_status":"open","template":"bibliukaflar.php","meta":{"footnotes":""},"class_list":["post-2529","page","type-page","status-publish","hentry"],"_links":{"self":[{"href":"https:\/\/biblian.is\/1981\/wp-json\/wp\/v2\/pages\/2529","targetHints":{"allow":["GET"]}}],"collection":[{"href":"https:\/\/biblian.is\/1981\/wp-json\/wp\/v2\/pages"}],"about":[{"href":"https:\/\/biblian.is\/1981\/wp-json\/wp\/v2\/types\/page"}],"author":[{"embeddable":true,"href":"https:\/\/biblian.is\/1981\/wp-json\/wp\/v2\/users\/1"}],"replies":[{"embeddable":true,"href":"https:\/\/biblian.is\/1981\/wp-json\/wp\/v2\/comments?post=2529"}],"version-history":[{"count":0,"href":"https:\/\/biblian.is\/1981\/wp-json\/wp\/v2\/pages\/2529\/revisions"}],"wp:attachment":[{"href":"https:\/\/biblian.is\/1981\/wp-json\/wp\/v2\/media?parent=2529"}],"curies":[{"name":"wp","href":"https:\/\/api.w.org\/{rel}","templated":true}]}}