{"id":2528,"date":"2017-11-18T20:22:10","date_gmt":"2017-11-18T20:22:10","guid":{"rendered":"http:\/\/biblian.is\/1981\/opinberunarbokin-14-kafli\/"},"modified":"2021-06-06T11:04:25","modified_gmt":"2021-06-06T11:04:25","slug":"opinberunarbok-johannesar-14-kafli","status":"publish","type":"page","link":"https:\/\/biblian.is\/1981\/opinberunarbok-johannesar-14-kafli\/","title":{"rendered":"Opinberunarb\u00f3k J\u00f3hannesar 14. kafli"},"content":{"rendered":"<p><a name=\"1\"><span class=\"versanumer\">1<\/span><\/a>Enn s\u00e1 \u00e9g s\u00fdn: Lambi\u00f0 st\u00f3\u00f0 \u00e1 S\u00edonfjalli og me\u00f0 \u00fev\u00ed hundra\u00f0 fj\u00f6rut\u00edu og fj\u00f3rar \u00fe\u00fasundir, sem h\u00f6f\u00f0u nafn \u00feess og nafn f\u00f6\u00f0ur \u00feess skrifa\u00f0 \u00e1 ennum s\u00e9r.<a name=\"2\"><span class=\"versanumer\">2<\/span><\/a>Og \u00e9g heyr\u00f0i r\u00f6dd af himni sem ni\u00f0 margra vatna og sem gn\u00fd mikillar \u00ferumu, og r\u00f6ddin, sem \u00e9g heyr\u00f0i, var eins og h\u00f6rpuhlj\u00f3mur h\u00f6rpuleikara, sem sl\u00e1 h\u00f6rpur s\u00ednar.<a name=\"3\"><span class=\"versanumer\">3<\/span><\/a>Og \u00feeir syngja n\u00fdjan s\u00f6ng frammi fyrir h\u00e1s\u00e6tinu og frammi fyrir verunum fj\u00f3rum og \u00f6ldungunum. Og enginn gat numi\u00f0 s\u00f6nginn nema \u00fe\u00e6r hundra\u00f0 fj\u00f6rut\u00edu og fj\u00f3rar \u00fe\u00fasundir, \u00feeir sem \u00fat eru leystir fr\u00e1 j\u00f6r\u00f0unni.<a name=\"4\"><span class=\"versanumer\">4<\/span><\/a>\u00deetta eru \u00feeir, sem ekki hafa saurgast me\u00f0 konum, \u00fev\u00ed a\u00f0 \u00feeir eru sem meyjar. \u00deeir fylgja lambinu hvert sem \u00fea\u00f0 fer. \u00deeir voru leystir \u00fat \u00far h\u00f3p mannanna, frumgr\u00f3\u00f0i handa Gu\u00f0i og handa lambinu.<a name=\"5\"><span class=\"versanumer\">5<\/span><\/a>Og \u00ed munni \u00feeirra var enga lygi a\u00f0 finna, \u00feeir eru l\u00fdtalausir.<a name=\"6\"><span class=\"versanumer\">6<\/span><\/a>Og \u00e9g s\u00e1 annan engil flj\u00faga um h\u00e1hvolf himins. Hann h\u00e9lt \u00e1 eil\u00edfum fagna\u00f0arbo\u00f0skap, til a\u00f0 bo\u00f0a \u00feeim, sem \u00e1 j\u00f6r\u00f0unni b\u00faa, og s\u00e9rhverri \u00fej\u00f3\u00f0 og kynkv\u00edsl, tungu og l\u00fd\u00f0,<a name=\"7\"><span class=\"versanumer\">7<\/span><\/a>og sag\u00f0i h\u00e1rri r\u00f6ddu: \u00d3ttist Gu\u00f0 og gefi\u00f0 honum d\u00fdr\u00f0, \u00fev\u00ed a\u00f0 komin er stund d\u00f3ms hans. Tilbi\u00f0ji\u00f0 \u00feann, sem gj\u00f6rt hefur himininn og j\u00f6r\u00f0ina og hafi\u00f0 og uppsprettur vatnanna.<a name=\"8\"><span class=\"versanumer\">8<\/span><\/a>Og enn annar engill kom \u00e1 eftir og sag\u00f0i: Fallin er, fallin er Bab\u00fdlon hin mikla, sem byrla\u00f0 hefur \u00f6llum \u00fej\u00f3\u00f0um af rei\u00f0i-v\u00edni saurlifna\u00f0ar s\u00edns.<a name=\"9\"><span class=\"versanumer\">9<\/span><\/a>\u00c1 eftir \u00feeim kom hinn \u00feri\u00f0ji engill og sag\u00f0i h\u00e1rri r\u00f6ddu: Ef einhver tilbi\u00f0ur d\u00fdri\u00f0 og l\u00edkneski \u00feess og f\u00e6r merki \u00e1 enni sitt e\u00f0a h\u00f6nd s\u00edna,<a name=\"10\"><span class=\"versanumer\">10<\/span><\/a>\u00fe\u00e1 skal s\u00e1 hinn sami drekka af rei\u00f0i-v\u00edni Gu\u00f0s, sem byrla\u00f0 er \u00f3blanda\u00f0 \u00ed rei\u00f0ibikar hans, og hann mun kvalinn ver\u00f0a \u00ed eldi og brennisteini \u00ed augs\u00fdn heilagra engla og \u00ed augs\u00fdn lambsins.<a name=\"11\"><span class=\"versanumer\">11<\/span><\/a>Og reykurinn fr\u00e1 kvalasta\u00f0 \u00feeirra st\u00edgur upp um aldir alda, og eigi hafa \u00feeir hv\u00edld dag e\u00f0a n\u00f3tt, \u00feeir sem d\u00fdri\u00f0 tilbi\u00f0ja og l\u00edkneski \u00feess, hver s\u00e1 sem ber merki nafns \u00feess.<a name=\"12\"><span class=\"versanumer\">12<\/span><\/a>H\u00e9r reynir \u00e1 \u00feolg\u00e6\u00f0i hinna heil\u00f6gu, \u00feeirra er var\u00f0veita bo\u00f0 Gu\u00f0s og tr\u00fana \u00e1 Jes\u00fa.<a name=\"13\"><span class=\"versanumer\">13<\/span><\/a>Og \u00e9g heyr\u00f0i r\u00f6dd af himni, sem sag\u00f0i: Rita \u00fe\u00fa: S\u00e6lir eru d\u00e1nir, \u00feeir sem \u00ed Drottni deyja upp fr\u00e1 \u00feessu. J\u00e1, segir andinn, \u00feeir skulu f\u00e1 hv\u00edld fr\u00e1 erfi\u00f0i s\u00ednu, \u00fev\u00ed a\u00f0 verk \u00feeirra fylgja \u00feeim.<a name=\"14\"><span class=\"versanumer\">14<\/span><\/a>Og \u00e9g s\u00e1, og sj\u00e1: Hv\u00edtt sk\u00fd, og einhvern s\u00e1 \u00e9g sitja \u00e1 sk\u00fdinu, l\u00edkan mannssyni. Hann haf\u00f0i gullk\u00f3r\u00f3nu \u00e1 h\u00f6f\u00f0inu og \u00ed hendi s\u00e9r bitra sig\u00f0.<a name=\"15\"><span class=\"versanumer\">15<\/span><\/a>Og annar engill kom \u00fat \u00far musterinu. Hann kalla\u00f0i h\u00e1rri r\u00f6ddu til \u00feess sem \u00e1 sk\u00fdinu sat: Ber \u00fe\u00fa \u00fat sig\u00f0 \u00fe\u00edna og sker upp, \u00fev\u00ed a\u00f0 komin er stundin til a\u00f0 uppskera, s\u00e1\u00f0land jar\u00f0arinnar er full\u00feroska\u00f0.<a name=\"16\"><span class=\"versanumer\">16<\/span><\/a>Og s\u00e1, sem \u00e1 sk\u00fdinu sat, br\u00e1 sig\u00f0 sinni \u00e1 j\u00f6r\u00f0ina og upp var skori\u00f0 \u00e1 j\u00f6r\u00f0inni.<a name=\"17\"><span class=\"versanumer\">17<\/span><\/a>Og annar engill gekk \u00fat \u00far musterinu, sem er \u00e1 himni, og hann haf\u00f0i l\u00edka bitra sig\u00f0.<a name=\"18\"><span class=\"versanumer\">18<\/span><\/a>Og annar engill gekk \u00fat fr\u00e1 altarinu, hann haf\u00f0i vald yfir eldinum. Hann kalla\u00f0i h\u00e1rri r\u00f6ddu til \u00feess, sem haf\u00f0i bitru sig\u00f0ina: Ber \u00fe\u00fa \u00fat bitru sig\u00f0ina \u00fe\u00edna, og sker \u00fer\u00fagurnar af v\u00ednvi\u00f0i jar\u00f0arinnar, \u00fev\u00ed a\u00f0 v\u00ednberin \u00e1 honum eru or\u00f0in \u00ferosku\u00f0.<a name=\"19\"><span class=\"versanumer\">19<\/span><\/a>Og engillinn br\u00e1 sig\u00f0 sinni \u00e1 j\u00f6r\u00f0ina, skar af v\u00ednvi\u00f0 jar\u00f0arinnar og kasta\u00f0i honum \u00ed rei\u00f0i-v\u00edn\u00fer\u00f6ng Gu\u00f0s hina miklu.<a name=\"20\"><span class=\"versanumer\">20<\/span><\/a>Og v\u00edn\u00fer\u00f6ngin var tro\u00f0in fyrir utan borgina og gekk bl\u00f3\u00f0 \u00fat af v\u00edn\u00fer\u00f6nginni, svo a\u00f0 t\u00f3k upp undir beisli hestanna, eitt \u00fe\u00fasund og sex hundru\u00f0 skei\u00f0r\u00fam \u00fear fr\u00e1.<\/p>\n<div class=\"footnote1981\"><b>14.1<\/b> Lamb Opb 5.6+ &#8211; S\u00edonfjall Slm 2.6; Jl 3.5; \u00d3b 17 \u2013 144 000 Opb 7.4+ &#8211; hafa nafn \u00feess Opb 3.12+<br \/>\n<b>14.2<\/b> Ni\u00f0ur margra vatna Opb 1.15<br \/>\n<b>14.3<\/b> N\u00fdr s\u00f6ngur Opb 5.9+ &#8211; verurnar fj\u00f3rar Opb 4.6+ &#8211; \u00f6ldungarnir Opb 4.4+ ; 7.11+<br \/>\n<b>14.4<\/b> Leystir Opb 5.9 \u2013 frumgr\u00f3\u00f0i Jer 2.3; R\u00f3m 16.5; 1Kor 16.15<br \/>\n<b>14.5<\/b> Lygi Slm 32.2; Jes 53.9; Sef 3.13<br \/>\n<b>14.7<\/b> Skapari Opb 10.5+<br \/>\n<b>14.8<\/b> Bab\u00fdlon Jes 46.1-2; 47.1-15; Jer 50.29-32; 51.44-56; Sak 5.5-11; Dan 4.27; Opb 16.19; 17.5; 18.10-21 \u2013 fallin er &#8230; Jes 21.9; Jer 51.8; Opb 18.3 \u2013 lostav\u00edn Jer 51.7; Opb 17.2; 18.3<br \/>\n<b>14.9<\/b> Merki d\u00fdrsins Opb 13.16+<br \/>\n<b>14.10<\/b> Rei\u00f0isk\u00e1lar Slm 75.9; Jes 51.17,22; Jer 25.25; Opb 15.7; 16.19 \u2013 kvalinn \u00ed eldi 1M\u00f3s 19.24; Slm 11.6; Esk 38.22; Opb 19.20; 20.10,14; 21.8<br \/>\n<b>14.11<\/b> Sbr Jes 34.10; Opb 19.3 \u2013 \u00feeir sem tilbi\u00f0ja d\u00fdri\u00f0 Opb 13.8+<br \/>\n<b>14.12<\/b> \u00deolg\u00e6\u00f0i Opb 13.10 \u2013 hl\u00fd\u00f0a Gu\u00f0i Opb 12.17<br \/>\n<b>14.13<\/b> \u00deeir skulu f\u00e1 hv\u00edld Heb 4.10<br \/>\n<b>14.14<\/b> L\u00edkur mannssyni Opb 1.13+<br \/>\n<b>14.15<\/b> Sker\u00f0u upp Jl 4.13; Matt 13.39-40<br \/>\n<b>14.19<\/b> V\u00edn\u00fer\u00f6ngin mikla Jes 63.1-6; Hlj 1.15; Opb 19.15<\/div>\n","protected":false},"excerpt":{"rendered":"<p>1Enn s\u00e1 \u00e9g s\u00fdn: Lambi\u00f0 st\u00f3\u00f0 \u00e1 S\u00edonfjalli og me\u00f0 \u00fev\u00ed hundra\u00f0 fj\u00f6rut\u00edu og fj\u00f3rar \u00fe\u00fasundir, sem h\u00f6f\u00f0u nafn \u00feess og nafn f\u00f6\u00f0ur \u00feess skrifa\u00f0 \u00e1 ennum s\u00e9r.2Og \u00e9g heyr\u00f0i r\u00f6dd af himni sem ni\u00f0 margra vatna og sem gn\u00fd mikillar \u00ferumu, og r\u00f6ddin, sem \u00e9g heyr\u00f0i, var eins og h\u00f6rpuhlj\u00f3mur h\u00f6rpuleikara, sem sl\u00e1 h\u00f6rpur s\u00ednar.3Og \u00feeir syngja n\u00fdjan s\u00f6ng frammi fyrir h\u00e1s\u00e6tinu og frammi fyrir verunum fj\u00f3rum og \u00f6ldungunum. Og enginn gat numi\u00f0 s\u00f6nginn nema \u00fe\u00e6r hundra\u00f0 fj\u00f6rut\u00edu og fj\u00f3rar \u00fe\u00fasundir, \u00feeir sem \u00fat eru leystir fr\u00e1 j\u00f6r\u00f0unni.4\u00deetta eru \u00feeir, sem ekki hafa saurgast me\u00f0 konum, \u00fev\u00ed a\u00f0 \u00feeir <a href=\"https:\/\/biblian.is\/1981\/opinberunarbok-johannesar-14-kafli\/\"> [&#8230;]<\/a><\/p>\n","protected":false},"author":1,"featured_media":0,"parent":0,"menu_order":0,"comment_status":"open","ping_status":"open","template":"bibliukaflar.php","meta":{"footnotes":""},"class_list":["post-2528","page","type-page","status-publish","hentry"],"_links":{"self":[{"href":"https:\/\/biblian.is\/1981\/wp-json\/wp\/v2\/pages\/2528","targetHints":{"allow":["GET"]}}],"collection":[{"href":"https:\/\/biblian.is\/1981\/wp-json\/wp\/v2\/pages"}],"about":[{"href":"https:\/\/biblian.is\/1981\/wp-json\/wp\/v2\/types\/page"}],"author":[{"embeddable":true,"href":"https:\/\/biblian.is\/1981\/wp-json\/wp\/v2\/users\/1"}],"replies":[{"embeddable":true,"href":"https:\/\/biblian.is\/1981\/wp-json\/wp\/v2\/comments?post=2528"}],"version-history":[{"count":0,"href":"https:\/\/biblian.is\/1981\/wp-json\/wp\/v2\/pages\/2528\/revisions"}],"wp:attachment":[{"href":"https:\/\/biblian.is\/1981\/wp-json\/wp\/v2\/media?parent=2528"}],"curies":[{"name":"wp","href":"https:\/\/api.w.org\/{rel}","templated":true}]}}