{"id":2527,"date":"2017-11-18T20:22:06","date_gmt":"2017-11-18T20:22:06","guid":{"rendered":"http:\/\/biblian.is\/1981\/opinberunarbokin-13-kafli\/"},"modified":"2021-06-06T11:04:25","modified_gmt":"2021-06-06T11:04:25","slug":"opinberunarbok-johannesar-13-kafli","status":"publish","type":"page","link":"https:\/\/biblian.is\/1981\/opinberunarbok-johannesar-13-kafli\/","title":{"rendered":"Opinberunarb\u00f3k J\u00f3hannesar 13. kafli"},"content":{"rendered":"<p><a name=\"1\"><span class=\"versanumer\">1<\/span><\/a>\u00de\u00e1 s\u00e1 \u00e9g d\u00fdr st\u00edga upp af hafinu. \u00dea\u00f0 haf\u00f0i t\u00edu horn og sj\u00f6 h\u00f6fu\u00f0, og \u00e1 hornum \u00feess voru t\u00edu ennisdj\u00e1sn og \u00e1 h\u00f6f\u00f0um \u00feess voru gu\u00f0l\u00f6stunar n\u00f6fn.<a name=\"2\"><span class=\"versanumer\">2<\/span><\/a>D\u00fdri\u00f0, sem \u00e9g s\u00e1, var l\u00edkt pardusd\u00fdri, f\u00e6tur \u00feess voru sem bjarnarf\u00e6tur og munnur \u00feess eins og lj\u00f3nsmunnur. Drekinn gaf \u00fev\u00ed m\u00e1tt sinn og h\u00e1s\u00e6ti sitt og vald miki\u00f0.<a name=\"3\"><span class=\"versanumer\">3<\/span><\/a>Eitt af h\u00f6f\u00f0um \u00feess virtist s\u00e6rt til \u00f3l\u00edfis, en banas\u00e1r \u00feess var\u00f0 heilt. \u00d6ll j\u00f6r\u00f0in fylgdi d\u00fdrinu me\u00f0 undrun,<a name=\"4\"><span class=\"versanumer\">4<\/span><\/a>og \u00feeir tilb\u00e1\u00f0u drekann, af \u00fev\u00ed a\u00f0 hann haf\u00f0i gefi\u00f0 d\u00fdrinu vald sitt. Og \u00feeir tilb\u00e1\u00f0u d\u00fdri\u00f0 og s\u00f6g\u00f0u: Hver jafnast vi\u00f0 d\u00fdri\u00f0 og hver getur barist vi\u00f0 \u00fea\u00f0?<a name=\"5\"><span class=\"versanumer\">5<\/span><\/a>Og \u00fev\u00ed var gefinn munnur, er tala\u00f0i st\u00f3ryr\u00f0i og gu\u00f0lastanir, og lofa\u00f0 a\u00f0 fara \u00fev\u00ed fram \u00ed fj\u00f6rut\u00edu og tvo m\u00e1nu\u00f0i.<a name=\"6\"><span class=\"versanumer\">6<\/span><\/a>Og \u00fea\u00f0 lauk upp munni s\u00ednum til lastm\u00e6la gegn Gu\u00f0i, til a\u00f0 lastm\u00e6la nafni hans og tjaldb\u00fa\u00f0 hans og \u00feeim, sem \u00e1 himni b\u00faa.<a name=\"7\"><span class=\"versanumer\">7<\/span><\/a>Og \u00fev\u00ed var leyft a\u00f0 heyja str\u00ed\u00f0 vi\u00f0 hina heil\u00f6gu og sigra \u00fe\u00e1, og \u00fev\u00ed var gefi\u00f0 vald yfir s\u00e9rhverri kynkv\u00edsl og l\u00fd\u00f0, tungu og \u00fej\u00f3\u00f0.<a name=\"8\"><span class=\"versanumer\">8<\/span><\/a>Og allir \u00feeir, sem \u00e1 j\u00f6r\u00f0unni b\u00faa, munu tilbi\u00f0ja \u00fea\u00f0, hver og einn s\u00e1 er eigi \u00e1 nafn sitt rita\u00f0 fr\u00e1 grundv\u00f6llun veraldar \u00ed l\u00edfsins b\u00f3k lambsins, sem sl\u00e1tra\u00f0 var.<a name=\"9\"><span class=\"versanumer\">9<\/span><\/a>S\u00e1 sem hefur eyra, hann heyri.<a name=\"10\"><span class=\"versanumer\">10<\/span><\/a>S\u00e1 sem \u00e6tla\u00f0ur er til herlei\u00f0ingar ver\u00f0ur herleiddur. S\u00e1 sem sver\u00f0i er \u00e6tla\u00f0ur ver\u00f0ur deyddur me\u00f0 sver\u00f0i. H\u00e9r reynir \u00e1 \u00feolg\u00e6\u00f0i og tr\u00fa hinna heil\u00f6gu.<a name=\"11\"><span class=\"versanumer\">11<\/span><\/a>Og \u00e9g s\u00e1 anna\u00f0 d\u00fdr st\u00edga upp af j\u00f6r\u00f0inni og \u00fea\u00f0 haf\u00f0i tv\u00f6 horn l\u00edk lambshornum, en \u00fea\u00f0 tala\u00f0i eins og dreki.<a name=\"12\"><span class=\"versanumer\">12<\/span><\/a>\u00dea\u00f0 fer me\u00f0 allt vald fyrra d\u00fdrsins fyrir augs\u00fdn \u00feess og \u00fea\u00f0 l\u00e6tur j\u00f6r\u00f0ina og \u00fe\u00e1, sem \u00e1 henni b\u00faa, tilbi\u00f0ja fyrra d\u00fdri\u00f0, sem var\u00f0 heilt af banas\u00e1ri s\u00ednu.<a name=\"13\"><span class=\"versanumer\">13<\/span><\/a>Og \u00fea\u00f0 gj\u00f6rir t\u00e1kn mikil, svo a\u00f0 \u00fea\u00f0 l\u00e6tur jafnvel eld falla af himni ofan \u00e1 j\u00f6r\u00f0ina fyrir augum mannanna.<a name=\"14\"><span class=\"versanumer\">14<\/span><\/a>Og \u00fea\u00f0 lei\u00f0ir afvega \u00fe\u00e1, sem \u00e1 j\u00f6r\u00f0unni b\u00faa, me\u00f0 t\u00e1knunum, sem \u00fev\u00ed er lofa\u00f0 a\u00f0 gj\u00f6ra \u00ed augs\u00fdn d\u00fdrsins. \u00dea\u00f0 segir \u00feeim, sem \u00e1 j\u00f6r\u00f0unni b\u00faa, a\u00f0 \u00feeir skuli gj\u00f6ra l\u00edkneski af d\u00fdrinu, sem s\u00e1ri\u00f0 f\u00e9kk undan sver\u00f0inu, en lifna\u00f0i vi\u00f0.<a name=\"15\"><span class=\"versanumer\">15<\/span><\/a>Og \u00fev\u00ed var leyft a\u00f0 gefa l\u00edkneski d\u00fdrsins anda, til \u00feess a\u00f0 l\u00edkneski d\u00fdrsins g\u00e6ti einnig tala\u00f0 og komi\u00f0 \u00fev\u00ed til lei\u00f0ar, a\u00f0 allir yr\u00f0u \u00feeir deyddir, sem ekki vildu tilbi\u00f0ja l\u00edkneski d\u00fdrsins.<a name=\"16\"><span class=\"versanumer\">16<\/span><\/a>Og \u00fea\u00f0 l\u00e6tur alla, sm\u00e1a og st\u00f3ra, au\u00f0uga og f\u00e1t\u00e6ka og frj\u00e1lsa og \u00f3frj\u00e1lsa, setja merki \u00e1 h\u00e6gri h\u00f6nd s\u00e9r e\u00f0a \u00e1 enni s\u00edn<a name=\"17\"><span class=\"versanumer\">17<\/span><\/a>og kemur \u00fev\u00ed til lei\u00f0ar, a\u00f0 enginn geti keypt e\u00f0a selt, nema hann hafi merki\u00f0, nafn d\u00fdrsins, e\u00f0a t\u00f6lu nafns \u00feess.<a name=\"18\"><span class=\"versanumer\">18<\/span><\/a>H\u00e9r reynir \u00e1 speki. S\u00e1 sem skilning hefur reikni t\u00f6lu d\u00fdrsins, \u00fev\u00ed a\u00f0 tala manns er \u00fea\u00f0, og tala hans er sex hundru\u00f0 sext\u00edu og sex.<\/p>\n<div class=\"footnote1981\"><b>13.1<\/b> D\u00fdr st\u00edgur upp \u00far hafinu Opb 11.7+<br \/>\n<b>13.2<\/b> D\u00fdri\u00f0 Dan 7.4-6; Opb 17.3,7-12<br \/>\n<b>13.5<\/b> G\u00edfuryr\u00f0i Dan 7.8,11,20,25; 11.27 \u2013 42 m\u00e1nu\u00f0ir Opb 11.2+<br \/>\n<b>13.7<\/b> Str\u00ed\u00f0 vi\u00f0 hina heil\u00f6gu Opb 11.7+<br \/>\n<b>13.8<\/b> D\u00fdri\u00f0 tilbe\u00f0i\u00f0 Opb 13.12; 14.9-11; 16.2; 19.20; 20.4 \u2013 l\u00edfsb\u00f3k Opb 3.5+ &#8211; lambi\u00f0, sem sl\u00e1tra\u00f0 var Opb 5.6+<br \/>\n<b>13.10<\/b> \u00c1nau\u00f0, sver\u00f0 Jer 15.2; 43.11 \u2013 \u00feolg\u00e6\u00f0i Opb 14.12<br \/>\n<b>13.11<\/b> Me\u00f0 horn eins og lamb Matt 7.15; Opb 16.13; 19.20; 20.10<br \/>\n<b>13.13-14<\/b> Lei\u00f0ir afvega 5M\u00f3s 13.2-4; Matt 24.24; 2\u00deess 2.3,9 \u2013 eldur fellur til jar\u00f0ar 1Kon 18.24-39<br \/>\n<b>13.15<\/b> \u00deeir sem tilbi\u00f0ja l\u00edkneski d\u00fdrsins Dan 3.5-7,15<br \/>\n<b>13.16<\/b> Merki d\u00fdrsins Opb 14.9,11; 16.2; 19.20; 20.4<br \/>\n<b>13.18<\/b> Hafa skilning Opb 17.9<\/div>\n","protected":false},"excerpt":{"rendered":"<p>1\u00de\u00e1 s\u00e1 \u00e9g d\u00fdr st\u00edga upp af hafinu. \u00dea\u00f0 haf\u00f0i t\u00edu horn og sj\u00f6 h\u00f6fu\u00f0, og \u00e1 hornum \u00feess voru t\u00edu ennisdj\u00e1sn og \u00e1 h\u00f6f\u00f0um \u00feess voru gu\u00f0l\u00f6stunar n\u00f6fn.2D\u00fdri\u00f0, sem \u00e9g s\u00e1, var l\u00edkt pardusd\u00fdri, f\u00e6tur \u00feess voru sem bjarnarf\u00e6tur og munnur \u00feess eins og lj\u00f3nsmunnur. Drekinn gaf \u00fev\u00ed m\u00e1tt sinn og h\u00e1s\u00e6ti sitt og vald miki\u00f0.3Eitt af h\u00f6f\u00f0um \u00feess virtist s\u00e6rt til \u00f3l\u00edfis, en banas\u00e1r \u00feess var\u00f0 heilt. \u00d6ll j\u00f6r\u00f0in fylgdi d\u00fdrinu me\u00f0 undrun,4og \u00feeir tilb\u00e1\u00f0u drekann, af \u00fev\u00ed a\u00f0 hann haf\u00f0i gefi\u00f0 d\u00fdrinu vald sitt. Og \u00feeir tilb\u00e1\u00f0u d\u00fdri\u00f0 og s\u00f6g\u00f0u: Hver jafnast vi\u00f0 d\u00fdri\u00f0 og hver getur <a href=\"https:\/\/biblian.is\/1981\/opinberunarbok-johannesar-13-kafli\/\"> [&#8230;]<\/a><\/p>\n","protected":false},"author":1,"featured_media":0,"parent":0,"menu_order":0,"comment_status":"open","ping_status":"open","template":"bibliukaflar.php","meta":{"footnotes":""},"class_list":["post-2527","page","type-page","status-publish","hentry"],"_links":{"self":[{"href":"https:\/\/biblian.is\/1981\/wp-json\/wp\/v2\/pages\/2527","targetHints":{"allow":["GET"]}}],"collection":[{"href":"https:\/\/biblian.is\/1981\/wp-json\/wp\/v2\/pages"}],"about":[{"href":"https:\/\/biblian.is\/1981\/wp-json\/wp\/v2\/types\/page"}],"author":[{"embeddable":true,"href":"https:\/\/biblian.is\/1981\/wp-json\/wp\/v2\/users\/1"}],"replies":[{"embeddable":true,"href":"https:\/\/biblian.is\/1981\/wp-json\/wp\/v2\/comments?post=2527"}],"version-history":[{"count":0,"href":"https:\/\/biblian.is\/1981\/wp-json\/wp\/v2\/pages\/2527\/revisions"}],"wp:attachment":[{"href":"https:\/\/biblian.is\/1981\/wp-json\/wp\/v2\/media?parent=2527"}],"curies":[{"name":"wp","href":"https:\/\/api.w.org\/{rel}","templated":true}]}}