{"id":2525,"date":"2017-11-18T20:22:06","date_gmt":"2017-11-18T20:22:06","guid":{"rendered":"http:\/\/biblian.is\/1981\/opinberunarbokin-11-kafli\/"},"modified":"2021-06-06T11:04:24","modified_gmt":"2021-06-06T11:04:24","slug":"opinberunarbok-johannesar-11-kafli","status":"publish","type":"page","link":"https:\/\/biblian.is\/1981\/opinberunarbok-johannesar-11-kafli\/","title":{"rendered":"Opinberunarb\u00f3k J\u00f3hannesar 11. kafli"},"content":{"rendered":"<p><a name=\"1\"><span class=\"versanumer\">1<\/span><\/a>M\u00e9r var fenginn reyrleggur, l\u00edkur staf, og sagt var: R\u00eds upp og m\u00e6l musteri Gu\u00f0s og altari\u00f0 og teldu \u00fe\u00e1, sem \u00fear tilbi\u00f0ja.<a name=\"2\"><span class=\"versanumer\">2<\/span><\/a>Og l\u00e1ttu forgar\u00f0inn, sem er fyrir utan musteri\u00f0, vera fyrir utan og m\u00e6l hann ekki, \u00fev\u00ed a\u00f0 hann er fenginn hei\u00f0ingjunum, og \u00feeir munu f\u00f3tum tro\u00f0a borgina helgu \u00ed fj\u00f6rut\u00edu og tvo m\u00e1nu\u00f0i.<a name=\"3\"><span class=\"versanumer\">3<\/span><\/a>Vottana m\u00edna tvo mun \u00e9g l\u00e1ta flytja sp\u00e1d\u00f3msor\u00f0 \u00ed eitt \u00fe\u00fasund tv\u00f6 hundru\u00f0 og sext\u00edu daga, sekkjum kl\u00e6dda.<a name=\"4\"><span class=\"versanumer\">4<\/span><\/a>\u00deetta eru ol\u00eduvi\u00f0irnir tveir og lj\u00f3sastikurnar tv\u00e6r, sem standa frammi fyrir Drottni jar\u00f0arinnar.<a name=\"5\"><span class=\"versanumer\">5<\/span><\/a>Og ef einhver vill granda \u00feeim, gengur eldur \u00fat \u00far munni \u00feeirra og ey\u00f0ir \u00f3vinum \u00feeirra. Ef einhver skyldi vilja granda \u00feeim, skal hann me\u00f0 sama h\u00e6tti deyddur ver\u00f0a.<a name=\"6\"><span class=\"versanumer\">6<\/span><\/a>\u00deeir hafa vald til a\u00f0 loka himninum, til \u00feess a\u00f0 eigi rigni um sp\u00e1d\u00f3msdaga \u00feeirra. Og \u00feeir hafa vald yfir v\u00f6tnunum, a\u00f0 breyta \u00feeim \u00ed bl\u00f3\u00f0 og sl\u00e1 j\u00f6r\u00f0ina me\u00f0 hvers kyns pl\u00e1gu, svo oft sem \u00feeir vilja.<a name=\"7\"><span class=\"versanumer\">7<\/span><\/a>Og er \u00feeir hafa loki\u00f0 vitnisbur\u00f0i s\u00ednum, mun d\u00fdri\u00f0, sem upp st\u00edgur \u00far undirdj\u00fapinu, heyja str\u00ed\u00f0 vi\u00f0 \u00fe\u00e1 og mun sigra \u00fe\u00e1 og dey\u00f0a \u00fe\u00e1.<a name=\"8\"><span class=\"versanumer\">8<\/span><\/a>Og l\u00edk \u00feeirra munu liggja \u00e1 str\u00e6tum borgarinnar miklu, sem andlega heitir S\u00f3d\u00f3ma og Egyptaland, \u00fear sem og Drottinn \u00feeirra var krossfestur.<a name=\"9\"><span class=\"versanumer\">9<\/span><\/a>Menn af \u00fdmsum l\u00fd\u00f0um, kynkv\u00edslum, tungum og \u00fej\u00f3\u00f0um sj\u00e1 l\u00edk \u00feeirra \u00ferj\u00e1 og h\u00e1lfan dag og leyfa ekki a\u00f0 \u00feau ver\u00f0i l\u00f6g\u00f0 \u00ed gr\u00f6f.<a name=\"10\"><span class=\"versanumer\">10<\/span><\/a>Og \u00feeir, sem \u00e1 j\u00f6r\u00f0unni b\u00faa, gle\u00f0jast yfir \u00feeim og fagna og senda hver \u00f6\u00f0rum gjafir, \u00fev\u00ed a\u00f0 \u00feessir tveir sp\u00e1menn kv\u00f6ldu \u00fe\u00e1, sem \u00e1 j\u00f6r\u00f0unni b\u00faa.<a name=\"11\"><span class=\"versanumer\">11<\/span><\/a>Og eftir dagana \u00ferj\u00e1 og h\u00e1lfan f\u00f3r l\u00edfsandi fr\u00e1 Gu\u00f0i \u00ed \u00fe\u00e1, og \u00feeir risu \u00e1 f\u00e6tur. Og \u00f3tti mikill f\u00e9ll yfir \u00fe\u00e1, sem s\u00e1u \u00fe\u00e1.<a name=\"12\"><span class=\"versanumer\">12<\/span><\/a>Og \u00feeir heyr\u00f0u r\u00f6dd mikla af himni, sem sag\u00f0i vi\u00f0 \u00fe\u00e1: St\u00edgi\u00f0 upp hinga\u00f0. Og \u00feeir stigu upp til himins \u00ed sk\u00fdi og \u00f3vinir \u00feeirra horf\u00f0u \u00e1 \u00fe\u00e1.<a name=\"13\"><span class=\"versanumer\">13<\/span><\/a>\u00c1 \u00feeirri stundu var\u00f0 landskj\u00e1lfti mikill, og t\u00edundi hluti borgarinnar hrundi og \u00ed landskj\u00e1lftanum deyddust sj\u00f6 \u00fe\u00fasundir manna. Og \u00feeir, sem eftir voru, ur\u00f0u \u00f3tta slegnir og g\u00e1fu Gu\u00f0i himinsins d\u00fdr\u00f0ina.<a name=\"14\"><span class=\"versanumer\">14<\/span><\/a>Veii\u00f0 hi\u00f0 anna\u00f0 er li\u00f0i\u00f0 hj\u00e1. Sj\u00e1, veii\u00f0 hi\u00f0 \u00feri\u00f0ja kemur br\u00e1tt.<a name=\"15\"><span class=\"versanumer\">15<\/span><\/a>Og sj\u00f6undi engillinn b\u00e1s\u00fana\u00f0i. \u00de\u00e1 heyr\u00f0ust raddir miklar \u00e1 himni er s\u00f6g\u00f0u: Drottinn og Kristur hans hafa fengi\u00f0 vald yfir heiminum og hann mun r\u00edkja um aldir alda.<a name=\"16\"><span class=\"versanumer\">16<\/span><\/a>Og \u00f6ldungarnir tuttugu og fj\u00f3rir, \u00feeir er sitja frammi fyrir Gu\u00f0i \u00ed h\u00e1s\u00e6tum s\u00ednum, f\u00e9llu fram \u00e1 \u00e1sj\u00f3nur s\u00ednar, tilb\u00e1\u00f0u Gu\u00f0<a name=\"17\"><span class=\"versanumer\">17<\/span><\/a>og s\u00f6g\u00f0u: V\u00e9r \u00fe\u00f6kkum \u00fe\u00e9r, Drottinn Gu\u00f0, \u00fe\u00fa alvaldi, \u00fe\u00fa sem ert og \u00fe\u00fa sem varst, a\u00f0 \u00fe\u00fa hefur teki\u00f0 valdi\u00f0 \u00feitt hi\u00f0 mikla og gj\u00f6rst konungur.<a name=\"18\"><span class=\"versanumer\">18<\/span><\/a>Hei\u00f0ingjarnir reiddust, en rei\u00f0i \u00fe\u00edn kom, s\u00e1 t\u00edmi, er dau\u00f0ir skulu d\u00e6mdir ver\u00f0a, og t\u00edminn til a\u00f0 gefa laun \u00fej\u00f3num \u00fe\u00ednum, sp\u00e1m\u00f6nnunum og hinum heil\u00f6gu og \u00feeim, sem \u00f3ttast nafn \u00feitt, sm\u00e1um og st\u00f3rum, og til a\u00f0 ey\u00f0a \u00feeim, sem j\u00f6r\u00f0ina ey\u00f0a.<a name=\"19\"><span class=\"versanumer\">19<\/span><\/a>Og musteri Gu\u00f0s opna\u00f0ist, \u00fea\u00f0 sem \u00e1 himni er, og s\u00e1ttm\u00e1ls\u00f6rk hans birtist \u00ed musteri hans. Og eldingar komu og dunur og \u00ferumur og landskj\u00e1lfti og hagl miki\u00f0.<\/p>\n<div class=\"footnote1981\"><b>11.1<\/b> M\u00e6listika Esk 40.3; Sak 2.5-6; Opb 21.15<br \/>\n<b>11.2<\/b> F\u00f3tum tro\u00f0a borgina helgu Slm 79.1; Jes 63.18; L\u00fak 21.24 \u2013 42 m\u00e1nu\u00f0ir (\u00fe.e. 1260 dagar) Dan 7.25; 12.7; Opb 12.6,14; 13.5<br \/>\n<b>11.4<\/b> Ol\u00eduvi\u00f0irnir tveir Sak 4.3,11-14<br \/>\n<b>11.5<\/b> Eldur 2Sam 22.9; 2Kon 1.10,14; Slm 97.3; Jer 5.14<br \/>\n<b>11.6<\/b> Vald til a\u00f0 loka himninum 1Kon 17.1; Jak 5.17 \u2013 v\u00f6tnum breytt \u00ed bl\u00f3\u00f0 Opb 8.8+<br \/>\n<b>11.7<\/b> D\u00fdri\u00f0 \u00far undirdj\u00fapinu Dan 7.3; Opb 13.1; 17.8 \u2013 heyr str\u00ed\u00f0 vi\u00f0 hina heil\u00f6gu Dan 7.7,21; Opb 12.17; 13.7<br \/>\n<b>11.8<\/b> S\u00f3d\u00f3ma (spilling) 1M\u00f3s 18-19; 5M\u00f3s 29.22; 32.32; Jes 1.9-10; Jer 23.14; Esk 16.46 \u2013 Egyptaland (\u00e1nau\u00f0 og skur\u00f0go\u00f0ad\u00fdrkun) 2M\u00f3s 13.14; Jes 19.1-3; SSal 11.15-16; 12.23-27; 15.16<br \/>\n<b>11.11<\/b> Gu\u00f0 endurl\u00edfgar Esk 37.5,10<br \/>\n<b>11.12<\/b> Stigu upp til himins 2Kon 2.11<br \/>\n<b>11.15<\/b> Mun r\u00edkja um aldur 2M\u00f3s 15.18; Slm 2.2; 10.16; 22.28-29; Dan 2.44; 7.14; \u00d3b 21; Sak 14.9; Opb 12.10; 19.6<br \/>\n<b>11.16<\/b> Tuttugu og fj\u00f3rir \u00f6ldungar Opb 7.11+<br \/>\n<b>11.17<\/b> \u00de\u00fa, sem ert, og \u00fe\u00fa, sem varst Opb 1.4+ &#8211; alvaldur Opb 1.8+<br \/>\n<b>11.18<\/b> \u00dej\u00f3\u00f0irnar reiddust Slm 2.1; 46.7 \u2013 \u00fej\u00f3nar \u00fe\u00ednir sp\u00e1mennirnir Opb 10.7+ &#8211; \u00feeim sem \u00f3ttast nafn \u00feitt Slm 115.13<br \/>\n<b>11.19<\/b> S\u00e1ttm\u00e1ls\u00f6rkin 2M\u00f3s 25.10; 1Kon 8.1,6; 2Kro 5.7; 2Makk 2.5; Opb 15.5 \u2013 \u00ferumur og eldingar Opb 4.5+<\/div>\n","protected":false},"excerpt":{"rendered":"<p>1M\u00e9r var fenginn reyrleggur, l\u00edkur staf, og sagt var: R\u00eds upp og m\u00e6l musteri Gu\u00f0s og altari\u00f0 og teldu \u00fe\u00e1, sem \u00fear tilbi\u00f0ja.2Og l\u00e1ttu forgar\u00f0inn, sem er fyrir utan musteri\u00f0, vera fyrir utan og m\u00e6l hann ekki, \u00fev\u00ed a\u00f0 hann er fenginn hei\u00f0ingjunum, og \u00feeir munu f\u00f3tum tro\u00f0a borgina helgu \u00ed fj\u00f6rut\u00edu og tvo m\u00e1nu\u00f0i.3Vottana m\u00edna tvo mun \u00e9g l\u00e1ta flytja sp\u00e1d\u00f3msor\u00f0 \u00ed eitt \u00fe\u00fasund tv\u00f6 hundru\u00f0 og sext\u00edu daga, sekkjum kl\u00e6dda.4\u00deetta eru ol\u00eduvi\u00f0irnir tveir og lj\u00f3sastikurnar tv\u00e6r, sem standa frammi fyrir Drottni jar\u00f0arinnar.5Og ef einhver vill granda \u00feeim, gengur eldur \u00fat \u00far munni \u00feeirra og ey\u00f0ir \u00f3vinum \u00feeirra. Ef <a href=\"https:\/\/biblian.is\/1981\/opinberunarbok-johannesar-11-kafli\/\"> [&#8230;]<\/a><\/p>\n","protected":false},"author":1,"featured_media":0,"parent":0,"menu_order":0,"comment_status":"open","ping_status":"open","template":"bibliukaflar.php","meta":{"footnotes":""},"class_list":["post-2525","page","type-page","status-publish","hentry"],"_links":{"self":[{"href":"https:\/\/biblian.is\/1981\/wp-json\/wp\/v2\/pages\/2525","targetHints":{"allow":["GET"]}}],"collection":[{"href":"https:\/\/biblian.is\/1981\/wp-json\/wp\/v2\/pages"}],"about":[{"href":"https:\/\/biblian.is\/1981\/wp-json\/wp\/v2\/types\/page"}],"author":[{"embeddable":true,"href":"https:\/\/biblian.is\/1981\/wp-json\/wp\/v2\/users\/1"}],"replies":[{"embeddable":true,"href":"https:\/\/biblian.is\/1981\/wp-json\/wp\/v2\/comments?post=2525"}],"version-history":[{"count":0,"href":"https:\/\/biblian.is\/1981\/wp-json\/wp\/v2\/pages\/2525\/revisions"}],"wp:attachment":[{"href":"https:\/\/biblian.is\/1981\/wp-json\/wp\/v2\/media?parent=2525"}],"curies":[{"name":"wp","href":"https:\/\/api.w.org\/{rel}","templated":true}]}}