{"id":2523,"date":"2017-11-18T20:22:06","date_gmt":"2017-11-18T20:22:06","guid":{"rendered":"http:\/\/biblian.is\/1981\/opinberunarbokin-9-kafli\/"},"modified":"2021-06-06T11:04:31","modified_gmt":"2021-06-06T11:04:31","slug":"opinberunarbok-johannesar-9-kafli","status":"publish","type":"page","link":"https:\/\/biblian.is\/1981\/opinberunarbok-johannesar-9-kafli\/","title":{"rendered":"Opinberunarb\u00f3k J\u00f3hannesar 9. kafli"},"content":{"rendered":"<p><a name=\"1\"><span class=\"versanumer\">1<\/span><\/a>Og fimmti engillinn b\u00e1s\u00fana\u00f0i. \u00de\u00e1 s\u00e1 \u00e9g stj\u00f6rnu, er falli\u00f0 haf\u00f0i af himni ofan \u00e1 j\u00f6r\u00f0ina, og henni var fenginn lykillinn a\u00f0 brunni undirdj\u00fapsins.<a name=\"2\"><span class=\"versanumer\">2<\/span><\/a>Og h\u00fan lauk upp brunni undirdj\u00fapsins, og reyk lag\u00f0i upp af brunninum eins og reyk fr\u00e1 st\u00f3rum ofni. Og s\u00f3lin myrkva\u00f0ist og lofti\u00f0 af reyknum \u00far brunninum.<a name=\"3\"><span class=\"versanumer\">3<\/span><\/a>\u00dat \u00far reyknum komu engisprettur \u00e1 j\u00f6r\u00f0ina og \u00fe\u00e6r fengu sama m\u00e1tt og spor\u00f0drekar jar\u00f0arinnar.<a name=\"4\"><span class=\"versanumer\">4<\/span><\/a>Og sagt var vi\u00f0 \u00fe\u00e6r, a\u00f0 eigi skyldu \u00fe\u00e6r granda grasi jar\u00f0arinnar n\u00e9 nokkrum gr\u00e6num gr\u00f3\u00f0ri n\u00e9 nokkru tr\u00e9, engu nema m\u00f6nnunum, \u00feeim er eigi hafa innsigli Gu\u00f0s \u00e1 ennum s\u00e9r.<a name=\"5\"><span class=\"versanumer\">5<\/span><\/a>Og \u00feeim var svo um bo\u00f0i\u00f0, a\u00f0 \u00fe\u00e6r skyldu eigi dey\u00f0a \u00fe\u00e1, heldur skyldu \u00feeir kvaldir ver\u00f0a \u00ed fimm m\u00e1nu\u00f0i. Undan \u00feeim sv\u00ed\u00f0ur eins og undan spor\u00f0dreka, er hann stingur mann.<a name=\"6\"><span class=\"versanumer\">6<\/span><\/a>\u00c1 \u00feeim d\u00f6gum munu mennirnir leita dau\u00f0ans og ekki finna hann. Menn munu \u00e6skja s\u00e9r a\u00f0 deyja, en dau\u00f0inn fl\u00fdr \u00fe\u00e1.<a name=\"7\"><span class=\"versanumer\">7<\/span><\/a>Og \u00e1s\u00fdndum voru engispretturnar svipa\u00f0ar hestum, b\u00fanum til bardaga, og \u00e1 h\u00f6f\u00f0um \u00feeirra voru eins og k\u00f3r\u00f3nur \u00far gulli, og \u00e1sj\u00f3nur \u00feeirra voru sem \u00e1sj\u00f3nur manna.<a name=\"8\"><span class=\"versanumer\">8<\/span><\/a>\u00de\u00e6r h\u00f6f\u00f0u h\u00e1r sem h\u00e1r kvenna, og tennur \u00feeirra voru eins og lj\u00f3nstennur.<a name=\"9\"><span class=\"versanumer\">9<\/span><\/a>\u00de\u00e6r h\u00f6f\u00f0u brj\u00f3sthl\u00edfar eins og j\u00e1rnbrynjur, og v\u00e6ngja\u00feyturinn fr\u00e1 \u00feeim var eins og vagnagn\u00fdr, \u00feegar margir hestar bruna fram til bardaga.<a name=\"10\"><span class=\"versanumer\">10<\/span><\/a>\u00de\u00e6r hafa hala og brodda eins og spor\u00f0drekar. Og \u00ed h\u00f6lum \u00feeirra er m\u00e1ttur \u00feeirra til a\u00f0 ska\u00f0a menn \u00ed fimm m\u00e1nu\u00f0i.<a name=\"11\"><span class=\"versanumer\">11<\/span><\/a>Konung hafa \u00fe\u00e6r yfir s\u00e9r, engil undirdj\u00fapsins. Nafn hans er \u00e1 hebresku Abadd\u00f3n og \u00e1 gr\u00edsku heitir hann Apoll\u00fd\u00f3n.<a name=\"12\"><span class=\"versanumer\">12<\/span><\/a>Veii\u00f0 hi\u00f0 fyrsta er li\u00f0i\u00f0 hj\u00e1. Sj\u00e1, enn koma tv\u00f6 vei eftir \u00feetta.<a name=\"13\"><span class=\"versanumer\">13<\/span><\/a>Og sj\u00f6tti engillinn b\u00e1s\u00fana\u00f0i. \u00de\u00e1 heyr\u00f0i \u00e9g r\u00f6dd eina fr\u00e1 hornunum \u00e1 gullaltarinu, sem er frammi fyrir Gu\u00f0i.<a name=\"14\"><span class=\"versanumer\">14<\/span><\/a>Og r\u00f6ddin sag\u00f0i vi\u00f0 sj\u00f6tta engilinn, sem h\u00e9lt \u00e1 b\u00e1s\u00fanunni: Leys \u00fe\u00fa englana fj\u00f3ra, sem bundnir eru vi\u00f0 flj\u00f3ti\u00f0 mikla, Efrat.<a name=\"15\"><span class=\"versanumer\">15<\/span><\/a>Og englarnir fj\u00f3rir voru leystir, sem b\u00fanir st\u00f3\u00f0u til stundar \u00feessarar, dags \u00feessa, m\u00e1na\u00f0ar \u00feessa og \u00e1rs \u00feessa, til \u00feess a\u00f0 dey\u00f0a \u00feri\u00f0jung mannanna.<a name=\"16\"><span class=\"versanumer\">16<\/span><\/a>Og talan \u00e1 herfylkingum riddarali\u00f0sins var tveim sinnum t\u00edu \u00fe\u00fasundir t\u00edu \u00fe\u00fasunda. \u00c9g heyr\u00f0i t\u00f6lu \u00feeirra.<a name=\"17\"><span class=\"versanumer\">17<\/span><\/a>Og me\u00f0 \u00feessum h\u00e6tti s\u00e1 \u00e9g hestana \u00ed s\u00fdninni og \u00fe\u00e1 sem \u00e1 \u00feeim s\u00e1tu: \u00deeir h\u00f6f\u00f0u eldrau\u00f0ar, svartbl\u00e1ar og brennisteinsgular brynjur, og h\u00f6fu\u00f0 hestanna voru eins og h\u00f6fu\u00f0 lj\u00f3na. Af munnum \u00feeirra gekk \u00fat eldur, reykur og brennisteinn.<a name=\"18\"><span class=\"versanumer\">18<\/span><\/a>\u00cd \u00feessum \u00feremur pl\u00e1gum var\u00f0 \u00feri\u00f0ji hluti mannanna deyddur, af eldinum, reyknum og brennisteininum, sem \u00fat gekk af munnum \u00feeirra.<a name=\"19\"><span class=\"versanumer\">19<\/span><\/a>\u00dev\u00ed a\u00f0 vald hestanna er \u00ed munni \u00feeirra og \u00ed t\u00f6glum \u00feeirra, \u00fev\u00ed a\u00f0 t\u00f6gl \u00feeirra eru l\u00edk h\u00f6ggormum. Eru h\u00f6fu\u00f0 \u00e1, og me\u00f0 \u00feeim granda \u00feeir.<a name=\"20\"><span class=\"versanumer\">20<\/span><\/a>Og hinir mennirnir, sem ekki voru deyddir \u00ed \u00feessum pl\u00e1gum, gj\u00f6r\u00f0u eigi i\u00f0run og sneru s\u00e9r eigi fr\u00e1 handaverkum s\u00ednum og vildu ekki h\u00e6tta a\u00f0 tilbi\u00f0ja illu andana og skur\u00f0go\u00f0in \u00far gulli, silfri, eiri, steini og tr\u00e9, sem hvorki geta s\u00e9\u00f0, heyrt n\u00e9 gengi\u00f0.<a name=\"21\"><span class=\"versanumer\">21<\/span><\/a>Og eigi gj\u00f6r\u00f0u \u00feeir i\u00f0run n\u00e9 l\u00e9tu af manndr\u00e1pum s\u00ednum og t\u00f6frum, frillul\u00edfi s\u00ednu og \u00fej\u00f3fna\u00f0i.<\/p>\n<div class=\"footnote1981\"><b>9.1<\/b> Undirdj\u00fap 11.7; 17.8; 20.1,3; L\u00fak 8.31<br \/>\n<b>9.2<\/b> Ofn 1M\u00f3s 19.28; 2M\u00f3s 19.18<br \/>\n<b>9.3<\/b> Engisprettur 2M\u00f3s 10.12-15; Jl 1-2; SSal 16.9<br \/>\n<b>9.4<\/b> Innsigli Gu\u00f0s Opb 7.2+<br \/>\n<b>9.6<\/b> Leita dau\u00f0ans Job 3.21; Opb 6.16+<br \/>\n<b>9.13<\/b> Gullaltari Opb 8.3+<br \/>\n<b>9.20<\/b> Illir andar tilbe\u00f0nir 5M\u00f3s 32.17; 1Kor 10.19-20 \u2013 skur\u00f0go\u00f0 Slm 115.4-7; 135.15-17; Dan 5.4,23<br \/>\n<b>9.21<\/b> I\u00f0ru\u00f0ust ekki Opb 16.9,11,21<\/div>\n","protected":false},"excerpt":{"rendered":"<p>1Og fimmti engillinn b\u00e1s\u00fana\u00f0i. \u00de\u00e1 s\u00e1 \u00e9g stj\u00f6rnu, er falli\u00f0 haf\u00f0i af himni ofan \u00e1 j\u00f6r\u00f0ina, og henni var fenginn lykillinn a\u00f0 brunni undirdj\u00fapsins.2Og h\u00fan lauk upp brunni undirdj\u00fapsins, og reyk lag\u00f0i upp af brunninum eins og reyk fr\u00e1 st\u00f3rum ofni. Og s\u00f3lin myrkva\u00f0ist og lofti\u00f0 af reyknum \u00far brunninum.3\u00dat \u00far reyknum komu engisprettur \u00e1 j\u00f6r\u00f0ina og \u00fe\u00e6r fengu sama m\u00e1tt og spor\u00f0drekar jar\u00f0arinnar.4Og sagt var vi\u00f0 \u00fe\u00e6r, a\u00f0 eigi skyldu \u00fe\u00e6r granda grasi jar\u00f0arinnar n\u00e9 nokkrum gr\u00e6num gr\u00f3\u00f0ri n\u00e9 nokkru tr\u00e9, engu nema m\u00f6nnunum, \u00feeim er eigi hafa innsigli Gu\u00f0s \u00e1 ennum s\u00e9r.5Og \u00feeim var svo um bo\u00f0i\u00f0, a\u00f0 <a href=\"https:\/\/biblian.is\/1981\/opinberunarbok-johannesar-9-kafli\/\"> [&#8230;]<\/a><\/p>\n","protected":false},"author":1,"featured_media":0,"parent":0,"menu_order":0,"comment_status":"open","ping_status":"open","template":"bibliukaflar.php","meta":{"footnotes":""},"class_list":["post-2523","page","type-page","status-publish","hentry"],"_links":{"self":[{"href":"https:\/\/biblian.is\/1981\/wp-json\/wp\/v2\/pages\/2523","targetHints":{"allow":["GET"]}}],"collection":[{"href":"https:\/\/biblian.is\/1981\/wp-json\/wp\/v2\/pages"}],"about":[{"href":"https:\/\/biblian.is\/1981\/wp-json\/wp\/v2\/types\/page"}],"author":[{"embeddable":true,"href":"https:\/\/biblian.is\/1981\/wp-json\/wp\/v2\/users\/1"}],"replies":[{"embeddable":true,"href":"https:\/\/biblian.is\/1981\/wp-json\/wp\/v2\/comments?post=2523"}],"version-history":[{"count":0,"href":"https:\/\/biblian.is\/1981\/wp-json\/wp\/v2\/pages\/2523\/revisions"}],"wp:attachment":[{"href":"https:\/\/biblian.is\/1981\/wp-json\/wp\/v2\/media?parent=2523"}],"curies":[{"name":"wp","href":"https:\/\/api.w.org\/{rel}","templated":true}]}}