{"id":2522,"date":"2017-11-18T20:22:06","date_gmt":"2017-11-18T20:22:06","guid":{"rendered":"http:\/\/biblian.is\/1981\/opinberunarbokin-8-kafli\/"},"modified":"2021-06-06T11:04:31","modified_gmt":"2021-06-06T11:04:31","slug":"opinberunarbok-johannesar-8-kafli","status":"publish","type":"page","link":"https:\/\/biblian.is\/1981\/opinberunarbok-johannesar-8-kafli\/","title":{"rendered":"Opinberunarb\u00f3k J\u00f3hannesar 8. kafli"},"content":{"rendered":"<p><a name=\"1\"><span class=\"versanumer\">1<\/span><\/a>\u00deegar lambi\u00f0 lauk upp sj\u00f6unda innsiglinu, var\u00f0 \u00fe\u00f6gn \u00e1 himni h\u00e9r um bil h\u00e1lfa stund.<a name=\"2\"><span class=\"versanumer\">2<\/span><\/a>Og \u00e9g s\u00e1 englana sj\u00f6, sem st\u00f3\u00f0u frammi fyrir Gu\u00f0i, og \u00feeim voru fengnar sj\u00f6 b\u00e1s\u00fanur.<a name=\"3\"><span class=\"versanumer\">3<\/span><\/a>Og annar engill kom og nam sta\u00f0ar vi\u00f0 altari\u00f0. Hann h\u00e9lt \u00e1 reykelsiskeri \u00far gulli. Honum var fengi\u00f0 miki\u00f0 reykelsi til \u00feess a\u00f0 hann skyldi leggja \u00fea\u00f0 vi\u00f0 b\u00e6nir allra hinna heil\u00f6gu \u00e1 gullaltari\u00f0 frammi fyrir h\u00e1s\u00e6tinu.<a name=\"4\"><span class=\"versanumer\">4<\/span><\/a>Og reykurinn af reykelsinu steig upp me\u00f0 b\u00e6num hinna heil\u00f6gu \u00far hendi engilsins frammi fyrir Gu\u00f0i.<a name=\"5\"><span class=\"versanumer\">5<\/span><\/a>\u00de\u00e1 t\u00f3k engillinn reykelsiskeri\u00f0 og fyllti \u00fea\u00f0 eldi af altarinu og varpa\u00f0i ofan \u00e1 j\u00f6r\u00f0ina. Og \u00ferumur komu og dunur og eldingar og landskj\u00e1lfti.<a name=\"6\"><span class=\"versanumer\">6<\/span><\/a>Og englarnir sj\u00f6, sem h\u00e9ldu \u00e1 b\u00e1s\u00fanunum sj\u00f6, bjuggu sig til a\u00f0 bl\u00e1sa.<a name=\"7\"><span class=\"versanumer\">7<\/span><\/a>Hinn fyrsti b\u00e1s\u00fana\u00f0i. \u00de\u00e1 kom hagl og eldur, bl\u00f3\u00f0i blanda\u00f0, og \u00fev\u00ed var varpa\u00f0 ofan \u00e1 j\u00f6r\u00f0ina. Og \u00feri\u00f0jungur jar\u00f0arinnar eyddist \u00ed loga, og \u00feri\u00f0jungur trj\u00e1nna eyddist \u00ed loga, og allt gr\u00e6ngresi eyddist \u00ed loga.<a name=\"8\"><span class=\"versanumer\">8<\/span><\/a>Annar engillinn b\u00e1s\u00fana\u00f0i. \u00de\u00e1 var sem miklu fjalli, logandi af eldi, v\u00e6ri varpa\u00f0 \u00ed hafi\u00f0. \u00deri\u00f0jungur hafsins var\u00f0 bl\u00f3\u00f0,<a name=\"9\"><span class=\"versanumer\">9<\/span><\/a>og \u00feri\u00f0jungurinn d\u00f3 af l\u00edfverum \u00feeim, sem eru \u00ed hafinu, og \u00feri\u00f0jungur skipanna f\u00f3rst.<a name=\"10\"><span class=\"versanumer\">10<\/span><\/a>\u00deri\u00f0ji engillinn b\u00e1s\u00fana\u00f0i. \u00de\u00e1 f\u00e9ll st\u00f3r stjarna af himni, logandi sem blys, og h\u00fan f\u00e9ll ofan \u00e1 \u00feri\u00f0jung flj\u00f3tanna og \u00e1 lindir vatnanna.<a name=\"11\"><span class=\"versanumer\">11<\/span><\/a>Nafn stj\u00f6rnunnar er Remma. \u00deri\u00f0jungur vatnanna var\u00f0 a\u00f0 remmu og margir menn bi\u00f0u bana af v\u00f6tnunum, af \u00fev\u00ed a\u00f0 \u00feau voru beisk or\u00f0in.<a name=\"12\"><span class=\"versanumer\">12<\/span><\/a>Fj\u00f3r\u00f0i engillinn b\u00e1s\u00fana\u00f0i. \u00de\u00e1 var\u00f0 \u00feri\u00f0jungur s\u00f3larinnar lostinn og \u00feri\u00f0jungur tunglsins og \u00feri\u00f0jungur stjarnanna, svo a\u00f0 \u00feri\u00f0jungur \u00feeirra yr\u00f0i myrkur. Og dagurinn missti \u00feri\u00f0jung birtu sinnar og n\u00f3ttin hi\u00f0 sama.<a name=\"13\"><span class=\"versanumer\">13<\/span><\/a>\u00de\u00e1 s\u00e1 \u00e9g og heyr\u00f0i \u00f6rn einn flj\u00faga um h\u00e1hvolf himins. Hann kalla\u00f0i h\u00e1rri r\u00f6ddu: Vei, vei, vei \u00feeim, sem \u00e1 j\u00f6r\u00f0u b\u00faa, vegna l\u00fa\u00f0urhlj\u00f3ma englanna \u00feriggja, sem eiga eftir a\u00f0 b\u00e1s\u00fana.<\/p>\n<div class=\"footnote1981\"><b>8.1<\/b> \u00de\u00f6gn Hab 2.20; Sef 1.7; Sak 2.17; SSal 18.14<br \/>\n<b>8.2<\/b> B\u00e1s\u00fanur Matt 24.31; 1Kor 15.52<br \/>\n<b>8.3<\/b> B\u00e6nir og reykelsi Slm 141.2; Opb 5.8 \u2013 reykelsisaltari 2M\u00f3s 30.1-3; Opb 9.13<br \/>\n<b>8.5<\/b> \u00derumur og dunur Opb 4.5+<br \/>\n<b>8.7<\/b> Hagl og eldur 2M\u00f3s 9.23-24; Esk 38.22; SSal 16.22<br \/>\n<b>8.8<\/b> Logandi fjalli varpa\u00f0 \u00ed hafi\u00f0 Jer 51.25 \u2013 breyttist \u00ed bl\u00f3\u00f0 2M\u00f3s 7.17-21; Opb 16.3-4<br \/>\n<b>8.10<\/b> Stjarna fellur Jes 14.12; Opb 9.1<br \/>\n<b>8.11<\/b> Remma Am 5.7; 6.12; Jer 9.14<br \/>\n<b>8.12<\/b> Stj\u00f6rnur myrkvast 2M\u00f3s 10.21-23; SSal 17; Opb 6.12-14+<\/div>\n","protected":false},"excerpt":{"rendered":"<p>1\u00deegar lambi\u00f0 lauk upp sj\u00f6unda innsiglinu, var\u00f0 \u00fe\u00f6gn \u00e1 himni h\u00e9r um bil h\u00e1lfa stund.2Og \u00e9g s\u00e1 englana sj\u00f6, sem st\u00f3\u00f0u frammi fyrir Gu\u00f0i, og \u00feeim voru fengnar sj\u00f6 b\u00e1s\u00fanur.3Og annar engill kom og nam sta\u00f0ar vi\u00f0 altari\u00f0. Hann h\u00e9lt \u00e1 reykelsiskeri \u00far gulli. Honum var fengi\u00f0 miki\u00f0 reykelsi til \u00feess a\u00f0 hann skyldi leggja \u00fea\u00f0 vi\u00f0 b\u00e6nir allra hinna heil\u00f6gu \u00e1 gullaltari\u00f0 frammi fyrir h\u00e1s\u00e6tinu.4Og reykurinn af reykelsinu steig upp me\u00f0 b\u00e6num hinna heil\u00f6gu \u00far hendi engilsins frammi fyrir Gu\u00f0i.5\u00de\u00e1 t\u00f3k engillinn reykelsiskeri\u00f0 og fyllti \u00fea\u00f0 eldi af altarinu og varpa\u00f0i ofan \u00e1 j\u00f6r\u00f0ina. Og \u00ferumur komu og dunur <a href=\"https:\/\/biblian.is\/1981\/opinberunarbok-johannesar-8-kafli\/\"> [&#8230;]<\/a><\/p>\n","protected":false},"author":1,"featured_media":0,"parent":0,"menu_order":0,"comment_status":"open","ping_status":"open","template":"bibliukaflar.php","meta":{"footnotes":""},"class_list":["post-2522","page","type-page","status-publish","hentry"],"_links":{"self":[{"href":"https:\/\/biblian.is\/1981\/wp-json\/wp\/v2\/pages\/2522","targetHints":{"allow":["GET"]}}],"collection":[{"href":"https:\/\/biblian.is\/1981\/wp-json\/wp\/v2\/pages"}],"about":[{"href":"https:\/\/biblian.is\/1981\/wp-json\/wp\/v2\/types\/page"}],"author":[{"embeddable":true,"href":"https:\/\/biblian.is\/1981\/wp-json\/wp\/v2\/users\/1"}],"replies":[{"embeddable":true,"href":"https:\/\/biblian.is\/1981\/wp-json\/wp\/v2\/comments?post=2522"}],"version-history":[{"count":0,"href":"https:\/\/biblian.is\/1981\/wp-json\/wp\/v2\/pages\/2522\/revisions"}],"wp:attachment":[{"href":"https:\/\/biblian.is\/1981\/wp-json\/wp\/v2\/media?parent=2522"}],"curies":[{"name":"wp","href":"https:\/\/api.w.org\/{rel}","templated":true}]}}