{"id":2521,"date":"2017-11-18T20:22:06","date_gmt":"2017-11-18T20:22:06","guid":{"rendered":"http:\/\/biblian.is\/1981\/opinberunarbokin-7-kafli\/"},"modified":"2021-06-06T11:04:30","modified_gmt":"2021-06-06T11:04:30","slug":"opinberunarbok-johannesar-7-kafli","status":"publish","type":"page","link":"https:\/\/biblian.is\/1981\/opinberunarbok-johannesar-7-kafli\/","title":{"rendered":"Opinberunarb\u00f3k J\u00f3hannesar 7. kafli"},"content":{"rendered":"<p><a name=\"1\"><span class=\"versanumer\">1<\/span><\/a>Eftir \u00feetta s\u00e1 \u00e9g fj\u00f3ra engla, er st\u00f3\u00f0u \u00e1 fj\u00f3rum skautum jar\u00f0arinnar. \u00deeir h\u00e9ldu fj\u00f3rum vindum jar\u00f0arinnar, til \u00feess a\u00f0 eigi skyldi vindur bl\u00e1sa yfir j\u00f6r\u00f0ina n\u00e9 hafi\u00f0 n\u00e9 yfir nokkurt tr\u00e9.<a name=\"2\"><span class=\"versanumer\">2<\/span><\/a>Og \u00e9g s\u00e1 annan engil st\u00edga upp \u00ed austri. Hann h\u00e9lt \u00e1 innsigli lifanda Gu\u00f0s og hr\u00f3pa\u00f0i h\u00e1rri r\u00f6ddu til englanna fj\u00f6gurra, sem gefi\u00f0 var vald til a\u00f0 granda j\u00f6r\u00f0inni og hafinu,<a name=\"3\"><span class=\"versanumer\">3<\/span><\/a>og sag\u00f0i: Vinni\u00f0 ekki j\u00f6r\u00f0inni grand og ekki heldur hafinu n\u00e9 trj\u00e1num, \u00fear til er v\u00e9r h\u00f6fum sett innsigli \u00e1 enni \u00fej\u00f3na Gu\u00f0s vors.<a name=\"4\"><span class=\"versanumer\">4<\/span><\/a>Og \u00e9g heyr\u00f0i t\u00f6lu \u00feeirra, sem merktir voru innsigli, hundra\u00f0 fj\u00f6rut\u00edu og fj\u00f3rar \u00fe\u00fasundir af \u00f6llum \u00e6ttkv\u00edslum \u00cdsraelssona voru merktar innsigli.<a name=\"5\"><span class=\"versanumer\">5<\/span><\/a>Af J\u00fada \u00e6ttkv\u00edsl voru t\u00f3lf \u00fe\u00fasund merkt innsigli, af R\u00fabens \u00e6ttkv\u00edsl t\u00f3lf \u00fe\u00fasund, af Ga\u00f0s \u00e6ttkv\u00edsl t\u00f3lf \u00fe\u00fasund,<a name=\"6\"><span class=\"versanumer\">6<\/span><\/a>af Assers \u00e6ttkv\u00edsl t\u00f3lf \u00fe\u00fasund, af Naftal\u00ed \u00e6ttkv\u00edsl t\u00f3lf \u00fe\u00fasund, af Manasse \u00e6ttkv\u00edsl t\u00f3lf \u00fe\u00fasund,<a name=\"7\"><span class=\"versanumer\">7<\/span><\/a>af S\u00edmeons \u00e6ttkv\u00edsl t\u00f3lf \u00fe\u00fasund, af Lev\u00ed \u00e6ttkv\u00edsl t\u00f3lf \u00fe\u00fasund, af \u00cdssakars \u00e6ttkv\u00edsl t\u00f3lf \u00fe\u00fasund,<a name=\"8\"><span class=\"versanumer\">8<\/span><\/a>af Seb\u00falons \u00e6ttkv\u00edsl t\u00f3lf \u00fe\u00fasund, af J\u00f3sefs \u00e6ttkv\u00edsl t\u00f3lf \u00fe\u00fasund, af Benjam\u00edns \u00e6ttkv\u00edsl t\u00f3lf \u00fe\u00fasund menn merktir innsigli.<a name=\"9\"><span class=\"versanumer\">9<\/span><\/a>Eftir \u00feetta s\u00e1 \u00e9g, og sj\u00e1: Mikill m\u00fagur, sem enginn gat t\u00f6lu \u00e1 komi\u00f0, af alls kyns f\u00f3lki og kynkv\u00edslum og l\u00fd\u00f0um og tungum. \u00deeir st\u00f3\u00f0u frammi fyrir h\u00e1s\u00e6tinu og frammi fyrir lambinu, skr\u00fdddir hv\u00edtum skikkjum, og h\u00f6f\u00f0u p\u00e1lmagreinar \u00ed h\u00f6ndum.<a name=\"10\"><span class=\"versanumer\">10<\/span><\/a>Og \u00feeir hr\u00f3pa h\u00e1rri r\u00f6ddu: Hj\u00e1lpr\u00e6\u00f0i\u00f0 heyrir til Gu\u00f0i vorum, sem \u00ed h\u00e1s\u00e6tinu situr, og lambinu.<a name=\"11\"><span class=\"versanumer\">11<\/span><\/a>Allir englarnir st\u00f3\u00f0u kringum h\u00e1s\u00e6ti\u00f0 og \u00f6ldungana og verurnar fj\u00f3rar. Og \u00feeir f\u00e9llu fram fyrir h\u00e1s\u00e6tinu \u00e1 \u00e1sj\u00f3nur s\u00ednar, tilb\u00e1\u00f0u Gu\u00f0<a name=\"12\"><span class=\"versanumer\">12<\/span><\/a>og s\u00f6g\u00f0u: Amen, lofgj\u00f6r\u00f0in og d\u00fdr\u00f0in, viskan og \u00feakkargj\u00f6r\u00f0in, hei\u00f0urinn og m\u00e1tturinn og krafturinn s\u00e9 Gu\u00f0i vorum um aldir alda. Amen.<a name=\"13\"><span class=\"versanumer\">13<\/span><\/a>Einn af \u00f6ldungunum t\u00f3k \u00fe\u00e1 til m\u00e1ls og sag\u00f0i vi\u00f0 mig: \u00deessir, sem skr\u00fdddir eru hv\u00edtu skikkjunum, hverjir eru \u00feeir og hva\u00f0an eru \u00feeir komnir?<a name=\"14\"><span class=\"versanumer\">14<\/span><\/a>Og \u00e9g sag\u00f0i vi\u00f0 hann: Herra minn, \u00fe\u00fa veist \u00fea\u00f0. Hann sag\u00f0i vi\u00f0 mig: \u00deetta eru \u00feeir, sem komnir eru \u00far \u00ferengingunni miklu og hafa \u00fevegi\u00f0 skikkjur s\u00ednar og hv\u00edtf\u00e1ga\u00f0 \u00fe\u00e6r \u00ed bl\u00f3\u00f0i lambsins.<a name=\"15\"><span class=\"versanumer\">15<\/span><\/a>\u00deess vegna eru \u00feeir frammi fyrir h\u00e1s\u00e6ti Gu\u00f0s og \u00fej\u00f3na honum dag og n\u00f3tt \u00ed musteri hans, og s\u00e1, sem \u00ed h\u00e1s\u00e6tinu situr, mun tjalda yfir \u00fe\u00e1.<a name=\"16\"><span class=\"versanumer\">16<\/span><\/a>Eigi mun \u00fe\u00e1 framar hungra og eigi heldur framar \u00feyrsta og eigi mun heldur s\u00f3l brenna \u00fe\u00e1 n\u00e9 nokkur hiti.<a name=\"17\"><span class=\"versanumer\">17<\/span><\/a>\u00dev\u00ed a\u00f0 lambi\u00f0, sem er fyrir mi\u00f0ju h\u00e1s\u00e6tinu, mun vera hir\u00f0ir \u00feeirra og lei\u00f0a \u00fe\u00e1 til vatnslinda l\u00edfsins. Og Gu\u00f0 mun \u00feerra hvert t\u00e1r af augum \u00feeirra.<\/p>\n<div class=\"footnote1981\"><b>7.1<\/b> Fj\u00f6gur skaut jar\u00f0ar Esk 7.2; Matt 24.31 \u2013 fj\u00f3rir vindar Jer 49.36; Esk 37.9; Sak 6.5; Dan 7.2<br \/>\n<b>7.2<\/b> Innsigli Gu\u00f0s Esk 9.4-6; Opb 3.12; 9.4; 22.4; sbr 2Kor 1.22<br \/>\n<b>7.4<\/b> 144.000 Opb 14.1-3<br \/>\n<b>7.5<\/b> J\u00fada \u00e6ttkv\u00edsl Opb 5.5+<br \/>\n<b>7.9<\/b> Skr\u00fdddur hv\u00edtu Opb 3.4+<br \/>\n<b>7.11<\/b> \u00d6ldungarnir (24) Opb 4.4,10; 11.16; 19.4<br \/>\n<b>7.14<\/b> \u00derengingin mikla Dan 12.1; Matt 24.21; Mrk 13.19<br \/>\n<b>7.15<\/b> H\u00e1s\u00e6ti Gu\u00f0s Opb 4.2+ &#8211; musteri Gu\u00f0s Opb 3.12; 11.1 \u2013 tjaldb\u00fa\u00f0 Gu\u00f0s 2M\u00f3s 40; Jes 4.5-6<br \/>\n<b>7.16-17<\/b> Sbr Jes 49.10 \u2013 hir\u00f0ir Slm 23.1; Esk 34.23; J\u00f3h 10.11,14 \u2013 vatnslindir l\u00edfsins Slm 23.2; Jes 49.10; Jer 2.13; J\u00f3h 4.14 \u2013 Gu\u00f0 \u00feerrar hvert t\u00e1r Jes 25.8; 65.19; Opb 21.4<\/div>\n","protected":false},"excerpt":{"rendered":"<p>1Eftir \u00feetta s\u00e1 \u00e9g fj\u00f3ra engla, er st\u00f3\u00f0u \u00e1 fj\u00f3rum skautum jar\u00f0arinnar. \u00deeir h\u00e9ldu fj\u00f3rum vindum jar\u00f0arinnar, til \u00feess a\u00f0 eigi skyldi vindur bl\u00e1sa yfir j\u00f6r\u00f0ina n\u00e9 hafi\u00f0 n\u00e9 yfir nokkurt tr\u00e9.2Og \u00e9g s\u00e1 annan engil st\u00edga upp \u00ed austri. Hann h\u00e9lt \u00e1 innsigli lifanda Gu\u00f0s og hr\u00f3pa\u00f0i h\u00e1rri r\u00f6ddu til englanna fj\u00f6gurra, sem gefi\u00f0 var vald til a\u00f0 granda j\u00f6r\u00f0inni og hafinu,3og sag\u00f0i: Vinni\u00f0 ekki j\u00f6r\u00f0inni grand og ekki heldur hafinu n\u00e9 trj\u00e1num, \u00fear til er v\u00e9r h\u00f6fum sett innsigli \u00e1 enni \u00fej\u00f3na Gu\u00f0s vors.4Og \u00e9g heyr\u00f0i t\u00f6lu \u00feeirra, sem merktir voru innsigli, hundra\u00f0 fj\u00f6rut\u00edu og fj\u00f3rar \u00fe\u00fasundir af <a href=\"https:\/\/biblian.is\/1981\/opinberunarbok-johannesar-7-kafli\/\"> [&#8230;]<\/a><\/p>\n","protected":false},"author":1,"featured_media":0,"parent":0,"menu_order":0,"comment_status":"open","ping_status":"open","template":"bibliukaflar.php","meta":{"footnotes":""},"class_list":["post-2521","page","type-page","status-publish","hentry"],"_links":{"self":[{"href":"https:\/\/biblian.is\/1981\/wp-json\/wp\/v2\/pages\/2521","targetHints":{"allow":["GET"]}}],"collection":[{"href":"https:\/\/biblian.is\/1981\/wp-json\/wp\/v2\/pages"}],"about":[{"href":"https:\/\/biblian.is\/1981\/wp-json\/wp\/v2\/types\/page"}],"author":[{"embeddable":true,"href":"https:\/\/biblian.is\/1981\/wp-json\/wp\/v2\/users\/1"}],"replies":[{"embeddable":true,"href":"https:\/\/biblian.is\/1981\/wp-json\/wp\/v2\/comments?post=2521"}],"version-history":[{"count":0,"href":"https:\/\/biblian.is\/1981\/wp-json\/wp\/v2\/pages\/2521\/revisions"}],"wp:attachment":[{"href":"https:\/\/biblian.is\/1981\/wp-json\/wp\/v2\/media?parent=2521"}],"curies":[{"name":"wp","href":"https:\/\/api.w.org\/{rel}","templated":true}]}}