{"id":2520,"date":"2017-11-18T20:22:06","date_gmt":"2017-11-18T20:22:06","guid":{"rendered":"http:\/\/biblian.is\/1981\/opinberunarbokin-6-kafli\/"},"modified":"2021-06-06T11:04:30","modified_gmt":"2021-06-06T11:04:30","slug":"opinberunarbok-johannesar-6-kafli","status":"publish","type":"page","link":"https:\/\/biblian.is\/1981\/opinberunarbok-johannesar-6-kafli\/","title":{"rendered":"Opinberunarb\u00f3k J\u00f3hannesar 6. kafli"},"content":{"rendered":"<p><a name=\"1\"><span class=\"versanumer\">1<\/span><\/a>Og \u00e9g s\u00e1, er lambi\u00f0 lauk upp einu af innsiglunum sj\u00f6, og \u00e9g heyr\u00f0i eina af verunum fj\u00f3rum segja eins og me\u00f0 \u00ferumuraust: Kom!<a name=\"2\"><span class=\"versanumer\">2<\/span><\/a>Og \u00e9g s\u00e1, og sj\u00e1: Hv\u00edtur hestur, og s\u00e1 sem \u00e1 honum sat haf\u00f0i boga, og honum var fengin k\u00f3r\u00f3na og hann f\u00f3r \u00fat sigrandi og til \u00feess a\u00f0 sigra.<a name=\"3\"><span class=\"versanumer\">3<\/span><\/a>\u00deegar lambi\u00f0 lauk upp \u00f6\u00f0ru innsiglinu, heyr\u00f0i \u00e9g a\u00f0ra veruna segja: Kom!<a name=\"4\"><span class=\"versanumer\">4<\/span><\/a>Og \u00fat gekk annar hestur, rau\u00f0ur, og \u00feeim sem \u00e1 honum sat var gefi\u00f0 vald a\u00f0 taka burt fri\u00f0inn af j\u00f6r\u00f0unni, svo a\u00f0 menn brytju\u00f0u hverjir a\u00f0ra ni\u00f0ur. Og honum var fengi\u00f0 sver\u00f0 miki\u00f0.<a name=\"5\"><span class=\"versanumer\">5<\/span><\/a>\u00deegar lambi\u00f0 lauk upp \u00feri\u00f0ja innsiglinu, heyr\u00f0i \u00e9g \u00feri\u00f0ju veruna segja: Kom! Og \u00e9g s\u00e1, og sj\u00e1: Svartur hestur, og s\u00e1 er \u00e1 honum sat haf\u00f0i vog \u00ed hendi s\u00e9r.<a name=\"6\"><span class=\"versanumer\">6<\/span><\/a>Og mitt \u00e1 me\u00f0al veranna fj\u00f6gurra heyr\u00f0i \u00e9g eins konar r\u00f6dd er sag\u00f0i: M\u00e6lir hveitis fyrir daglaun og \u00fer\u00edr m\u00e6lar byggs fyrir daglaun, en eigi skalt \u00fe\u00fa spilla ol\u00edunni og v\u00edninu.<a name=\"7\"><span class=\"versanumer\">7<\/span><\/a>\u00deegar lambi\u00f0 lauk upp fj\u00f3r\u00f0a innsiglinu, heyr\u00f0i \u00e9g r\u00f6dd fj\u00f3r\u00f0u verunnar, er sag\u00f0i: Kom!<a name=\"8\"><span class=\"versanumer\">8<\/span><\/a>Og \u00e9g s\u00e1, og sj\u00e1: Bleikur hestur, og s\u00e1 er \u00e1 honum sat, hann h\u00e9t Dau\u00f0i, og Hel var \u00ed f\u00f6r me\u00f0 honum. \u00deeim var gefi\u00f0 vald yfir fj\u00f3r\u00f0a hluta jar\u00f0arinnar, til \u00feess a\u00f0 dey\u00f0a me\u00f0 sver\u00f0i, me\u00f0 hungri og dreps\u00f3tt og l\u00e1ta menn farast fyrir villid\u00fdrum jar\u00f0arinnar.<a name=\"9\"><span class=\"versanumer\">9<\/span><\/a>\u00deegar lambi\u00f0 lauk upp fimmta innsiglinu, s\u00e1 \u00e9g undir altarinu s\u00e1lir \u00feeirra manna, sem drepnir h\u00f6f\u00f0u veri\u00f0 fyrir sakir Gu\u00f0s or\u00f0s og fyrir sakir vitnisbur\u00f0arins, sem \u00feeir h\u00f6f\u00f0u.<a name=\"10\"><span class=\"versanumer\">10<\/span><\/a>Og \u00feeir hr\u00f3pu\u00f0u h\u00e1rri r\u00f6ddu og s\u00f6g\u00f0u: Hversu lengi \u00e6tlar \u00fe\u00fa, Herra, \u00fe\u00fa heilagi og sanni, a\u00f0 draga \u00fea\u00f0 a\u00f0 d\u00e6ma og hefna bl\u00f3\u00f0s vors \u00e1 byggjendum jar\u00f0arinnar?<a name=\"11\"><span class=\"versanumer\">11<\/span><\/a>Og \u00feeim var fengin, hverjum og einum, hv\u00edt skikkja. Og \u00feeim var sagt, a\u00f0 \u00feeir skyldu enn hv\u00edlast litla hr\u00ed\u00f0, \u00feanga\u00f0 til sam\u00fej\u00f3nar \u00feeirra og br\u00e6\u00f0ur \u00feeirra, sem \u00e1ttu a\u00f0 dey\u00f0ast eins og sj\u00e1lfir \u00feeir, einnig fylltu t\u00f6luna.<a name=\"12\"><span class=\"versanumer\">12<\/span><\/a>Og \u00e9g s\u00e1, er lambi\u00f0 lauk upp sj\u00f6tta innsiglinu. Og mikill landskj\u00e1lfti var\u00f0, og s\u00f3lin var\u00f0 sv\u00f6rt sem h\u00e6rusekkur, og allt tungli\u00f0 var\u00f0 sem bl\u00f3\u00f0.<a name=\"13\"><span class=\"versanumer\">13<\/span><\/a>Og stj\u00f6rnur himinsins hr\u00f6pu\u00f0u ni\u00f0ur \u00e1 j\u00f6r\u00f0ina eins og \u00feegar f\u00edkjutr\u00e9, skeki\u00f0 af stormvindi, fellir haustaldin s\u00edn.<a name=\"14\"><span class=\"versanumer\">14<\/span><\/a>Og himinninn sviptist burt eins og \u00feegar b\u00f3kfell vefst saman, og hvert fjall og ey f\u00e6r\u00f0ist \u00far sta\u00f0 s\u00ednum.<a name=\"15\"><span class=\"versanumer\">15<\/span><\/a>Og konungar jar\u00f0arinnar og h\u00f6f\u00f0ingjarnir og herforingjarnir og au\u00f0mennirnir, mektarmennirnir og hver \u00fer\u00e6ll og \u00feegn f\u00f3lu sig \u00ed hellum og \u00ed h\u00f6mrum fjalla.<a name=\"16\"><span class=\"versanumer\">16<\/span><\/a>&#8222;Og \u00feeir segja vi\u00f0 fj\u00f6llin og hamrana: Hrynji\u00f0 yfir oss og feli\u00f0 oss fyrir \u00e1sj\u00f3nu hans, sem \u00ed h\u00e1s\u00e6tinu situr, og fyrir rei\u00f0i lambsins;&#8220;<a name=\"17\"><span class=\"versanumer\">17<\/span><\/a>\u00fev\u00ed a\u00f0 kominn er dagurinn, hinn mikli dagur rei\u00f0i \u00feeirra, og hver mun geta sta\u00f0ist?<\/p>\n<div class=\"footnote1981\"><b>6.2-5<\/b> Riddararnir fj\u00f3rir Sak 1.8; 6.1-8; sbr Opb 19.11<br \/>\n<b>6.8<\/b> Fj\u00f3rar pl\u00e1gur Esk 14.21; Jer 14.12; 15.2-3; Esk 5.16-17; 7.15; 14.12-21<br \/>\n<b>6.9<\/b> P\u00edslarvottar Opb 7.9-17; 16.6; 20.4<br \/>\n<b>6.10<\/b> Drottinn hefnir \u00fej\u00f3na sinna 5M\u00f3s 32.43; 2Kon 9.7; Sak 1.12; Slm 79.10; L\u00fak 18.7; Opb 11.18; 18.20; 19.2<br \/>\n<b>6.11<\/b> Hv\u00edt skikkja Opb 3.4+<br \/>\n<b>6.12-14<\/b> T\u00e1kn endalokanna Jes 13.10-13; 34.4; Esk 32.7-8; Am 8.9; Jl 2.10; 3.3-4; sbr Post 2.17-20; Matt 24.29 og hlst.; Opb 8.12; 16.20; 20.11<br \/>\n<b>6.16<\/b> Hrynji\u00f0 yfir oss Jes 2.19-21; H\u00f3s 10.8; L\u00fak 23.30; sbr Opb 9.6<br \/>\n<b>6.17<\/b> Dagur rei\u00f0innar Slm 110.5; Jl 2.1,11; 3.4; Sef 2.2-3; R\u00f3m 2.5<\/div>\n","protected":false},"excerpt":{"rendered":"<p>1Og \u00e9g s\u00e1, er lambi\u00f0 lauk upp einu af innsiglunum sj\u00f6, og \u00e9g heyr\u00f0i eina af verunum fj\u00f3rum segja eins og me\u00f0 \u00ferumuraust: Kom!2Og \u00e9g s\u00e1, og sj\u00e1: Hv\u00edtur hestur, og s\u00e1 sem \u00e1 honum sat haf\u00f0i boga, og honum var fengin k\u00f3r\u00f3na og hann f\u00f3r \u00fat sigrandi og til \u00feess a\u00f0 sigra.3\u00deegar lambi\u00f0 lauk upp \u00f6\u00f0ru innsiglinu, heyr\u00f0i \u00e9g a\u00f0ra veruna segja: Kom!4Og \u00fat gekk annar hestur, rau\u00f0ur, og \u00feeim sem \u00e1 honum sat var gefi\u00f0 vald a\u00f0 taka burt fri\u00f0inn af j\u00f6r\u00f0unni, svo a\u00f0 menn brytju\u00f0u hverjir a\u00f0ra ni\u00f0ur. Og honum var fengi\u00f0 sver\u00f0 miki\u00f0.5\u00deegar lambi\u00f0 lauk upp <a href=\"https:\/\/biblian.is\/1981\/opinberunarbok-johannesar-6-kafli\/\"> [&#8230;]<\/a><\/p>\n","protected":false},"author":1,"featured_media":0,"parent":0,"menu_order":0,"comment_status":"open","ping_status":"open","template":"bibliukaflar.php","meta":{"footnotes":""},"class_list":["post-2520","page","type-page","status-publish","hentry"],"_links":{"self":[{"href":"https:\/\/biblian.is\/1981\/wp-json\/wp\/v2\/pages\/2520","targetHints":{"allow":["GET"]}}],"collection":[{"href":"https:\/\/biblian.is\/1981\/wp-json\/wp\/v2\/pages"}],"about":[{"href":"https:\/\/biblian.is\/1981\/wp-json\/wp\/v2\/types\/page"}],"author":[{"embeddable":true,"href":"https:\/\/biblian.is\/1981\/wp-json\/wp\/v2\/users\/1"}],"replies":[{"embeddable":true,"href":"https:\/\/biblian.is\/1981\/wp-json\/wp\/v2\/comments?post=2520"}],"version-history":[{"count":0,"href":"https:\/\/biblian.is\/1981\/wp-json\/wp\/v2\/pages\/2520\/revisions"}],"wp:attachment":[{"href":"https:\/\/biblian.is\/1981\/wp-json\/wp\/v2\/media?parent=2520"}],"curies":[{"name":"wp","href":"https:\/\/api.w.org\/{rel}","templated":true}]}}