{"id":2519,"date":"2017-11-18T20:22:06","date_gmt":"2017-11-18T20:22:06","guid":{"rendered":"http:\/\/biblian.is\/1981\/opinberunarbokin-5-kafli\/"},"modified":"2021-06-06T11:04:30","modified_gmt":"2021-06-06T11:04:30","slug":"opinberunarbok-johannesar-5-kafli","status":"publish","type":"page","link":"https:\/\/biblian.is\/1981\/opinberunarbok-johannesar-5-kafli\/","title":{"rendered":"Opinberunarb\u00f3k J\u00f3hannesar 5. kafli"},"content":{"rendered":"<p><a name=\"1\"><span class=\"versanumer\">1<\/span><\/a>\u00cd h\u00e6gri hendi hans, er \u00ed h\u00e1s\u00e6tinu sat, s\u00e1 \u00e9g b\u00f3k, skrifa\u00f0a innan og utan, innsigla\u00f0a sj\u00f6 innsiglum.<a name=\"2\"><span class=\"versanumer\">2<\/span><\/a>Og \u00e9g s\u00e1 sterkan engil, sem kalla\u00f0i h\u00e1rri r\u00f6ddu: Hver er maklegur a\u00f0 lj\u00faka upp b\u00f3kinni og leysa innsigli hennar?<a name=\"3\"><span class=\"versanumer\">3<\/span><\/a>En enginn var s\u00e1 \u00e1 himni e\u00f0a j\u00f6r\u00f0u e\u00f0a undir j\u00f6r\u00f0unni, sem loki\u00f0 g\u00e6ti upp b\u00f3kinni og liti\u00f0 \u00ed hana.<a name=\"4\"><span class=\"versanumer\">4<\/span><\/a>Og \u00e9g gr\u00e9t st\u00f3rum af \u00fev\u00ed a\u00f0 enginn reyndist maklegur a\u00f0 lj\u00faka upp b\u00f3kinni og l\u00edta \u00ed hana.<a name=\"5\"><span class=\"versanumer\">5<\/span><\/a>En einn af \u00f6ldungunum segir vi\u00f0 mig: Gr\u00e1t \u00fe\u00fa eigi! Sj\u00e1, sigra\u00f0 hefur lj\u00f3ni\u00f0 af J\u00fada \u00e6ttkv\u00edsl, r\u00f3tarkvistur Dav\u00ed\u00f0s, hann getur loki\u00f0 upp b\u00f3kinni og innsiglum hennar sj\u00f6.<a name=\"6\"><span class=\"versanumer\">6<\/span><\/a>\u00de\u00e1 s\u00e1 \u00e9g fyrir mi\u00f0ju h\u00e1s\u00e6tinu og fyrir verunum fj\u00f3rum og \u00f6ldungunum lamb standa, sem sl\u00e1tra\u00f0 v\u00e6ri. \u00dea\u00f0 haf\u00f0i sj\u00f6 horn og sj\u00f6 augu, og eru \u00fea\u00f0 sj\u00f6 andar Gu\u00f0s, sendir \u00fat um alla j\u00f6r\u00f0ina.<a name=\"7\"><span class=\"versanumer\">7<\/span><\/a>Og \u00fea\u00f0 kom og t\u00f3k vi\u00f0 b\u00f3kinni \u00far h\u00e6gri hendi hans, er \u00ed h\u00e1s\u00e6tinu sat.<a name=\"8\"><span class=\"versanumer\">8<\/span><\/a>\u00deegar \u00fea\u00f0 haf\u00f0i teki\u00f0 vi\u00f0 henni, f\u00e9llu verurnar fj\u00f3rar og \u00f6ldungarnir tuttugu og fj\u00f3rir ni\u00f0ur frammi fyrir lambinu. \u00deeir h\u00f6f\u00f0u hver um sig h\u00f6rpu og gullsk\u00e1lar, fullar af reykelsi, \u00fea\u00f0 eru b\u00e6nir hinna heil\u00f6gu.<a name=\"9\"><span class=\"versanumer\">9<\/span><\/a>Og \u00feeir syngja n\u00fdjan s\u00f6ng: Ver\u00f0ur ert \u00fe\u00fa a\u00f0 taka vi\u00f0 b\u00f3kinni og lj\u00faka upp innsiglum hennar, \u00fev\u00ed a\u00f0 \u00fe\u00e9r var sl\u00e1tra\u00f0 og \u00fe\u00fa keyptir menn Gu\u00f0i til handa me\u00f0 bl\u00f3\u00f0i \u00fe\u00ednu af s\u00e9rhverri kynkv\u00edsl og tungu, l\u00fd\u00f0 og \u00fej\u00f3\u00f0.<a name=\"10\"><span class=\"versanumer\">10<\/span><\/a>Og \u00fe\u00fa gj\u00f6r\u00f0ir \u00fe\u00e1, Gu\u00f0i vorum til handa, a\u00f0 konungsr\u00edki og prestum. Og \u00feeir munu r\u00edkja \u00e1 j\u00f6r\u00f0unni.<a name=\"11\"><span class=\"versanumer\">11<\/span><\/a>\u00de\u00e1 s\u00e1 \u00e9g og heyr\u00f0i raust margra engla, sem st\u00f3\u00f0u hringinn \u00ed kringum h\u00e1s\u00e6ti\u00f0 og verurnar og \u00f6ldungana, og tala \u00feeirra var t\u00edu \u00fe\u00fasundir t\u00edu \u00fe\u00fasunda og \u00fe\u00fasundir \u00fe\u00fasunda.<a name=\"12\"><span class=\"versanumer\">12<\/span><\/a>\u00deeir s\u00f6g\u00f0u me\u00f0 h\u00e1rri r\u00f6ddu: Maklegt er lambi\u00f0 hi\u00f0 sl\u00e1tra\u00f0a a\u00f0 f\u00e1 m\u00e1ttinn og r\u00edkd\u00f3minn, visku og kraft, hei\u00f0ur og d\u00fdr\u00f0 og lofgj\u00f6r\u00f0.<a name=\"13\"><span class=\"versanumer\">13<\/span><\/a>Og allt skapa\u00f0, sem er \u00e1 himni og j\u00f6r\u00f0u og undir j\u00f6r\u00f0unni og \u00e1 hafinu, allt sem \u00ed \u00feeim er, heyr\u00f0i \u00e9g segja: Honum, sem \u00ed h\u00e1s\u00e6tinu situr, og lambinu, s\u00e9 lofgj\u00f6r\u00f0in og hei\u00f0urinn, d\u00fdr\u00f0in og krafturinn um aldir alda.<a name=\"14\"><span class=\"versanumer\">14<\/span><\/a>Og verurnar fj\u00f3rar s\u00f6g\u00f0u: Amen. Og \u00f6ldungarnir f\u00e9llu fram og veittu lotningu.<\/p>\n<div class=\"footnote1981\"><b>5.1<\/b> Rita\u00f0 \u00e1 b\u00e1\u00f0um megin Esk 2.9-10 \u2013 innsiglu\u00f0 Jes 29.11<br \/>\n<b>5.5<\/b> Lj\u00f3ni\u00f0 af J\u00fada \u00e6ttkv\u00edsl 1M\u00f3s 49.9; sbr Heb 7.14 \u2013 r\u00f3tarkvistur Dav\u00ed\u00f0s Jes 11.1,10; sbr R\u00f3m 15.12; Opb 22.16<br \/>\n<b>5.6<\/b> Sl\u00e1tra\u00f0 lamb 2M\u00f3s 12.3-6; Jes 53.7; 1P\u00e9t 1.19-20; Opb 5.12; 13.8; 14.1<br \/>\n<b>5.8<\/b> B\u00e6nir hinna heil\u00f6gu Slm 141.2; Opb 8.3<br \/>\n<b>5.9<\/b> N\u00fdr s\u00f6ngur Jes 42.10; Slm 33.4; 40.4; 96.1; 98.1; 144.9; 149.1; Opb 14.3 \u2013 keyptir Opb 14.4<br \/>\n<b>5.10<\/b> Konungar og prestar Opb 1.6+ &#8211; \u00feeir munu r\u00edkja R\u00f3m 5.17;Opb 20.6; 22.5-6<br \/>\n<b>5.11<\/b> \u00de\u00fasundir Dan 7.10; Heb 12.22<br \/>\n<b>5.12<\/b> Kristi s\u00e9 m\u00e1tturinn &#8230; d\u00fdr\u00f0in Fil 2.9-11<\/div>\n","protected":false},"excerpt":{"rendered":"<p>1\u00cd h\u00e6gri hendi hans, er \u00ed h\u00e1s\u00e6tinu sat, s\u00e1 \u00e9g b\u00f3k, skrifa\u00f0a innan og utan, innsigla\u00f0a sj\u00f6 innsiglum.2Og \u00e9g s\u00e1 sterkan engil, sem kalla\u00f0i h\u00e1rri r\u00f6ddu: Hver er maklegur a\u00f0 lj\u00faka upp b\u00f3kinni og leysa innsigli hennar?3En enginn var s\u00e1 \u00e1 himni e\u00f0a j\u00f6r\u00f0u e\u00f0a undir j\u00f6r\u00f0unni, sem loki\u00f0 g\u00e6ti upp b\u00f3kinni og liti\u00f0 \u00ed hana.4Og \u00e9g gr\u00e9t st\u00f3rum af \u00fev\u00ed a\u00f0 enginn reyndist maklegur a\u00f0 lj\u00faka upp b\u00f3kinni og l\u00edta \u00ed hana.5En einn af \u00f6ldungunum segir vi\u00f0 mig: Gr\u00e1t \u00fe\u00fa eigi! Sj\u00e1, sigra\u00f0 hefur lj\u00f3ni\u00f0 af J\u00fada \u00e6ttkv\u00edsl, r\u00f3tarkvistur Dav\u00ed\u00f0s, hann getur loki\u00f0 upp b\u00f3kinni og innsiglum hennar sj\u00f6.6\u00de\u00e1 <a href=\"https:\/\/biblian.is\/1981\/opinberunarbok-johannesar-5-kafli\/\"> [&#8230;]<\/a><\/p>\n","protected":false},"author":1,"featured_media":0,"parent":0,"menu_order":0,"comment_status":"open","ping_status":"open","template":"bibliukaflar.php","meta":{"footnotes":""},"class_list":["post-2519","page","type-page","status-publish","hentry"],"_links":{"self":[{"href":"https:\/\/biblian.is\/1981\/wp-json\/wp\/v2\/pages\/2519","targetHints":{"allow":["GET"]}}],"collection":[{"href":"https:\/\/biblian.is\/1981\/wp-json\/wp\/v2\/pages"}],"about":[{"href":"https:\/\/biblian.is\/1981\/wp-json\/wp\/v2\/types\/page"}],"author":[{"embeddable":true,"href":"https:\/\/biblian.is\/1981\/wp-json\/wp\/v2\/users\/1"}],"replies":[{"embeddable":true,"href":"https:\/\/biblian.is\/1981\/wp-json\/wp\/v2\/comments?post=2519"}],"version-history":[{"count":0,"href":"https:\/\/biblian.is\/1981\/wp-json\/wp\/v2\/pages\/2519\/revisions"}],"wp:attachment":[{"href":"https:\/\/biblian.is\/1981\/wp-json\/wp\/v2\/media?parent=2519"}],"curies":[{"name":"wp","href":"https:\/\/api.w.org\/{rel}","templated":true}]}}