{"id":2517,"date":"2017-11-18T20:22:06","date_gmt":"2017-11-18T20:22:06","guid":{"rendered":"http:\/\/biblian.is\/1981\/opinberunarbokin-3-kafli\/"},"modified":"2021-06-06T11:04:29","modified_gmt":"2021-06-06T11:04:29","slug":"opinberunarbok-johannesar-3-kafli","status":"publish","type":"page","link":"https:\/\/biblian.is\/1981\/opinberunarbok-johannesar-3-kafli\/","title":{"rendered":"Opinberunarb\u00f3k J\u00f3hannesar 3. kafli"},"content":{"rendered":"<p><a name=\"1\"><span class=\"versanumer\">1<\/span><\/a>Og engli safna\u00f0arins \u00ed Sardes skalt \u00fe\u00fa rita: \u00deetta segir s\u00e1 sem hefur \u00fe\u00e1 sj\u00f6 anda Gu\u00f0s og stj\u00f6rnurnar sj\u00f6. \u00c9g \u00feekki verkin \u00fe\u00edn, a\u00f0 \u00fe\u00fa lifir a\u00f0 nafninu, en ert dau\u00f0ur.<a name=\"2\"><span class=\"versanumer\">2<\/span><\/a>Vakna \u00fe\u00fa og styrk \u00fea\u00f0 sem eftir er og a\u00f0 dau\u00f0a komi\u00f0. \u00dev\u00ed margt hef \u00e9g fundi\u00f0 \u00ed fari \u00fe\u00ednu, sem ekki stenst fyrir Gu\u00f0i m\u00ednum.<a name=\"3\"><span class=\"versanumer\">3<\/span><\/a>Minnst \u00fe\u00fa \u00fev\u00ed, hvernig \u00fe\u00fa t\u00f3kst \u00e1 m\u00f3ti og heyr\u00f0ir, og var\u00f0veit \u00fea\u00f0 og gj\u00f6r i\u00f0run. Ef \u00fe\u00fa vakir ekki, mun \u00e9g koma eins og \u00fej\u00f3fur, og \u00fe\u00fa munt alls ekki vita, \u00e1 hverri stundu \u00e9g kem yfir \u00feig.<a name=\"4\"><span class=\"versanumer\">4<\/span><\/a>En \u00fe\u00fa \u00e1tt f\u00e1ein n\u00f6fn \u00ed Sardes, sem ekki hafa saurga\u00f0 kl\u00e6\u00f0i s\u00edn, og \u00feeir munu ganga me\u00f0 m\u00e9r \u00ed hv\u00edtum kl\u00e6\u00f0um, \u00fev\u00ed a\u00f0 \u00feeir eru maklegir.<a name=\"5\"><span class=\"versanumer\">5<\/span><\/a>S\u00e1 er sigrar, hann skal \u00fe\u00e1 skr\u00fd\u00f0ast hv\u00edtum kl\u00e6\u00f0um, og eigi mun \u00e9g afm\u00e1 nafn hans \u00far b\u00f3k l\u00edfsins. \u00c9g mun kannast vi\u00f0 nafn hans fyrir f\u00f6\u00f0ur m\u00ednum og fyrir englum hans.<a name=\"6\"><span class=\"versanumer\">6<\/span><\/a>Hver sem eyra hefur, hann heyri hva\u00f0 andinn segir s\u00f6fnu\u00f0unum.<a name=\"7\"><span class=\"versanumer\">7<\/span><\/a>Og engli safna\u00f0arins \u00ed F\u00edladelf\u00edu skalt \u00fe\u00fa rita: \u00deetta segir s\u00e1 heilagi, s\u00e1 sanni, sem hefur lykil Dav\u00ed\u00f0s, hann sem l\u00fdkur upp, svo a\u00f0 enginn l\u00e6sir, og l\u00e6sir, svo a\u00f0 enginn l\u00fdkur upp.<a name=\"8\"><span class=\"versanumer\">8<\/span><\/a>\u00c9g \u00feekki verkin \u00fe\u00edn. Sj\u00e1, \u00e9g hef l\u00e1ti\u00f0 dyr standa opnar fyrir \u00fe\u00e9r, sem enginn getur loka\u00f0. \u00de\u00fa hefur l\u00edtinn m\u00e1tt, en hefur var\u00f0veitt or\u00f0 mitt og ekki afneita\u00f0 nafni m\u00ednu.<a name=\"9\"><span class=\"versanumer\">9<\/span><\/a>\u00c9g skal l\u00e1ta nokkra af samkundu Satans, er segja sj\u00e1lfa sig vera Gy\u00f0inga, en eru \u00fea\u00f0 ekki, heldur lj\u00faga, \u00e9g skal l\u00e1ta \u00fe\u00e1 koma og kasta s\u00e9r fyrir f\u00e6tur \u00fe\u00e9r og l\u00e1ta \u00fe\u00e1 vita, a\u00f0 \u00e9g elska \u00feig.<a name=\"10\"><span class=\"versanumer\">10<\/span><\/a>Af \u00fev\u00ed a\u00f0 \u00fe\u00fa hefur var\u00f0veitt or\u00f0i\u00f0 um \u00feolg\u00e6\u00f0i mitt mun \u00e9g og var\u00f0veita \u00feig fr\u00e1 reynslustundinni, sem koma mun yfir alla heimsbygg\u00f0ina, til a\u00f0 reyna \u00fe\u00e1 sem \u00e1 j\u00f6r\u00f0unni b\u00faa.<a name=\"11\"><span class=\"versanumer\">11<\/span><\/a>\u00c9g kem skj\u00f3tt. Haltu fast \u00fev\u00ed, sem \u00fe\u00fa hefur, til \u00feess a\u00f0 enginn taki k\u00f3r\u00f3nu \u00fe\u00edna.<a name=\"12\"><span class=\"versanumer\">12<\/span><\/a>\u00deann er sigrar mun \u00e9g gj\u00f6ra a\u00f0 st\u00f3lpa \u00ed musteri Gu\u00f0s m\u00edns, og hann skal aldrei \u00fea\u00f0an \u00fat fara. \u00c1 hann mun \u00e9g rita nafn Gu\u00f0s m\u00edns og nafn borgar Gu\u00f0s m\u00edns, hinnar n\u00fdju Jer\u00fasalem, er kemur af himni ofan fr\u00e1 Gu\u00f0i m\u00ednum, og nafni\u00f0 mitt hi\u00f0 n\u00fdja.<a name=\"13\"><span class=\"versanumer\">13<\/span><\/a>Hver sem eyra hefur, hann heyri hva\u00f0 andinn segir s\u00f6fnu\u00f0unum.<a name=\"14\"><span class=\"versanumer\">14<\/span><\/a>Og engli safna\u00f0arins \u00ed La\u00f3d\u00edkeu skalt \u00fe\u00fa rita: \u00deetta segir hann, sem er amen, votturinn tr\u00fai og sanni, upphaf sk\u00f6punar Gu\u00f0s:<a name=\"15\"><span class=\"versanumer\">15<\/span><\/a>\u00c9g \u00feekki verkin \u00fe\u00edn, a\u00f0 \u00fe\u00fa ert hvorki kaldur n\u00e9 heitur. Betur a\u00f0 \u00fe\u00fa v\u00e6rir kaldur e\u00f0a heitur.<a name=\"16\"><span class=\"versanumer\">16<\/span><\/a>En af \u00fev\u00ed a\u00f0 \u00fe\u00fa ert h\u00e1lfvolgur og hvorki heitur n\u00e9 kaldur, mun \u00e9g skyrpa \u00fe\u00e9r \u00fat af munni m\u00ednum.<a name=\"17\"><span class=\"versanumer\">17<\/span><\/a>\u00de\u00fa segir: \u00c9g er r\u00edkur og or\u00f0inn au\u00f0ugur og \u00fearfnast einskis. Og \u00fe\u00fa veist ekki, a\u00f0 \u00fe\u00fa ert vesalingur og aumingi og f\u00e1t\u00e6kur og blindur og nakinn.<a name=\"18\"><span class=\"versanumer\">18<\/span><\/a>\u00c9g r\u00e6\u00f0 \u00fe\u00e9r, a\u00f0 \u00fe\u00fa kaupir af m\u00e9r gull, sk\u00edrt \u00ed eldi, til \u00feess a\u00f0 \u00fe\u00fa ver\u00f0ir au\u00f0ugur, og hv\u00edt kl\u00e6\u00f0i til a\u00f0 sk\u00fdla \u00fe\u00e9r me\u00f0, a\u00f0 eigi komi \u00ed lj\u00f3s vanvir\u00f0a nektar \u00feinnar, og smyrsl a\u00f0 smyrja me\u00f0 augu \u00fe\u00edn, til \u00feess a\u00f0 \u00fe\u00fa ver\u00f0ir sj\u00e1andi.<a name=\"19\"><span class=\"versanumer\">19<\/span><\/a>Alla \u00fe\u00e1, sem \u00e9g elska, tyfta \u00e9g og aga. Ver \u00fev\u00ed heilhuga og gj\u00f6r i\u00f0run.<a name=\"20\"><span class=\"versanumer\">20<\/span><\/a>Sj\u00e1, \u00e9g stend vi\u00f0 dyrnar og kn\u00fd \u00e1. Ef einhver heyrir raust m\u00edna og l\u00fdkur upp dyrunum, \u00fe\u00e1 mun \u00e9g fara inn til hans og neyta kv\u00f6ldver\u00f0ar me\u00f0 honum og hann me\u00f0 m\u00e9r.<a name=\"21\"><span class=\"versanumer\">21<\/span><\/a>\u00deann er sigrar mun \u00e9g l\u00e1ta sitja hj\u00e1 m\u00e9r \u00ed h\u00e1s\u00e6ti m\u00ednu, eins og \u00e9g sj\u00e1lfur sigra\u00f0i og settist hj\u00e1 f\u00f6\u00f0ur m\u00ednum \u00ed h\u00e1s\u00e6ti hans.<a name=\"22\"><span class=\"versanumer\">22<\/span><\/a>Hver sem eyra hefur, hann heyri hva\u00f0 andinn segir s\u00f6fnu\u00f0unum.<\/p>\n<div class=\"footnote1981\"><b>3.3<\/b> Eins og \u00fej\u00f3fur Matt 24.42-44; L\u00fak 12.39-40; 1\u00deess 5.2; 2P\u00e9t 3.10; Opb 16.15<br \/>\n<b>3.4<\/b> Hv\u00edt kl\u00e6\u00f0i Dan 7.9; Matt 17.2; 28.3; Mrk 16.5; J\u00f3h 20.12; Opb 3.18; 4.4; 6.11; 7.9,13-14; 19.14<br \/>\n<b>3.5<\/b> B\u00f3k l\u00edfsins 2M\u00f3s 32.32-33; Slm 69.29; Dan 12.1; L\u00fak 10.20; Fil 4.3; Opb 13.8; 17.8; 20.12; 21.27 \u2013 kannast vi\u00f0 Matt 10.32; L\u00fak 12.8<br \/>\n<b>3.9<\/b> Kasta s\u00e9r fyrir f\u00e6tur Jes 45.14; 49.23; 60.14 \u2013 \u00e9g elska \u00feig Jes 43.4<br \/>\n<b>3.10<\/b> \u00deolg\u00e6\u00f0i L\u00fak 21.19; 2T\u00edm 2.12; Heb 10.36<br \/>\n<b>3.12<\/b> Musteri Gu\u00f0s Opb 7.15; 11.1 \u2013 rita nafn Gu\u00f0s Opb 14.1; 22.4 \u2013 hin n\u00fdja Jer\u00fasalem Opb 21.2+<br \/>\n<b>3.14<\/b> Upphaf sk\u00f6punar Gu\u00f0s Okv 8.22; SSal 9.1-2; J\u00f3h 1.3; K\u00f3l 1.15-18; Heb 1.2<br \/>\n<b>3.19<\/b> Aga \u00fe\u00e1 sem \u00e9g elska Okv 3.12; 1Kor 11.32; Heb 12.6<br \/>\n<b>3.20<\/b> Neyta kv\u00f6ldver\u00f0ar me\u00f0 honum L\u00fak 22.29,30; J\u00f3h 14.23<br \/>\n<b>3.21<\/b> Sitja hj\u00e1 Kristi Matt 19.28; L\u00fak 22.30; Opb 20.4<\/div>\n","protected":false},"excerpt":{"rendered":"<p>1Og engli safna\u00f0arins \u00ed Sardes skalt \u00fe\u00fa rita: \u00deetta segir s\u00e1 sem hefur \u00fe\u00e1 sj\u00f6 anda Gu\u00f0s og stj\u00f6rnurnar sj\u00f6. \u00c9g \u00feekki verkin \u00fe\u00edn, a\u00f0 \u00fe\u00fa lifir a\u00f0 nafninu, en ert dau\u00f0ur.2Vakna \u00fe\u00fa og styrk \u00fea\u00f0 sem eftir er og a\u00f0 dau\u00f0a komi\u00f0. \u00dev\u00ed margt hef \u00e9g fundi\u00f0 \u00ed fari \u00fe\u00ednu, sem ekki stenst fyrir Gu\u00f0i m\u00ednum.3Minnst \u00fe\u00fa \u00fev\u00ed, hvernig \u00fe\u00fa t\u00f3kst \u00e1 m\u00f3ti og heyr\u00f0ir, og var\u00f0veit \u00fea\u00f0 og gj\u00f6r i\u00f0run. Ef \u00fe\u00fa vakir ekki, mun \u00e9g koma eins og \u00fej\u00f3fur, og \u00fe\u00fa munt alls ekki vita, \u00e1 hverri stundu \u00e9g kem yfir \u00feig.4En \u00fe\u00fa \u00e1tt f\u00e1ein n\u00f6fn \u00ed <a href=\"https:\/\/biblian.is\/1981\/opinberunarbok-johannesar-3-kafli\/\"> [&#8230;]<\/a><\/p>\n","protected":false},"author":1,"featured_media":0,"parent":0,"menu_order":0,"comment_status":"open","ping_status":"open","template":"bibliukaflar.php","meta":{"footnotes":""},"class_list":["post-2517","page","type-page","status-publish","hentry"],"_links":{"self":[{"href":"https:\/\/biblian.is\/1981\/wp-json\/wp\/v2\/pages\/2517","targetHints":{"allow":["GET"]}}],"collection":[{"href":"https:\/\/biblian.is\/1981\/wp-json\/wp\/v2\/pages"}],"about":[{"href":"https:\/\/biblian.is\/1981\/wp-json\/wp\/v2\/types\/page"}],"author":[{"embeddable":true,"href":"https:\/\/biblian.is\/1981\/wp-json\/wp\/v2\/users\/1"}],"replies":[{"embeddable":true,"href":"https:\/\/biblian.is\/1981\/wp-json\/wp\/v2\/comments?post=2517"}],"version-history":[{"count":0,"href":"https:\/\/biblian.is\/1981\/wp-json\/wp\/v2\/pages\/2517\/revisions"}],"wp:attachment":[{"href":"https:\/\/biblian.is\/1981\/wp-json\/wp\/v2\/media?parent=2517"}],"curies":[{"name":"wp","href":"https:\/\/api.w.org\/{rel}","templated":true}]}}