{"id":2516,"date":"2017-11-18T20:22:06","date_gmt":"2017-11-18T20:22:06","guid":{"rendered":"http:\/\/biblian.is\/1981\/opinberunarbokin-2-kafli\/"},"modified":"2021-06-06T11:04:28","modified_gmt":"2021-06-06T11:04:28","slug":"opinberunarbok-johannesar-2-kafli","status":"publish","type":"page","link":"https:\/\/biblian.is\/1981\/opinberunarbok-johannesar-2-kafli\/","title":{"rendered":"Opinberunarb\u00f3k J\u00f3hannesar 2. kafli"},"content":{"rendered":"<p><a name=\"1\"><span class=\"versanumer\">1<\/span><\/a>Engli safna\u00f0arins \u00ed Efesus skalt \u00fe\u00fa rita: \u00deetta segir s\u00e1 sem heldur \u00e1 stj\u00f6rnunum sj\u00f6 \u00ed h\u00e6gri hendi s\u00e9r, s\u00e1 sem gengur \u00e1 milli gullstikanna sj\u00f6:<a name=\"2\"><span class=\"versanumer\">2<\/span><\/a>\u00c9g \u00feekki verkin \u00fe\u00edn og erfi\u00f0i\u00f0 og \u00feolg\u00e6\u00f0i \u00feitt og veit, a\u00f0 eigi getur \u00fe\u00fa s\u00e6tt \u00feig vi\u00f0 vonda menn. \u00de\u00fa hefur reynt \u00fe\u00e1, sem segja sj\u00e1lfa sig vera postula, en eru \u00fea\u00f0 ekki, og \u00fe\u00fa hefur komist a\u00f0 \u00fev\u00ed, a\u00f0 \u00feeir eru lygarar.<a name=\"3\"><span class=\"versanumer\">3<\/span><\/a>\u00de\u00fa ert \u00feolg\u00f3\u00f0ur og byr\u00f0ar hefur \u00fe\u00fa bori\u00f0 fyrir sakir nafns m\u00edns og ekki \u00fereytst.<a name=\"4\"><span class=\"versanumer\">4<\/span><\/a>En \u00fea\u00f0 hef \u00e9g \u00e1 m\u00f3ti \u00fe\u00e9r, a\u00f0 \u00fe\u00fa hefur afr\u00e6kt \u00feinn fyrri k\u00e6rleika.<a name=\"5\"><span class=\"versanumer\">5<\/span><\/a>Minnst \u00fe\u00fa \u00fev\u00ed, \u00far hva\u00f0a h\u00e6\u00f0 \u00fe\u00fa hefur hrapa\u00f0, og gj\u00f6r i\u00f0run og breyttu eins og fyrrum. A\u00f0 \u00f6\u00f0rum kosti kem \u00e9g til \u00fe\u00edn og f\u00e6ri lj\u00f3sastiku \u00fe\u00edna \u00far sta\u00f0, ef \u00fe\u00fa gj\u00f6rir ekki i\u00f0run.<a name=\"6\"><span class=\"versanumer\">6<\/span><\/a>En \u00fea\u00f0 m\u00e1tt \u00fe\u00fa eiga, a\u00f0 \u00fe\u00fa hatar verk Nik\u00f3la\u00edtanna, sem \u00e9g sj\u00e1lfur hata.<a name=\"7\"><span class=\"versanumer\">7<\/span><\/a>Hver sem eyra hefur, hann heyri hva\u00f0 andinn segir s\u00f6fnu\u00f0unum. \u00deeim er sigrar, honum mun \u00e9g gefa a\u00f0 eta af l\u00edfsins tr\u00e9, sem er \u00ed Parad\u00eds Gu\u00f0s.<a name=\"8\"><span class=\"versanumer\">8<\/span><\/a>Og engli safna\u00f0arins \u00ed Sm\u00fdrnu skalt \u00fe\u00fa rita: \u00deetta segir s\u00e1 fyrsti og s\u00ed\u00f0asti, s\u00e1 sem d\u00f3 og var\u00f0 aftur lifandi:<a name=\"9\"><span class=\"versanumer\">9<\/span><\/a>\u00c9g \u00feekki \u00ferengingu \u00fe\u00edna og f\u00e1t\u00e6kt en \u00fe\u00fa ert samt au\u00f0ugur. \u00c9g veit hvernig \u00fe\u00fa ert hrakyrtur af \u00feeim, sem segja sj\u00e1lfa sig vera Gy\u00f0inga, en eru \u00fea\u00f0 ekki, heldur samkunda Satans.<a name=\"10\"><span class=\"versanumer\">10<\/span><\/a>Kv\u00ed\u00f0 \u00fe\u00fa ekki \u00fev\u00ed, sem \u00fe\u00fa \u00e1tt a\u00f0 l\u00ed\u00f0a. Sj\u00e1, dj\u00f6fullinn mun varpa nokkrum y\u00f0ar \u00ed fangelsi, til \u00feess a\u00f0 y\u00f0ar ver\u00f0i freista\u00f0, og \u00fe\u00e9r munu\u00f0 \u00ferenging hafa \u00ed t\u00edu daga. Vertu tr\u00far allt til dau\u00f0a, og \u00e9g mun gefa \u00fe\u00e9r k\u00f3r\u00f3nu l\u00edfsins.<a name=\"11\"><span class=\"versanumer\">11<\/span><\/a>Hver sem eyra hefur, hann heyri, hva\u00f0 andinn segir s\u00f6fnu\u00f0unum. \u00deeim er sigrar mun s\u00e1 annar dau\u00f0i ekki granda.<a name=\"12\"><span class=\"versanumer\">12<\/span><\/a>Og engli safna\u00f0arins \u00ed Pergamos skalt \u00fe\u00fa rita: \u00deetta segir s\u00e1 sem hefur sver\u00f0i\u00f0 tv\u00edeggja\u00f0a og bitra:<a name=\"13\"><span class=\"versanumer\">13<\/span><\/a>\u00c9g veit hvar \u00fe\u00fa b\u00fdr\u00f0, \u00fear sem h\u00e1s\u00e6ti Satans er. \u00de\u00fa heldur st\u00f6\u00f0ugt vi\u00f0 nafn mitt og afneitar ekki tr\u00fanni \u00e1 mig, jafnvel ekki \u00e1 d\u00f6gum Ant\u00edpasar, m\u00edns tr\u00faa vottar, sem deyddur var hj\u00e1 y\u00f0ur, \u00fear sem Satan b\u00fdr.<a name=\"14\"><span class=\"versanumer\">14<\/span><\/a>En \u00fe\u00f3 hef \u00e9g nokku\u00f0 \u00e1 m\u00f3ti \u00fe\u00e9r. \u00de\u00fa hefur hj\u00e1 \u00fe\u00e9r menn, sem halda fast vi\u00f0 kenningu B\u00edleams, \u00feess er kenndi Balak a\u00f0 t\u00e6la \u00cdsraelsmenn, svo a\u00f0 \u00feeir neyttu kj\u00f6ts, sem helga\u00f0 var skur\u00f0go\u00f0um, og dr\u00fdg\u00f0u h\u00f3r.<a name=\"15\"><span class=\"versanumer\">15<\/span><\/a>\u00deannig hefur \u00fe\u00fa l\u00edka hj\u00e1 \u00fe\u00e9r menn, sem halda fast vi\u00f0 kenningu Nik\u00f3la\u00edta.<a name=\"16\"><span class=\"versanumer\">16<\/span><\/a>Gj\u00f6r \u00fev\u00ed i\u00f0run! A\u00f0 \u00f6\u00f0rum kosti kem \u00e9g skj\u00f3tt til \u00fe\u00edn og mun berjast vi\u00f0 \u00fe\u00e1 me\u00f0 sver\u00f0i munns m\u00edns.<a name=\"17\"><span class=\"versanumer\">17<\/span><\/a>Hver sem eyra hefur, hann heyri hva\u00f0 andinn segir s\u00f6fnu\u00f0unum. \u00deeim er sigrar mun \u00e9g gefa af hinu hulda manna, og \u00e9g mun gefa honum hv\u00edtan stein, og \u00e1 steininn rita\u00f0 n\u00fdtt nafn, sem enginn \u00feekkir nema s\u00e1, er vi\u00f0 tekur.<a name=\"18\"><span class=\"versanumer\">18<\/span><\/a>Og engli safna\u00f0arins \u00ed \u00de\u00fdat\u00edru skalt \u00fe\u00fa rita: \u00deetta segir sonur Gu\u00f0s, sem augun hefur eins og eldsloga og f\u00e6tur hans eru l\u00edkir gl\u00f3m\u00e1lmi:<a name=\"19\"><span class=\"versanumer\">19<\/span><\/a>\u00c9g \u00feekki verkin \u00fe\u00edn og k\u00e6rleikann, tr\u00fana, \u00fej\u00f3nustuna og \u00feolg\u00e6\u00f0i \u00feitt og veit, a\u00f0 verk \u00fe\u00edn hin s\u00ed\u00f0ari eru meiri en hin fyrri.<a name=\"20\"><span class=\"versanumer\">20<\/span><\/a>En \u00fea\u00f0 hef \u00e9g \u00e1 m\u00f3ti \u00fe\u00e9r, a\u00f0 \u00fe\u00fa l\u00ed\u00f0ur Jessabel, konuna, sem segir sj\u00e1lfa sig vera sp\u00e1konu og kennir \u00fej\u00f3num m\u00ednum og afvegalei\u00f0ir \u00fe\u00e1 til a\u00f0 dr\u00fdgja h\u00f3r og eta kj\u00f6t helga\u00f0 skur\u00f0go\u00f0um.<a name=\"21\"><span class=\"versanumer\">21<\/span><\/a>\u00c9g hef gefi\u00f0 henni frest til \u00feess a\u00f0 h\u00fan gj\u00f6ri i\u00f0run, en h\u00fan vill ekki gj\u00f6ra i\u00f0run og l\u00e1ta af h\u00f3rd\u00f3mi s\u00ednum.<a name=\"22\"><span class=\"versanumer\">22<\/span><\/a>N\u00fa mun \u00e9g varpa henni \u00e1 sj\u00fakrabe\u00f0 og \u00feeim \u00ed mikla \u00ferengingu, sem h\u00f3rast me\u00f0 henni, ef \u00feeir gj\u00f6ra ekki i\u00f0run og l\u00e1ta af verkum hennar.<a name=\"23\"><span class=\"versanumer\">23<\/span><\/a>Og b\u00f6rn hennar mun \u00e9g dey\u00f0a og allir s\u00f6fnu\u00f0irnir skulu vita, a\u00f0 \u00e9g er s\u00e1, sem rannsakar n\u00fdrun og hj\u00f6rtun, og \u00e9g mun gjalda y\u00f0ur, hverjum og einum, eftir verkum y\u00f0ar.<a name=\"24\"><span class=\"versanumer\">24<\/span><\/a>En y\u00f0ur segi \u00e9g, hinum sem eru\u00f0 \u00ed \u00de\u00fdat\u00edru, \u00f6llum \u00feeim sem hafa ekki kenningu \u00feessa, \u00fear sem \u00feeir hafa ekki kanna\u00f0 dj\u00fap Satans, sem \u00feeir svo kalla: A\u00f0ra byr\u00f0i legg \u00e9g eigi \u00e1 y\u00f0ur,<a name=\"25\"><span class=\"versanumer\">25<\/span><\/a>nema \u00fea\u00f0 a\u00f0 \u00fe\u00e9r haldi\u00f0 \u00fev\u00ed, sem \u00fe\u00e9r hafi\u00f0, \u00feanga\u00f0 til \u00e9g kem.<a name=\"26\"><span class=\"versanumer\">26<\/span><\/a>\u00deeim er sigrar og var\u00f0veitir allt til enda verk m\u00edn mun \u00e9g gefa vald yfir hei\u00f0ingjunum.<a name=\"27\"><span class=\"versanumer\">27<\/span><\/a>Og hann mun stj\u00f3rna \u00feeim me\u00f0 j\u00e1rnsprota, eins og leirker eru molu\u00f0. \u00dea\u00f0 vald hef \u00e9g fengi\u00f0 fr\u00e1 f\u00f6\u00f0ur m\u00ednum.<a name=\"28\"><span class=\"versanumer\">28<\/span><\/a>Og \u00e9g mun gefa honum morgunstj\u00f6rnuna.<a name=\"29\"><span class=\"versanumer\">29<\/span><\/a>Hver sem eyra hefur, hann heyri hva\u00f0 andinn segir s\u00f6fnu\u00f0unum.<\/p>\n<div class=\"footnote1981\"><b>2.1<\/b> Sj\u00f6 stj\u00f6rnur Opb 1.16<br \/>\n<b>2.2<\/b> \u00c9g \u00feekki verkin \u00fe\u00edn Opb 3.1,8,15<br \/>\n<b>2.5<\/b> Sj\u00e1\u00f0u a\u00f0 \u00fe\u00e9r Opb 2.16,22; 3.3,19<br \/>\n<b>2.7<\/b> L\u00edfsins tr\u00e9 1M\u00f3s 2.9; 3.22,24; Opb 22.2,14,19<br \/>\n<b>2.9<\/b> Samkunda Satans Opb 3.9; sbr R\u00f3m 2.28-29; 2Kor 11.13-16<br \/>\n<b>2.10<\/b> K\u00f3r\u00f3na l\u00edfsins Opb 3.11; 4.4,10; 6.2; 9.7; 12.1; 14.14<br \/>\n<b>2.11<\/b> S\u00e1 annar dau\u00f0i Opb 20.6,14; 21.8<br \/>\n<b>2.16<\/b> \u00c9g kem skj\u00f3tt Opb 3.11; 22.7,12,20<br \/>\n<b>2.17<\/b> Manna 2M\u00f3s 16.32-34; Heb 9.4 \u2013 n\u00fdtt nafn Jes 62.2; 65.15; Opb 3.12; sbr Fil 2.9<br \/>\n<b>2.18<\/b> Auga eins og eldslogi Dan 10.6; Opb 1.14,15<br \/>\n<b>2.20<\/b> Jessabel 1Kon 16.31-34; 19.1-2<br \/>\n<b>2.23<\/b> Rannsakar n\u00fdrun og hj\u00f6rtun Slm 7.10; Jer 11.20 \u2013 eftir verkum y\u00f0ar Slm 62.13; Okv 24.12; Jer 17.10; R\u00f3m 2.6; 2T\u00edm 4.14; Opb 18.6; 20.12-13<br \/>\n<b>2.26-27<\/b> Vald yfir \u00fej\u00f3\u00f0unum Slm 2.8-9; Opb 12.5; 19.15<br \/>\n<b>2.28<\/b> Morgunstjarnan Opb 22.16; 4M\u00f3s 24.17; Matt 2.2<\/div>\n","protected":false},"excerpt":{"rendered":"<p>1Engli safna\u00f0arins \u00ed Efesus skalt \u00fe\u00fa rita: \u00deetta segir s\u00e1 sem heldur \u00e1 stj\u00f6rnunum sj\u00f6 \u00ed h\u00e6gri hendi s\u00e9r, s\u00e1 sem gengur \u00e1 milli gullstikanna sj\u00f6:2\u00c9g \u00feekki verkin \u00fe\u00edn og erfi\u00f0i\u00f0 og \u00feolg\u00e6\u00f0i \u00feitt og veit, a\u00f0 eigi getur \u00fe\u00fa s\u00e6tt \u00feig vi\u00f0 vonda menn. \u00de\u00fa hefur reynt \u00fe\u00e1, sem segja sj\u00e1lfa sig vera postula, en eru \u00fea\u00f0 ekki, og \u00fe\u00fa hefur komist a\u00f0 \u00fev\u00ed, a\u00f0 \u00feeir eru lygarar.3\u00de\u00fa ert \u00feolg\u00f3\u00f0ur og byr\u00f0ar hefur \u00fe\u00fa bori\u00f0 fyrir sakir nafns m\u00edns og ekki \u00fereytst.4En \u00fea\u00f0 hef \u00e9g \u00e1 m\u00f3ti \u00fe\u00e9r, a\u00f0 \u00fe\u00fa hefur afr\u00e6kt \u00feinn fyrri k\u00e6rleika.5Minnst \u00fe\u00fa \u00fev\u00ed, \u00far hva\u00f0a <a href=\"https:\/\/biblian.is\/1981\/opinberunarbok-johannesar-2-kafli\/\"> [&#8230;]<\/a><\/p>\n","protected":false},"author":1,"featured_media":0,"parent":0,"menu_order":0,"comment_status":"open","ping_status":"open","template":"bibliukaflar.php","meta":{"footnotes":""},"class_list":["post-2516","page","type-page","status-publish","hentry"],"_links":{"self":[{"href":"https:\/\/biblian.is\/1981\/wp-json\/wp\/v2\/pages\/2516","targetHints":{"allow":["GET"]}}],"collection":[{"href":"https:\/\/biblian.is\/1981\/wp-json\/wp\/v2\/pages"}],"about":[{"href":"https:\/\/biblian.is\/1981\/wp-json\/wp\/v2\/types\/page"}],"author":[{"embeddable":true,"href":"https:\/\/biblian.is\/1981\/wp-json\/wp\/v2\/users\/1"}],"replies":[{"embeddable":true,"href":"https:\/\/biblian.is\/1981\/wp-json\/wp\/v2\/comments?post=2516"}],"version-history":[{"count":0,"href":"https:\/\/biblian.is\/1981\/wp-json\/wp\/v2\/pages\/2516\/revisions"}],"wp:attachment":[{"href":"https:\/\/biblian.is\/1981\/wp-json\/wp\/v2\/media?parent=2516"}],"curies":[{"name":"wp","href":"https:\/\/api.w.org\/{rel}","templated":true}]}}