{"id":2515,"date":"2017-11-18T20:22:06","date_gmt":"2017-11-18T20:22:06","guid":{"rendered":"http:\/\/biblian.is\/1981\/opinberunarbokin-1-kafli\/"},"modified":"2021-06-06T11:04:23","modified_gmt":"2021-06-06T11:04:23","slug":"opinberunarbok-johannesar-1-kafli","status":"publish","type":"page","link":"https:\/\/biblian.is\/1981\/opinberunarbok-johannesar-1-kafli\/","title":{"rendered":"Opinberunarb\u00f3k J\u00f3hannesar 1. kafli"},"content":{"rendered":"<p><a name=\"1\"><span class=\"versanumer\">1<\/span><\/a>Opinberun Jes\u00fa Krists, sem Gu\u00f0 gaf honum til a\u00f0 s\u00fdna \u00fej\u00f3num s\u00ednum \u00fea\u00f0 sem ver\u00f0a \u00e1 innan skamms. Hann sendi engil sinn og l\u00e9t hann kynna \u00fea\u00f0 J\u00f3hannesi, \u00fej\u00f3ni s\u00ednum,<a name=\"2\"><span class=\"versanumer\">2<\/span><\/a>sem bar vitni um or\u00f0 Gu\u00f0s og vitnisbur\u00f0 Jes\u00fa Krists, um allt \u00fea\u00f0 er hann s\u00e1.<a name=\"3\"><span class=\"versanumer\">3<\/span><\/a>S\u00e6ll er s\u00e1, er les \u00feessi sp\u00e1d\u00f3msor\u00f0, og \u00feeir, sem heyra \u00feau og var\u00f0veita \u00fea\u00f0, sem \u00ed \u00feeim er rita\u00f0, \u00fev\u00ed a\u00f0 t\u00edminn er \u00ed n\u00e1nd.<a name=\"4\"><span class=\"versanumer\">4<\/span><\/a>Fr\u00e1 J\u00f3hannesi til safna\u00f0anna sj\u00f6, sem \u00ed As\u00edu eru. N\u00e1\u00f0 s\u00e9 me\u00f0 y\u00f0ur og fri\u00f0ur fr\u00e1 honum, sem er og var og kemur, og fr\u00e1 \u00f6ndunum sj\u00f6, sem eru frammi fyrir h\u00e1s\u00e6ti hans,<a name=\"5\"><span class=\"versanumer\">5<\/span><\/a>og fr\u00e1 Jes\u00fa Kristi, sem er votturinn tr\u00fai, frumbur\u00f0ur dau\u00f0ra, h\u00f6f\u00f0inginn yfir konungum jar\u00f0arinnar. Hann elskar oss og leysti oss fr\u00e1 syndum vorum me\u00f0 bl\u00f3\u00f0i s\u00ednu.<a name=\"6\"><span class=\"versanumer\">6<\/span><\/a>Og hann gj\u00f6r\u00f0i oss a\u00f0 konungsr\u00edki og prestum, Gu\u00f0i s\u00ednum og f\u00f6\u00f0ur til handa. Hans er d\u00fdr\u00f0in og m\u00e1tturinn um aldir alda. Amen.<a name=\"7\"><span class=\"versanumer\">7<\/span><\/a>Sj\u00e1, hann kemur \u00ed sk\u00fdjunum og hvert auga mun sj\u00e1 hann, jafnvel \u00feeir, sem stungu hann, og allar kynkv\u00edslir jar\u00f0arinnar munu kveina yfir honum. Vissulega, amen.<a name=\"8\"><span class=\"versanumer\">8<\/span><\/a>\u00c9g er Alfa og \u00d3mega, segir Drottinn Gu\u00f0, hann sem er og var og kemur, hinn alvaldi.<a name=\"9\"><span class=\"versanumer\">9<\/span><\/a>\u00c9g, J\u00f3hannes, br\u00f3\u00f0ir y\u00f0ar, sem \u00ed Jes\u00fa \u00e1 hlutdeild me\u00f0 y\u00f0ur \u00ed \u00ferengingunni, r\u00edkinu og \u00feolg\u00e6\u00f0inu, var \u00e1 eynni Patmos fyrir sakir Gu\u00f0s or\u00f0s og vitnisbur\u00f0ar Jes\u00fa.<a name=\"10\"><span class=\"versanumer\">10<\/span><\/a>\u00c9g var hrifinn \u00ed anda \u00e1 Drottins degi og heyr\u00f0i a\u00f0 baki m\u00e9r raust mikla, sem l\u00fa\u00f0ur gylli,<a name=\"11\"><span class=\"versanumer\">11<\/span><\/a>er sag\u00f0i: Rita \u00fe\u00fa \u00ed b\u00f3k \u00fea\u00f0 sem \u00fe\u00fa s\u00e9r\u00f0 og send \u00fea\u00f0 s\u00f6fnu\u00f0unum sj\u00f6, \u00ed Efesus, Sm\u00fdrnu, Pergamos, \u00de\u00fdat\u00edru, Sardes, F\u00edladelf\u00edu og La\u00f3d\u00edkeu.<a name=\"12\"><span class=\"versanumer\">12<\/span><\/a>\u00c9g sneri m\u00e9r vi\u00f0 til a\u00f0 sj\u00e1, hvers raust \u00fea\u00f0 v\u00e6ri, sem vi\u00f0 mig tala\u00f0i. Og er \u00e9g sneri m\u00e9r vi\u00f0, s\u00e1 \u00e9g sj\u00f6 gulllj\u00f3sastikur,<a name=\"13\"><span class=\"versanumer\">13<\/span><\/a>og milli lj\u00f3sastikanna einhvern, l\u00edkan mannssyni, kl\u00e6ddan s\u00ed\u00f0kyrtli og gullbelti var spennt um bringu hans.<a name=\"14\"><span class=\"versanumer\">14<\/span><\/a>H\u00f6fu\u00f0 hans og h\u00e1r var hv\u00edtt, eins og hv\u00edt ull, eins og mj\u00f6ll, og augu hans eins og eldslogi.<a name=\"15\"><span class=\"versanumer\">15<\/span><\/a>Og f\u00e6tur hans voru l\u00edkir m\u00e1lmi gl\u00f3andi \u00ed deiglu og raust hans sem ni\u00f0ur margra vatna.<a name=\"16\"><span class=\"versanumer\">16<\/span><\/a>Hann haf\u00f0i \u00ed h\u00e6gri hendi s\u00e9r sj\u00f6 stj\u00f6rnur og af munni hans gekk \u00fat tv\u00edeggja\u00f0 sver\u00f0 biturt, og \u00e1sj\u00f3na hans var sem s\u00f3lin sk\u00ednandi \u00ed m\u00e6tti s\u00ednum.<a name=\"17\"><span class=\"versanumer\">17<\/span><\/a>\u00deegar \u00e9g s\u00e1 hann, f\u00e9ll \u00e9g fyrir f\u00e6tur honum sem dau\u00f0ur v\u00e6ri. Og hann lag\u00f0i h\u00e6gri h\u00f6nd s\u00edna yfir mig og sag\u00f0i: Vertu ekki hr\u00e6ddur, \u00e9g er hinn fyrsti og hinn s\u00ed\u00f0asti<a name=\"18\"><span class=\"versanumer\">18<\/span><\/a>og hinn lifandi. \u00c9g d\u00f3, en sj\u00e1, lifandi er \u00e9g um aldir alda, og \u00e9g hef lykla dau\u00f0ans og Heljar.<a name=\"19\"><span class=\"versanumer\">19<\/span><\/a>Rita \u00fe\u00fa n\u00fa \u00fea\u00f0 er \u00fe\u00fa hefur s\u00e9\u00f0, b\u00e6\u00f0i \u00fea\u00f0 sem er og \u00fea\u00f0 sem ver\u00f0a mun eftir \u00feetta.<a name=\"20\"><span class=\"versanumer\">20<\/span><\/a>\u00deessi er leyndard\u00f3murinn um stj\u00f6rnurnar sj\u00f6, sem \u00fe\u00fa hefur s\u00e9\u00f0 \u00ed h\u00e6gri hendi minni, og um gullstikurnar sj\u00f6. Stj\u00f6rnurnar sj\u00f6 eru englar \u00feeirra sj\u00f6 safna\u00f0a, og lj\u00f3sastikurnar sj\u00f6 eru s\u00f6fnu\u00f0irnir sj\u00f6.<\/p>\n<div class=\"footnote1981\"><b>1.2<\/b> Or\u00f0 Gu\u00f0s og vitnisbur\u00f0ur Jes\u00fa Opb 1.9; 6.9; 12.17; 19.10; 20.4<br \/>\n<b>1.4<\/b> S\u00e1 sem er og var og kemur Opb 1.8; 4.8; 11.17; 16.5; sbr 2M\u00f3s 3.14 \u2013 andarnir sj\u00f6 Jes 11.2; Opb 3.1; 4.5; 5.6<br \/>\n<b>1.5<\/b> Frumbur\u00f0ur Slm 89.28; K\u00f3l 1.18 \u2013 votturinn tr\u00fai Slm 89.38; Jes 55.4; Opb 2.13; 3.14; 19.11<br \/>\n<b>1.6<\/b> Konungar, prestar 2M\u00f3s 19.6; Jes 61.6; 1P\u00e9t 2.5,9; Opb 5.10; 20.6<br \/>\n<b>1.7<\/b> \u00cd sk\u00fdjum Dan 7.13; sbr 2M\u00f3s 19.16; Jes 6.4; Matt 24.30; Mrk 13.26; L\u00fak 21.27; Post 1.9; Opb 14.14 \u2013 \u00feeir sem stungu hann Sak 12.10; sbr J\u00f3h 19.37<br \/>\n<b>1.8<\/b> Hinn alvaldi Opb 4.8; 11.17; 15.3; 16.7,14; 19.6,15; 21.22<br \/>\n<b>1.10<\/b> \u00c1 Drottins degi Post 20.7; 1Kor 11.26; 16.2<br \/>\n<b>1.12<\/b> Lj\u00f3sastikur 2M\u00f3s 25.31-40; 27.20-21; Sak 4.1-14<br \/>\n<b>1.13-15<\/b> L\u00edkan mannssyni Dan 7.13; Opb 14.14 \u2013 gullbelti Dan 10.5 \u2013 hv\u00edtt h\u00e1r Dan 7.9 \u2013 auga, f\u00e6tur, raust Dan 10.6<br \/>\n<b>1.16<\/b> Sj\u00f6 stj\u00f6rnur Opb 1.20; 2.1; 3.1 \u2013 beitt sver\u00f0 Jes 49.2; Heb 4.12; Opb 19.13-15<br \/>\n<b>1.17<\/b> Hinn fyrsti og hinn s\u00ed\u00f0asti Jes 44.6; 48.12; Opb 2.8; 22.13; sbr 1.8<br \/>\n<b>1.18<\/b> Hinn lifandi Heb 7.25 \u2013 lyklar Jes 22.22; Opb 3.7<\/div>\n","protected":false},"excerpt":{"rendered":"<p>1Opinberun Jes\u00fa Krists, sem Gu\u00f0 gaf honum til a\u00f0 s\u00fdna \u00fej\u00f3num s\u00ednum \u00fea\u00f0 sem ver\u00f0a \u00e1 innan skamms. Hann sendi engil sinn og l\u00e9t hann kynna \u00fea\u00f0 J\u00f3hannesi, \u00fej\u00f3ni s\u00ednum,2sem bar vitni um or\u00f0 Gu\u00f0s og vitnisbur\u00f0 Jes\u00fa Krists, um allt \u00fea\u00f0 er hann s\u00e1.3S\u00e6ll er s\u00e1, er les \u00feessi sp\u00e1d\u00f3msor\u00f0, og \u00feeir, sem heyra \u00feau og var\u00f0veita \u00fea\u00f0, sem \u00ed \u00feeim er rita\u00f0, \u00fev\u00ed a\u00f0 t\u00edminn er \u00ed n\u00e1nd.4Fr\u00e1 J\u00f3hannesi til safna\u00f0anna sj\u00f6, sem \u00ed As\u00edu eru. N\u00e1\u00f0 s\u00e9 me\u00f0 y\u00f0ur og fri\u00f0ur fr\u00e1 honum, sem er og var og kemur, og fr\u00e1 \u00f6ndunum sj\u00f6, sem eru frammi fyrir <a href=\"https:\/\/biblian.is\/1981\/opinberunarbok-johannesar-1-kafli\/\"> [&#8230;]<\/a><\/p>\n","protected":false},"author":1,"featured_media":0,"parent":0,"menu_order":0,"comment_status":"open","ping_status":"open","template":"bibliukaflar.php","meta":{"footnotes":""},"class_list":["post-2515","page","type-page","status-publish","hentry"],"_links":{"self":[{"href":"https:\/\/biblian.is\/1981\/wp-json\/wp\/v2\/pages\/2515","targetHints":{"allow":["GET"]}}],"collection":[{"href":"https:\/\/biblian.is\/1981\/wp-json\/wp\/v2\/pages"}],"about":[{"href":"https:\/\/biblian.is\/1981\/wp-json\/wp\/v2\/types\/page"}],"author":[{"embeddable":true,"href":"https:\/\/biblian.is\/1981\/wp-json\/wp\/v2\/users\/1"}],"replies":[{"embeddable":true,"href":"https:\/\/biblian.is\/1981\/wp-json\/wp\/v2\/comments?post=2515"}],"version-history":[{"count":0,"href":"https:\/\/biblian.is\/1981\/wp-json\/wp\/v2\/pages\/2515\/revisions"}],"wp:attachment":[{"href":"https:\/\/biblian.is\/1981\/wp-json\/wp\/v2\/media?parent=2515"}],"curies":[{"name":"wp","href":"https:\/\/api.w.org\/{rel}","templated":true}]}}