{"id":2514,"date":"2017-11-18T20:22:06","date_gmt":"2017-11-18T20:22:06","guid":{"rendered":"http:\/\/biblian.is\/1981\/judasarbrefid-1-kafli\/"},"modified":"2017-11-18T20:22:06","modified_gmt":"2017-11-18T20:22:06","slug":"judasarbrefid-1-kafli","status":"publish","type":"page","link":"https:\/\/biblian.is\/1981\/judasarbrefid-1-kafli\/","title":{"rendered":"J\u00fadasarbr\u00e9fi\u00f0 1. kafli"},"content":{"rendered":"<p><a name=\"1\"><span class=\"versanumer\">1<\/span><\/a>J\u00fadas, \u00fej\u00f3nn Jes\u00fa Krists, br\u00f3\u00f0ir Jakobs, heilsar hinum k\u00f6llu\u00f0u, sem eru elska\u00f0ir af Gu\u00f0i f\u00f6\u00f0ur og var\u00f0veittir Jes\u00fa Kristi.<a name=\"2\"><span class=\"versanumer\">2<\/span><\/a>Miskunn, fri\u00f0ur og k\u00e6rleiki margfaldist y\u00f0ur til handa.<a name=\"3\"><span class=\"versanumer\">3<\/span><\/a>\u00de\u00e9r elska\u00f0ir, m\u00e9r var \u00fea\u00f0 r\u00edkt \u00ed huga a\u00f0 rita y\u00f0ur um sameiginlegt hj\u00e1lpr\u00e6\u00f0i vort. En n\u00fa kemst \u00e9g ekki hj\u00e1 \u00fev\u00ed a\u00f0 skrifa og hvetja y\u00f0ur til a\u00f0 berjast fyrir \u00feeirri tr\u00fa, sem heil\u00f6gum hefur \u00ed eitt skipti fyrir \u00f6ll veri\u00f0 \u00ed hendur seld.<a name=\"4\"><span class=\"versanumer\">4<\/span><\/a>\u00dev\u00ed a\u00f0 inn hafa l\u00e6\u00f0st nokkrir menn, sem fyrir l\u00f6ngu var rita\u00f0 um a\u00f0 \u00feessi d\u00f3mur bi\u00f0i \u00feeirra. \u00deeir eru \u00f3gu\u00f0legir menn, sem misnota n\u00e1\u00f0 Gu\u00f0s vors til taumleysis og afneita vorum einasta l\u00e1var\u00f0i og Drottni, Jes\u00fa Kristi.<a name=\"5\"><span class=\"versanumer\">5<\/span><\/a>\u00c9g vil minna y\u00f0ur \u00e1, \u00fe\u00f3tt \u00fe\u00e9r n\u00fa einu sinni viti\u00f0 \u00fea\u00f0 allt, a\u00f0 Drottinn frelsa\u00f0i l\u00fd\u00f0inn \u00far Egyptalandi, en tort\u00edmdi samt s\u00ed\u00f0ar \u00feeim, sem ekki tr\u00fa\u00f0u.<a name=\"6\"><span class=\"versanumer\">6<\/span><\/a>Og englana, sem ekki g\u00e6ttu tignar sinnar, heldur yfirg\u00e1fu eigin b\u00fasta\u00f0, hefur hann \u00ed myrkri geymt \u00ed \u00e6varandi fj\u00f6trum til d\u00f3ms hins mikla dags.<a name=\"7\"><span class=\"versanumer\">7<\/span><\/a>Eins og S\u00f3d\u00f3ma og G\u00f3morra og borgirnar umhverfis \u00fe\u00e6r, sem dr\u00fdgt h\u00f6f\u00f0u saurlifna\u00f0 \u00e1 l\u00edkan h\u00e1tt og \u00feeir og stundu\u00f0u \u00f3leyfilegar lystisemdir, \u00fe\u00e6r liggja fyrir sem d\u00e6mi, l\u00ed\u00f0andi hegningu eil\u00edfs elds.<a name=\"8\"><span class=\"versanumer\">8<\/span><\/a>\u00c1 sama h\u00e1tt saurga og \u00feessir draumvilltu menn l\u00edkamann, meta a\u00f0 engu drottinvald og lastm\u00e6la tignum.<a name=\"9\"><span class=\"versanumer\">9<\/span><\/a>Eigi dirf\u00f0ist einu sinni h\u00f6fu\u00f0engillinn M\u00edkael a\u00f0 leggja lastm\u00e6lisd\u00f3m \u00e1 dj\u00f6fulinn, er hann \u00e1tti \u00ed or\u00f0adeilu vi\u00f0 hann um l\u00edkama M\u00f3se, heldur sag\u00f0i: Drottinn refsi \u00fe\u00e9r!<a name=\"10\"><span class=\"versanumer\">10<\/span><\/a>En \u00feessir menn lastm\u00e6la \u00f6llu \u00fev\u00ed, sem \u00feeir \u00feekkja ekki, en spilla s\u00e9r \u00e1 \u00fev\u00ed sem \u00feeir skilja af e\u00f0lis\u00e1v\u00edsun eins og skynlausar skepnur.<a name=\"11\"><span class=\"versanumer\">11<\/span><\/a>Vei \u00feeim, \u00fev\u00ed a\u00f0 \u00feeir hafa gengi\u00f0 \u00e1 vegi Kains og hrapa\u00f0 \u00ed villu B\u00edleams fyrir \u00e1vinnings sakir og tort\u00edmst \u00ed \u00fever\u00fa\u00f0 K\u00f3ra.<a name=\"12\"><span class=\"versanumer\">12<\/span><\/a>\u00deessir menn eru blindsker vi\u00f0 k\u00e6rleiksm\u00e1lt\u00ed\u00f0ir y\u00f0ar, er \u00feeir sitja a\u00f0 veislum me\u00f0 y\u00f0ur og h\u00e1ma \u00ed sig blyg\u00f0unarlaust. \u00deeir eru vatnslaus sk\u00fd, sem rekast fyrir vindum, tr\u00e9, sem bera ekki \u00e1v\u00f6xt a\u00f0 hausti, tvisvar dau\u00f0 og rifin upp me\u00f0 r\u00f3tum.<a name=\"13\"><span class=\"versanumer\">13<\/span><\/a>\u00deeir eru ofsalegar hafsbylgjur, sem frey\u00f0a eigin sk\u00f6mmum, reikandi stj\u00f6rnur, sem eiga d\u00fdpsta myrkur \u00ed v\u00e6ndum til eil\u00edf\u00f0ar.<a name=\"14\"><span class=\"versanumer\">14<\/span><\/a>Um \u00feessa menn sp\u00e1\u00f0i l\u00edka Enok, sj\u00f6undi ma\u00f0ur fr\u00e1 Adam, er hann segir: Sj\u00e1, Drottinn er kominn me\u00f0 s\u00ednum \u00fe\u00fasundum heilagra<a name=\"15\"><span class=\"versanumer\">15<\/span><\/a>til a\u00f0 halda d\u00f3m yfir \u00f6llum og til a\u00f0 sanna alla \u00f3gu\u00f0lega menn seka um \u00f6ll \u00feau \u00f3gu\u00f0legu verk, sem \u00feeir hafa dr\u00fdgt, og um \u00f6ll \u00feau h\u00f6r\u00f0u or\u00f0, sem \u00f3gu\u00f0legir syndarar hafa tala\u00f0 gegn honum.<a name=\"16\"><span class=\"versanumer\">16<\/span><\/a>\u00deessir menn eru m\u00f6glarar, umkv\u00f6rtunarsamir og lifa eftir girndum s\u00ednum. Munnur \u00feeirra m\u00e6lir ofstopaor\u00f0 og \u00feeir meta menn eftir hagna\u00f0i.<a name=\"17\"><span class=\"versanumer\">17<\/span><\/a>En, \u00fe\u00e9r elska\u00f0ir, minnist \u00feeirra or\u00f0a, sem \u00e1\u00f0ur hafa t\u00f6lu\u00f0 veri\u00f0 af postulum Drottins vors Jes\u00fa Krists.<a name=\"18\"><span class=\"versanumer\">18<\/span><\/a>\u00deeir s\u00f6g\u00f0u vi\u00f0 y\u00f0ur: \u00c1 s\u00ed\u00f0asta t\u00edma munu koma spottarar, sem stj\u00f3rnast af s\u00ednum eigin \u00f3gu\u00f0legu girndum.<a name=\"19\"><span class=\"versanumer\">19<\/span><\/a>\u00deessir menn eru \u00feeir, sem valda sundrungu, holdlegir menn, sem eigi hafa andann.<a name=\"20\"><span class=\"versanumer\">20<\/span><\/a>En \u00fe\u00e9r, elska\u00f0ir, byggi\u00f0 y\u00f0ur sj\u00e1lfa upp \u00ed y\u00f0ar helgustu tr\u00fa. Bi\u00f0ji\u00f0 \u00ed heil\u00f6gum anda.<a name=\"21\"><span class=\"versanumer\">21<\/span><\/a>Var\u00f0veiti\u00f0 sj\u00e1lfa y\u00f0ur \u00ed k\u00e6rleika Gu\u00f0s, og b\u00ed\u00f0i\u00f0 eftir n\u00e1\u00f0 Drottins vors Jes\u00fa Krists til eil\u00edfs l\u00edfs.<a name=\"22\"><span class=\"versanumer\">22<\/span><\/a>Veri\u00f0 mildir vi\u00f0 suma, \u00fe\u00e1 sem eru efablandnir,<a name=\"23\"><span class=\"versanumer\">23<\/span><\/a>suma skulu\u00f0 \u00fe\u00e9r frelsa, me\u00f0 \u00fev\u00ed a\u00f0 hr\u00edfa \u00fe\u00e1 \u00fat \u00far eldinum. Og suma skulu\u00f0 \u00fe\u00e9r vera mildir vi\u00f0 me\u00f0 \u00f3tta, og hati\u00f0 jafnvel kyrtilinn, sem flekka\u00f0ur er af holdinu.<a name=\"24\"><span class=\"versanumer\">24<\/span><\/a>En honum, sem megnar a\u00f0 var\u00f0veita y\u00f0ur fr\u00e1 hr\u00f6sun og l\u00e1ta y\u00f0ur koma fram fyrir d\u00fdr\u00f0 s\u00edna, l\u00fdtalausa \u00ed f\u00f6gnu\u00f0i,<a name=\"25\"><span class=\"versanumer\">25<\/span><\/a>einum Gu\u00f0i, sem frelsar oss fyrir Jes\u00fa Krist, Drottin vorn, s\u00e9 d\u00fdr\u00f0, h\u00e1tign, m\u00e1ttur og vald fyrir allar aldir, n\u00fa og um allar aldir. Amen.<\/p>\n<div class=\"footnote1981\"><b>1<\/b> Jakob Post 15.13+<br \/>\n<b>2<\/b> Miskunn og fri\u00f0ur margfaldist 2P\u00e9t 1.2<br \/>\n<b>3<\/b> Berjist fyrir tr\u00fanni 1T\u00edm 1.18 \u2013 hin heil\u00f6gu R\u00f3m 1.7<br \/>\n<b>4<\/b> Laumast inn Gal 2.4 \u2013 rita\u00f0 fyrir um l\u00f6ngu Slm 69.29; 139.16; sbr Dan 7.10 \u2013 afneita l\u00e1var\u00f0i okkar 2P\u00e9t 2.1<br \/>\n<b>5<\/b> \u00de\u00f3tt \u00fe\u00e9r viti\u00f0 allt 1J\u00f3h 2.20 \u2013 minna \u00e1 2P\u00e9t 1.12 \u2013 frelsa\u00f0i l\u00fd\u00f0inn \u00far Egyptalandi 2M\u00f3s 12.51 \u2013 tort\u00edmdi \u00feeim sem tr\u00fa\u00f0u ekki 4M\u00f3s 14.29-30,35; 1Kor 10.5<br \/>\n<b>6<\/b> Fallnir englar 2P\u00e9t 2.4 \u2013 geymdir til d\u00f3ms 2P\u00e9t 2.9<br \/>\n<b>7<\/b> S\u00f3d\u00f3ma og G\u00f3morra 1M\u00f3s 19.4-25; 2P\u00e9t 2.6; sbr Matt 10.15+<br \/>\n<b>8<\/b> Meta a\u00f0 engu drottinvald 2P\u00e9t 2.10<br \/>\n<b>9<\/b> M\u00edkael h\u00f6fu\u00f0engill Dan 10.13,21; 12.1; Opb 12.7 \u2013 saka um gu\u00f0last 2P\u00e9t 2.11 \u2013 Drottinn refsi \u00fe\u00e9r Sak 3.2<br \/>\n<b>10<\/b> Lastm\u00e6la \u00fev\u00ed, sem \u00feeir \u00feekkja ekki 2P\u00e9t 2.12<br \/>\n<b>11<\/b> Kain 1M\u00f3s 4.3-8; 1J\u00f3h 3.12 \u2013 B\u00edleam 4M\u00f3s 22.5; 31.16; 2P\u00e9t 2.15; Opb 2.14 \u2013 uppreisn K\u00f3ra 4M\u00f3s 16.19-35<br \/>\n<b>12<\/b> Sm\u00e1narblettir \u00e1 k\u00e6rleiksm\u00e1lt\u00ed\u00f0um ykkar 2P\u00e9t 2.13 \u2013 h\u00e1ma \u00ed sig blyg\u00f0unarlaust Esk 34.8; sbr 1Kor 11.21 \u2013 rekast fyrir vindum Ef 4.14<br \/>\n<b>13<\/b> Hafsbylgjur Jes 57.20 \u2013 d\u00fdpsta myrkur 2P\u00e9t 2.17<br \/>\n<b>14<\/b> Enok sj\u00f6undi ma\u00f0ur fr\u00e1 Adam 1M\u00f3s 5.3-18; 1Kro 1.1-3; L\u00fak 3.37-38<br \/>\n<b>16<\/b> Ofstopaor\u00f0 Dan 11.36<br \/>\n<b>17<\/b> Bo\u00f0skapur postulanna 2P\u00e9t 3.2<br \/>\n<b>18<\/b> \u00c1 s\u00ed\u00f0asta t\u00edma 2P\u00e9t 3.3<br \/>\n<b>19<\/b> Bundnir vi\u00f0 \u00feennan heim sbr 1Kor 2.14; Jak 3.15<br \/>\n<b>20<\/b> Byggi\u00f0 ykkur upp 1\u00deess 5.11 \u2013 \u00ed tr\u00fa ykkar K\u00f3l 2.7<br \/>\n<b>23<\/b> \u00dat \u00far eldinum Am 4.11; Sak 3.2<br \/>\n<b>24<\/b> L\u00fdtalaus Fil 1.10; 1\u00deess 5.23<br \/>\n<b>25<\/b> Gu\u00f0 frelsar 1T\u00edm 1.1+ &#8211; einum Gu\u00f0i s\u00e9 d\u00fdr\u00f0 R\u00f3m 16.2<\/div>\n","protected":false},"excerpt":{"rendered":"<p>1J\u00fadas, \u00fej\u00f3nn Jes\u00fa Krists, br\u00f3\u00f0ir Jakobs, heilsar hinum k\u00f6llu\u00f0u, sem eru elska\u00f0ir af Gu\u00f0i f\u00f6\u00f0ur og var\u00f0veittir Jes\u00fa Kristi.2Miskunn, fri\u00f0ur og k\u00e6rleiki margfaldist y\u00f0ur til handa.3\u00de\u00e9r elska\u00f0ir, m\u00e9r var \u00fea\u00f0 r\u00edkt \u00ed huga a\u00f0 rita y\u00f0ur um sameiginlegt hj\u00e1lpr\u00e6\u00f0i vort. En n\u00fa kemst \u00e9g ekki hj\u00e1 \u00fev\u00ed a\u00f0 skrifa og hvetja y\u00f0ur til a\u00f0 berjast fyrir \u00feeirri tr\u00fa, sem heil\u00f6gum hefur \u00ed eitt skipti fyrir \u00f6ll veri\u00f0 \u00ed hendur seld.4\u00dev\u00ed a\u00f0 inn hafa l\u00e6\u00f0st nokkrir menn, sem fyrir l\u00f6ngu var rita\u00f0 um a\u00f0 \u00feessi d\u00f3mur bi\u00f0i \u00feeirra. \u00deeir eru \u00f3gu\u00f0legir menn, sem misnota n\u00e1\u00f0 Gu\u00f0s vors til taumleysis og afneita <a href=\"https:\/\/biblian.is\/1981\/judasarbrefid-1-kafli\/\"> [&#8230;]<\/a><\/p>\n","protected":false},"author":1,"featured_media":0,"parent":0,"menu_order":0,"comment_status":"open","ping_status":"open","template":"bibliukaflar.php","meta":{"footnotes":""},"class_list":["post-2514","page","type-page","status-publish","hentry"],"_links":{"self":[{"href":"https:\/\/biblian.is\/1981\/wp-json\/wp\/v2\/pages\/2514","targetHints":{"allow":["GET"]}}],"collection":[{"href":"https:\/\/biblian.is\/1981\/wp-json\/wp\/v2\/pages"}],"about":[{"href":"https:\/\/biblian.is\/1981\/wp-json\/wp\/v2\/types\/page"}],"author":[{"embeddable":true,"href":"https:\/\/biblian.is\/1981\/wp-json\/wp\/v2\/users\/1"}],"replies":[{"embeddable":true,"href":"https:\/\/biblian.is\/1981\/wp-json\/wp\/v2\/comments?post=2514"}],"version-history":[{"count":0,"href":"https:\/\/biblian.is\/1981\/wp-json\/wp\/v2\/pages\/2514\/revisions"}],"wp:attachment":[{"href":"https:\/\/biblian.is\/1981\/wp-json\/wp\/v2\/media?parent=2514"}],"curies":[{"name":"wp","href":"https:\/\/api.w.org\/{rel}","templated":true}]}}