{"id":2513,"date":"2017-11-18T20:22:06","date_gmt":"2017-11-18T20:22:06","guid":{"rendered":"http:\/\/biblian.is\/1981\/thridja-johannesarbref-1-kafli\/"},"modified":"2021-06-06T11:11:02","modified_gmt":"2021-06-06T11:11:02","slug":"thridja-johannesarbref-1-kafli","status":"publish","type":"page","link":"https:\/\/biblian.is\/1981\/thridja-johannesarbref-1-kafli\/","title":{"rendered":"\u00deri\u00f0ja J\u00f3hannesarbr\u00e9f 1. kafli"},"content":{"rendered":"<p><a name=\"1\"><span class=\"versanumer\">1<\/span><\/a>\u00d6ldungurinn heilsar elsku\u00f0um Gajusi, sem \u00e9g ann \u00ed sannleika.<a name=\"2\"><span class=\"versanumer\">2<\/span><\/a>\u00c9g bi\u00f0 \u00feess, minn elska\u00f0i, a\u00f0 \u00fe\u00e9r vegni vel \u00ed \u00f6llum hlutum og a\u00f0 \u00fe\u00fa s\u00e9rt heill heilsu, eins og s\u00e1lu \u00feinni vegnar vel.<a name=\"3\"><span class=\"versanumer\">3<\/span><\/a>\u00c9g var\u00f0 mj\u00f6g gla\u00f0ur, \u00feegar br\u00e6\u00f0ur komu og b\u00e1ru vitni um trygg\u00f0 \u00fe\u00edna vi\u00f0 sannleikann, hversu \u00fe\u00fa lifir \u00ed sannleika.<a name=\"4\"><span class=\"versanumer\">4<\/span><\/a>\u00c9g hef enga meiri gle\u00f0i en \u00fe\u00e1 a\u00f0 heyra, a\u00f0 b\u00f6rnin m\u00edn lifi \u00ed sannleikanum.<a name=\"5\"><span class=\"versanumer\">5<\/span><\/a>\u00de\u00fa breytir dyggilega, minn elska\u00f0i, \u00ed \u00f6llu sem \u00fe\u00fa vinnur fyrir br\u00e6\u00f0urna og jafnvel \u00f3kunna menn.<a name=\"6\"><span class=\"versanumer\">6<\/span><\/a>\u00deeir hafa vitna\u00f0 fyrir s\u00f6fnu\u00f0inum um k\u00e6rleika \u00feinn. \u00de\u00fa gj\u00f6rir vel, er \u00fe\u00fa grei\u00f0ir f\u00f6r \u00feeirra eins og ver\u00f0ugt er fyrir Gu\u00f0i.<a name=\"7\"><span class=\"versanumer\">7<\/span><\/a>\u00dev\u00ed a\u00f0 sakir nafnsins l\u00f6g\u00f0u \u00feeir af sta\u00f0 og \u00feiggja ekki neitt af hei\u00f0num m\u00f6nnum.<a name=\"8\"><span class=\"versanumer\">8<\/span><\/a>\u00deess vegna ber oss a\u00f0 taka \u00fev\u00edl\u00edka menn a\u00f0 oss, til \u00feess a\u00f0 v\u00e9r ver\u00f0um samverkamenn sannleikans.<a name=\"9\"><span class=\"versanumer\">9<\/span><\/a>\u00c9g hef rita\u00f0 nokku\u00f0 til safna\u00f0arins, en D\u00ed\u00f3trefes, sem vill vera fremstur me\u00f0al \u00feeirra, tekur eigi vi\u00f0 oss.<a name=\"10\"><span class=\"versanumer\">10<\/span><\/a>\u00deess vegna \u00e6tla \u00e9g, ef \u00e9g kem, a\u00f0 minna \u00e1 verk \u00feau er hann vinnur. Hann l\u00e6tur s\u00e9r ekki n\u00e6gja a\u00f0 \u00f3fr\u00e6gja oss me\u00f0 vondum or\u00f0um, heldur tekur hann ekki sj\u00e1lfur \u00e1 m\u00f3ti br\u00e6\u00f0runum og hindrar \u00fe\u00e1, er \u00fea\u00f0 vilja gj\u00f6ra, og rekur \u00fe\u00e1 \u00far s\u00f6fnu\u00f0inum.<a name=\"11\"><span class=\"versanumer\">11<\/span><\/a>Breyttu ekki eftir \u00fev\u00ed, sem illt er, minn elska\u00f0i, heldur eftir \u00fev\u00ed, sem gott er. S\u00e1 sem gott gj\u00f6rir heyrir Gu\u00f0i til, en s\u00e1 sem illt gj\u00f6rir hefur ekki s\u00e9\u00f0 Gu\u00f0.<a name=\"12\"><span class=\"versanumer\">12<\/span><\/a>Demetr\u00edusi er bori\u00f0 gott vitni af \u00f6llum og af sannleikanum sj\u00e1lfum. \u00dea\u00f0 gj\u00f6rum v\u00e9r l\u00edka, og \u00fe\u00fa veist a\u00f0 vitnisbur\u00f0ur vor er sannur.<a name=\"13\"><span class=\"versanumer\">13<\/span><\/a>\u00c9g hef margt a\u00f0 rita \u00fe\u00e9r, en vil ekki rita \u00fe\u00e9r me\u00f0 bleki og penna.<a name=\"14\"><span class=\"versanumer\">14<\/span><\/a>En \u00e9g vona a\u00f0 sj\u00e1 \u00feig br\u00e1\u00f0um og munum vi\u00f0 \u00fe\u00e1 talast vi\u00f0 munnlega.<a name=\"15\"><span class=\"versanumer\">15<\/span><\/a>Fri\u00f0ur s\u00e9 me\u00f0 \u00fe\u00e9r. Vinirnir bi\u00f0ja a\u00f0 heilsa \u00fe\u00e9r. Heilsa \u00fe\u00fa vinunum hverjum fyrir sig.<\/p>\n<div class=\"footnote1981\"><b>1<\/b> \u00d6ldungurinn 2J\u00f3h 1<br \/>\n<b>3<\/b> Greindu fr\u00e1 3J\u00f3h 6 \u2013 hve tr\u00far \u00fe\u00fa ert sbr F\u00edlm 5 \u2013 \u00ed sannleikanum 2J\u00f3h 4<br \/>\n<b>4<\/b> B\u00f6rnin m\u00edn 1J\u00f3h 2.1,12,18,28<br \/>\n<b>5<\/b> Vinna fyrir s\u00f6fnu\u00f0inn Matt 10.41-42<br \/>\n<b>6<\/b> Grei\u00f0a f\u00f6r \u00feeirra R\u00f3m 15.24; T\u00edt 3.13<br \/>\n<b>7<\/b> Nafni\u00f0 1) 1M\u00f3s 21.33; 5M\u00f3s 12.11; Slm 44.6; 115.1; 2) Post 5.41; 3) Fil 2.9-11; 4) J\u00f3h 3.18; 20.31; 1J\u00f3h 3.23; 5.13 \u2013 \u00feiggja ekki neitt 1Kor 9.12,15<br \/>\n<b>8<\/b> Hj\u00e1lpa farandpr\u00e9dikurum R\u00f3m 12.13; Heb 13.2; 1P\u00e9t 4.9 \u2013 samverkamenn 1Kor 3.9; 1\u00deess 3.2<br \/>\n<b>9<\/b> Vera fremstur Matt 20.27; Fil 2.3; 1P\u00e9t 5.3<br \/>\n<b>10<\/b> \u00c9g kem 1Kor 4.18-21<br \/>\n<b>11<\/b> Gera gott 1P\u00e9t 3.11 \u2013 hafa ekki s\u00e9\u00f0 Gu\u00f0 1J\u00f3h 3.6<br \/>\n<b>12<\/b> Vitnisbur\u00f0urinn um hann Okv 22.1; 2Kor 3.2-3; 2P\u00e9t 2.12 \u2013 sannur vitnisbur\u00f0ur J\u00f3h 19.35; 21.24<br \/>\n<b>13<\/b> Ekki skriflega heldur munnlega 2J\u00f3h 12+<\/div>\n","protected":false},"excerpt":{"rendered":"<p>1\u00d6ldungurinn heilsar elsku\u00f0um Gajusi, sem \u00e9g ann \u00ed sannleika.2\u00c9g bi\u00f0 \u00feess, minn elska\u00f0i, a\u00f0 \u00fe\u00e9r vegni vel \u00ed \u00f6llum hlutum og a\u00f0 \u00fe\u00fa s\u00e9rt heill heilsu, eins og s\u00e1lu \u00feinni vegnar vel.3\u00c9g var\u00f0 mj\u00f6g gla\u00f0ur, \u00feegar br\u00e6\u00f0ur komu og b\u00e1ru vitni um trygg\u00f0 \u00fe\u00edna vi\u00f0 sannleikann, hversu \u00fe\u00fa lifir \u00ed sannleika.4\u00c9g hef enga meiri gle\u00f0i en \u00fe\u00e1 a\u00f0 heyra, a\u00f0 b\u00f6rnin m\u00edn lifi \u00ed sannleikanum.5\u00de\u00fa breytir dyggilega, minn elska\u00f0i, \u00ed \u00f6llu sem \u00fe\u00fa vinnur fyrir br\u00e6\u00f0urna og jafnvel \u00f3kunna menn.6\u00deeir hafa vitna\u00f0 fyrir s\u00f6fnu\u00f0inum um k\u00e6rleika \u00feinn. \u00de\u00fa gj\u00f6rir vel, er \u00fe\u00fa grei\u00f0ir f\u00f6r \u00feeirra eins og ver\u00f0ugt er fyrir <a href=\"https:\/\/biblian.is\/1981\/thridja-johannesarbref-1-kafli\/\"> [&#8230;]<\/a><\/p>\n","protected":false},"author":1,"featured_media":0,"parent":0,"menu_order":0,"comment_status":"open","ping_status":"open","template":"bibliukaflar.php","meta":{"footnotes":""},"class_list":["post-2513","page","type-page","status-publish","hentry"],"_links":{"self":[{"href":"https:\/\/biblian.is\/1981\/wp-json\/wp\/v2\/pages\/2513","targetHints":{"allow":["GET"]}}],"collection":[{"href":"https:\/\/biblian.is\/1981\/wp-json\/wp\/v2\/pages"}],"about":[{"href":"https:\/\/biblian.is\/1981\/wp-json\/wp\/v2\/types\/page"}],"author":[{"embeddable":true,"href":"https:\/\/biblian.is\/1981\/wp-json\/wp\/v2\/users\/1"}],"replies":[{"embeddable":true,"href":"https:\/\/biblian.is\/1981\/wp-json\/wp\/v2\/comments?post=2513"}],"version-history":[{"count":0,"href":"https:\/\/biblian.is\/1981\/wp-json\/wp\/v2\/pages\/2513\/revisions"}],"wp:attachment":[{"href":"https:\/\/biblian.is\/1981\/wp-json\/wp\/v2\/media?parent=2513"}],"curies":[{"name":"wp","href":"https:\/\/api.w.org\/{rel}","templated":true}]}}