{"id":2512,"date":"2017-11-18T20:22:06","date_gmt":"2017-11-18T20:22:06","guid":{"rendered":"http:\/\/biblian.is\/1981\/annad-johannesarbref-1-kafli\/"},"modified":"2021-06-06T10:50:30","modified_gmt":"2021-06-06T10:50:30","slug":"annad-johannesarbref-1-kafli","status":"publish","type":"page","link":"https:\/\/biblian.is\/1981\/annad-johannesarbref-1-kafli\/","title":{"rendered":"Anna\u00f0 J\u00f3hannesarbr\u00e9f 1. kafli"},"content":{"rendered":"<p><a name=\"1\"><span class=\"versanumer\">1<\/span><\/a>\u00d6ldungurinn heilsar hinni \u00fatv\u00f6ldu fr\u00fa og b\u00f6rnum hennar, sem \u00e9g elska \u00ed sannleika. Og ekki \u00e9g einn, heldur einnig allir, sem \u00feekkja sannleikann.<a name=\"2\"><span class=\"versanumer\">2<\/span><\/a>V\u00e9r gj\u00f6rum \u00fea\u00f0 sakir sannleikans, sem er st\u00f6\u00f0ugur \u00ed oss og mun vera hj\u00e1 oss til eil\u00edf\u00f0ar.<a name=\"3\"><span class=\"versanumer\">3<\/span><\/a>N\u00e1\u00f0, miskunn og fri\u00f0ur fr\u00e1 Gu\u00f0i f\u00f6\u00f0ur og fr\u00e1 Jes\u00fa Kristi, syni f\u00f6\u00f0urins, mun vera me\u00f0 oss \u00ed sannleika og k\u00e6rleika.<a name=\"4\"><span class=\"versanumer\">4<\/span><\/a>\u00dea\u00f0 hefur glatt mig mj\u00f6g, a\u00f0 \u00e9g hef fundi\u00f0 nokkur af b\u00f6rnum \u00fe\u00ednum, er ganga fram \u00ed sannleika, samkv\u00e6mt \u00fev\u00ed bo\u00f0or\u00f0i, sem v\u00e9r t\u00f3kum vi\u00f0 af f\u00f6\u00f0urnum.<a name=\"5\"><span class=\"versanumer\">5<\/span><\/a>Og n\u00fa bi\u00f0 \u00e9g \u00feig, fr\u00fa m\u00edn g\u00f3\u00f0, og er \u00fe\u00e1 ekki a\u00f0 skrifa \u00fe\u00e9r n\u00fdtt bo\u00f0or\u00f0, heldur \u00fea\u00f0, er v\u00e9r h\u00f6f\u00f0um fr\u00e1 upphafi: V\u00e9r skulum elska hver annan.<a name=\"6\"><span class=\"versanumer\">6<\/span><\/a>Og \u00ed \u00feessu birtist elskan, a\u00f0 v\u00e9r lifum eftir bo\u00f0or\u00f0um hans. \u00deetta er bo\u00f0or\u00f0i\u00f0, eins og \u00fe\u00e9r heyr\u00f0u\u00f0 \u00fea\u00f0 fr\u00e1 upphafi, til \u00feess a\u00f0 \u00fe\u00e9r skyldu\u00f0 lifa \u00ed \u00fev\u00ed.<a name=\"7\"><span class=\"versanumer\">7<\/span><\/a>\u00dev\u00ed a\u00f0 margir afvegalei\u00f0endur eru farnir \u00fat \u00ed heiminn, sem ekki j\u00e1ta, a\u00f0 Jes\u00fas s\u00e9 Kristur, kominn \u00ed holdi. \u00deetta er afvegalei\u00f0andinn og andkristurinn.<a name=\"8\"><span class=\"versanumer\">8<\/span><\/a>Hafi\u00f0 g\u00e6tur \u00e1 sj\u00e1lfum y\u00f0ur a\u00f0 \u00fe\u00e9r missi\u00f0 ekki \u00fea\u00f0, sem v\u00e9r h\u00f6fum \u00e1unni\u00f0, heldur megi\u00f0 f\u00e1 full laun.<a name=\"9\"><span class=\"versanumer\">9<\/span><\/a>S\u00e9rhver sem fer of langt og er ekki st\u00f6\u00f0ugur \u00ed kenningu Krists, hefur ekki Gu\u00f0. S\u00e1 sem er st\u00f6\u00f0ugur \u00ed kenningunni, hann hefur b\u00e6\u00f0i f\u00f6\u00f0urinn og soninn.<a name=\"10\"><span class=\"versanumer\">10<\/span><\/a>Ef einhver kemur til y\u00f0ar og er ekki me\u00f0 \u00feessa kenningu, \u00fe\u00e1 taki\u00f0 hann ekki \u00e1 heimili y\u00f0ar og bi\u00f0ji\u00f0 hann ekki vera velkominn.<a name=\"11\"><span class=\"versanumer\">11<\/span><\/a>\u00dev\u00ed a\u00f0 s\u00e1, sem bi\u00f0ur hann vera velkominn, ver\u00f0ur hluttakandi \u00ed hans vondu verkum.<a name=\"12\"><span class=\"versanumer\">12<\/span><\/a>\u00de\u00f3tt \u00e9g hafi margt a\u00f0 rita y\u00f0ur, vildi \u00e9g ekki gj\u00f6ra \u00fea\u00f0 me\u00f0 papp\u00edr og bleki, en \u00e9g vona a\u00f0 koma til y\u00f0ar og tala munnlega vi\u00f0 y\u00f0ur, til \u00feess a\u00f0 gle\u00f0i vor ver\u00f0i fullkomin.<a name=\"13\"><span class=\"versanumer\">13<\/span><\/a>B\u00f6rn systur \u00feinnar, hinnar \u00fatv\u00f6ldu, bi\u00f0ja a\u00f0 heilsa \u00fe\u00e9r.<\/p>\n<div class=\"footnote1981\"><b>1<\/b> \u00d6ldungurinn 3J\u00f3h 1 \u2013 hin \u00fatvalda 1P\u00e9t 5.13; 2J\u00f3h 13; sbr 2T\u00edm 2.10; T\u00edt 1.8 \u2013 sannarlega Ef 4.15; 1J\u00f3h 3.18; 2J\u00f3h 3-4 \u2013 \u00feekkja sannleikann J\u00f3h 8.32; 1T\u00edm 4.3; 1J\u00f3h 2.21<br \/>\n<b>2<\/b> \u00cd oss J\u00f3h 8.37; 1J\u00f3h 1.8,10; 2.4,14,24,27; 3.9,17 \u2013 hj\u00e1 oss til eil\u00edf\u00f0ar J\u00f3h 14.16-17<br \/>\n<b>3<\/b> N\u00e1\u00f0, miskunn, fri\u00f0ur 1T\u00edm 1.2; 2T\u00edm 1.2<br \/>\n<b>4<\/b> Lifa \u00ed sannleikanum 2J\u00f3h 6; 3J\u00f3h 3-4 \u2013 eins og fa\u00f0irinn bau\u00f0 oss 1J\u00f3h 4.21<br \/>\n<b>5<\/b> N\u00fdtt bo\u00f0or\u00f0 1J\u00f3h 2.7-8 \u2013 fr\u00e1 upphafi 1J\u00f3h 2.24+ &#8211; elska hvert anna\u00f0 1J\u00f3h 3.11+ ; 1P\u00e9t 4.8<br \/>\n<b>6<\/b> Lifa eftir bo\u00f0or\u00f0um hans J\u00f3h 14.15,23-34; 1J\u00f3h 3.23; 5.3<br \/>\n<b>7<\/b> Afvegalei\u00f0endur og andkristur Matt 7.15; 1J\u00f3h 2.18-19,22,26; 4.1-3; 2P\u00e9t 2.1<br \/>\n<b>8<\/b> Verk J\u00f3h 6.29 \u2013 laun Matt 10.42<br \/>\n<b>9<\/b> \u00c1 ekki Gu\u00f0 1J\u00f3h 3.24+ ; 4.15 \u2013 \u00e1 f\u00f6\u00f0urinn og soninn 1J\u00f3h 2.23-24<br \/>\n<b>10<\/b> Taka ekki \u00e1 m\u00f3ti Matt 10.14; R\u00f3m 16.17; 1Kor 5.6,9; Ef 5.11; 2\u00deess 3.6; T\u00edt 3.10<br \/>\n<b>11<\/b> Taka \u00fe\u00e1tt \u00ed 1T\u00edm 5.22; Opb 18.4<br \/>\n<b>12<\/b> Skriflega 3J\u00f3h 13 \u2013 munnlega 4M\u00f3s 12.8; 3J\u00f3h 14 \u2013 gle\u00f0in fullkomin 1J\u00f3h 1.4<\/div>\n","protected":false},"excerpt":{"rendered":"<p>1\u00d6ldungurinn heilsar hinni \u00fatv\u00f6ldu fr\u00fa og b\u00f6rnum hennar, sem \u00e9g elska \u00ed sannleika. Og ekki \u00e9g einn, heldur einnig allir, sem \u00feekkja sannleikann.2V\u00e9r gj\u00f6rum \u00fea\u00f0 sakir sannleikans, sem er st\u00f6\u00f0ugur \u00ed oss og mun vera hj\u00e1 oss til eil\u00edf\u00f0ar.3N\u00e1\u00f0, miskunn og fri\u00f0ur fr\u00e1 Gu\u00f0i f\u00f6\u00f0ur og fr\u00e1 Jes\u00fa Kristi, syni f\u00f6\u00f0urins, mun vera me\u00f0 oss \u00ed sannleika og k\u00e6rleika.4\u00dea\u00f0 hefur glatt mig mj\u00f6g, a\u00f0 \u00e9g hef fundi\u00f0 nokkur af b\u00f6rnum \u00fe\u00ednum, er ganga fram \u00ed sannleika, samkv\u00e6mt \u00fev\u00ed bo\u00f0or\u00f0i, sem v\u00e9r t\u00f3kum vi\u00f0 af f\u00f6\u00f0urnum.5Og n\u00fa bi\u00f0 \u00e9g \u00feig, fr\u00fa m\u00edn g\u00f3\u00f0, og er \u00fe\u00e1 ekki a\u00f0 skrifa \u00fe\u00e9r n\u00fdtt <a href=\"https:\/\/biblian.is\/1981\/annad-johannesarbref-1-kafli\/\"> [&#8230;]<\/a><\/p>\n","protected":false},"author":1,"featured_media":0,"parent":0,"menu_order":0,"comment_status":"open","ping_status":"open","template":"bibliukaflar.php","meta":{"footnotes":""},"class_list":["post-2512","page","type-page","status-publish","hentry"],"_links":{"self":[{"href":"https:\/\/biblian.is\/1981\/wp-json\/wp\/v2\/pages\/2512","targetHints":{"allow":["GET"]}}],"collection":[{"href":"https:\/\/biblian.is\/1981\/wp-json\/wp\/v2\/pages"}],"about":[{"href":"https:\/\/biblian.is\/1981\/wp-json\/wp\/v2\/types\/page"}],"author":[{"embeddable":true,"href":"https:\/\/biblian.is\/1981\/wp-json\/wp\/v2\/users\/1"}],"replies":[{"embeddable":true,"href":"https:\/\/biblian.is\/1981\/wp-json\/wp\/v2\/comments?post=2512"}],"version-history":[{"count":0,"href":"https:\/\/biblian.is\/1981\/wp-json\/wp\/v2\/pages\/2512\/revisions"}],"wp:attachment":[{"href":"https:\/\/biblian.is\/1981\/wp-json\/wp\/v2\/media?parent=2512"}],"curies":[{"name":"wp","href":"https:\/\/api.w.org\/{rel}","templated":true}]}}