{"id":2511,"date":"2017-11-18T20:22:06","date_gmt":"2017-11-18T20:22:06","guid":{"rendered":"http:\/\/biblian.is\/1981\/fyrsta-johannesarbref-5-kafli\/"},"modified":"2021-06-06T10:57:27","modified_gmt":"2021-06-06T10:57:27","slug":"fyrsta-johannesarbref-5-kafli","status":"publish","type":"page","link":"https:\/\/biblian.is\/1981\/fyrsta-johannesarbref-5-kafli\/","title":{"rendered":"Fyrsta J\u00f3hannesarbr\u00e9f 5. kafli"},"content":{"rendered":"<p><a name=\"1\"><span class=\"versanumer\">1<\/span><\/a>Hver sem tr\u00fair, a\u00f0 Jes\u00fas s\u00e9 Kristur, er af Gu\u00f0i f\u00e6ddur, og hver sem elskar f\u00f6\u00f0urinn elskar einnig barn hans.<a name=\"2\"><span class=\"versanumer\">2<\/span><\/a>A\u00f0 v\u00e9r elskum Gu\u00f0s b\u00f6rn \u00feekkjum v\u00e9r af \u00fev\u00ed, a\u00f0 v\u00e9r elskum Gu\u00f0 og breytum eftir bo\u00f0or\u00f0um hans.<a name=\"3\"><span class=\"versanumer\">3<\/span><\/a>\u00dev\u00ed a\u00f0 \u00ed \u00feessu birtist elskan til Gu\u00f0s, a\u00f0 v\u00e9r h\u00f6ldum hans bo\u00f0or\u00f0. Og bo\u00f0or\u00f0 hans eru ekki \u00feung,<a name=\"4\"><span class=\"versanumer\">4<\/span><\/a>\u00fev\u00ed a\u00f0 allt, sem af Gu\u00f0i er f\u00e6tt, sigrar heiminn, og tr\u00fa vor, h\u00fan er sigurinn, h\u00fan hefur sigra\u00f0 heiminn.<a name=\"5\"><span class=\"versanumer\">5<\/span><\/a>Hver er s\u00e1, sem sigrar heiminn, nema s\u00e1 sem tr\u00fair, a\u00f0 Jes\u00fas s\u00e9 sonur Gu\u00f0s?<a name=\"6\"><span class=\"versanumer\">6<\/span><\/a>Hann er s\u00e1 sem kom me\u00f0 vatni og bl\u00f3\u00f0i, Jes\u00fas Kristur. Ekki me\u00f0 vatninu einungis, heldur me\u00f0 vatninu og me\u00f0 bl\u00f3\u00f0inu. Og andinn er s\u00e1 sem vitnar, \u00fev\u00ed a\u00f0 andinn er sannleikurinn.<a name=\"7\"><span class=\"versanumer\">7<\/span><\/a>\u00dev\u00ed a\u00f0 \u00fer\u00edr eru \u00feeir sem vitna  \u00ed himninum: Fa\u00f0irinn, or\u00f0i\u00f0 og heilagur andi, og \u00feessir \u00fer\u00edr eru eitt. Og \u00feeir eru \u00fer\u00edr sem vitna \u00e1 j\u00f6r\u00f0unni:<a name=\"8\"><span class=\"versanumer\">8<\/span><\/a>Andinn og vatni\u00f0 og bl\u00f3\u00f0i\u00f0, og \u00feeim \u00feremur ber saman.<a name=\"9\"><span class=\"versanumer\">9<\/span><\/a>V\u00e9r t\u00f6kum manna vitnisbur\u00f0 gildan, en vitnisbur\u00f0ur Gu\u00f0s er meiri. \u00deetta er vitnisbur\u00f0ur Gu\u00f0s, hann hefur vitna\u00f0 um son sinn.<a name=\"10\"><span class=\"versanumer\">10<\/span><\/a>S\u00e1 sem tr\u00fair \u00e1 Gu\u00f0s son hefur vitnisbur\u00f0inn \u00ed sj\u00e1lfum s\u00e9r. S\u00e1 sem ekki tr\u00fair Gu\u00f0i hefur gj\u00f6rt hann a\u00f0 lygara, af \u00fev\u00ed a\u00f0 hann hefur ekki tr\u00faa\u00f0 \u00e1 \u00feann vitnisbur\u00f0, sem Gu\u00f0 hefur vitna\u00f0 um son sinn.<a name=\"11\"><span class=\"versanumer\">11<\/span><\/a>Og \u00feetta er vitnisbur\u00f0urinn, a\u00f0 Gu\u00f0 hefur gefi\u00f0 oss eil\u00edft l\u00edf og \u00feetta l\u00edf er \u00ed syni hans.<a name=\"12\"><span class=\"versanumer\">12<\/span><\/a>S\u00e1 sem hefur soninn \u00e1 l\u00edfi\u00f0, s\u00e1 sem ekki hefur Gu\u00f0s son \u00e1 ekki l\u00edfi\u00f0.<a name=\"13\"><span class=\"versanumer\">13<\/span><\/a>\u00deetta hef \u00e9g skrifa\u00f0 y\u00f0ur, sem tr\u00fai\u00f0 \u00e1 nafn Gu\u00f0s sonar, til \u00feess a\u00f0 \u00fe\u00e9r viti\u00f0, a\u00f0 \u00fe\u00e9r hafi\u00f0 eil\u00edft l\u00edf.<a name=\"14\"><span class=\"versanumer\">14<\/span><\/a>Og \u00feetta er s\u00fa dj\u00f6rfung, sem v\u00e9r h\u00f6fum til hans: Ef v\u00e9r bi\u00f0jum um eitthva\u00f0 eftir hans vilja, \u00fe\u00e1 heyrir hann oss.<a name=\"15\"><span class=\"versanumer\">15<\/span><\/a>Og ef v\u00e9r vitum, a\u00f0 hann heyrir oss, um hva\u00f0 sem v\u00e9r bi\u00f0jum, \u00fe\u00e1 vitum v\u00e9r, a\u00f0 oss eru veittar \u00fe\u00e6r b\u00e6nir, sem v\u00e9r h\u00f6fum be\u00f0i\u00f0 hann um.<a name=\"16\"><span class=\"versanumer\">16<\/span><\/a>Ef einhver s\u00e9r br\u00f3\u00f0ur sinn dr\u00fdgja synd, sem er ekki til dau\u00f0a, \u00fe\u00e1 skal hann bi\u00f0ja, og Gu\u00f0 mun gefa honum l\u00edf, \u00feeim sem ekki syndgar til dau\u00f0a. Til er synd til dau\u00f0a. Fyrir henni segi \u00e9g ekki a\u00f0 hann skuli bi\u00f0ja.<a name=\"17\"><span class=\"versanumer\">17<\/span><\/a>Allt rangl\u00e6ti er synd, en til er synd, sem ekki er til dau\u00f0a.<a name=\"18\"><span class=\"versanumer\">18<\/span><\/a>V\u00e9r vitum, a\u00f0 hver sem af Gu\u00f0i er f\u00e6ddur syndgar ekki, s\u00e1 sem af Gu\u00f0i er f\u00e6ddur var\u00f0veitir hann og hinn vondi snertir hann ekki.<a name=\"19\"><span class=\"versanumer\">19<\/span><\/a>V\u00e9r vitum, a\u00f0 v\u00e9r tilheyrum Gu\u00f0i og allur heimurinn er \u00e1 valdi hins vonda.<a name=\"20\"><span class=\"versanumer\">20<\/span><\/a>V\u00e9r vitum, a\u00f0 Gu\u00f0s sonur er kominn og hefur gefi\u00f0 oss skilning, til \u00feess a\u00f0 v\u00e9r \u00feekkjum sannan Gu\u00f0. V\u00e9r erum \u00ed hinum sanna Gu\u00f0i fyrir samf\u00e9lag vort vi\u00f0 son hans Jes\u00fa Krist. Hann er hinn sanni Gu\u00f0 og eil\u00edfa l\u00edfi\u00f0.<a name=\"21\"><span class=\"versanumer\">21<\/span><\/a>B\u00f6rnin m\u00edn, g\u00e6ti\u00f0 y\u00f0ar fyrir skur\u00f0go\u00f0unum.<\/p>\n<div class=\"footnote1981\"><b>5.1<\/b> Barn Gu\u00f0s 1P\u00e9t 1.22-23; 1J\u00f3h 2.29+<br \/>\n<b>5.2<\/b> Elska Gu\u00f0s b\u00f6rn 1J\u00f3h 3.23+<br \/>\n<b>5.3<\/b> Elska Gu\u00f0 og halda bo\u00f0or\u00f0 hans J\u00f3h 14.15,23,24; 15.10; 2J\u00f3h 6 \u2013 ekki \u00feung 5M\u00f3s 30.11; Matt 11.29-30<br \/>\n<b>5.4<\/b> Sigra 1J\u00f3h 4.4+<br \/>\n<b>5.5<\/b> Tr\u00faa og sigra 1Kor 15.57; Ef 6.16<br \/>\n<b>5.6<\/b> Vatn og bl\u00f3\u00f0 J\u00f3h 19.34 \u2013 andinn vitnar J\u00f3h 15.26 \u2013 andinn er sannleikurinn J\u00f3h 14.17; 15.26; 16.13<br \/>\n<b>5.7<\/b> \u00der\u00edr vitna 4M\u00f3s 35.30; 5M\u00f3s 19.15<br \/>\n<b>5.9<\/b> Vitnisbur\u00f0ur Gu\u00f0s J\u00f3h 3.33; 5.32,34,36-37; 8.18; R\u00f3m 8.16; Gal 4.6<br \/>\n<b>5.10<\/b> Tr\u00faa \u00e1 Gu\u00f0 J\u00f3h 5.24 \u2013 tr\u00faa ekki vitnisbur\u00f0i Gu\u00f0s J\u00f3h 5.37,40<br \/>\n<b>5.11<\/b> Eil\u00edft l\u00edf J\u00f3h 17.3; 1J\u00f3h 5.20<br \/>\n<b>5.12<\/b> Sonurinn og l\u00edfi\u00f0 J\u00f3h 3.36<br \/>\n<b>5.13<\/b> Til \u00feess a\u00f0 \u00fei\u00f0 viti\u00f0 J\u00f3h 20.31<br \/>\n<b>5.14<\/b> \u00de\u00e1 heyrir hann okkur 1J\u00f3h 3.22+<br \/>\n<b>5.16<\/b> Synd, sem ekki lei\u00f0ir til dau\u00f0a 5M\u00f3s 22.26 \u2013 synd sem lei\u00f0ir til dau\u00f0a 4M\u00f3s 15.30; 18.22; Matt 12.31-32 og hlst.; Heb 6.4-6; 10.26-27; 2P\u00e9t 2.20-21<br \/>\n<b>5.18<\/b> Syndga ekki 1J\u00f3h 3.9 \u2013 var\u00f0veitt fr\u00e1 hinum vonda J\u00f3h 17.15; J\u00fad 1 \u2013 snertir \u00feau ekki R\u00f3m 6.7<br \/>\n<b>5.19<\/b> Erum Gu\u00f0s eign J\u00f3h 8.47 \u2013 \u00e1 valdi hins vonda K\u00f3l 1.13<br \/>\n<b>5.20<\/b> Skilningur Jer 31.33; Esk 11.19; 36.26; Ef 1.17-18; K\u00f3l 1.10; 1J\u00f3h 2.3 \u2013 hinn sanni Opb 3.7 \u2013 hann er Gu\u00f0 J\u00f3h 20.28; R\u00f3m 9.5 \u2013 eil\u00edft l\u00edf J\u00f3h 11.25; 17.3<br \/>\n<b>5.21<\/b> G\u00e6ti\u00f0 ykkar 2P\u00e9t 3.17 \u2013 falsgu\u00f0 Esk 11.21; 36.25; 1Kor 10.14<\/div>\n","protected":false},"excerpt":{"rendered":"<p>1Hver sem tr\u00fair, a\u00f0 Jes\u00fas s\u00e9 Kristur, er af Gu\u00f0i f\u00e6ddur, og hver sem elskar f\u00f6\u00f0urinn elskar einnig barn hans.2A\u00f0 v\u00e9r elskum Gu\u00f0s b\u00f6rn \u00feekkjum v\u00e9r af \u00fev\u00ed, a\u00f0 v\u00e9r elskum Gu\u00f0 og breytum eftir bo\u00f0or\u00f0um hans.3\u00dev\u00ed a\u00f0 \u00ed \u00feessu birtist elskan til Gu\u00f0s, a\u00f0 v\u00e9r h\u00f6ldum hans bo\u00f0or\u00f0. Og bo\u00f0or\u00f0 hans eru ekki \u00feung,4\u00fev\u00ed a\u00f0 allt, sem af Gu\u00f0i er f\u00e6tt, sigrar heiminn, og tr\u00fa vor, h\u00fan er sigurinn, h\u00fan hefur sigra\u00f0 heiminn.5Hver er s\u00e1, sem sigrar heiminn, nema s\u00e1 sem tr\u00fair, a\u00f0 Jes\u00fas s\u00e9 sonur Gu\u00f0s?6Hann er s\u00e1 sem kom me\u00f0 vatni og bl\u00f3\u00f0i, Jes\u00fas Kristur. Ekki me\u00f0 <a href=\"https:\/\/biblian.is\/1981\/fyrsta-johannesarbref-5-kafli\/\"> [&#8230;]<\/a><\/p>\n","protected":false},"author":1,"featured_media":0,"parent":0,"menu_order":0,"comment_status":"open","ping_status":"open","template":"bibliukaflar.php","meta":{"footnotes":""},"class_list":["post-2511","page","type-page","status-publish","hentry"],"_links":{"self":[{"href":"https:\/\/biblian.is\/1981\/wp-json\/wp\/v2\/pages\/2511","targetHints":{"allow":["GET"]}}],"collection":[{"href":"https:\/\/biblian.is\/1981\/wp-json\/wp\/v2\/pages"}],"about":[{"href":"https:\/\/biblian.is\/1981\/wp-json\/wp\/v2\/types\/page"}],"author":[{"embeddable":true,"href":"https:\/\/biblian.is\/1981\/wp-json\/wp\/v2\/users\/1"}],"replies":[{"embeddable":true,"href":"https:\/\/biblian.is\/1981\/wp-json\/wp\/v2\/comments?post=2511"}],"version-history":[{"count":0,"href":"https:\/\/biblian.is\/1981\/wp-json\/wp\/v2\/pages\/2511\/revisions"}],"wp:attachment":[{"href":"https:\/\/biblian.is\/1981\/wp-json\/wp\/v2\/media?parent=2511"}],"curies":[{"name":"wp","href":"https:\/\/api.w.org\/{rel}","templated":true}]}}