{"id":2510,"date":"2017-11-18T20:22:06","date_gmt":"2017-11-18T20:22:06","guid":{"rendered":"http:\/\/biblian.is\/1981\/fyrsta-johannesarbref-4-kafli\/"},"modified":"2021-06-06T10:57:26","modified_gmt":"2021-06-06T10:57:26","slug":"fyrsta-johannesarbref-4-kafli","status":"publish","type":"page","link":"https:\/\/biblian.is\/1981\/fyrsta-johannesarbref-4-kafli\/","title":{"rendered":"Fyrsta J\u00f3hannesarbr\u00e9f 4. kafli"},"content":{"rendered":"<p><a name=\"1\"><span class=\"versanumer\">1<\/span><\/a>\u00de\u00e9r elska\u00f0ir, tr\u00fai\u00f0 ekki s\u00e9rhverjum anda, heldur reyni\u00f0 andana, hvort \u00feeir s\u00e9u fr\u00e1 Gu\u00f0i. \u00dev\u00ed margir falssp\u00e1menn eru farnir \u00fat \u00ed heiminn.<a name=\"2\"><span class=\"versanumer\">2<\/span><\/a>Af \u00feessu geti\u00f0 \u00fe\u00e9r \u00feekkt anda Gu\u00f0s: S\u00e9rhver andi, sem j\u00e1tar, a\u00f0 Jes\u00fas s\u00e9 Kristur kominn \u00ed holdi, er fr\u00e1 Gu\u00f0i.<a name=\"3\"><span class=\"versanumer\">3<\/span><\/a>En s\u00e9rhver andi, sem ekki j\u00e1tar Jes\u00fa, er ekki fr\u00e1 Gu\u00f0i. Hann er andkristsins andi, sem \u00fe\u00e9r hafi\u00f0 heyrt um a\u00f0 komi, og n\u00fa \u00feegar er hann \u00ed heiminum.<a name=\"4\"><span class=\"versanumer\">4<\/span><\/a>\u00de\u00e9r b\u00f6rnin m\u00edn, heyri\u00f0 Gu\u00f0i til og hafi\u00f0 sigra\u00f0 falssp\u00e1mennina, \u00fev\u00ed a\u00f0 s\u00e1 er meiri, sem \u00ed y\u00f0ur er, en s\u00e1, sem er \u00ed heiminum.<a name=\"5\"><span class=\"versanumer\">5<\/span><\/a>Falssp\u00e1mennirnir heyra heiminum til. \u00deess vegna tala \u00feeir eins og heimurinn talar, og heimurinn hl\u00fd\u00f0ir \u00e1 \u00fe\u00e1.<a name=\"6\"><span class=\"versanumer\">6<\/span><\/a>V\u00e9r heyrum Gu\u00f0i til. Hver sem \u00feekkir Gu\u00f0 hl\u00fd\u00f0ir \u00e1 oss. S\u00e1 sem ekki heyrir Gu\u00f0i til hl\u00fd\u00f0ir ekki \u00e1 oss. Af \u00feessu \u00feekkjum v\u00e9r sundur anda sannleikans og anda villunnar.<a name=\"7\"><span class=\"versanumer\">7<\/span><\/a>\u00de\u00e9r elska\u00f0ir, elskum hver annan, \u00fev\u00ed a\u00f0 k\u00e6rleikurinn er fr\u00e1 Gu\u00f0i kominn, og hver sem elskar er af Gu\u00f0i f\u00e6ddur og \u00feekkir Gu\u00f0.<a name=\"8\"><span class=\"versanumer\">8<\/span><\/a>S\u00e1 sem ekki elskar \u00feekkir ekki Gu\u00f0, \u00fev\u00ed a\u00f0 Gu\u00f0 er k\u00e6rleikur.<a name=\"9\"><span class=\"versanumer\">9<\/span><\/a>\u00cd \u00fev\u00ed birtist k\u00e6rleikur Gu\u00f0s me\u00f0al vor, a\u00f0 Gu\u00f0 hefur sent einkason sinn \u00ed heiminn til \u00feess a\u00f0 v\u00e9r skyldum lifa fyrir hann.<a name=\"10\"><span class=\"versanumer\">10<\/span><\/a>\u00deetta er k\u00e6rleikurinn: Ekki a\u00f0 v\u00e9r elsku\u00f0um Gu\u00f0, heldur a\u00f0 hann elska\u00f0i oss og sendi son sinn til a\u00f0 vera fri\u00f0\u00fe\u00e6ging fyrir syndir vorar.<a name=\"11\"><span class=\"versanumer\">11<\/span><\/a>\u00de\u00e9r elska\u00f0ir, fyrst Gu\u00f0 hefur svo elska\u00f0 oss, \u00fe\u00e1 ber einnig oss a\u00f0 elska hver annan.<a name=\"12\"><span class=\"versanumer\">12<\/span><\/a>Enginn hefur nokkurn t\u00edma s\u00e9\u00f0 Gu\u00f0. Ef v\u00e9r elskum hver annan, \u00fe\u00e1 er Gu\u00f0 st\u00f6\u00f0ugur \u00ed oss og k\u00e6rleikur hans er fullkomna\u00f0ur \u00ed oss.<a name=\"13\"><span class=\"versanumer\">13<\/span><\/a>V\u00e9r \u00feekkjum, a\u00f0 v\u00e9r erum st\u00f6\u00f0ugir \u00ed honum og hann \u00ed oss, af \u00fev\u00ed a\u00f0 hann hefur gefi\u00f0 oss af s\u00ednum anda.<a name=\"14\"><span class=\"versanumer\">14<\/span><\/a>V\u00e9r h\u00f6fum s\u00e9\u00f0 og vitnum, a\u00f0 fa\u00f0irinn hefur sent soninn til a\u00f0 vera frelsari heimsins.<a name=\"15\"><span class=\"versanumer\">15<\/span><\/a>Hver sem j\u00e1tar, a\u00f0 Jes\u00fas s\u00e9 Gu\u00f0s sonur, \u00ed honum er Gu\u00f0 st\u00f6\u00f0ugur og hann \u00ed Gu\u00f0i.<a name=\"16\"><span class=\"versanumer\">16<\/span><\/a>V\u00e9r \u00feekkjum k\u00e6rleikann, sem Gu\u00f0 hefur \u00e1 oss, og tr\u00faum \u00e1 hann. Gu\u00f0 er k\u00e6rleikur, og s\u00e1 sem er st\u00f6\u00f0ugur \u00ed k\u00e6rleikanum er st\u00f6\u00f0ugur \u00ed Gu\u00f0i og Gu\u00f0 er st\u00f6\u00f0ugur \u00ed honum.<a name=\"17\"><span class=\"versanumer\">17<\/span><\/a>Me\u00f0 \u00fev\u00ed er k\u00e6rleikurinn or\u00f0inn fullkominn hj\u00e1 oss, a\u00f0 v\u00e9r h\u00f6fum dj\u00f6rfung \u00e1 degi d\u00f3msins, \u00fev\u00ed a\u00f0 v\u00e9r erum \u00ed \u00feessum heimi eins og hann er.<a name=\"18\"><span class=\"versanumer\">18<\/span><\/a>\u00d3tti er ekki \u00ed elskunni. Fullkomin elska rekur \u00fat \u00f3ttann. \u00dev\u00ed a\u00f0 \u00f3ttinn felur \u00ed s\u00e9r hegningu, en s\u00e1 sem \u00f3ttast er ekki fullkominn \u00ed elskunni.<a name=\"19\"><span class=\"versanumer\">19<\/span><\/a>V\u00e9r elskum, \u00fev\u00ed a\u00f0 hann elska\u00f0i oss a\u00f0 fyrra brag\u00f0i.<a name=\"20\"><span class=\"versanumer\">20<\/span><\/a>Ef einhver segir: \u00c9g elska Gu\u00f0, og hatar br\u00f3\u00f0ur sinn, s\u00e1 er lygari. \u00dev\u00ed a\u00f0 s\u00e1 sem elskar ekki br\u00f3\u00f0ur sinn, sem hann hefur s\u00e9\u00f0, getur ekki elska\u00f0 Gu\u00f0, sem hann hefur ekki s\u00e9\u00f0.<a name=\"21\"><span class=\"versanumer\">21<\/span><\/a>Og \u00feetta bo\u00f0or\u00f0 h\u00f6fum v\u00e9r fr\u00e1 honum, a\u00f0 s\u00e1 sem elskar Gu\u00f0 \u00e1 einnig a\u00f0 elska br\u00f3\u00f0ur sinn.<\/p>\n<div class=\"footnote1981\"><b>4.1<\/b> Hvort \u00feeir s\u00e9u fr\u00e1 Gu\u00f0i 5M\u00f3s 13.2-6; Jer 23.21-22; 28.8-9; Matt 7.15-20; J\u00f3h 8.42-47; Ef 5.8-10; K\u00f3l 2.8; 1\u00deess 5.21 \u2013 falssp\u00e1menn Matt 7.15; 24.4,5,24; 2P\u00e9t 2.1; 2J\u00f3h 7<br \/>\n<b>4.2<\/b> \u00deekkja anda Gu\u00f0s 1Kor 12.3 \u2013 j\u00e1tning tr\u00faarinnar 1T\u00edm 6.12-13,20-21<br \/>\n<b>4.3<\/b> Andkristins andi Post 20.29; 2\u00deess 2.7; 1J\u00f3h 2.18+<br \/>\n<b>4.4<\/b> Hafi\u00f0 sigra\u00f0 J\u00f3h 16.33; R\u00f3m 8.37; 1J\u00f3h 2.13-14; 5.4-5; Opb 2.7,11,26; 3.5,12,21; 12.11; 17.14 \u2013 \u00f6flugri Matt 12.29<br \/>\n<b>4.5<\/b> Eru af heiminum til J\u00f3h 15.19; 17.14<br \/>\n<b>4.6<\/b> Erum af Gu\u00f0i J\u00f3h 18.37 \u2013 hl\u00fd\u00f0ir \u00e1 J\u00f3h 8.47; 10.26-27; 2T\u00edm 4.4<br \/>\n<b>4.7<\/b> Elskum hvert anna\u00f0 1J\u00f3h 3.11,23; 4.11 \u2013 barn Gu\u00f0s 1J\u00f3h 2.29; 5.1<br \/>\n<b>4.8<\/b> Gu\u00f0 er J\u00f3h 4.24; 1J\u00f3h 1.5 \u2013 k\u00e6rleikur J\u00f3h 3.16; 5.20; 10.17; 15.9; 17.26; 1J\u00f3h 4.9-11,16<br \/>\n<b>4.9<\/b> Sendi einkason sinn J\u00f3h 3.16 \u2013 veita n\u00fdtt l\u00edf  Ef 2.4-5; K\u00f3l 2.13<br \/>\n<b>4.10<\/b> Elska Gu\u00f0s framar \u00f6llu R\u00f3m 5.8-10; 1J\u00f3h 4.19 \u2013 fri\u00f0\u00fe\u00e6ging 2Kor 5.19; 1J\u00f3h 2.2+<br \/>\n<b>4.11<\/b> Ber okkur einnig Matt 18.33<br \/>\n<b>4.12<\/b> Enginn hefur nokkurn t\u00edma s\u00e9\u00f0 Gu\u00f0 2M\u00f3s 33.20; J\u00f3h 1.18; 1T\u00edm 6.16 \u2013 Gu\u00f0 n\u00e1l\u00e6gur \u00ed k\u00e6rleikanum J\u00f3h 14.23; 1J\u00f3h 3.24 \u2013 k\u00e6rleikurinn fullkomna\u00f0ur 1J\u00f3h 2.5; 4.17<br \/>\n<b>4.13<\/b> Andi hans R\u00f3m 8.9; 1Kor 12.3; 1J\u00f3h 3.24<br \/>\n<b>4.14<\/b> Sj\u00f3narvottar 1J\u00f3h 1.2 \u2013 frelsari heimsins J\u00f3h 3.17; 4.42<br \/>\n<b>4.15<\/b> J\u00e1ta tr\u00fa \u00e1 Jes\u00fa J\u00f3h 9.22,35; R\u00f3m 10.9; 1J\u00f3h 2.23; 2J\u00f3h 9 \u2013 sonurinn 1J\u00f3h 5.5<br \/>\n<b>4.16<\/b> Tr\u00faa og \u00feekkja J\u00f3h 6.69; 8.31-32; 10.38; 1J\u00f3h 3.16 \u2013 Gu\u00f0 hefur \u00e1 okkur k\u00e6rleika R\u00f3m 5.8 \u2013 Gu\u00f0 er k\u00e6rleikur 1J\u00f3h 4.8+<br \/>\n<b>4.17<\/b> Elska hvert anna\u00f0 1J\u00f3h 2.5; 4.12 \u2013 dj\u00f6rfung 1J\u00f3h 2.28 \u2013 eins og Jes\u00fas 1J\u00f3h 2.6<br \/>\n<b>4.18<\/b> Elskan rekur \u00fat \u00f3ttann R\u00f3m 8.15; 1J\u00f3h 3.20<br \/>\n<b>4.19<\/b> A\u00f0 fyrra brag\u00f0i 1J\u00f3h 4.10<br \/>\n<b>4.20<\/b> Elska Gu\u00f0 og elska tr\u00fasystkin s\u00edn 3M\u00f3s 19.18; Matt 5.23-24,44-45; 24.40,45 \u2013 lygari 1J\u00f3h 2.4<br \/>\n<b>4.21<\/b> Hi\u00f0 tv\u00f6falda k\u00e6rleiksbo\u00f0or\u00f0 Matt 22.36-40 og hlst.; sbr 1Kor 13; 1J\u00f3h 3.23<\/div>\n","protected":false},"excerpt":{"rendered":"<p>1\u00de\u00e9r elska\u00f0ir, tr\u00fai\u00f0 ekki s\u00e9rhverjum anda, heldur reyni\u00f0 andana, hvort \u00feeir s\u00e9u fr\u00e1 Gu\u00f0i. \u00dev\u00ed margir falssp\u00e1menn eru farnir \u00fat \u00ed heiminn.2Af \u00feessu geti\u00f0 \u00fe\u00e9r \u00feekkt anda Gu\u00f0s: S\u00e9rhver andi, sem j\u00e1tar, a\u00f0 Jes\u00fas s\u00e9 Kristur kominn \u00ed holdi, er fr\u00e1 Gu\u00f0i.3En s\u00e9rhver andi, sem ekki j\u00e1tar Jes\u00fa, er ekki fr\u00e1 Gu\u00f0i. Hann er andkristsins andi, sem \u00fe\u00e9r hafi\u00f0 heyrt um a\u00f0 komi, og n\u00fa \u00feegar er hann \u00ed heiminum.4\u00de\u00e9r b\u00f6rnin m\u00edn, heyri\u00f0 Gu\u00f0i til og hafi\u00f0 sigra\u00f0 falssp\u00e1mennina, \u00fev\u00ed a\u00f0 s\u00e1 er meiri, sem \u00ed y\u00f0ur er, en s\u00e1, sem er \u00ed heiminum.5Falssp\u00e1mennirnir heyra heiminum til. \u00deess vegna tala <a href=\"https:\/\/biblian.is\/1981\/fyrsta-johannesarbref-4-kafli\/\"> [&#8230;]<\/a><\/p>\n","protected":false},"author":1,"featured_media":0,"parent":0,"menu_order":0,"comment_status":"open","ping_status":"open","template":"bibliukaflar.php","meta":{"footnotes":""},"class_list":["post-2510","page","type-page","status-publish","hentry"],"_links":{"self":[{"href":"https:\/\/biblian.is\/1981\/wp-json\/wp\/v2\/pages\/2510","targetHints":{"allow":["GET"]}}],"collection":[{"href":"https:\/\/biblian.is\/1981\/wp-json\/wp\/v2\/pages"}],"about":[{"href":"https:\/\/biblian.is\/1981\/wp-json\/wp\/v2\/types\/page"}],"author":[{"embeddable":true,"href":"https:\/\/biblian.is\/1981\/wp-json\/wp\/v2\/users\/1"}],"replies":[{"embeddable":true,"href":"https:\/\/biblian.is\/1981\/wp-json\/wp\/v2\/comments?post=2510"}],"version-history":[{"count":0,"href":"https:\/\/biblian.is\/1981\/wp-json\/wp\/v2\/pages\/2510\/revisions"}],"wp:attachment":[{"href":"https:\/\/biblian.is\/1981\/wp-json\/wp\/v2\/media?parent=2510"}],"curies":[{"name":"wp","href":"https:\/\/api.w.org\/{rel}","templated":true}]}}