{"id":2509,"date":"2017-11-18T20:22:06","date_gmt":"2017-11-18T20:22:06","guid":{"rendered":"http:\/\/biblian.is\/1981\/fyrsta-johannesarbref-3-kafli\/"},"modified":"2021-06-06T10:57:26","modified_gmt":"2021-06-06T10:57:26","slug":"fyrsta-johannesarbref-3-kafli","status":"publish","type":"page","link":"https:\/\/biblian.is\/1981\/fyrsta-johannesarbref-3-kafli\/","title":{"rendered":"Fyrsta J\u00f3hannesarbr\u00e9f 3. kafli"},"content":{"rendered":"<p><a name=\"1\"><span class=\"versanumer\">1<\/span><\/a>Sj\u00e1i\u00f0 hv\u00edl\u00edkan k\u00e6rleika fa\u00f0irinn hefur au\u00f0s\u00fdnt oss, a\u00f0 v\u00e9r skulum kallast Gu\u00f0s b\u00f6rn. Og \u00fea\u00f0 erum v\u00e9r. Heimurinn \u00feekkir oss ekki, vegna \u00feess a\u00f0 hann \u00feekkti hann ekki.<a name=\"2\"><span class=\"versanumer\">2<\/span><\/a>\u00de\u00e9r elska\u00f0ir, n\u00fa \u00feegar erum v\u00e9r Gu\u00f0s b\u00f6rn, og \u00fea\u00f0 er enn \u00fe\u00e1 ekki or\u00f0i\u00f0 bert, hva\u00f0 v\u00e9r munum ver\u00f0a. V\u00e9r vitum, a\u00f0 \u00feegar hann birtist, \u00fe\u00e1 munum v\u00e9r ver\u00f0a honum l\u00edkir, \u00fev\u00ed a\u00f0 v\u00e9r munum sj\u00e1 hann eins og hann er.<a name=\"3\"><span class=\"versanumer\">3<\/span><\/a>Hver sem hefur \u00feessa von til hans hreinsar sj\u00e1lfan sig, eins og Kristur er hreinn.<a name=\"4\"><span class=\"versanumer\">4<\/span><\/a>Hver sem synd dr\u00fdgir fremur og l\u00f6gm\u00e1lsbrot. Syndin er l\u00f6gm\u00e1lsbrot.<a name=\"5\"><span class=\"versanumer\">5<\/span><\/a>\u00de\u00e9r viti\u00f0, a\u00f0 Kristur birtist til \u00feess a\u00f0 taka burt syndir. \u00cd honum er engin synd.<a name=\"6\"><span class=\"versanumer\">6<\/span><\/a>Hver sem er st\u00f6\u00f0ugur \u00ed honum syndgar ekki, hver sem syndgar hefur ekki s\u00e9\u00f0 hann og \u00feekkir hann ekki heldur.<a name=\"7\"><span class=\"versanumer\">7<\/span><\/a>B\u00f6rnin m\u00edn, l\u00e1ti\u00f0 engan villa y\u00f0ur. S\u00e1 sem i\u00f0kar r\u00e9ttl\u00e6ti\u00f0 er r\u00e9ttl\u00e1tur, eins og Kristur er r\u00e9ttl\u00e1tur.<a name=\"8\"><span class=\"versanumer\">8<\/span><\/a>Hver sem synd dr\u00fdgir heyrir dj\u00f6flinum til, \u00fev\u00ed a\u00f0 dj\u00f6fullinn syndgar fr\u00e1 upphafi. Til \u00feess birtist Gu\u00f0s sonur, a\u00f0 hann skyldi brj\u00f3ta ni\u00f0ur verk dj\u00f6fulsins.<a name=\"9\"><span class=\"versanumer\">9<\/span><\/a>Hver sem af Gu\u00f0i er f\u00e6ddur dr\u00fdgir ekki synd, \u00fev\u00ed a\u00f0 \u00fea\u00f0, sem Gu\u00f0 hefur \u00ed hann s\u00e1\u00f0, varir \u00ed honum. Hann getur ekki syndga\u00f0, af \u00fev\u00ed a\u00f0 hann er f\u00e6ddur af Gu\u00f0i.<a name=\"10\"><span class=\"versanumer\">10<\/span><\/a>Af \u00feessu eru auglj\u00f3s b\u00f6rn Gu\u00f0s og b\u00f6rn dj\u00f6fulsins. S\u00e1 sem i\u00f0kar ekki r\u00e9ttl\u00e6ti\u00f0 og elskar ekki br\u00f3\u00f0ur sinn heyrir ekki Gu\u00f0i til.<a name=\"11\"><span class=\"versanumer\">11<\/span><\/a>\u00dev\u00ed a\u00f0 \u00feetta er s\u00e1 bo\u00f0skapur, sem \u00fe\u00e9r hafi\u00f0 heyrt fr\u00e1 upphafi: V\u00e9r eigum a\u00f0 elska hver annan.<a name=\"12\"><span class=\"versanumer\">12<\/span><\/a>Ekki vera eins og Kain, sem heyr\u00f0i hinum vonda til og myrti br\u00f3\u00f0ur sinn. Og af hverju myrti hann hann? Af \u00fev\u00ed a\u00f0 verk hans voru vond, en verk br\u00f3\u00f0ur hans r\u00e9ttl\u00e1t.<a name=\"13\"><span class=\"versanumer\">13<\/span><\/a>Undrist ekki, br\u00e6\u00f0ur, \u00fe\u00f3tt heimurinn hati y\u00f0ur.<a name=\"14\"><span class=\"versanumer\">14<\/span><\/a>V\u00e9r vitum, a\u00f0 v\u00e9r erum komnir yfir fr\u00e1 dau\u00f0anum til l\u00edfsins, af \u00fev\u00ed a\u00f0 v\u00e9r elskum br\u00e6\u00f0ur vora. S\u00e1 sem ekki elskar er \u00e1fram \u00ed dau\u00f0anum.<a name=\"15\"><span class=\"versanumer\">15<\/span><\/a>Hver sem hatar br\u00f3\u00f0ur sinn er manndr\u00e1pari og \u00fe\u00e9r viti\u00f0, a\u00f0 enginn manndr\u00e1pari hefur eil\u00edft l\u00edf \u00ed s\u00e9r.<a name=\"16\"><span class=\"versanumer\">16<\/span><\/a>Af \u00fev\u00ed \u00feekkjum v\u00e9r k\u00e6rleikann, a\u00f0 Jes\u00fas l\u00e9t l\u00edfi\u00f0 fyrir oss. Svo eigum v\u00e9r og a\u00f0 l\u00e1ta l\u00edfi\u00f0 fyrir br\u00e6\u00f0urna.<a name=\"17\"><span class=\"versanumer\">17<\/span><\/a>Ef s\u00e1, sem hefur heimsins g\u00e6\u00f0i, horfir \u00e1 br\u00f3\u00f0ur sinn vera \u00feurfandi og l\u00fdkur aftur hjarta s\u00ednu fyrir honum, hvernig getur k\u00e6rleikur til Gu\u00f0s veri\u00f0 st\u00f6\u00f0ugur \u00ed honum?<a name=\"18\"><span class=\"versanumer\">18<\/span><\/a>B\u00f6rnin m\u00edn, elskum ekki me\u00f0 t\u00f3mum or\u00f0um, heldur \u00ed verki og sannleika.<a name=\"19\"><span class=\"versanumer\">19<\/span><\/a>Af \u00feessu munum v\u00e9r \u00feekkja, a\u00f0 v\u00e9r erum sannleikans megin og munum geta fri\u00f0a\u00f0 hj\u00f6rtu vor frammi fyrir honum,<a name=\"20\"><span class=\"versanumer\">20<\/span><\/a>hva\u00f0 sem hjarta vort kann a\u00f0 d\u00e6ma oss fyrir. \u00dev\u00ed a\u00f0 Gu\u00f0 er meiri en hjarta vort og \u00feekkir alla hluti.<a name=\"21\"><span class=\"versanumer\">21<\/span><\/a>\u00de\u00e9r elska\u00f0ir, ef hjarta\u00f0 d\u00e6mir oss ekki, \u00fe\u00e1 h\u00f6fum v\u00e9r dj\u00f6rfung til Gu\u00f0s.<a name=\"22\"><span class=\"versanumer\">22<\/span><\/a>Og hva\u00f0 sem v\u00e9r bi\u00f0jum um f\u00e1um v\u00e9r hj\u00e1 honum, af \u00fev\u00ed a\u00f0 v\u00e9r h\u00f6ldum bo\u00f0or\u00f0 hans og gj\u00f6rum \u00fea\u00f0, sem honum er \u00fe\u00f3knanlegt.<a name=\"23\"><span class=\"versanumer\">23<\/span><\/a>Og \u00feetta er hans bo\u00f0or\u00f0, a\u00f0 v\u00e9r skulum tr\u00faa \u00e1 nafn sonar hans Jes\u00fa Krists og elska hver annan, samkv\u00e6mt \u00fev\u00ed sem hann hefur gefi\u00f0 oss bo\u00f0or\u00f0 um.<a name=\"24\"><span class=\"versanumer\">24<\/span><\/a>S\u00e1 sem heldur bo\u00f0or\u00f0 Gu\u00f0s er st\u00f6\u00f0ugur \u00ed Gu\u00f0i og Gu\u00f0 \u00ed honum. A\u00f0 hann er st\u00f6\u00f0ugur \u00ed oss \u00feekkjum v\u00e9r af andanum, sem hann hefur gefi\u00f0 oss.<\/p>\n<div class=\"footnote1981\"><b>3.1<\/b> Gu\u00f0s b\u00f6rn J\u00f3h 1.12; R\u00f3m 8.16; Gal 4.4-5; Ef 1.5; 1J\u00f3h 3.10 \u2013 heimurinn \u00feekkti hann ekki J\u00f3h 16.3; 17.25; 1Kor 1.21; 1J\u00f3h 4.8-9<br \/>\n<b>3.2<\/b> \u00deegar hann birtist 1J\u00f3h 2.28 \u2013 honum l\u00edk 2Kor 3.18; Fil 3.21; K\u00f3l 3.4 \u2013 eins og hann er J\u00f3h 17.24<br \/>\n<b>3.3<\/b> Heinsar sj\u00e1lfan sig 2Kor 7.1 \u2013 eins og Kristur 1J\u00f3h 2.6+<br \/>\n<b>3.4<\/b> L\u00f6gm\u00e1lsbrot, t\u00e1kn hinna s\u00ed\u00f0ustu t\u00edma Matt 7.23; 13.41; 24.12; 2\u00deess 2.3-7<br \/>\n<b>3.5<\/b> Taka burt syndir Jes 53.4,5,9; J\u00f3h 1.29; 1P\u00e9t 2.22-24; 1J\u00f3h 2.2; 4.10 \u2013 \u00ed honum er engin synd J\u00f3h 8.46; 9.16,24,31; 2Kor 5.21; Heb 4.15; 7.26; 9.14; 1P\u00e9t 1.19; 2.22; 3.18<br \/>\n<b>3.6<\/b> Syndgar ekki R\u00f3m 6.14,17-18; 1J\u00f3h 3.9<br \/>\n<b>3.7<\/b> I\u00f0ka r\u00e9ttl\u00e6ti 1J\u00f3h 2.29; 3.10<br \/>\n<b>3.8<\/b> Heyrir dj\u00f6flinum til J\u00f3h 8.34 \u2013 fr\u00e1 upphafi 1M\u00f3s 3.15; J\u00f3h 8.44 \u2013 brj\u00f3ta ni\u00f0ur verk dj\u00f6fulsins Mrk 1.24; J\u00f3h 12.31; 16.11; Opb 12.9-11<br \/>\n<b>3.9<\/b> \u00cd hann s\u00e1\u00f0 L\u00fak 8.12; 1P\u00e9t 1.23-24; 1J\u00f3h 2.14,24; 2J\u00f3h 2 \u2013 syndgar ekki Slm 37.31; 119.11; Jer 31.33-34; Esk 36.27-28; R\u00f3m 6.11; 1J\u00f3h 5.18<br \/>\n<b>3.10<\/b> B\u00f6rn Gu\u00f0s 1J\u00f3h 3.1+<br \/>\n<b>3.11<\/b> Elska hvert annan J\u00f3h 13.34; 15.12,17; 1J\u00f3h 2.7; 3.23; 2J\u00f3h 5<br \/>\n<b>3.12<\/b> Kain og Abel 1M\u00f3s 4.1-8; Heb 11.4<br \/>\n<b>3.13<\/b> \u00de\u00f3tt heimurinn hati ykkur L\u00fak 6.22; J\u00f3h 15.18-19; 17.14<br \/>\n<b>3.14<\/b> Fr\u00e1 dau\u00f0anum til l\u00edfsins J\u00f3h 5.24 \u2013 elska ekki 1J\u00f3h 2.11<br \/>\n<b>3.15<\/b> Hver sem hatar Matt 5.21-22; sbr 1J\u00f3h 2.9 \u2013 hefur ekki \u00ed s\u00e9r eil\u00edft l\u00edf J\u00f3h 8.44; Gal 5.20-21; Opb 21.8<br \/>\n<b>3.16<\/b> Hinn sanni k\u00e6rleikur J\u00f3h 10.11,15,17; 13.1; 15.13; Gal 2.20; 1T\u00edm 2.6; T\u00edt 2.14; 1J\u00f3h 4.16 \u2013 einnig vi\u00f0 Fil 2.17; 1\u00deess 2.8<br \/>\n<b>3.17<\/b> L\u00fdkur aftur hjarta s\u00ednu 5M\u00f3s 15.7-8; L\u00fak 10.31-32; Jak 2.15-16<br \/>\n<b>3.18<\/b> Elska \u00ed verki Gal 5.6; Jak 2.14-17 \u2013 og \u00ed sannleika 2J\u00f3h 1-2<br \/>\n<b>3.19<\/b> Fri\u00f0a\u00f0 hj\u00f6rtu okkar Okv 10.12; 1P\u00e9t 4.8<br \/>\n<b>3.20<\/b> D\u00e6ma L\u00fak 18.13 \u2013 Gu\u00f0 \u00feekkir allt 1Kon 8.39; Slm 7.10; Post 15.8<br \/>\n<b>3.21<\/b> Dj\u00f6rfung Heb 4.16; 1J\u00f3h 5.14<br \/>\n<b>3.22<\/b> Hva\u00f0 sem vi\u00f0 bi\u00f0jum um Jer 29.12-13; Matt 7.7-8; 21.22; Mrk 11.24; J\u00f3h 14.13; 15.7; 16.23-24; R\u00f3m 8.26-27; Jak 1.5; 1J\u00f3h 5.14-15<br \/>\n<b>3.23<\/b> Tr\u00fa J\u00f3h 6.29; R\u00f3m 10.14 \u2013 tr\u00faa og elska hvert anna\u00f0 1J\u00f3h 5.1-5 \u2013 bo\u00f0or\u00f0 hans 1\u00deess 4.9; 1P\u00e9t 1.22; 1J\u00f3h 3.11+ ; 4.21<br \/>\n<b>3.24<\/b> St\u00f6\u00f0ugir J\u00f3h 14.23; 1J\u00f3h 2.27 \u2013 andinn R\u00f3m 8.9; 1J\u00f3h 4.13<\/div>\n","protected":false},"excerpt":{"rendered":"<p>1Sj\u00e1i\u00f0 hv\u00edl\u00edkan k\u00e6rleika fa\u00f0irinn hefur au\u00f0s\u00fdnt oss, a\u00f0 v\u00e9r skulum kallast Gu\u00f0s b\u00f6rn. Og \u00fea\u00f0 erum v\u00e9r. Heimurinn \u00feekkir oss ekki, vegna \u00feess a\u00f0 hann \u00feekkti hann ekki.2\u00de\u00e9r elska\u00f0ir, n\u00fa \u00feegar erum v\u00e9r Gu\u00f0s b\u00f6rn, og \u00fea\u00f0 er enn \u00fe\u00e1 ekki or\u00f0i\u00f0 bert, hva\u00f0 v\u00e9r munum ver\u00f0a. V\u00e9r vitum, a\u00f0 \u00feegar hann birtist, \u00fe\u00e1 munum v\u00e9r ver\u00f0a honum l\u00edkir, \u00fev\u00ed a\u00f0 v\u00e9r munum sj\u00e1 hann eins og hann er.3Hver sem hefur \u00feessa von til hans hreinsar sj\u00e1lfan sig, eins og Kristur er hreinn.4Hver sem synd dr\u00fdgir fremur og l\u00f6gm\u00e1lsbrot. Syndin er l\u00f6gm\u00e1lsbrot.5\u00de\u00e9r viti\u00f0, a\u00f0 Kristur birtist til \u00feess a\u00f0 taka <a href=\"https:\/\/biblian.is\/1981\/fyrsta-johannesarbref-3-kafli\/\"> [&#8230;]<\/a><\/p>\n","protected":false},"author":1,"featured_media":0,"parent":0,"menu_order":0,"comment_status":"open","ping_status":"open","template":"bibliukaflar.php","meta":{"footnotes":""},"class_list":["post-2509","page","type-page","status-publish","hentry"],"_links":{"self":[{"href":"https:\/\/biblian.is\/1981\/wp-json\/wp\/v2\/pages\/2509","targetHints":{"allow":["GET"]}}],"collection":[{"href":"https:\/\/biblian.is\/1981\/wp-json\/wp\/v2\/pages"}],"about":[{"href":"https:\/\/biblian.is\/1981\/wp-json\/wp\/v2\/types\/page"}],"author":[{"embeddable":true,"href":"https:\/\/biblian.is\/1981\/wp-json\/wp\/v2\/users\/1"}],"replies":[{"embeddable":true,"href":"https:\/\/biblian.is\/1981\/wp-json\/wp\/v2\/comments?post=2509"}],"version-history":[{"count":0,"href":"https:\/\/biblian.is\/1981\/wp-json\/wp\/v2\/pages\/2509\/revisions"}],"wp:attachment":[{"href":"https:\/\/biblian.is\/1981\/wp-json\/wp\/v2\/media?parent=2509"}],"curies":[{"name":"wp","href":"https:\/\/api.w.org\/{rel}","templated":true}]}}