{"id":2507,"date":"2017-11-18T20:22:01","date_gmt":"2017-11-18T20:22:01","guid":{"rendered":"http:\/\/biblian.is\/1981\/fyrsta-johannesarbref-1-kafli\/"},"modified":"2021-06-06T10:57:25","modified_gmt":"2021-06-06T10:57:25","slug":"fyrsta-johannesarbref-1-kafli","status":"publish","type":"page","link":"https:\/\/biblian.is\/1981\/fyrsta-johannesarbref-1-kafli\/","title":{"rendered":"Fyrsta J\u00f3hannesarbr\u00e9f 1. kafli"},"content":{"rendered":"<p><a name=\"1\"><span class=\"versanumer\">1<\/span><\/a>Efni vort er \u00fea\u00f0 sem var fr\u00e1 upphafi, \u00fea\u00f0 sem v\u00e9r h\u00f6fum heyrt, \u00fea\u00f0 sem v\u00e9r h\u00f6fum s\u00e9\u00f0 me\u00f0 augum vorum, \u00fea\u00f0 sem v\u00e9r horf\u00f0um \u00e1 og hendur vorar \u00fereifu\u00f0u \u00e1, \u00fea\u00f0 er or\u00f0 l\u00edfsins.<a name=\"2\"><span class=\"versanumer\">2<\/span><\/a>Og l\u00edfi\u00f0 var opinbera\u00f0, og v\u00e9r h\u00f6fum s\u00e9\u00f0 \u00fea\u00f0 og vottum um \u00fea\u00f0 og bo\u00f0um y\u00f0ur l\u00edfi\u00f0 eil\u00edfa, sem var hj\u00e1 f\u00f6\u00f0urnum og var opinbera\u00f0 oss.<a name=\"3\"><span class=\"versanumer\">3<\/span><\/a>J\u00e1, \u00fea\u00f0 sem v\u00e9r h\u00f6fum s\u00e9\u00f0 og heyrt, \u00fea\u00f0 bo\u00f0um v\u00e9r y\u00f0ur einnig, til \u00feess a\u00f0 \u00fe\u00e9r geti\u00f0 l\u00edka haft samf\u00e9lag vi\u00f0 oss. Og samf\u00e9lag vort er vi\u00f0 f\u00f6\u00f0urinn og vi\u00f0 son hans Jes\u00fa Krist.<a name=\"4\"><span class=\"versanumer\">4<\/span><\/a>\u00deetta skrifum v\u00e9r til \u00feess a\u00f0 f\u00f6gnu\u00f0ur vor ver\u00f0i fullkominn.<a name=\"5\"><span class=\"versanumer\">5<\/span><\/a>Og \u00feetta er bo\u00f0skapurinn, sem v\u00e9r h\u00f6fum heyrt af honum og bo\u00f0um y\u00f0ur: Gu\u00f0 er lj\u00f3s, og myrkur er alls ekki \u00ed honum.<a name=\"6\"><span class=\"versanumer\">6<\/span><\/a>Ef v\u00e9r segjum: V\u00e9r h\u00f6fum samf\u00e9lag vi\u00f0 hann, og g\u00f6ngum \u00fe\u00f3 \u00ed myrkrinu, \u00fe\u00e1 lj\u00fagum v\u00e9r og i\u00f0kum ekki sannleikann.<a name=\"7\"><span class=\"versanumer\">7<\/span><\/a>En ef v\u00e9r g\u00f6ngum \u00ed lj\u00f3sinu, eins og hann er sj\u00e1lfur \u00ed lj\u00f3sinu, \u00fe\u00e1 h\u00f6fum v\u00e9r samf\u00e9lag hver vi\u00f0 annan og bl\u00f3\u00f0 Jes\u00fa, sonar hans, hreinsar oss af allri synd.<a name=\"8\"><span class=\"versanumer\">8<\/span><\/a>Ef v\u00e9r segjum: V\u00e9r h\u00f6fum ekki synd, \u00fe\u00e1 sv\u00edkjum v\u00e9r sj\u00e1lfa oss og sannleikurinn er ekki \u00ed oss.<a name=\"9\"><span class=\"versanumer\">9<\/span><\/a>Ef v\u00e9r j\u00e1tum syndir vorar, \u00fe\u00e1 er hann tr\u00far og r\u00e9ttl\u00e1tur, svo a\u00f0 hann fyrirgefur oss syndirnar og hreinsar oss af \u00f6llu rangl\u00e6ti.<a name=\"10\"><span class=\"versanumer\">10<\/span><\/a>Ef v\u00e9r segjum: V\u00e9r h\u00f6fum ekki syndga\u00f0, \u00fe\u00e1 gj\u00f6rum v\u00e9r hann a\u00f0 lygara og or\u00f0 hans er ekki \u00ed oss.<\/p>\n<div class=\"footnote1981\"><b>1.1<\/b> Fr\u00e1 upphafi J\u00f3h 1.1-2; 1J\u00f3h 2.13-14 \u2013 sj\u00f3narvottar J\u00f3h 1.14; 20.25; 1J\u00f3h 4.14<br \/>\n<b>1.2<\/b> L\u00edfi\u00f0 J\u00f3h 1.4; 11.25-26; 1J\u00f3h 4.9 \u2013 eil\u00edft l\u00edf J\u00f3h 3.16; 1J\u00f3h 2.25; 5.11,13 \u2013 hj\u00e1 f\u00f6\u00f0urnum J\u00f3h 1.1<br \/>\n<b>1.3<\/b> Samf\u00e9lag 1J\u00f3h 1.7; J\u00f3h 17.20-21; 1Kor 1.9<br \/>\n<b>1.4<\/b> F\u00f6gnu\u00f0ur J\u00f3h 15.11; 16.24; 2J\u00f3h 12<br \/>\n<b>1.5<\/b> Bo\u00f0skapurinn 1J\u00f3h 3.11 \u2013 heyrt og bo\u00f0um Jes 40.21; 42.9 o.fl.; Dan 2.2,4,7; 5.12,15 o.fl.; J\u00f3h 4.25; 6.13-15 \u2013 lj\u00f3s J\u00f3h 1.4,5,9; 8.12; 9.5; 12.46; 1T\u00edm 6.16; Jak 1.17<br \/>\n<b>1.6<\/b> \u00cd myrkrinu J\u00f3h 8.12; 1J\u00f3h 2.9 \u2013 lj\u00faga 1J\u00f3h 2.4,9 \u2013 i\u00f0ka sannleikann J\u00f3h 3.21<br \/>\n<b>1.7<\/b> Ganga \u00ed lj\u00f3sinu Jes 2.5; Ef 5.8 \u2013 bl\u00f3\u00f0 Jes\u00fa hreinsar Heb 9.14; Opb 1.5; 7.14<br \/>\n<b>1.8<\/b> Hafa ekki synd 1Kon 8.46; Job 9.2; Okv 20.9; Pr\u00e9d 7.20; R\u00f3m 3.10-20<br \/>\n<b>1.9<\/b> J\u00e1ta syndir Slm 32.1-5; Okv 28.13; Matt 3.6; Mrk 1.5; Jak 5.16 \u2013 tr\u00far og r\u00e9ttl\u00e1tur 5M\u00f3s 32.4; 1J\u00f3h 2.29-3.1 \u2013 fyrirgefa syndir R\u00f3m 4.6-8<\/div>\n","protected":false},"excerpt":{"rendered":"<p>1Efni vort er \u00fea\u00f0 sem var fr\u00e1 upphafi, \u00fea\u00f0 sem v\u00e9r h\u00f6fum heyrt, \u00fea\u00f0 sem v\u00e9r h\u00f6fum s\u00e9\u00f0 me\u00f0 augum vorum, \u00fea\u00f0 sem v\u00e9r horf\u00f0um \u00e1 og hendur vorar \u00fereifu\u00f0u \u00e1, \u00fea\u00f0 er or\u00f0 l\u00edfsins.2Og l\u00edfi\u00f0 var opinbera\u00f0, og v\u00e9r h\u00f6fum s\u00e9\u00f0 \u00fea\u00f0 og vottum um \u00fea\u00f0 og bo\u00f0um y\u00f0ur l\u00edfi\u00f0 eil\u00edfa, sem var hj\u00e1 f\u00f6\u00f0urnum og var opinbera\u00f0 oss.3J\u00e1, \u00fea\u00f0 sem v\u00e9r h\u00f6fum s\u00e9\u00f0 og heyrt, \u00fea\u00f0 bo\u00f0um v\u00e9r y\u00f0ur einnig, til \u00feess a\u00f0 \u00fe\u00e9r geti\u00f0 l\u00edka haft samf\u00e9lag vi\u00f0 oss. Og samf\u00e9lag vort er vi\u00f0 f\u00f6\u00f0urinn og vi\u00f0 son hans Jes\u00fa Krist.4\u00deetta skrifum v\u00e9r til \u00feess a\u00f0 f\u00f6gnu\u00f0ur <a href=\"https:\/\/biblian.is\/1981\/fyrsta-johannesarbref-1-kafli\/\"> [&#8230;]<\/a><\/p>\n","protected":false},"author":1,"featured_media":0,"parent":0,"menu_order":0,"comment_status":"open","ping_status":"open","template":"bibliukaflar.php","meta":{"footnotes":""},"class_list":["post-2507","page","type-page","status-publish","hentry"],"_links":{"self":[{"href":"https:\/\/biblian.is\/1981\/wp-json\/wp\/v2\/pages\/2507","targetHints":{"allow":["GET"]}}],"collection":[{"href":"https:\/\/biblian.is\/1981\/wp-json\/wp\/v2\/pages"}],"about":[{"href":"https:\/\/biblian.is\/1981\/wp-json\/wp\/v2\/types\/page"}],"author":[{"embeddable":true,"href":"https:\/\/biblian.is\/1981\/wp-json\/wp\/v2\/users\/1"}],"replies":[{"embeddable":true,"href":"https:\/\/biblian.is\/1981\/wp-json\/wp\/v2\/comments?post=2507"}],"version-history":[{"count":0,"href":"https:\/\/biblian.is\/1981\/wp-json\/wp\/v2\/pages\/2507\/revisions"}],"wp:attachment":[{"href":"https:\/\/biblian.is\/1981\/wp-json\/wp\/v2\/media?parent=2507"}],"curies":[{"name":"wp","href":"https:\/\/api.w.org\/{rel}","templated":true}]}}