{"id":2506,"date":"2017-11-18T20:22:01","date_gmt":"2017-11-18T20:22:01","guid":{"rendered":"http:\/\/biblian.is\/1981\/sidara-petursbref-3-kafli\/"},"modified":"2021-06-06T11:10:15","modified_gmt":"2021-06-06T11:10:15","slug":"sidara-petursbref-3-kafli","status":"publish","type":"page","link":"https:\/\/biblian.is\/1981\/sidara-petursbref-3-kafli\/","title":{"rendered":"S\u00ed\u00f0ara P\u00e9tursbr\u00e9f 3. kafli"},"content":{"rendered":"<p><a name=\"1\"><span class=\"versanumer\">1<\/span><\/a>\u00deetta er n\u00fa anna\u00f0 br\u00e9fi\u00f0, sem \u00e9g skrifa y\u00f0ur, \u00fe\u00e9r elska\u00f0ir, og \u00ed \u00feeim b\u00e1\u00f0um hef \u00e9g reynt a\u00f0 halda hinu hreina hugarfari vakandi hj\u00e1 y\u00f0ur.<a name=\"2\"><span class=\"versanumer\">2<\/span><\/a>\u00dea\u00f0 reyni \u00e9g me\u00f0 \u00fev\u00ed a\u00f0 rifja upp fyrir y\u00f0ur \u00feau or\u00f0, sem hinir heil\u00f6gu sp\u00e1menn hafa \u00e1\u00f0ur tala\u00f0, og bo\u00f0or\u00f0 Drottins vors og frelsara, er postular y\u00f0ar hafa flutt.<a name=\"3\"><span class=\"versanumer\">3<\/span><\/a>\u00deetta skulu\u00f0 \u00fe\u00e9r \u00fe\u00e1 fyrst vita, a\u00f0 \u00e1 hinum s\u00ed\u00f0ustu d\u00f6gum munu koma spottarar er stj\u00f3rnast af eigin girndum<a name=\"4\"><span class=\"versanumer\">4<\/span><\/a>og segja me\u00f0 spotti: Hva\u00f0 ver\u00f0ur \u00far fyrirheitinu um komu hans? \u00dev\u00ed a\u00f0 fr\u00e1 \u00fev\u00ed fe\u00f0urnir sofnu\u00f0u stendur allt vi\u00f0 sama eins og fr\u00e1 upphafi veraldar.<a name=\"5\"><span class=\"versanumer\">5<\/span><\/a>Viljandi gleyma \u00feeir \u00fev\u00ed, a\u00f0 himnar voru til for\u00f0um og j\u00f6r\u00f0 til or\u00f0in af vatni og upp \u00far vatni fyrir or\u00f0 Gu\u00f0s.<a name=\"6\"><span class=\"versanumer\">6<\/span><\/a>\u00deess vegna gekk vatnsfl\u00f3\u00f0i\u00f0 yfir \u00feann heim, sem \u00fe\u00e1 var, svo a\u00f0 hann f\u00f3rst.<a name=\"7\"><span class=\"versanumer\">7<\/span><\/a>En \u00feeir himnar, sem n\u00fa eru \u00e1samt j\u00f6r\u00f0inni, geymast eldinum fyrir hi\u00f0 sama or\u00f0 og var\u00f0veitast til \u00feess dags, er \u00f3gu\u00f0legir menn munu d\u00e6mdir ver\u00f0a og tort\u00edmast.<a name=\"8\"><span class=\"versanumer\">8<\/span><\/a>En \u00feetta eitt m\u00e1 y\u00f0ur ekki gleymast, \u00fe\u00e9r elsku\u00f0u, a\u00f0 einn dagur er hj\u00e1 Drottni sem \u00fe\u00fasund \u00e1r og \u00fe\u00fasund \u00e1r sem einn dagur.<a name=\"9\"><span class=\"versanumer\">9<\/span><\/a>Ekki er Drottinn seinn \u00e1 s\u00e9r me\u00f0 fyrirheiti\u00f0, \u00fe\u00f3tt sumir \u00e1l\u00edti \u00fea\u00f0 seinl\u00e6ti, heldur er hann langlyndur vi\u00f0 y\u00f0ur, \u00fear e\u00f0 hann vill ekki a\u00f0 neinir glatist, heldur a\u00f0 allir komist til i\u00f0runar.<a name=\"10\"><span class=\"versanumer\">10<\/span><\/a>En dagur Drottins mun koma sem \u00fej\u00f3fur, og \u00fe\u00e1 munu himnarnir me\u00f0 miklum gn\u00fd l\u00ed\u00f0a undir lok, frumefnin sundurleysast \u00ed brennandi hita og j\u00f6r\u00f0in og \u00feau verk, sem \u00e1 henni eru, upp brenna.<a name=\"11\"><span class=\"versanumer\">11<\/span><\/a>\u00dear e\u00f0 allt \u00feetta ferst \u00feannig, hversu ber y\u00f0ur \u00fe\u00e1 ekki a\u00f0 ganga fram \u00ed heilagri breytni og gu\u00f0r\u00e6kni,<a name=\"12\"><span class=\"versanumer\">12<\/span><\/a>\u00feannig a\u00f0 \u00fe\u00e9r v\u00e6nti\u00f0 eftir og fl\u00fdti\u00f0 fyrir komu Gu\u00f0s dags, en vegna hans munu himnarnir leysast sundur \u00ed eldi og frumefnin br\u00e1\u00f0na af brennandi hita.<a name=\"13\"><span class=\"versanumer\">13<\/span><\/a>En eftir fyrirheiti hans v\u00e6ntum v\u00e9r n\u00fds himins og n\u00fdrrar jar\u00f0ar, \u00fear sem r\u00e9ttl\u00e6ti b\u00fdr.<a name=\"14\"><span class=\"versanumer\">14<\/span><\/a>Me\u00f0 \u00fev\u00ed a\u00f0 \u00fe\u00e9r n\u00fa, \u00fe\u00e9r elsku\u00f0u, v\u00e6nti\u00f0 sl\u00edkra hluta, \u00fe\u00e1 kappkosti\u00f0 a\u00f0 vera flekklausir og l\u00fdtalausir frammi fyrir honum \u00ed fri\u00f0i.<a name=\"15\"><span class=\"versanumer\">15<\/span><\/a>\u00c1l\u00edti\u00f0 langlyndi Drottins vors vera hj\u00e1lpr\u00e6\u00f0i. \u00deetta er \u00fea\u00f0, sem hinn elska\u00f0i br\u00f3\u00f0ir vor, P\u00e1ll, hefur rita\u00f0 y\u00f0ur, eftir \u00feeirri speki, sem honum er gefin.<a name=\"16\"><span class=\"versanumer\">16<\/span><\/a>\u00dea\u00f0 gj\u00f6rir hann l\u00edka \u00ed \u00f6llum br\u00e9fum s\u00ednum, hann talar \u00ed \u00feeim um \u00feetta. En \u00ed \u00feeim er sumt \u00feungskili\u00f0, er f\u00e1fr\u00f3\u00f0ir og sta\u00f0festulausir menn rangsn\u00faa, eins og \u00f6\u00f0rum ritum, sj\u00e1lfum s\u00e9r til tort\u00edmingar.<a name=\"17\"><span class=\"versanumer\">17<\/span><\/a>Me\u00f0 \u00fev\u00ed a\u00f0 \u00fe\u00e9r viti\u00f0 \u00feetta fyrirfram, \u00fe\u00e9r elska\u00f0ir, \u00fe\u00e1 hafi\u00f0 g\u00e1t \u00e1 y\u00f0ur, a\u00f0 \u00fe\u00e9r l\u00e1ti\u00f0 eigi dragast me\u00f0 af villu \u00feverbrotinna manna og falli\u00f0 fr\u00e1 sta\u00f0festu y\u00f0ar.<a name=\"18\"><span class=\"versanumer\">18<\/span><\/a>Vaxi\u00f0 \u00ed n\u00e1\u00f0 og \u00feekkingu Drottins vors og frelsara Jes\u00fa Krists. Honum s\u00e9 d\u00fdr\u00f0in n\u00fa og til eil\u00edf\u00f0ardags. Amen.<\/p>\n<div class=\"footnote1981\"><b>3.2<\/b> Rifja upp J\u00fad 17 \u2013 bo\u00f0or\u00f0 2P\u00e9t 2.21+<br \/>\n<b>3.3<\/b> \u00c1 hinum s\u00ed\u00f0ustu d\u00f6gum &#8230; spottarar J\u00fad 18<br \/>\n<b>3.5<\/b> Himnar og j\u00f6r\u00f0 &#8230; af vatni fyrir or\u00f0 Gu\u00f0s 1M\u00f3s 1.6-9<br \/>\n<b>3.6<\/b> Vatnsfl\u00f3\u00f0 1M\u00f3s 7.11-21; 2P\u00e9t 2.5<br \/>\n<b>3.8<\/b> Einn dagur sem \u00fe\u00fasund \u00e1r Slm 90.4<br \/>\n<b>3.9<\/b> Drottinn er ekki seinn \u00e1 s\u00e9r Hab 2.3 \u2013 a\u00f0 allir komist &#8230; 1T\u00edm 2.4<br \/>\n<b>3.10<\/b> Sem \u00fej\u00f3fur Matt 24.43-44; L\u00fak 12.39-40; 1\u00deess 5.2,4; Opb 3.3; 16.15<br \/>\n<b>3.13<\/b> N\u00fdr himinn Jes 65.17; 66.22; Opb 21.1 \u2013 \u00fear sem r\u00e9ttl\u00e6ti b\u00fdr Jes 60.21; 1Kor 6.9-10; Opb 21.27; 22.15<br \/>\n<b>3.15<\/b> Langlyndi Drottins R\u00f3m 2.4; 2P\u00e9t 3.9<br \/>\n<b>3.17<\/b> L\u00e1ti\u00f0 eigi dragast me\u00f0 Mrk 13.5 \u2013 hafi\u00f0 g\u00e1t \u00e1 ykkur 1Kor 10.12<\/div>\n","protected":false},"excerpt":{"rendered":"<p>1\u00deetta er n\u00fa anna\u00f0 br\u00e9fi\u00f0, sem \u00e9g skrifa y\u00f0ur, \u00fe\u00e9r elska\u00f0ir, og \u00ed \u00feeim b\u00e1\u00f0um hef \u00e9g reynt a\u00f0 halda hinu hreina hugarfari vakandi hj\u00e1 y\u00f0ur.2\u00dea\u00f0 reyni \u00e9g me\u00f0 \u00fev\u00ed a\u00f0 rifja upp fyrir y\u00f0ur \u00feau or\u00f0, sem hinir heil\u00f6gu sp\u00e1menn hafa \u00e1\u00f0ur tala\u00f0, og bo\u00f0or\u00f0 Drottins vors og frelsara, er postular y\u00f0ar hafa flutt.3\u00deetta skulu\u00f0 \u00fe\u00e9r \u00fe\u00e1 fyrst vita, a\u00f0 \u00e1 hinum s\u00ed\u00f0ustu d\u00f6gum munu koma spottarar er stj\u00f3rnast af eigin girndum4og segja me\u00f0 spotti: Hva\u00f0 ver\u00f0ur \u00far fyrirheitinu um komu hans? \u00dev\u00ed a\u00f0 fr\u00e1 \u00fev\u00ed fe\u00f0urnir sofnu\u00f0u stendur allt vi\u00f0 sama eins og fr\u00e1 upphafi veraldar.5Viljandi gleyma \u00feeir <a href=\"https:\/\/biblian.is\/1981\/sidara-petursbref-3-kafli\/\"> [&#8230;]<\/a><\/p>\n","protected":false},"author":1,"featured_media":0,"parent":0,"menu_order":0,"comment_status":"open","ping_status":"open","template":"bibliukaflar.php","meta":{"footnotes":""},"class_list":["post-2506","page","type-page","status-publish","hentry"],"_links":{"self":[{"href":"https:\/\/biblian.is\/1981\/wp-json\/wp\/v2\/pages\/2506","targetHints":{"allow":["GET"]}}],"collection":[{"href":"https:\/\/biblian.is\/1981\/wp-json\/wp\/v2\/pages"}],"about":[{"href":"https:\/\/biblian.is\/1981\/wp-json\/wp\/v2\/types\/page"}],"author":[{"embeddable":true,"href":"https:\/\/biblian.is\/1981\/wp-json\/wp\/v2\/users\/1"}],"replies":[{"embeddable":true,"href":"https:\/\/biblian.is\/1981\/wp-json\/wp\/v2\/comments?post=2506"}],"version-history":[{"count":0,"href":"https:\/\/biblian.is\/1981\/wp-json\/wp\/v2\/pages\/2506\/revisions"}],"wp:attachment":[{"href":"https:\/\/biblian.is\/1981\/wp-json\/wp\/v2\/media?parent=2506"}],"curies":[{"name":"wp","href":"https:\/\/api.w.org\/{rel}","templated":true}]}}