{"id":2505,"date":"2017-11-18T20:22:01","date_gmt":"2017-11-18T20:22:01","guid":{"rendered":"http:\/\/biblian.is\/1981\/sidara-petursbref-2-kafli\/"},"modified":"2021-06-06T11:10:14","modified_gmt":"2021-06-06T11:10:14","slug":"sidara-petursbref-2-kafli","status":"publish","type":"page","link":"https:\/\/biblian.is\/1981\/sidara-petursbref-2-kafli\/","title":{"rendered":"S\u00ed\u00f0ara P\u00e9tursbr\u00e9f 2. kafli"},"content":{"rendered":"<p><a name=\"1\"><span class=\"versanumer\">1<\/span><\/a>En falssp\u00e1menn komu einnig upp me\u00f0al l\u00fd\u00f0sins. Eins munu falskennendur l\u00edka ver\u00f0a \u00e1 me\u00f0al y\u00f0ar, er smeygja munu inn h\u00e1skalegum villukenningum og jafnvel afneita herra s\u00ednum, sem keypti \u00fe\u00e1, og lei\u00f0a yfir sig sj\u00e1lfa br\u00e1\u00f0a gl\u00f6tun.<a name=\"2\"><span class=\"versanumer\">2<\/span><\/a>Margir munu fylgja \u00f3lifna\u00f0i \u00feeirra, og sakir \u00feeirra mun vegi sannleikans ver\u00f0a hallm\u00e6lt.<a name=\"3\"><span class=\"versanumer\">3<\/span><\/a>Af \u00e1girnd munu \u00feeir me\u00f0 uppspunnum or\u00f0um hafa y\u00f0ur a\u00f0 f\u00e9\u00fe\u00fafu. En d\u00f3murinn yfir \u00feeim er l\u00f6ngu felldur og fyrnist ekki og gl\u00f6tun \u00feeirra blundar ekki.<a name=\"4\"><span class=\"versanumer\">4<\/span><\/a>Ekki \u00feyrmdi Gu\u00f0 englunum, er \u00feeir syndgu\u00f0u. Hann steypti \u00feeim ni\u00f0ur \u00ed undirdj\u00fapin og setti \u00fe\u00e1 \u00ed myrkrahella, \u00fear sem \u00feeir eru geymdir til d\u00f3msins.<a name=\"5\"><span class=\"versanumer\">5<\/span><\/a>Ekki \u00feyrmdi hann hinum forna heimi, en var\u00f0veitti N\u00f3a, pr\u00e9dikara r\u00e9ttl\u00e6tisins, vi\u00f0 \u00e1ttunda mann, er hann l\u00e9t vatnsfl\u00f3\u00f0 koma yfir heim hinna \u00f3gu\u00f0legu.<a name=\"6\"><span class=\"versanumer\">6<\/span><\/a>Hann brenndi borgirnar S\u00f3d\u00f3mu og G\u00f3morru til \u00f6sku og d\u00e6mdi \u00fe\u00e6r til ey\u00f0ingar og setti \u00fe\u00e6r til vi\u00f0v\u00f6runar \u00feeim, er s\u00ed\u00f0ar lif\u00f0u \u00f3gu\u00f0lega.<a name=\"7\"><span class=\"versanumer\">7<\/span><\/a>En hann frelsa\u00f0i Lot, hinn r\u00e9ttl\u00e1ta mann, er m\u00e6ddist af sv\u00edvir\u00f0ilegum lifna\u00f0i hinna gu\u00f0lausu.<a name=\"8\"><span class=\"versanumer\">8<\/span><\/a>S\u00e1 r\u00e9ttl\u00e1ti ma\u00f0ur bj\u00f3 \u00e1 me\u00f0al \u00feeirra og m\u00e6ddist \u00ed sinni r\u00e9ttl\u00e1tu s\u00e1lu dag fr\u00e1 degi af \u00feeim \u00f3l\u00f6glegu verkum, er hann s\u00e1 og heyr\u00f0i.<a name=\"9\"><span class=\"versanumer\">9<\/span><\/a>\u00deannig veit Drottinn, hvernig hann \u00e1 a\u00f0 hr\u00edfa hina gu\u00f0hr\u00e6ddu \u00far freistingu, en refsa hinum rangl\u00e1tu og geyma \u00fe\u00e1 til d\u00f3msdags,<a name=\"10\"><span class=\"versanumer\">10<\/span><\/a>einkum \u00fe\u00e1, sem \u00ed breytni sinni stj\u00f3rnast af saurl\u00edfisf\u00fdsn og fyrirl\u00edta drottinvald. \u00deessir f\u00edfldj\u00f6rfu sj\u00e1lfbirgingar skirrast ekki vi\u00f0 a\u00f0 lastm\u00e6la tignum.<a name=\"11\"><span class=\"versanumer\">11<\/span><\/a>Jafnvel englarnir, sem eru \u00feeim meiri a\u00f0 m\u00e6tti og valdi, fara ekki me\u00f0 gu\u00f0last, \u00feegar \u00feeir \u00e1k\u00e6ra \u00fe\u00e1 hj\u00e1 Drottni.<a name=\"12\"><span class=\"versanumer\">12<\/span><\/a>\u00deessir menn eru eins og skynlausar skepnur, sem eru f\u00e6ddar til a\u00f0 vei\u00f0ast og tort\u00edmast. \u00deeir lastm\u00e6la \u00fev\u00ed, sem \u00feeir \u00feekkja ekki, og munu \u00feess vegna \u00ed spillingu sinni undir lok l\u00ed\u00f0a<a name=\"13\"><span class=\"versanumer\">13<\/span><\/a>og bera \u00feannig \u00far b\u00fdtum laun rangl\u00e6tis. \u00deeir hafa yndi af a\u00f0 svalla um mi\u00f0jan dag. \u00deeir eru sk\u00f6mm og sm\u00e1n, \u00feegar \u00feeir neyta m\u00e1lt\u00ed\u00f0a me\u00f0 y\u00f0ur og svalla.<a name=\"14\"><span class=\"versanumer\">14<\/span><\/a>Augu \u00feeirra eru full h\u00f3rd\u00f3ms, og \u00feeim ver\u00f0ur ekki fr\u00e1 syndinni haldi\u00f0. \u00deeir fleka \u00f3styrkar s\u00e1lir, hjarta \u00feeirra hefur tami\u00f0 s\u00e9r \u00e1girnd. \u00dea\u00f0 er b\u00f6lvun yfir \u00feeim.<a name=\"15\"><span class=\"versanumer\">15<\/span><\/a>\u00deeir hafa fari\u00f0 af r\u00e9tta veginum og lent \u00ed villu. \u00deeir fara s\u00f6mu lei\u00f0 og B\u00edleam, sonur B\u00f3sors, sem elska\u00f0i rangl\u00e6tislaun.<a name=\"16\"><span class=\"versanumer\">16<\/span><\/a>En hann f\u00e9kk \u00e1drepu fyrir gl\u00e6p sinn. M\u00e1llaus eykurinn tala\u00f0i mannam\u00e1l og aftra\u00f0i f\u00e1sinnu sp\u00e1mannsins.<a name=\"17\"><span class=\"versanumer\">17<\/span><\/a>Vatnslausir brunnar eru \u00feessir menn, \u00feoka hrakin af hvassvi\u00f0ri, \u00feeirra b\u00ed\u00f0ur d\u00fdpsta myrkur.<a name=\"18\"><span class=\"versanumer\">18<\/span><\/a>\u00deeir l\u00e1ta klingja drembileg h\u00e9g\u00f3maor\u00f0 og t\u00e6la me\u00f0 holdlegum girndum og sv\u00edvir\u00f0ilegum lifna\u00f0i \u00fe\u00e1, sem fyrir sk\u00f6mmu hafa sloppi\u00f0 fr\u00e1 \u00feeim, sem ganga \u00ed villu.<a name=\"19\"><span class=\"versanumer\">19<\/span><\/a>\u00deeir heita \u00feeim frelsi, \u00fe\u00f3tt \u00feeir s\u00e9u sj\u00e1lfir \u00fer\u00e6lar spillingarinnar, \u00fev\u00ed a\u00f0 s\u00e9rhver ver\u00f0ur \u00fer\u00e6ll \u00feess, sem hann hefur be\u00f0i\u00f0 \u00f3sigur fyrir.<a name=\"20\"><span class=\"versanumer\">20<\/span><\/a>Ef \u00feeir, sem fyrir \u00feekkingu \u00e1 Drottni vorum og frelsara Jes\u00fa Kristi voru sloppnir fr\u00e1 saurgun heimsins, fl\u00e6kja sig \u00ed honum a\u00f0 n\u00fdju og b\u00ed\u00f0a \u00f3sigur, \u00fe\u00e1 er hi\u00f0 s\u00ed\u00f0ara or\u00f0i\u00f0 \u00feeim verra en hi\u00f0 fyrra.<a name=\"21\"><span class=\"versanumer\">21<\/span><\/a>\u00dev\u00ed a\u00f0 betra hef\u00f0i \u00feeim veri\u00f0 a\u00f0 hafa ekki \u00feekkt veg r\u00e9ttl\u00e6tisins en a\u00f0 hafa \u00feekkt hann og sn\u00faa s\u00ed\u00f0an aftur fr\u00e1 hinu heilaga bo\u00f0or\u00f0i, sem \u00feeim haf\u00f0i veri\u00f0 gefi\u00f0.<a name=\"22\"><span class=\"versanumer\">22<\/span><\/a>Fram \u00e1 \u00feeim hefur komi\u00f0 \u00feetta sannm\u00e6li: Hundur sn\u00fdr aftur til sp\u00fdju sinnar, og: \u00devegi\u00f0 sv\u00edn veltir s\u00e9r \u00ed sama saur.<\/p>\n<div class=\"footnote1981\"><b>2.1<\/b> Falssp\u00e1menn Matt 24.11 \u2013 afneita Drottni s\u00ednum J\u00fad 4<br \/>\n<b>2.2<\/b> Vegurinn Post 9.2+ &#8211; f\u00e1 \u00e1 sig illt or\u00f0 Jes 52.5<br \/>\n<b>2.3<\/b> Uppspunnin or\u00f0 R\u00f3m 16.18<br \/>\n<b>2.4<\/b> Syndgu\u00f0u J\u00fad 6; sbr 1M\u00f3s 6.1-4 (Synir Gu\u00f0s \u00ed 1M\u00f3s 6.2 nefndir englar \u00ed sumum handritum gr\u00edsku \u00fe\u00fd\u00f0ingar Gamla testamentisins)<br \/>\n<b>2.5<\/b> Gu\u00f0 var\u00f0veitti N\u00f3a 1M\u00f3s 6.8 \u2013 vi\u00f0 \u00e1ttunda mann 1M\u00f3s 8.18; 1P\u00e9t 3.20 \u2013 vatnsfl\u00f3\u00f0 2P\u00e9t 3.6; sbr 1M\u00f3s 6-9<br \/>\n<b>2.6<\/b> S\u00f3d\u00f3ma og G\u00f3morra 1M\u00f3s 19.24; J\u00fad 7; sbr Matt 10.15+<br \/>\n<b>2.7<\/b> Frelsa\u00f0i Lot 1M\u00f3s 19.1-16<br \/>\n<b>2.9<\/b> Hr\u00edfa \u00far freistingu 1Kor 10.13 \u2013 geyma til d\u00f3msdags J\u00fad 6<br \/>\n<b>2.10<\/b> Fyrirl\u00edta drottinvald J\u00fad 7-8<br \/>\n<b>2.11<\/b> Fara ekki me\u00f0 gu\u00f0last J\u00fad 9<br \/>\n<b>2.12<\/b> Skynlausar skepnur J\u00fad 10<br \/>\n<b>2.13<\/b> Sbr J\u00fad 12<br \/>\n<b>2.15<\/b> B\u00edleam 4M\u00f3s 22.7; J\u00fad 11; Opb 2.14<br \/>\n<b>2.16<\/b> Eykur B\u00edleams 4M\u00f3s 22.28<br \/>\n<b>2.17<\/b> D\u00fdpsta myrkur J\u00fad 13<br \/>\n<b>2.19<\/b> \u00der\u00e6ll J\u00f3h 8.34<br \/>\n<b>2.20<\/b> Hi\u00f0 s\u00ed\u00f0ara verra Matt 12.45<br \/>\n<b>2.21<\/b> Bo\u00f0or\u00f0 1T\u00edm 6.14; 2P\u00e9t 3.2 \u2013 betra hef\u00f0i \u00feeim veri\u00f0 L\u00fak 12.47-48; Jak 4.17<br \/>\n<b>2.22<\/b> Hundur sn\u00fdr aftur &#8230; Okv 26.11<\/div>\n","protected":false},"excerpt":{"rendered":"<p>1En falssp\u00e1menn komu einnig upp me\u00f0al l\u00fd\u00f0sins. Eins munu falskennendur l\u00edka ver\u00f0a \u00e1 me\u00f0al y\u00f0ar, er smeygja munu inn h\u00e1skalegum villukenningum og jafnvel afneita herra s\u00ednum, sem keypti \u00fe\u00e1, og lei\u00f0a yfir sig sj\u00e1lfa br\u00e1\u00f0a gl\u00f6tun.2Margir munu fylgja \u00f3lifna\u00f0i \u00feeirra, og sakir \u00feeirra mun vegi sannleikans ver\u00f0a hallm\u00e6lt.3Af \u00e1girnd munu \u00feeir me\u00f0 uppspunnum or\u00f0um hafa y\u00f0ur a\u00f0 f\u00e9\u00fe\u00fafu. En d\u00f3murinn yfir \u00feeim er l\u00f6ngu felldur og fyrnist ekki og gl\u00f6tun \u00feeirra blundar ekki.4Ekki \u00feyrmdi Gu\u00f0 englunum, er \u00feeir syndgu\u00f0u. Hann steypti \u00feeim ni\u00f0ur \u00ed undirdj\u00fapin og setti \u00fe\u00e1 \u00ed myrkrahella, \u00fear sem \u00feeir eru geymdir til d\u00f3msins.5Ekki \u00feyrmdi hann hinum <a href=\"https:\/\/biblian.is\/1981\/sidara-petursbref-2-kafli\/\"> [&#8230;]<\/a><\/p>\n","protected":false},"author":1,"featured_media":0,"parent":0,"menu_order":0,"comment_status":"closed","ping_status":"closed","template":"bibliukaflar.php","meta":{"footnotes":""},"class_list":["post-2505","page","type-page","status-publish","hentry"],"_links":{"self":[{"href":"https:\/\/biblian.is\/1981\/wp-json\/wp\/v2\/pages\/2505","targetHints":{"allow":["GET"]}}],"collection":[{"href":"https:\/\/biblian.is\/1981\/wp-json\/wp\/v2\/pages"}],"about":[{"href":"https:\/\/biblian.is\/1981\/wp-json\/wp\/v2\/types\/page"}],"author":[{"embeddable":true,"href":"https:\/\/biblian.is\/1981\/wp-json\/wp\/v2\/users\/1"}],"replies":[{"embeddable":true,"href":"https:\/\/biblian.is\/1981\/wp-json\/wp\/v2\/comments?post=2505"}],"version-history":[{"count":0,"href":"https:\/\/biblian.is\/1981\/wp-json\/wp\/v2\/pages\/2505\/revisions"}],"wp:attachment":[{"href":"https:\/\/biblian.is\/1981\/wp-json\/wp\/v2\/media?parent=2505"}],"curies":[{"name":"wp","href":"https:\/\/api.w.org\/{rel}","templated":true}]}}