{"id":2504,"date":"2017-11-18T20:22:01","date_gmt":"2017-11-18T20:22:01","guid":{"rendered":"http:\/\/biblian.is\/1981\/sidara-petursbref-1-kafli\/"},"modified":"2021-06-06T11:10:14","modified_gmt":"2021-06-06T11:10:14","slug":"sidara-petursbref-1-kafli","status":"publish","type":"page","link":"https:\/\/biblian.is\/1981\/sidara-petursbref-1-kafli\/","title":{"rendered":"S\u00ed\u00f0ara P\u00e9tursbr\u00e9f 1. kafli"},"content":{"rendered":"<p><a name=\"1\"><span class=\"versanumer\">1<\/span><\/a>S\u00edmon P\u00e9tur, \u00fej\u00f3nn og postuli Jes\u00fa Krists, heilsar \u00feeim, sem hloti\u00f0 hafa hina s\u00f6mu d\u00fdrm\u00e6tu tr\u00fa og v\u00e9r fyrir r\u00e9ttl\u00e6ti Gu\u00f0s vors og frelsara vors Jes\u00fa Krists.<a name=\"2\"><span class=\"versanumer\">2<\/span><\/a>N\u00e1\u00f0 og fri\u00f0ur margfaldist y\u00f0ur til handa me\u00f0 \u00feekkingu \u00e1 Gu\u00f0i og Jes\u00fa, Drottni vorum.<a name=\"3\"><span class=\"versanumer\">3<\/span><\/a>Hans gu\u00f0d\u00f3mlegi m\u00e1ttur hefur veitt oss allt, sem lei\u00f0ir til l\u00edfs og gu\u00f0r\u00e6kni me\u00f0 \u00feekkingunni \u00e1 honum, sem kalla\u00f0i oss me\u00f0 sinni eigin d\u00fdr\u00f0 og d\u00e1\u00f0.<a name=\"4\"><span class=\"versanumer\">4<\/span><\/a>Me\u00f0 \u00fev\u00ed hefur hann veitt oss hin d\u00fdrm\u00e6tu og h\u00e1leitu fyrirheit, til \u00feess a\u00f0 \u00fe\u00e9r fyrir \u00feau skyldu\u00f0 ver\u00f0a hluttakendur \u00ed gu\u00f0legu e\u00f0li, er \u00fe\u00e9r hafi\u00f0 komist undan spillingunni \u00ed heiminum, sem girndin veldur.<a name=\"5\"><span class=\"versanumer\">5<\/span><\/a>Leggi\u00f0 \u00feess vegna alla stund \u00e1 a\u00f0 au\u00f0s\u00fdna \u00ed tr\u00fa y\u00f0ar dygg\u00f0, \u00ed dygg\u00f0inni \u00feekkingu,<a name=\"6\"><span class=\"versanumer\">6<\/span><\/a>\u00ed \u00feekkingunni sj\u00e1lfs\u00f6gun, \u00ed sj\u00e1lfs\u00f6guninni \u00feolg\u00e6\u00f0i, \u00ed \u00feolg\u00e6\u00f0inu gu\u00f0r\u00e6kni,<a name=\"7\"><span class=\"versanumer\">7<\/span><\/a>\u00ed gu\u00f0r\u00e6kninni br\u00f3\u00f0urelsku og \u00ed br\u00f3\u00f0urelskunni k\u00e6rleika.<a name=\"8\"><span class=\"versanumer\">8<\/span><\/a>\u00dev\u00ed ef \u00fe\u00e9r hafi\u00f0 \u00feetta til a\u00f0 bera og fari\u00f0 vaxandi \u00ed \u00fev\u00ed, munu\u00f0 \u00fe\u00e9r ekki ver\u00f0a i\u00f0julausir n\u00e9 \u00e1vaxtalausir \u00ed \u00feekkingunni \u00e1 Drottni vorum Jes\u00fa Kristi.<a name=\"9\"><span class=\"versanumer\">9<\/span><\/a>En s\u00e1, sem ekki hefur \u00feetta til a\u00f0 bera, er blindur \u00ed skamms\u00fdni sinni og hefur gleymt hreinsun fyrri synda sinna.<a name=\"10\"><span class=\"versanumer\">10<\/span><\/a>Kosti\u00f0 \u00feess vegna \u00fev\u00ed fremur kapps um, br\u00e6\u00f0ur, a\u00f0 gj\u00f6ra k\u00f6llun y\u00f0ar og \u00fatvalning vissa. Ef \u00fe\u00e9r gj\u00f6ri\u00f0 \u00feetta, munu\u00f0 \u00fe\u00e9r aldrei hrasa.<a name=\"11\"><span class=\"versanumer\">11<\/span><\/a>\u00c1 \u00feann h\u00e1tt mun y\u00f0ur r\u00edkulega veitast inngangur \u00ed hi\u00f0 eil\u00edfa r\u00edki Drottins vors og frelsara Jes\u00fa Krists.<a name=\"12\"><span class=\"versanumer\">12<\/span><\/a>\u00deess vegna \u00e6tla \u00e9g m\u00e9r \u00e1vallt a\u00f0 minna y\u00f0ur \u00e1 \u00feetta, enda \u00fe\u00f3tt \u00fe\u00e9r viti\u00f0 \u00fea\u00f0 og s\u00e9u\u00f0 sta\u00f0fastir or\u00f0nir \u00ed \u00feeim sannleika, sem \u00fe\u00e9r n\u00fa hafi\u00f0 \u00f6\u00f0last.<a name=\"13\"><span class=\"versanumer\">13<\/span><\/a>\u00c9g \u00e1l\u00edt m\u00e9r l\u00edka skylt, \u00e1 me\u00f0an \u00e9g er \u00ed \u00feessari tjaldb\u00fa\u00f0, a\u00f0 halda y\u00f0ur vakandi me\u00f0 \u00fev\u00ed a\u00f0 rifja \u00feetta upp fyrir y\u00f0ur.<a name=\"14\"><span class=\"versanumer\">14<\/span><\/a>\u00c9g veit, a\u00f0 \u00feess mun skammt a\u00f0 b\u00ed\u00f0a, a\u00f0 tjaldb\u00fa\u00f0 minni ver\u00f0i svipt. \u00dea\u00f0 hefur Drottinn vor Jes\u00fas Kristur birt m\u00e9r.<a name=\"15\"><span class=\"versanumer\">15<\/span><\/a>Og \u00e9g vil einnig leggja kapp \u00e1, a\u00f0 \u00fe\u00e9r \u00e6t\u00ed\u00f0 eftir burtf\u00f6r m\u00edna geti\u00f0 minnst \u00feessa.<a name=\"16\"><span class=\"versanumer\">16<\/span><\/a>Ekki fylgdum v\u00e9r uppspunnum skr\u00f6ks\u00f6gum, er v\u00e9r kunngj\u00f6r\u00f0um y\u00f0ur m\u00e1tt og komu Drottins vors Jes\u00fa Krists, heldur vorum v\u00e9r sj\u00f3narvottar a\u00f0 h\u00e1tign hans.<a name=\"17\"><span class=\"versanumer\">17<\/span><\/a>\u00dev\u00ed a\u00f0 hann me\u00f0t\u00f3k af Gu\u00f0i f\u00f6\u00f0ur hei\u00f0ur og d\u00fdr\u00f0, \u00fe\u00e1 er raust barst honum fr\u00e1 hinni d\u00fdrlegu h\u00e1tign: \u00deessi er minn elska\u00f0i sonur, sem \u00e9g hef vel\u00fe\u00f3knun \u00e1.<a name=\"18\"><span class=\"versanumer\">18<\/span><\/a>\u00deessa raust heyr\u00f0um v\u00e9r sj\u00e1lfir, koma fr\u00e1 himni, \u00fe\u00e1 er v\u00e9r vorum me\u00f0 honum \u00e1 fjallinu helga.<a name=\"19\"><span class=\"versanumer\">19<\/span><\/a>Enn \u00fe\u00e1 \u00e1rei\u00f0anlegra er oss \u00fev\u00ed n\u00fa hi\u00f0 sp\u00e1mannlega or\u00f0. Og \u00fea\u00f0 er r\u00e9tt af y\u00f0ur a\u00f0 gefa gaum a\u00f0 \u00fev\u00ed eins og lj\u00f3si, sem sk\u00edn \u00e1 myrkum sta\u00f0, \u00feanga\u00f0 til dagur lj\u00f3mar og morgunstjarna rennur upp \u00ed hj\u00f6rtum y\u00f0ar.<a name=\"20\"><span class=\"versanumer\">20<\/span><\/a>Viti\u00f0 \u00fea\u00f0 umfram allt, a\u00f0 enginn \u00fe\u00fd\u00f0ir neinn sp\u00e1d\u00f3m Ritningarinnar af sj\u00e1lfum s\u00e9r.<a name=\"21\"><span class=\"versanumer\">21<\/span><\/a>\u00dev\u00ed a\u00f0 aldrei var nokkur sp\u00e1d\u00f3mur borinn fram a\u00f0 vilja manns, heldur t\u00f6lu\u00f0u menn or\u00f0 fr\u00e1 Gu\u00f0i, kn\u00fa\u00f0ir af heil\u00f6gum anda.<\/p>\n<div class=\"footnote1981\"><b>1.1<\/b> S\u00edmon P\u00e9tur Post 15.14<br \/>\n<b>1.2<\/b> N\u00e1\u00f0 og fri\u00f0ur R\u00f3m 1.7; Gal 1.3; Fil 1.2 o.fl. \u2013 margfaldist J\u00fad 2<br \/>\n<b>1.3<\/b> Gu\u00f0r\u00e6kileg breytni 1T\u00edm 4.7-8+ &#8211; kalla\u00f0i okkur 1P\u00e9t 2.9<br \/>\n<b>1.6-7<\/b> Sj\u00e1lfs\u00f6gun &#8230; k\u00e6rleikur Gal 5.22-23<br \/>\n<b>1.12<\/b> Minna \u00e1 J\u00fad 5<br \/>\n<b>1.13<\/b> \u00cd \u00feessari tjaldb\u00fa\u00f0 2Kor 5.1-5<br \/>\n<b>1.14<\/b> Tjaldb\u00fa\u00f0inni svipt 2Kor 5.1 \u2013 hefur birt m\u00e9r J\u00f3h 21.18-19<br \/>\n<b>1.17-18<\/b> \u00deessi er minn elska\u00f0i sonur &#8230; Mrk 9.2-7 og hlst.<br \/>\n<b>1.21<\/b> Kn\u00fa\u00f0ir af heil\u00f6gum anda 2T\u00edm 3.16; 1P\u00e9t 1.11<\/div>\n","protected":false},"excerpt":{"rendered":"<p>1S\u00edmon P\u00e9tur, \u00fej\u00f3nn og postuli Jes\u00fa Krists, heilsar \u00feeim, sem hloti\u00f0 hafa hina s\u00f6mu d\u00fdrm\u00e6tu tr\u00fa og v\u00e9r fyrir r\u00e9ttl\u00e6ti Gu\u00f0s vors og frelsara vors Jes\u00fa Krists.2N\u00e1\u00f0 og fri\u00f0ur margfaldist y\u00f0ur til handa me\u00f0 \u00feekkingu \u00e1 Gu\u00f0i og Jes\u00fa, Drottni vorum.3Hans gu\u00f0d\u00f3mlegi m\u00e1ttur hefur veitt oss allt, sem lei\u00f0ir til l\u00edfs og gu\u00f0r\u00e6kni me\u00f0 \u00feekkingunni \u00e1 honum, sem kalla\u00f0i oss me\u00f0 sinni eigin d\u00fdr\u00f0 og d\u00e1\u00f0.4Me\u00f0 \u00fev\u00ed hefur hann veitt oss hin d\u00fdrm\u00e6tu og h\u00e1leitu fyrirheit, til \u00feess a\u00f0 \u00fe\u00e9r fyrir \u00feau skyldu\u00f0 ver\u00f0a hluttakendur \u00ed gu\u00f0legu e\u00f0li, er \u00fe\u00e9r hafi\u00f0 komist undan spillingunni \u00ed heiminum, sem girndin veldur.5Leggi\u00f0 \u00feess <a href=\"https:\/\/biblian.is\/1981\/sidara-petursbref-1-kafli\/\"> [&#8230;]<\/a><\/p>\n","protected":false},"author":1,"featured_media":0,"parent":0,"menu_order":0,"comment_status":"open","ping_status":"open","template":"bibliukaflar.php","meta":{"footnotes":""},"class_list":["post-2504","page","type-page","status-publish","hentry"],"_links":{"self":[{"href":"https:\/\/biblian.is\/1981\/wp-json\/wp\/v2\/pages\/2504","targetHints":{"allow":["GET"]}}],"collection":[{"href":"https:\/\/biblian.is\/1981\/wp-json\/wp\/v2\/pages"}],"about":[{"href":"https:\/\/biblian.is\/1981\/wp-json\/wp\/v2\/types\/page"}],"author":[{"embeddable":true,"href":"https:\/\/biblian.is\/1981\/wp-json\/wp\/v2\/users\/1"}],"replies":[{"embeddable":true,"href":"https:\/\/biblian.is\/1981\/wp-json\/wp\/v2\/comments?post=2504"}],"version-history":[{"count":0,"href":"https:\/\/biblian.is\/1981\/wp-json\/wp\/v2\/pages\/2504\/revisions"}],"wp:attachment":[{"href":"https:\/\/biblian.is\/1981\/wp-json\/wp\/v2\/media?parent=2504"}],"curies":[{"name":"wp","href":"https:\/\/api.w.org\/{rel}","templated":true}]}}