{"id":2502,"date":"2017-11-18T20:22:01","date_gmt":"2017-11-18T20:22:01","guid":{"rendered":"http:\/\/biblian.is\/1981\/fyrra-petursbref-4-kafli\/"},"modified":"2021-06-06T10:56:51","modified_gmt":"2021-06-06T10:56:51","slug":"fyrra-petursbref-4-kafli","status":"publish","type":"page","link":"https:\/\/biblian.is\/1981\/fyrra-petursbref-4-kafli\/","title":{"rendered":"Fyrra P\u00e9tursbr\u00e9f 4. kafli"},"content":{"rendered":"<p><a name=\"1\"><span class=\"versanumer\">1<\/span><\/a>Eins og \u00fev\u00ed Kristur lei\u00f0 l\u00edkamlega, svo skulu\u00f0 \u00fe\u00e9r og herkl\u00e6\u00f0ast sama hugarfari. S\u00e1 sem hefur li\u00f0i\u00f0 l\u00edkamlega, er skilinn vi\u00f0 synd,<a name=\"2\"><span class=\"versanumer\">2<\/span><\/a>hann lifir ekki framar \u00ed mannlegum f\u00fdsnum, heldur lifir hann t\u00edmann, sem eftir er, a\u00f0 vilja Gu\u00f0s.<a name=\"3\"><span class=\"versanumer\">3<\/span><\/a>N\u00f3gu lengi hafi\u00f0 \u00fe\u00e9r gj\u00f6rt vilja hei\u00f0ingjanna og lifa\u00f0 \u00ed saurlifna\u00f0i, girndum, ofdrykkju, \u00f3h\u00f3fi, samdrykkjum og sv\u00edvir\u00f0ilegri skur\u00f0go\u00f0ad\u00fdrkun.<a name=\"4\"><span class=\"versanumer\">4<\/span><\/a>&#8222;N\u00fa fur\u00f0ar \u00fe\u00e1, a\u00f0 \u00fe\u00e9r hlaupi\u00f0 ekki me\u00f0 \u00feeim \u00fat \u00ed hi\u00f0 sama spillingard\u00edki; og \u00feeir hallm\u00e6la y\u00f0ur.&#8220;<a name=\"5\"><span class=\"versanumer\">5<\/span><\/a>En \u00feeir munu ver\u00f0a a\u00f0 gj\u00f6ra reikningsskil \u00feeim, sem rei\u00f0ub\u00fainn er a\u00f0 d\u00e6ma lifendur og dau\u00f0a.<a name=\"6\"><span class=\"versanumer\">6<\/span><\/a>\u00dev\u00ed a\u00f0 til \u00feess var og dau\u00f0um bo\u00f0a\u00f0 fagna\u00f0arerindi\u00f0, a\u00f0 \u00feeir, \u00fe\u00f3tt d\u00e6mdir v\u00e6ru l\u00edkamlega me\u00f0 m\u00f6nnum, m\u00e6ttu lifa \u00ed andanum me\u00f0 Gu\u00f0i.<a name=\"7\"><span class=\"versanumer\">7<\/span><\/a>En endir allra hluta er \u00ed n\u00e1nd. Veri\u00f0 \u00fev\u00ed g\u00e6tnir og alg\u00e1\u00f0ir til b\u00e6na.<a name=\"8\"><span class=\"versanumer\">8<\/span><\/a>Umfram allt hafi\u00f0 brennandi k\u00e6rleika hver til annars, \u00fev\u00ed a\u00f0 k\u00e6rleikur hylur fj\u00f6lda synda.<a name=\"9\"><span class=\"versanumer\">9<\/span><\/a>Veri\u00f0 gestrisnir hver vi\u00f0 annan \u00e1n m\u00f6glunar.<a name=\"10\"><span class=\"versanumer\">10<\/span><\/a>\u00dej\u00f3ni\u00f0 hver \u00f6\u00f0rum me\u00f0 \u00feeirri n\u00e1\u00f0arg\u00e1fu, sem y\u00f0ur hefur veri\u00f0 gefin, sem g\u00f3\u00f0ir r\u00e1\u00f0smenn margv\u00edslegrar n\u00e1\u00f0ar Gu\u00f0s.<a name=\"11\"><span class=\"versanumer\">11<\/span><\/a>S\u00e1 sem talar flytji Gu\u00f0s or\u00f0, s\u00e1 sem \u00fej\u00f3nustu hefur skal \u00fej\u00f3na eftir \u00feeim m\u00e6tti, sem Gu\u00f0 gefur, til \u00feess a\u00f0 Gu\u00f0 vegsamist \u00ed \u00f6llum hlutum fyrir Jes\u00fa Krist. Hans er d\u00fdr\u00f0in og m\u00e1tturinn um aldir alda. Amen.<a name=\"12\"><span class=\"versanumer\">12<\/span><\/a>\u00de\u00e9r elska\u00f0ir, l\u00e1ti\u00f0 y\u00f0ur eigi undra eldraunina, sem yfir y\u00f0ur er komin y\u00f0ur til reynslu, eins og y\u00f0ur hendi eitthva\u00f0 kynlegt.<a name=\"13\"><span class=\"versanumer\">13<\/span><\/a>Gle\u00f0jist heldur er \u00fe\u00e9r taki\u00f0 \u00fe\u00e1tt \u00ed p\u00edslum Krists, til \u00feess a\u00f0 \u00fe\u00e9r einnig megi\u00f0 gle\u00f0jast miklum f\u00f6gnu\u00f0i vi\u00f0 opinberun d\u00fdr\u00f0ar hans.<a name=\"14\"><span class=\"versanumer\">14<\/span><\/a>S\u00e6lir eru\u00f0 \u00fe\u00e9r, er \u00fe\u00e9r eru\u00f0 sm\u00e1na\u00f0ir vegna nafns Krists, \u00fev\u00ed a\u00f0 andi d\u00fdr\u00f0arinnar, andi Gu\u00f0s hv\u00edlir \u00fe\u00e1 yfir y\u00f0ur.<a name=\"15\"><span class=\"versanumer\">15<\/span><\/a>Enginn y\u00f0ar l\u00ed\u00f0i sem manndr\u00e1pari, \u00fej\u00f3fur e\u00f0a illvirki e\u00f0a fyrir a\u00f0 hlutast til um \u00fea\u00f0, er \u00f6\u00f0rum kemur vi\u00f0.<a name=\"16\"><span class=\"versanumer\">16<\/span><\/a>En ef hann l\u00ed\u00f0ur sem kristinn ma\u00f0ur, \u00fe\u00e1 fyrirver\u00f0i hann sig ekki, heldur gj\u00f6ri Gu\u00f0 vegsamlegan me\u00f0 \u00feessu nafni.<a name=\"17\"><span class=\"versanumer\">17<\/span><\/a>\u00dev\u00ed a\u00f0 n\u00fa er t\u00edminn kominn, a\u00f0 d\u00f3murinn byrji \u00e1 h\u00fasi Gu\u00f0s. En ef hann byrjar \u00e1 oss, hver munu \u00fe\u00e1 ver\u00f0a afdrif \u00feeirra, sem ekki hl\u00fd\u00f0nast fagna\u00f0arerindi Gu\u00f0s?<a name=\"18\"><span class=\"versanumer\">18<\/span><\/a>Ef hinn r\u00e9ttl\u00e1ti naumlega frelsast, hvar mun \u00fe\u00e1 hinn \u00f3gu\u00f0legi og syndarinn lenda?<a name=\"19\"><span class=\"versanumer\">19<\/span><\/a>\u00deess vegna skulu \u00feeir, sem l\u00ed\u00f0a eftir vilja Gu\u00f0s, fela s\u00e1lir s\u00ednar \u00e1 hendur hinum tr\u00faa skapara og halda \u00e1fram a\u00f0 gj\u00f6ra hi\u00f0 g\u00f3\u00f0a.<\/p>\n<div class=\"footnote1981\"><b>4.1<\/b> B\u00faast sama hugarfari R\u00f3m 6.2,7<br \/>\n<b>4.3<\/b> N\u00f3gu lengi Ef 2.2-3; T\u00edt 3.3 \u2013 lestir R\u00f3m 1.29-31<br \/>\n<b>4.4<\/b> Sama spillingard\u00edki L\u00fak 15.13<br \/>\n<b>4.5<\/b> D\u00f3mari lifenda og dau\u00f0ra 2T\u00edm 4.1+<br \/>\n<b>4.6<\/b> Dau\u00f0um bo\u00f0a\u00f0 fagna\u00f0arerindi\u00f0 sbr 1P\u00e9t 3.18-19; 1\u00deess 4.13-18<br \/>\n<b>4.7<\/b> Endir \u00ed n\u00e1nd R\u00f3m 13.11-12; 1J\u00f3h 2.18<br \/>\n<b>4.8<\/b> K\u00e6rleikurinn hylur &#8230; Okv 10.12; Jak 5.20; L\u00fak 7.47; sbr Matt 5.7; 1Kor 13.7<br \/>\n<b>4.9<\/b> Gestrisin Heb 13.2<br \/>\n<b>4.10<\/b> S\u00e9rhverju er gefi\u00f0 R\u00f3m 12.6-8 \u2013 g\u00f3\u00f0ir r\u00e1\u00f0smenn Matt 25.14-30 og hlst.; L\u00fak 12.42-48 og hlst.<br \/>\n<b>4.11<\/b> \u00dej\u00f3nusta Post 6.2-4; R\u00f3m 12.7; 1T\u00edm 3.8 \u2013 Gu\u00f0 vegsamist \u00ed \u00f6llu 1Kor 10.31<br \/>\n<b>4.12<\/b> \u00dei\u00f0 elsku\u00f0u 1P\u00e9t 2.11 \u2013 eldraun 1P\u00e9t 1.7<br \/>\n<b>4.13<\/b> Gle\u00f0jist \u00ed p\u00edslum Krists Matt 5.11-12; Post 5.41<br \/>\n<b>4.14<\/b> Sm\u00e1nu\u00f0 vegna nafns Krists sbr Slm 89.51-52; 1P\u00e9t 2.20 \u2013 andi Gu\u00f0s hv\u00edlir yfir ykkur Jes 11.2; sbr Matt 10.20 og hlst.<br \/>\n<b>4.16<\/b> Kristinn Post 11.26+ &#8211; fyrirver\u00f0a sig ekki Mrk 8.38 og hlst.; Post 5.41; sbr R\u00f3m 1.16<br \/>\n<b>4.17<\/b> D\u00f3murinn byrjar \u00e1 h\u00fasi Gu\u00f0s Jer 25.29; Esk 9.6 \u2013 \u00feau sem ekki hl\u00fd\u00f0nast 2\u00deess 1.8<br \/>\n<b>4.18<\/b> Ef hinn r\u00e9ttl\u00e1ti &#8230; Okv 11.31<br \/>\n<b>4.19<\/b> Fela sig skaparanum Slm 31.6; L\u00fak 23.46<\/div>\n","protected":false},"excerpt":{"rendered":"<p>1Eins og \u00fev\u00ed Kristur lei\u00f0 l\u00edkamlega, svo skulu\u00f0 \u00fe\u00e9r og herkl\u00e6\u00f0ast sama hugarfari. S\u00e1 sem hefur li\u00f0i\u00f0 l\u00edkamlega, er skilinn vi\u00f0 synd,2hann lifir ekki framar \u00ed mannlegum f\u00fdsnum, heldur lifir hann t\u00edmann, sem eftir er, a\u00f0 vilja Gu\u00f0s.3N\u00f3gu lengi hafi\u00f0 \u00fe\u00e9r gj\u00f6rt vilja hei\u00f0ingjanna og lifa\u00f0 \u00ed saurlifna\u00f0i, girndum, ofdrykkju, \u00f3h\u00f3fi, samdrykkjum og sv\u00edvir\u00f0ilegri skur\u00f0go\u00f0ad\u00fdrkun.4&#8222;N\u00fa fur\u00f0ar \u00fe\u00e1, a\u00f0 \u00fe\u00e9r hlaupi\u00f0 ekki me\u00f0 \u00feeim \u00fat \u00ed hi\u00f0 sama spillingard\u00edki; og \u00feeir hallm\u00e6la y\u00f0ur.&#8220;5En \u00feeir munu ver\u00f0a a\u00f0 gj\u00f6ra reikningsskil \u00feeim, sem rei\u00f0ub\u00fainn er a\u00f0 d\u00e6ma lifendur og dau\u00f0a.6\u00dev\u00ed a\u00f0 til \u00feess var og dau\u00f0um bo\u00f0a\u00f0 fagna\u00f0arerindi\u00f0, a\u00f0 \u00feeir, \u00fe\u00f3tt d\u00e6mdir v\u00e6ru <a href=\"https:\/\/biblian.is\/1981\/fyrra-petursbref-4-kafli\/\"> [&#8230;]<\/a><\/p>\n","protected":false},"author":1,"featured_media":0,"parent":0,"menu_order":0,"comment_status":"open","ping_status":"open","template":"bibliukaflar.php","meta":{"footnotes":""},"class_list":["post-2502","page","type-page","status-publish","hentry"],"_links":{"self":[{"href":"https:\/\/biblian.is\/1981\/wp-json\/wp\/v2\/pages\/2502","targetHints":{"allow":["GET"]}}],"collection":[{"href":"https:\/\/biblian.is\/1981\/wp-json\/wp\/v2\/pages"}],"about":[{"href":"https:\/\/biblian.is\/1981\/wp-json\/wp\/v2\/types\/page"}],"author":[{"embeddable":true,"href":"https:\/\/biblian.is\/1981\/wp-json\/wp\/v2\/users\/1"}],"replies":[{"embeddable":true,"href":"https:\/\/biblian.is\/1981\/wp-json\/wp\/v2\/comments?post=2502"}],"version-history":[{"count":0,"href":"https:\/\/biblian.is\/1981\/wp-json\/wp\/v2\/pages\/2502\/revisions"}],"wp:attachment":[{"href":"https:\/\/biblian.is\/1981\/wp-json\/wp\/v2\/media?parent=2502"}],"curies":[{"name":"wp","href":"https:\/\/api.w.org\/{rel}","templated":true}]}}