{"id":2501,"date":"2017-11-18T20:22:01","date_gmt":"2017-11-18T20:22:01","guid":{"rendered":"http:\/\/biblian.is\/1981\/fyrra-petursbref-3-kafli\/"},"modified":"2021-06-06T10:56:50","modified_gmt":"2021-06-06T10:56:50","slug":"fyrra-petursbref-3-kafli","status":"publish","type":"page","link":"https:\/\/biblian.is\/1981\/fyrra-petursbref-3-kafli\/","title":{"rendered":"Fyrra P\u00e9tursbr\u00e9f 3. kafli"},"content":{"rendered":"<p><a name=\"1\"><span class=\"versanumer\">1<\/span><\/a>Eins skulu\u00f0 \u00fe\u00e9r, eiginkonur, vera undirgefnar eiginm\u00f6nnum y\u00f0ar, til \u00feess a\u00f0 jafnvel \u00feeir, sem vilja ekki hl\u00fd\u00f0a or\u00f0inu, geti unnist or\u00f0alaust vi\u00f0 heg\u00f0un kvenna sinna,<a name=\"2\"><span class=\"versanumer\">2<\/span><\/a>\u00feegar \u00feeir sj\u00e1 y\u00f0ar grandv\u00f6ru og sk\u00edrl\u00edfu heg\u00f0un.<a name=\"3\"><span class=\"versanumer\">3<\/span><\/a>Skart y\u00f0ar s\u00e9 ekki ytra skart, h\u00e1rgrei\u00f0slur, gullskraut og vi\u00f0hafnarb\u00faningur,<a name=\"4\"><span class=\"versanumer\">4<\/span><\/a>heldur s\u00e9 \u00fea\u00f0 hinn huldi ma\u00f0ur hjartans \u00ed \u00f3forgengilegum b\u00faningi h\u00f3gv\u00e6rs og kyrrl\u00e1ts anda. \u00dea\u00f0 er d\u00fdrm\u00e6tt \u00ed augum Gu\u00f0s.<a name=\"5\"><span class=\"versanumer\">5<\/span><\/a>\u00deannig skreyttu sig einnig for\u00f0um hinar helgu konur, er settu von s\u00edna til Gu\u00f0s. \u00de\u00e6r voru eiginm\u00f6nnum s\u00ednum undirgefnar,<a name=\"6\"><span class=\"versanumer\">6<\/span><\/a>eins og Sara hl\u00fdddi Abraham og kalla\u00f0i hann herra. Og b\u00f6rn hennar eru\u00f0 \u00fe\u00e9r or\u00f0nar, er \u00fe\u00e9r heg\u00f0i\u00f0 y\u00f0ur vel og l\u00e1ti\u00f0 ekkert skelfa y\u00f0ur.<a name=\"7\"><span class=\"versanumer\">7<\/span><\/a>Og \u00fe\u00e9r eiginmenn, b\u00fai\u00f0 me\u00f0 skynsemi saman vi\u00f0 konur y\u00f0ar sem veikari ker og veiti\u00f0 \u00feeim vir\u00f0ingu, \u00fev\u00ed a\u00f0 \u00fe\u00e6r munu erfa me\u00f0 y\u00f0ur n\u00e1\u00f0ina og l\u00edfi\u00f0. \u00de\u00e1 hindrast b\u00e6nir y\u00f0ar ekki.<a name=\"8\"><span class=\"versanumer\">8<\/span><\/a>A\u00f0 lokum, veri\u00f0 allir samhuga, hluttekningarsamir, br\u00f3\u00f0urelskir, miskunnsamir, au\u00f0mj\u00fakir.<a name=\"9\"><span class=\"versanumer\">9<\/span><\/a>Gjaldi\u00f0 ekki illt fyrir illt e\u00f0a illm\u00e6li fyrir illm\u00e6li, heldur \u00fevert \u00e1 m\u00f3ti blessi\u00f0, \u00fev\u00ed a\u00f0 \u00fe\u00e9r eru\u00f0 til \u00feess kalla\u00f0ir a\u00f0 erfa blessunina.<a name=\"10\"><span class=\"versanumer\">10<\/span><\/a>S\u00e1 sem vill elska l\u00edfi\u00f0 og sj\u00e1 g\u00f3\u00f0a daga, haldi tungu sinni fr\u00e1 vondu og v\u00f6rum s\u00ednum fr\u00e1 a\u00f0 m\u00e6la svik.<a name=\"11\"><span class=\"versanumer\">11<\/span><\/a>Hann snei\u00f0i hj\u00e1 illu og gj\u00f6ri gott, \u00e1stundi fri\u00f0 og keppi eftir honum.<a name=\"12\"><span class=\"versanumer\">12<\/span><\/a>\u00dev\u00ed a\u00f0 augu Drottins eru yfir hinum r\u00e9ttl\u00e1tu og eyru hans hneigjast a\u00f0 b\u00e6num \u00feeirra. En auglit Drottins er gegn \u00feeim, sem illt gj\u00f6ra.<a name=\"13\"><span class=\"versanumer\">13<\/span><\/a>Hver er s\u00e1, er mun gj\u00f6ra y\u00f0ur illt, ef \u00fe\u00e9r kappkosti\u00f0 \u00fea\u00f0 sem gott er?<a name=\"14\"><span class=\"versanumer\">14<\/span><\/a>En \u00fe\u00f3tt \u00fe\u00e9r skyldu\u00f0 l\u00ed\u00f0a illt fyrir r\u00e9ttl\u00e6tis sakir, \u00fe\u00e1 eru\u00f0 \u00fe\u00e9r s\u00e6lir. Hr\u00e6\u00f0ist eigi og skelfist eigi fyrir neinum.<a name=\"15\"><span class=\"versanumer\">15<\/span><\/a>En helgi\u00f0 Krist sem Drottin \u00ed hj\u00f6rtum y\u00f0ar. Veri\u00f0 \u00e6t\u00ed\u00f0 rei\u00f0ub\u00fanir a\u00f0 svara hverjum manni sem krefst raka hj\u00e1 y\u00f0ur fyrir voninni, sem \u00ed y\u00f0ur er.<a name=\"16\"><span class=\"versanumer\">16<\/span><\/a>En gj\u00f6ri\u00f0 \u00fea\u00f0 me\u00f0 h\u00f3gv\u00e6r\u00f0 og vir\u00f0ingu, og hafi\u00f0 g\u00f3\u00f0a samvisku, til \u00feess a\u00f0 \u00feeir, sem lasta g\u00f3\u00f0a heg\u00f0un y\u00f0ar sem kristinna manna, ver\u00f0i s\u00e9r til skammar \u00ed \u00fev\u00ed, sem \u00feeir m\u00e6la gegn y\u00f0ur.<a name=\"17\"><span class=\"versanumer\">17<\/span><\/a>\u00dev\u00ed a\u00f0 \u00fea\u00f0 er betra, ef Gu\u00f0 vill svo vera l\u00e1ta, a\u00f0 \u00fe\u00e9r l\u00ed\u00f0i\u00f0 fyrir a\u00f0 breyta vel, heldur en fyrir a\u00f0 breyta illa.<a name=\"18\"><span class=\"versanumer\">18<\/span><\/a>Kristur d\u00f3 \u00ed eitt skipti fyrir \u00f6ll fyrir syndir, r\u00e9ttl\u00e1tur fyrir rangl\u00e1ta, til \u00feess a\u00f0 hann g\u00e6ti leitt y\u00f0ur til Gu\u00f0s. Hann var deyddur a\u00f0 l\u00edkamanum til, en lifandi gj\u00f6r\u00f0ur \u00ed anda.<a name=\"19\"><span class=\"versanumer\">19<\/span><\/a>\u00cd andanum f\u00f3r hann einnig og pr\u00e9dika\u00f0i fyrir \u00f6ndunum \u00ed var\u00f0haldi.<a name=\"20\"><span class=\"versanumer\">20<\/span><\/a>\u00deeir h\u00f6f\u00f0u \u00f3hl\u00fd\u00f0nast fyrrum, \u00feegar Gu\u00f0 s\u00fdndi langlyndi og bei\u00f0 \u00e1 d\u00f6gum N\u00f3a me\u00f0an \u00f6rkin var \u00ed sm\u00ed\u00f0um. \u00cd henni frelsu\u00f0ust f\u00e1einar \u00fea\u00f0 er \u00e1tta s\u00e1lir \u00ed vatni.<a name=\"21\"><span class=\"versanumer\">21<\/span><\/a>Me\u00f0 \u00fev\u00ed var sk\u00edrnin fyrirmyndu\u00f0, sem n\u00fa einnig frelsar y\u00f0ur, h\u00fan sem ekki er hreinsun \u00f3hreininda \u00e1 l\u00edkamanum, heldur b\u00e6n til Gu\u00f0s um g\u00f3\u00f0a samvisku fyrir upprisu Jes\u00fa Krists,<a name=\"22\"><span class=\"versanumer\">22<\/span><\/a>sem uppstiginn til himna, situr Gu\u00f0i \u00e1 h\u00e6gri h\u00f6nd, en englar, v\u00f6ld og kraftar eru undir hann lag\u00f0ir.<\/p>\n<div class=\"footnote1981\"><b>3.1<\/b> Til kristinna eiginkvenna Ef 5.22; K\u00f3l 3.18; T\u00edt 2.5<br \/>\n<b>3.3<\/b> Skart 1T\u00edm 2.9<br \/>\n<b>3.6<\/b> Sara og herra hennar 1M\u00f3s 18.12<br \/>\n<b>3.7<\/b> Til kristinna eiginmanna Ef 5.25; K\u00f3l 3.19<br \/>\n<b>3.9<\/b> Ekki illt me\u00f0 illu Matt 5.44; 1\u00deess 5.15; 1P\u00e9t 2.23<br \/>\n<b>3.10-12<\/b> S\u00e1 sem vill elska &#8230; Slm 34.13-17<br \/>\n<b>3.14<\/b> S\u00e6l Matt 5.11-12; 1P\u00e9t 2.20; 4.14 \u2013 hr\u00e6\u00f0ist eigi Jes 8.12-13<br \/>\n<b>3.15<\/b> Rei\u00f0ub\u00fain til svara L\u00fak 12.11; 21.14<br \/>\n<b>3.18<\/b> \u00cd eitt skipti fyrir \u00f6ll R\u00f3m 6.10; Heb 9.28; 10.10 \u2013 leitt ykkur til Gu\u00f0s Ef 2.18 \u2013 lifandi ger \u00ed anda sbr R\u00f3m 1.4+ ; 1T\u00edm 3.16<br \/>\n<b>3.19<\/b> Pr\u00e9dika Matt 3.1+ ; 24.14+ ; Mrk 1.4+ ; sbr 1P\u00e9t 4.6 \u2013 til andanna \u00ed var\u00f0haldi sbr R\u00f3m 10.7; Ef 4.8-10<br \/>\n<b>3.20<\/b> \u00d3hl\u00fd\u00f0nast 1M\u00f3s 6.1-7 \u2013 \u00f6rkin 1M\u00f3s 6.13-22<br \/>\n<b>3.21<\/b> Hreinsun, g\u00f3\u00f0 samviska sbr Heb 10.22 \u2013 upprisa Krists og s\u00e1luhj\u00e1lp 1P\u00e9t 1.3<br \/>\n<b>3.22<\/b> Gu\u00f0i \u00e1 h\u00e6gri h\u00f6nd &#8230; undir hann lag\u00f0ir Ef 1.20-22; Fil 2.9-11 \u2013 v\u00f6ld og kraftar K\u00f3l 1.16<\/div>\n","protected":false},"excerpt":{"rendered":"<p>1Eins skulu\u00f0 \u00fe\u00e9r, eiginkonur, vera undirgefnar eiginm\u00f6nnum y\u00f0ar, til \u00feess a\u00f0 jafnvel \u00feeir, sem vilja ekki hl\u00fd\u00f0a or\u00f0inu, geti unnist or\u00f0alaust vi\u00f0 heg\u00f0un kvenna sinna,2\u00feegar \u00feeir sj\u00e1 y\u00f0ar grandv\u00f6ru og sk\u00edrl\u00edfu heg\u00f0un.3Skart y\u00f0ar s\u00e9 ekki ytra skart, h\u00e1rgrei\u00f0slur, gullskraut og vi\u00f0hafnarb\u00faningur,4heldur s\u00e9 \u00fea\u00f0 hinn huldi ma\u00f0ur hjartans \u00ed \u00f3forgengilegum b\u00faningi h\u00f3gv\u00e6rs og kyrrl\u00e1ts anda. \u00dea\u00f0 er d\u00fdrm\u00e6tt \u00ed augum Gu\u00f0s.5\u00deannig skreyttu sig einnig for\u00f0um hinar helgu konur, er settu von s\u00edna til Gu\u00f0s. \u00de\u00e6r voru eiginm\u00f6nnum s\u00ednum undirgefnar,6eins og Sara hl\u00fdddi Abraham og kalla\u00f0i hann herra. Og b\u00f6rn hennar eru\u00f0 \u00fe\u00e9r or\u00f0nar, er \u00fe\u00e9r heg\u00f0i\u00f0 y\u00f0ur vel og l\u00e1ti\u00f0 ekkert <a href=\"https:\/\/biblian.is\/1981\/fyrra-petursbref-3-kafli\/\"> [&#8230;]<\/a><\/p>\n","protected":false},"author":1,"featured_media":0,"parent":0,"menu_order":0,"comment_status":"open","ping_status":"open","template":"bibliukaflar.php","meta":{"footnotes":""},"class_list":["post-2501","page","type-page","status-publish","hentry"],"_links":{"self":[{"href":"https:\/\/biblian.is\/1981\/wp-json\/wp\/v2\/pages\/2501","targetHints":{"allow":["GET"]}}],"collection":[{"href":"https:\/\/biblian.is\/1981\/wp-json\/wp\/v2\/pages"}],"about":[{"href":"https:\/\/biblian.is\/1981\/wp-json\/wp\/v2\/types\/page"}],"author":[{"embeddable":true,"href":"https:\/\/biblian.is\/1981\/wp-json\/wp\/v2\/users\/1"}],"replies":[{"embeddable":true,"href":"https:\/\/biblian.is\/1981\/wp-json\/wp\/v2\/comments?post=2501"}],"version-history":[{"count":0,"href":"https:\/\/biblian.is\/1981\/wp-json\/wp\/v2\/pages\/2501\/revisions"}],"wp:attachment":[{"href":"https:\/\/biblian.is\/1981\/wp-json\/wp\/v2\/media?parent=2501"}],"curies":[{"name":"wp","href":"https:\/\/api.w.org\/{rel}","templated":true}]}}