{"id":2499,"date":"2017-11-18T20:22:01","date_gmt":"2017-11-18T20:22:01","guid":{"rendered":"http:\/\/biblian.is\/1981\/fyrra-petursbref-1-kafli\/"},"modified":"2021-06-06T10:56:50","modified_gmt":"2021-06-06T10:56:50","slug":"fyrra-petursbref-1-kafli","status":"publish","type":"page","link":"https:\/\/biblian.is\/1981\/fyrra-petursbref-1-kafli\/","title":{"rendered":"Fyrra P\u00e9tursbr\u00e9f 1. kafli"},"content":{"rendered":"<p><a name=\"1\"><span class=\"versanumer\">1<\/span><\/a>P\u00e9tur postuli Jes\u00fa Krists heilsar hinum \u00fatv\u00f6ldu, sem eru dreif\u00f0ir sem \u00fatlendingar \u00ed Pontus, Galat\u00edu, Kappad\u00f3k\u00edu, As\u00edu og Bi\u00fe\u00fdn\u00edu,<a name=\"2\"><span class=\"versanumer\">2<\/span><\/a>en \u00fatvaldir samkv\u00e6mt fyrirvitund Gu\u00f0s f\u00f6\u00f0ur og helga\u00f0ir af anda hans til a\u00f0 hl\u00fd\u00f0nast Jes\u00fa Kristi og ver\u00f0a hreinsa\u00f0ir me\u00f0 bl\u00f3\u00f0i hans. N\u00e1\u00f0 og fri\u00f0ur margfaldist me\u00f0 y\u00f0ur.<a name=\"3\"><span class=\"versanumer\">3<\/span><\/a>Lofa\u00f0ur s\u00e9 Gu\u00f0 og fa\u00f0ir Drottins vors Jes\u00fa Krists, sem eftir mikilli miskunn sinni hefur endurf\u00e6tt oss til lifandi vonar fyrir upprisu Jes\u00fa Krists fr\u00e1 dau\u00f0um,<a name=\"4\"><span class=\"versanumer\">4<\/span><\/a>til \u00f3forgengilegrar, flekklausrar og \u00f3f\u00f6lnandi arfleif\u00f0ar, sem y\u00f0ur er geymd \u00e1 himnum.<a name=\"5\"><span class=\"versanumer\">5<\/span><\/a>Kraftur Gu\u00f0s var\u00f0veitir y\u00f0ur fyrir tr\u00fana til \u00feess a\u00f0 \u00fe\u00e9r geti\u00f0 \u00f6\u00f0last hj\u00e1lpr\u00e6\u00f0i\u00f0, sem er \u00feess alb\u00fai\u00f0 a\u00f0 opinberast \u00e1 s\u00ed\u00f0asta t\u00edma.<a name=\"6\"><span class=\"versanumer\">6<\/span><\/a>Fagni\u00f0 \u00fev\u00ed, \u00fe\u00f3tt \u00fe\u00e9r n\u00fa um skamma stund hafi\u00f0 or\u00f0i\u00f0 a\u00f0 hryggjast \u00ed margs konar raunum.<a name=\"7\"><span class=\"versanumer\">7<\/span><\/a>\u00dea\u00f0 er til \u00feess a\u00f0 tr\u00faarsta\u00f0festa y\u00f0ar, langtum d\u00fdrm\u00e6tari en forgengilegt gull, sem \u00fe\u00f3 stenst eldraunina, geti or\u00f0i\u00f0 y\u00f0ur til lofs og d\u00fdr\u00f0ar og hei\u00f0urs vi\u00f0 opinberun Jes\u00fa Krists.<a name=\"8\"><span class=\"versanumer\">8<\/span><\/a>\u00de\u00e9r hafi\u00f0 ekki s\u00e9\u00f0 hann, en elski\u00f0 hann \u00fe\u00f3. \u00de\u00e9r hafi\u00f0 hann ekki n\u00fa fyrir augum y\u00f0ar, en tr\u00fai\u00f0 samt \u00e1 hann og fagni\u00f0 me\u00f0 \u00f3umr\u00e6\u00f0ilegri og d\u00fdrlegri gle\u00f0i,<a name=\"9\"><span class=\"versanumer\">9<\/span><\/a>\u00feegar \u00fe\u00e9r eru\u00f0 a\u00f0 n\u00e1 takmarki tr\u00faar y\u00f0ar, frelsun s\u00e1lna y\u00f0ar.<a name=\"10\"><span class=\"versanumer\">10<\/span><\/a>\u00deessa frelsun k\u00f6nnu\u00f0u sp\u00e1mennirnir og ranns\u00f6ku\u00f0u vandlega \u00feegar \u00feeir t\u00f6lu\u00f0u um \u00fe\u00e1 n\u00e1\u00f0, sem y\u00f0ur mundi hlotnast.<a name=\"11\"><span class=\"versanumer\">11<\/span><\/a>\u00deeir ranns\u00f6ku\u00f0u, til hvers e\u00f0a hv\u00edl\u00edks t\u00edma andi Krists, sem \u00ed \u00feeim bj\u00f3, benti, \u00fe\u00e1 er hann vitna\u00f0i fyrirfram um p\u00edslir Krists og d\u00fdr\u00f0ina \u00fear \u00e1 eftir.<a name=\"12\"><span class=\"versanumer\">12<\/span><\/a>En \u00feeim var opinbera\u00f0, a\u00f0 eigi v\u00e6ri \u00fea\u00f0 fyrir sj\u00e1lfa \u00fe\u00e1, heldur fyrir y\u00f0ur, a\u00f0 \u00feeir \u00fej\u00f3nu\u00f0u a\u00f0 \u00feessu, sem y\u00f0ur er n\u00fa kunngj\u00f6rt af \u00feeim, sem bo\u00f0u\u00f0u y\u00f0ur fagna\u00f0arerindi\u00f0 \u00ed heil\u00f6gum anda, sem er sendur fr\u00e1 himni. Inn \u00ed \u00feetta f\u00fdsir jafnvel englana a\u00f0 skyggnast.<a name=\"13\"><span class=\"versanumer\">13<\/span><\/a>Gj\u00f6ri\u00f0 \u00fev\u00ed hugi y\u00f0ar vi\u00f0b\u00fana og vaki\u00f0. Setji\u00f0 alla von y\u00f0ar til \u00feeirrar n\u00e1\u00f0ar, sem y\u00f0ur mun veitast vi\u00f0 opinberun Jes\u00fa Krists.<a name=\"14\"><span class=\"versanumer\">14<\/span><\/a>Veri\u00f0 eins og hl\u00fd\u00f0in b\u00f6rn og l\u00e1ti\u00f0 eigi framar lifna\u00f0 y\u00f0ar m\u00f3tast af \u00feeim girndum, er \u00fe\u00e9r \u00e1\u00f0ur l\u00e9tu\u00f0 stj\u00f3rnast af \u00ed vanvisku y\u00f0ar.<a name=\"15\"><span class=\"versanumer\">15<\/span><\/a>Ver\u00f0i\u00f0 heldur sj\u00e1lfir heilagir \u00ed allri heg\u00f0un, eins og s\u00e1 er heilagur, sem y\u00f0ur hefur kalla\u00f0.<a name=\"16\"><span class=\"versanumer\">16<\/span><\/a>Rita\u00f0 er: Veri\u00f0 heilagir, \u00fev\u00ed \u00e9g er heilagur.<a name=\"17\"><span class=\"versanumer\">17<\/span><\/a>Fyrst \u00fe\u00e9r \u00e1kalli\u00f0 \u00feann sem f\u00f6\u00f0ur, er d\u00e6mir \u00e1n manngreinar\u00e1lits eftir verkum hvers eins, \u00fe\u00e1 gangi\u00f0 fram \u00ed gu\u00f0s\u00f3tta \u00fatleg\u00f0art\u00edma y\u00f0ar.<a name=\"18\"><span class=\"versanumer\">18<\/span><\/a>\u00de\u00e9r viti\u00f0, a\u00f0 \u00fe\u00e9r voru\u00f0 eigi leystir me\u00f0 hverfulum hlutum, silfri e\u00f0a gulli, fr\u00e1 f\u00e1n\u00fdtri heg\u00f0un y\u00f0ar, er \u00fe\u00e9r h\u00f6f\u00f0u\u00f0 a\u00f0 erf\u00f0um teki\u00f0 fr\u00e1 fe\u00f0rum y\u00f0ar,<a name=\"19\"><span class=\"versanumer\">19<\/span><\/a>heldur me\u00f0 bl\u00f3\u00f0i hins l\u00fdtalausa og \u00f3flekka\u00f0a lambs, me\u00f0 d\u00fdrm\u00e6tu bl\u00f3\u00f0i Krists.<a name=\"20\"><span class=\"versanumer\">20<\/span><\/a>Hann var \u00fatvalinn, \u00e1\u00f0ur en ver\u00f6ldin var grundv\u00f6llu\u00f0, en var opinbera\u00f0ur \u00ed lok t\u00edmanna vegna y\u00f0ar.<a name=\"21\"><span class=\"versanumer\">21<\/span><\/a>Fyrir hann tr\u00fai\u00f0 \u00fe\u00e9r \u00e1 Gu\u00f0, er vakti hann upp fr\u00e1 dau\u00f0um og gaf honum d\u00fdr\u00f0, svo a\u00f0 tr\u00fa y\u00f0ar skyldi jafnframt vera von til Gu\u00f0s.<a name=\"22\"><span class=\"versanumer\">22<\/span><\/a>\u00de\u00e9r hafi\u00f0 hreinsa\u00f0 y\u00f0ur me\u00f0 \u00fev\u00ed a\u00f0 hl\u00fd\u00f0a sannleikanum og beri\u00f0 hr\u00e6snislausa br\u00f3\u00f0urelsku \u00ed brj\u00f3sti. Elski\u00f0 \u00fev\u00ed hver annan af heilu hjarta.<a name=\"23\"><span class=\"versanumer\">23<\/span><\/a>\u00de\u00e9r eru\u00f0 endurf\u00e6ddir, ekki af forgengilegu s\u00e6\u00f0i, heldur \u00f3forgengilegu, fyrir or\u00f0 Gu\u00f0s, sem lifir og varir.<a name=\"24\"><span class=\"versanumer\">24<\/span><\/a>&#8222;\u00dev\u00ed a\u00f0: Allt hold er sem gras og \u00f6ll vegsemd \u00feess sem bl\u00f3m \u00e1 grasi; grasi\u00f0 skr\u00e6lnar og bl\u00f3mi\u00f0 fellur.&#8220;<a name=\"25\"><span class=\"versanumer\">25<\/span><\/a>En or\u00f0 Drottins varir a\u00f0 eil\u00edfu. Og \u00feetta or\u00f0 er fagna\u00f0arerindi\u00f0, sem y\u00f0ur hefur veri\u00f0 bo\u00f0a\u00f0.<\/p>\n<div class=\"footnote1981\"><b>1.1<\/b> Hin \u00fatv\u00f6ldu 1P\u00e9t 2.4,9; 5.13; sbr 1.15-16 \u2013 dreif\u00f0ir J\u00f3h 7.35; Jak 1.1 \u2013 Pontus Post 2.9; 18.2 \u2013 Galat\u00eda Post 16.6+ &#8211; Kappad\u00f3k\u00eda Post 2.9 \u2013 As\u00eda Post 19.10+ &#8211; Bi\u00fe\u00fdn\u00eda Post 16.7<br \/>\n<b>1.2<\/b> Samkv\u00e6mt fyrirvitund Gu\u00f0s R\u00f3m 8.29 \u2013 helgu\u00f0 af anda 2\u00deess 2.13 \u2013 hreinsast me\u00f0 bl\u00f3\u00f0i hans 2M\u00f3s 24.3-8; 3M\u00f3s 16.14-15; Heb 12.24 \u2013 n\u00e1\u00f0 og fri\u00f0ur margfaldist 2P\u00e9t 1.2; J\u00fad 2<br \/>\n<b>1.3<\/b> Lofa\u00f0ur s\u00e9 Gu\u00f0, fa\u00f0ir 2Kor 1.3; Ef 1.3 \u2013 endurf\u00e6\u00f0a 1P\u00e9t 1.23; sbr 2.2<br \/>\n<b>1.4<\/b> Arflei\u00f0 Matt 25.34<br \/>\n<b>1.5<\/b> Var\u00f0veitir J\u00f3h 10.28; 17.11<br \/>\n<b>1.6<\/b> Margs konar raunir Jak 1.2<br \/>\n<b>1.7<\/b> Tr\u00fafesti Job 23.10, Slm 66.10; Okv 17.3; Jak 1.3 \u2013 eldraun Jes 48.10; Sak 13.9; Mal 3.3; 1Kor 3.13 \u2013 lof, d\u00fdr\u00f0 og hei\u00f0ur Ef 1.6,12,16 \u2013 opinberun Jes\u00fa Krists 1P\u00e9t 1.13; 4.13<br \/>\n<b>1.8<\/b> Ekki n\u00fa fyrir augum J\u00f3h 20.29; 2Kor 5.7<br \/>\n<b>1.9<\/b> Takmark tr\u00faarinnar R\u00f3m 6.22<br \/>\n<b>1.10<\/b> Sp\u00e1mennirnir ranns\u00f6ku\u00f0u Matt 13.17; L\u00fak 10.24<br \/>\n<b>1.11<\/b> Sagt fyrir um p\u00edslir Krists Slm 22; Jes 53; L\u00fak 24.26; sbr 2P\u00e9t 1.19<br \/>\n<b>1.12<\/b> Bo\u00f0un fagna\u00f0arerindisins og heilagur andi Post 1.8; 1Kor 2.4; 1\u00deess 1.5 \u2013 englarnir og fagna\u00f0arerindi\u00f0 Ef 3.10<br \/>\n<b>1.13<\/b> Veri\u00f0 vi\u00f0b\u00fain L\u00fak 12.35+<br \/>\n<b>1.14<\/b> Hl\u00fd\u00f0in b\u00f6rn 1P\u00e9t 1.2,22; sbr 2.13,18; 3.1,5; 5.5 \u2013 l\u00e1ti\u00f0 ekki m\u00f3tast af &#8230; R\u00f3m 12.2; Ef 4.17-18 \u2013 stj\u00f3rnast af girndum Ef 2.3<br \/>\n<b>1.16<\/b> Veri\u00f0 heil\u00f6g &#8230; 3M\u00f3s 11.44-45; 19.2; 20.7<br \/>\n<b>1.17<\/b> \u00c1kalla sem f\u00f6\u00f0ur Slm 89.27; Jes 64.7; Jer 3.19; Matt 6.9; L\u00fak 11.2; sbr SSal 14.3; S\u00edr 23.4 \u2013 d\u00e6ma \u00e1n manngreinar\u00e1lits Post 10.34+ &#8211; eftir verkum hvers og eins Slm 28.4; 62.13; Okv 24.12; Jes 59.18; Jer 17.10; R\u00f3m 2.6; 1Kor 3.8; 2Kor 11.15; 2T\u00edm 4.14; Opb 2.23; 18.6; 20.12-13; 22.12<br \/>\n<b>1.18<\/b> Gu\u00f0 frelsar 5M\u00f3s 7.8; 15.15; Jes 41.14; 43.1 o.fl.; Slm 130.8; R\u00f3m 3.24; 1Kor 1.30; Ef 1.7; K\u00f3l 1.14<br \/>\n<b>1.19<\/b> Me\u00f0 d\u00fdrm\u00e6tu bl\u00f3\u00f0i Krists Post 20.28; Heb 9.12; 1P\u00e9t 1.2 \u2013 l\u00fdtalaus og \u00f3flekka\u00f0ur 2M\u00f3s 12.5<br \/>\n<b>1.20<\/b> \u00datvalinn Post 2.23 \u2013 fyrir sk\u00f6pun heims Ef 1.4<br \/>\n<b>1.21<\/b> Fyrir hann tr\u00fai\u00f0 \u00fei\u00f0 &#8230; J\u00f3h 14.6; R\u00f3m 5.1-2 \u2013 vakti Jes\u00fa upp fr\u00e1 dau\u00f0um R\u00f3m 4.24; 10.9<br \/>\n<b>1.22<\/b> Hl\u00fd\u00f0a sannleikanum R\u00f3m 1.5; 16.26 \u2013 elska hvert til annars J\u00f3h 13.34; R\u00f3m 12.10<br \/>\n<b>1.23<\/b> Endurf\u00e6dd J\u00f3h 1.13 \u2013 fyrir or\u00f0 Gu\u00f0s Heb 4.12 \u2013 lifir og varir Dan 6.27 \u2013 s\u00e6\u00f0i Matt 13.3-9,19 og hlst.<br \/>\n<b>1.24-25<\/b> Menn eru gras &#8230; Jes 40.6-8; sbr Jak 1.10-11<br \/>\n<b>1.25<\/b> Or\u00f0i\u00f0, fagna\u00f0arerindi\u00f0 sbr Jes 40.9<\/div>\n","protected":false},"excerpt":{"rendered":"<p>1P\u00e9tur postuli Jes\u00fa Krists heilsar hinum \u00fatv\u00f6ldu, sem eru dreif\u00f0ir sem \u00fatlendingar \u00ed Pontus, Galat\u00edu, Kappad\u00f3k\u00edu, As\u00edu og Bi\u00fe\u00fdn\u00edu,2en \u00fatvaldir samkv\u00e6mt fyrirvitund Gu\u00f0s f\u00f6\u00f0ur og helga\u00f0ir af anda hans til a\u00f0 hl\u00fd\u00f0nast Jes\u00fa Kristi og ver\u00f0a hreinsa\u00f0ir me\u00f0 bl\u00f3\u00f0i hans. N\u00e1\u00f0 og fri\u00f0ur margfaldist me\u00f0 y\u00f0ur.3Lofa\u00f0ur s\u00e9 Gu\u00f0 og fa\u00f0ir Drottins vors Jes\u00fa Krists, sem eftir mikilli miskunn sinni hefur endurf\u00e6tt oss til lifandi vonar fyrir upprisu Jes\u00fa Krists fr\u00e1 dau\u00f0um,4til \u00f3forgengilegrar, flekklausrar og \u00f3f\u00f6lnandi arfleif\u00f0ar, sem y\u00f0ur er geymd \u00e1 himnum.5Kraftur Gu\u00f0s var\u00f0veitir y\u00f0ur fyrir tr\u00fana til \u00feess a\u00f0 \u00fe\u00e9r geti\u00f0 \u00f6\u00f0last hj\u00e1lpr\u00e6\u00f0i\u00f0, sem er \u00feess alb\u00fai\u00f0 a\u00f0 opinberast <a href=\"https:\/\/biblian.is\/1981\/fyrra-petursbref-1-kafli\/\"> [&#8230;]<\/a><\/p>\n","protected":false},"author":1,"featured_media":0,"parent":0,"menu_order":0,"comment_status":"open","ping_status":"open","template":"bibliukaflar.php","meta":{"footnotes":""},"class_list":["post-2499","page","type-page","status-publish","hentry"],"_links":{"self":[{"href":"https:\/\/biblian.is\/1981\/wp-json\/wp\/v2\/pages\/2499","targetHints":{"allow":["GET"]}}],"collection":[{"href":"https:\/\/biblian.is\/1981\/wp-json\/wp\/v2\/pages"}],"about":[{"href":"https:\/\/biblian.is\/1981\/wp-json\/wp\/v2\/types\/page"}],"author":[{"embeddable":true,"href":"https:\/\/biblian.is\/1981\/wp-json\/wp\/v2\/users\/1"}],"replies":[{"embeddable":true,"href":"https:\/\/biblian.is\/1981\/wp-json\/wp\/v2\/comments?post=2499"}],"version-history":[{"count":0,"href":"https:\/\/biblian.is\/1981\/wp-json\/wp\/v2\/pages\/2499\/revisions"}],"wp:attachment":[{"href":"https:\/\/biblian.is\/1981\/wp-json\/wp\/v2\/media?parent=2499"}],"curies":[{"name":"wp","href":"https:\/\/api.w.org\/{rel}","templated":true}]}}