{"id":2497,"date":"2017-11-18T20:22:01","date_gmt":"2017-11-18T20:22:01","guid":{"rendered":"http:\/\/biblian.is\/1981\/jakobsbrefid-4-kafli\/"},"modified":"2021-06-06T10:45:14","modified_gmt":"2021-06-06T10:45:14","slug":"jakobsbrefid-4-kafli","status":"publish","type":"page","link":"https:\/\/biblian.is\/1981\/jakobsbrefid-4-kafli\/","title":{"rendered":"Jakobsbr\u00e9fi\u00f0 4. kafli"},"content":{"rendered":"<p><a name=\"1\"><span class=\"versanumer\">1<\/span><\/a>Af hverju koma str\u00ed\u00f0 og af hverju sennur me\u00f0al y\u00f0ar? Af hverju \u00f6\u00f0ru en girndum y\u00f0ar, sem heyja str\u00ed\u00f0 \u00ed limum y\u00f0ar?<a name=\"2\"><span class=\"versanumer\">2<\/span><\/a>\u00de\u00e9r girnist og f\u00e1i\u00f0 ekki, \u00fe\u00e9r drepi\u00f0 og \u00f6fundi\u00f0 og geti\u00f0 \u00fe\u00f3 ekki \u00f6\u00f0last. \u00de\u00e9r berjist og str\u00ed\u00f0i\u00f0. \u00de\u00e9r eigi\u00f0 ekki, af \u00fev\u00ed a\u00f0 \u00fe\u00e9r bi\u00f0ji\u00f0 ekki.<a name=\"3\"><span class=\"versanumer\">3<\/span><\/a>\u00de\u00e9r bi\u00f0ji\u00f0 og \u00f6\u00f0list ekki af \u00fev\u00ed a\u00f0 \u00fe\u00e9r bi\u00f0ji\u00f0 illa, \u00fe\u00e9r vilji\u00f0 s\u00f3a \u00fev\u00ed \u00ed muna\u00f0i!<a name=\"4\"><span class=\"versanumer\">4<\/span><\/a>\u00de\u00e9r \u00f3tr\u00fau, viti\u00f0 \u00fe\u00e9r ekki, a\u00f0 vin\u00e1tta vi\u00f0 heiminn er fjandskapur gegn Gu\u00f0i? Hver sem \u00fev\u00ed vill vera vinur heimsins, hann gj\u00f6rir sig a\u00f0 \u00f3vini Gu\u00f0s.<a name=\"5\"><span class=\"versanumer\">5<\/span><\/a>E\u00f0a haldi\u00f0 \u00fe\u00e9r a\u00f0 ritningin fari me\u00f0 h\u00e9g\u00f3ma, sem segir:  \u00der\u00e1ir Gu\u00f0 ekki me\u00f0 afbr\u00fd\u00f0i andann, sem hann gaf b\u00fasta\u00f0 \u00ed oss?<a name=\"6\"><span class=\"versanumer\">6<\/span><\/a>En \u00fev\u00ed meiri er n\u00e1\u00f0in, sem hann gefur. \u00deess vegna segir ritningin:  Gu\u00f0 stendur \u00ed gegn drambl\u00e1tum, en au\u00f0mj\u00fakum veitir hann n\u00e1\u00f0.<a name=\"7\"><span class=\"versanumer\">7<\/span><\/a>Gefi\u00f0 y\u00f0ur \u00fev\u00ed Gu\u00f0i \u00e1 vald, standi\u00f0 gegn dj\u00f6flinum, og \u00fe\u00e1 mun hann fl\u00fdja y\u00f0ur.<a name=\"8\"><span class=\"versanumer\">8<\/span><\/a>N\u00e1l\u00e6gi\u00f0 y\u00f0ur Gu\u00f0i, og \u00fe\u00e1 mun hann n\u00e1lgast y\u00f0ur. Hreinsi\u00f0 hendur y\u00f0ar, \u00fe\u00e9r syndarar, og gj\u00f6ri\u00f0 hj\u00f6rtun flekklaus, \u00fe\u00e9r tv\u00edlyndu.<a name=\"9\"><span class=\"versanumer\">9<\/span><\/a>Beri\u00f0 y\u00f0ur illa, syrgi\u00f0 og gr\u00e1ti\u00f0. Breyti\u00f0 hl\u00e1tri y\u00f0ar \u00ed sorg og gle\u00f0inni \u00ed hrygg\u00f0.<a name=\"10\"><span class=\"versanumer\">10<\/span><\/a>Au\u00f0m\u00fdki\u00f0 y\u00f0ur fyrir Drottni og hann mun upphefja y\u00f0ur.<a name=\"11\"><span class=\"versanumer\">11<\/span><\/a>Tali\u00f0 ekki illa hver um annan, br\u00e6\u00f0ur. S\u00e1 sem talar illa um br\u00f3\u00f0ur sinn e\u00f0a d\u00e6mir br\u00f3\u00f0ur sinn, talar illa um l\u00f6gm\u00e1li\u00f0 og d\u00e6mir l\u00f6gm\u00e1li\u00f0. En ef \u00fe\u00fa d\u00e6mir l\u00f6gm\u00e1li\u00f0, \u00fe\u00e1 ert \u00fe\u00fa ekki gj\u00f6randi l\u00f6gm\u00e1lsins, heldur d\u00f3mari.<a name=\"12\"><span class=\"versanumer\">12<\/span><\/a>Einn er l\u00f6ggjafinn og d\u00f3marinn, s\u00e1 sem getur frelsa\u00f0 og tort\u00edmt. En hver ert \u00fe\u00fa, sem d\u00e6mir n\u00e1ungann?<a name=\"13\"><span class=\"versanumer\">13<\/span><\/a>Heyri\u00f0, \u00fe\u00e9r sem segi\u00f0:  \u00cd dag e\u00f0a \u00e1 morgun skulum v\u00e9r fara til \u00feeirrar e\u00f0a \u00feeirrar borgar, dveljast \u00fear eitt \u00e1r og versla \u00fear og gr\u00e6\u00f0a!<a name=\"14\"><span class=\"versanumer\">14<\/span><\/a>\u00de\u00e9r viti\u00f0 ekki hvernig l\u00edf y\u00f0ar mun ver\u00f0a \u00e1 morgun. \u00dev\u00ed a\u00f0 \u00fe\u00e9r eru\u00f0 gufa, sem s\u00e9st um stutta stund en hverfur s\u00ed\u00f0an.<a name=\"15\"><span class=\"versanumer\">15<\/span><\/a>\u00cd sta\u00f0 \u00feess \u00e6ttu\u00f0 \u00fe\u00e9r a\u00f0 segja:  Ef Drottinn vill, \u00fe\u00e1 b\u00e6\u00f0i lifum v\u00e9r og \u00fe\u00e1 munum v\u00e9r gj\u00f6ra \u00feetta e\u00f0a anna\u00f0.<a name=\"16\"><span class=\"versanumer\">16<\/span><\/a>En n\u00fa st\u00e6ri\u00f0 \u00fe\u00e9r y\u00f0ur \u00ed ofl\u00e1tungsskap. Allt sl\u00edkt st\u00e6ril\u00e6ti er vont.<a name=\"17\"><span class=\"versanumer\">17<\/span><\/a>Hver sem \u00fev\u00ed hefur vit \u00e1 gott a\u00f0 gj\u00f6ra, en gj\u00f6rir \u00fea\u00f0 ekki, hann dr\u00fdgir synd.<\/p>\n<div class=\"footnote1981\"><b>4.1<\/b> Str\u00ed\u00f0 1P\u00e9t 2.11 \u2013 \u00ed limum ykkar R\u00f3m 7.23<br \/>\n<b>4.3<\/b> Bi\u00f0ja Jak 1.5; sbr 5.13-18<br \/>\n<b>4.4<\/b> \u00dei\u00f0 \u00f3tr\u00fau H\u00f3s 3.1; Matt 12.39; 16.4 \u2013 vin\u00e1tta vi\u00f0 heiminn 1J\u00f3h 2.15 \u2013 fjandskapur gegn Gu\u00f0i R\u00f3m 8.7<br \/>\n<b>4.5<\/b> Me\u00f0 afbr\u00fd\u00f0i 2M\u00f3s 20.5; sbr 1M\u00f3s 6.3<br \/>\n<b>4.6<\/b> Gu\u00f0 stendur \u00ed gegn &#8230; Okv 3.34; Matt 23.12; 1P\u00e9t 5.5<br \/>\n<b>4.7<\/b> Standa gegn dj\u00f6flinum Ef 6.12-13; 1P\u00e9t 5.8-9<br \/>\n<b>4.8<\/b> N\u00e1l\u00e6gi\u00f0 ykkur &#8230; Gu\u00f0 mun n\u00e1lgast Sak 1.3; Mal 3.7 \u2013 hreinsi\u00f0 hendur ykkar Jes 1.16 \u2013 geri\u00f0 hj\u00f6rtun flekklaus sbr Jak 1.26-27; Mrk 5.8 \u2013 tv\u00edlynd sbr Matt 6.2,5,16; 15.7-8<br \/>\n<b>4.10<\/b> Mun uphefja ykkur Job 5.11; 1P\u00e9t 5.6<br \/>\n<b>4.11<\/b> Tala illa um sbr Jak 1.26; 3.9-10<br \/>\n<b>4.12<\/b> \u00de\u00fa sem d\u00e6mir R\u00f3m 2.1; 14.4<br \/>\n<b>4.13-14<\/b> \u00c1form Okv 27.1; L\u00fak 12.18-20<br \/>\n<b>4.15<\/b> Drottinn vill Post 18.21; R\u00f3m 1.10; 1Kor 4.19<br \/>\n<b>4.17<\/b> Vita en gera ekki L\u00fak 12.47<\/div>\n","protected":false},"excerpt":{"rendered":"<p>1Af hverju koma str\u00ed\u00f0 og af hverju sennur me\u00f0al y\u00f0ar? Af hverju \u00f6\u00f0ru en girndum y\u00f0ar, sem heyja str\u00ed\u00f0 \u00ed limum y\u00f0ar?2\u00de\u00e9r girnist og f\u00e1i\u00f0 ekki, \u00fe\u00e9r drepi\u00f0 og \u00f6fundi\u00f0 og geti\u00f0 \u00fe\u00f3 ekki \u00f6\u00f0last. \u00de\u00e9r berjist og str\u00ed\u00f0i\u00f0. \u00de\u00e9r eigi\u00f0 ekki, af \u00fev\u00ed a\u00f0 \u00fe\u00e9r bi\u00f0ji\u00f0 ekki.3\u00de\u00e9r bi\u00f0ji\u00f0 og \u00f6\u00f0list ekki af \u00fev\u00ed a\u00f0 \u00fe\u00e9r bi\u00f0ji\u00f0 illa, \u00fe\u00e9r vilji\u00f0 s\u00f3a \u00fev\u00ed \u00ed muna\u00f0i!4\u00de\u00e9r \u00f3tr\u00fau, viti\u00f0 \u00fe\u00e9r ekki, a\u00f0 vin\u00e1tta vi\u00f0 heiminn er fjandskapur gegn Gu\u00f0i? Hver sem \u00fev\u00ed vill vera vinur heimsins, hann gj\u00f6rir sig a\u00f0 \u00f3vini Gu\u00f0s.5E\u00f0a haldi\u00f0 \u00fe\u00e9r a\u00f0 ritningin fari me\u00f0 h\u00e9g\u00f3ma, sem segir: \u00der\u00e1ir Gu\u00f0 <a href=\"https:\/\/biblian.is\/1981\/jakobsbrefid-4-kafli\/\"> [&#8230;]<\/a><\/p>\n","protected":false},"author":1,"featured_media":0,"parent":0,"menu_order":0,"comment_status":"open","ping_status":"open","template":"bibliukaflar.php","meta":{"footnotes":""},"class_list":["post-2497","page","type-page","status-publish","hentry"],"_links":{"self":[{"href":"https:\/\/biblian.is\/1981\/wp-json\/wp\/v2\/pages\/2497","targetHints":{"allow":["GET"]}}],"collection":[{"href":"https:\/\/biblian.is\/1981\/wp-json\/wp\/v2\/pages"}],"about":[{"href":"https:\/\/biblian.is\/1981\/wp-json\/wp\/v2\/types\/page"}],"author":[{"embeddable":true,"href":"https:\/\/biblian.is\/1981\/wp-json\/wp\/v2\/users\/1"}],"replies":[{"embeddable":true,"href":"https:\/\/biblian.is\/1981\/wp-json\/wp\/v2\/comments?post=2497"}],"version-history":[{"count":0,"href":"https:\/\/biblian.is\/1981\/wp-json\/wp\/v2\/pages\/2497\/revisions"}],"wp:attachment":[{"href":"https:\/\/biblian.is\/1981\/wp-json\/wp\/v2\/media?parent=2497"}],"curies":[{"name":"wp","href":"https:\/\/api.w.org\/{rel}","templated":true}]}}