{"id":2493,"date":"2017-11-18T20:22:01","date_gmt":"2017-11-18T20:22:01","guid":{"rendered":"http:\/\/biblian.is\/1981\/hebreabrefid-13-kafli\/"},"modified":"2017-11-18T20:22:01","modified_gmt":"2017-11-18T20:22:01","slug":"hebreabrefid-13-kafli","status":"publish","type":"page","link":"https:\/\/biblian.is\/1981\/hebreabrefid-13-kafli\/","title":{"rendered":"Hebreabr\u00e9fi\u00f0 13. kafli"},"content":{"rendered":"<p><a name=\"1\"><span class=\"versanumer\">1<\/span><\/a>Br\u00f3\u00f0urk\u00e6rleikurinn haldist.<a name=\"2\"><span class=\"versanumer\">2<\/span><\/a>Gleymi\u00f0 ekki gestrisninni, \u00fev\u00ed a\u00f0 vegna hennar hafa sumir h\u00fdst engla \u00e1n \u00feess a\u00f0 vita.<a name=\"3\"><span class=\"versanumer\">3<\/span><\/a>Minnist bandingjanna, sem v\u00e6ru\u00f0 \u00fe\u00e9r sambandingjar \u00feeirra. Minnist \u00feeirra er illt l\u00ed\u00f0a, \u00fear sem \u00fe\u00e9r sj\u00e1lfir eru\u00f0 einnig me\u00f0 l\u00edkama.<a name=\"4\"><span class=\"versanumer\">4<\/span><\/a>Hj\u00faskapurinn s\u00e9 \u00ed hei\u00f0ri haf\u00f0ur \u00ed \u00f6llum greinum og hj\u00f3nas\u00e6ngin s\u00e9 \u00f3flekku\u00f0, \u00fev\u00ed a\u00f0 h\u00f3rkarla og frillul\u00edfismenn mun Gu\u00f0 d\u00e6ma.<a name=\"5\"><span class=\"versanumer\">5<\/span><\/a>S\u00fdni\u00f0 enga f\u00e9girni \u00ed heg\u00f0un y\u00f0ar, en l\u00e1ti\u00f0 y\u00f0ur n\u00e6gja \u00fea\u00f0, sem \u00fe\u00e9r hafi\u00f0. Gu\u00f0 hefur sj\u00e1lfur sagt: \u00c9g mun ekki sleppa af \u00fe\u00e9r hendinni n\u00e9 yfirgefa \u00feig.<a name=\"6\"><span class=\"versanumer\">6<\/span><\/a>\u00dev\u00ed getum v\u00e9r \u00f6ruggir sagt: Drottinn er minn hj\u00e1lpari, eigi mun \u00e9g \u00f3ttast. Hva\u00f0 geta mennirnir gj\u00f6rt m\u00e9r?<a name=\"7\"><span class=\"versanumer\">7<\/span><\/a>Veri\u00f0 minnugir lei\u00f0toga y\u00f0ar, sem Gu\u00f0s or\u00f0 hafa til y\u00f0ar tala\u00f0. Vir\u00f0i\u00f0 fyrir y\u00f0ur, hvernig \u00e6vi \u00feeirra lauk, og l\u00edki\u00f0 eftir tr\u00fa \u00feeirra.<a name=\"8\"><span class=\"versanumer\">8<\/span><\/a>Jes\u00fas Kristur er \u00ed g\u00e6r og \u00ed dag hinn sami og um aldir.<a name=\"9\"><span class=\"versanumer\">9<\/span><\/a>L\u00e1ti\u00f0 ekki afvegalei\u00f0a y\u00f0ur af \u00fdmislegum framandi kenningum. \u00dea\u00f0 er gott a\u00f0 hjarta\u00f0 styrkist vi\u00f0 n\u00e1\u00f0, ekki matar\u00e6\u00f0i. \u00deeir, sem sinntu sl\u00edku, h\u00f6f\u00f0u eigi happ af \u00fev\u00ed.<a name=\"10\"><span class=\"versanumer\">10<\/span><\/a>V\u00e9r h\u00f6fum altari, og hafa \u00feeir, er tjaldb\u00fa\u00f0inni \u00fej\u00f3na, ekki leyfi til a\u00f0 eta af \u00fev\u00ed.<a name=\"11\"><span class=\"versanumer\">11<\/span><\/a>\u00dev\u00ed a\u00f0 brennd eru fyrir utan herb\u00fa\u00f0irnar hr\u00e6 \u00feeirra d\u00fdra, sem \u00e6\u00f0sti presturinn ber bl\u00f3\u00f0i\u00f0 \u00far inn \u00ed helgid\u00f3minn til syndaf\u00f3rnar.<a name=\"12\"><span class=\"versanumer\">12<\/span><\/a>\u00deess vegna lei\u00f0 og Jes\u00fas fyrir utan hli\u00f0i\u00f0, til \u00feess a\u00f0 hann helga\u00f0i l\u00fd\u00f0inn me\u00f0 bl\u00f3\u00f0i s\u00ednu.<a name=\"13\"><span class=\"versanumer\">13<\/span><\/a>G\u00f6ngum \u00fev\u00ed til hans \u00fat fyrir herb\u00fa\u00f0irnar og berum vanvir\u00f0u hans.<a name=\"14\"><span class=\"versanumer\">14<\/span><\/a>\u00dev\u00ed a\u00f0 h\u00e9r h\u00f6fum v\u00e9r ekki borg er stendur, heldur leitum v\u00e9r hinnar komandi.<a name=\"15\"><span class=\"versanumer\">15<\/span><\/a>Fyrir hann skulum v\u00e9r \u00fev\u00ed \u00e1n afl\u00e1ts bera fram lofgj\u00f6r\u00f0arf\u00f3rn fyrir Gu\u00f0, \u00e1v\u00f6xt vara, er j\u00e1ta nafn hans.<a name=\"16\"><span class=\"versanumer\">16<\/span><\/a>En gleymi\u00f0 ekki velgj\u00f6r\u00f0aseminni og hj\u00e1lpseminni, \u00fev\u00ed a\u00f0 sl\u00edkar f\u00f3rnir eru Gu\u00f0i \u00fe\u00f3knanlegar.<a name=\"17\"><span class=\"versanumer\">17<\/span><\/a>Hl\u00fd\u00f0i\u00f0 lei\u00f0togum y\u00f0ar og veri\u00f0 \u00feeim eftirl\u00e1tir. \u00deeir vaka yfir s\u00e1lum y\u00f0ar og eiga a\u00f0 l\u00faka reikning fyrir \u00fe\u00e6r. Veri\u00f0 \u00feeim eftirl\u00e1tir til \u00feess a\u00f0 \u00feeir geti gj\u00f6rt \u00fea\u00f0 me\u00f0 gle\u00f0i, ekki andvarpandi. \u00dea\u00f0 v\u00e6ri y\u00f0ur til \u00f3gagns.<a name=\"18\"><span class=\"versanumer\">18<\/span><\/a>Bi\u00f0ji\u00f0 fyrir oss, \u00fev\u00ed a\u00f0 v\u00e9r erum \u00feess fullvissir, a\u00f0 v\u00e9r h\u00f6fum g\u00f3\u00f0a samvisku og viljum \u00ed \u00f6llum greinum breyta vel.<a name=\"19\"><span class=\"versanumer\">19<\/span><\/a>\u00c9g bi\u00f0 y\u00f0ur enn r\u00e6kilegar um a\u00f0 gj\u00f6ra \u00feetta, til \u00feess a\u00f0 \u00fe\u00e9r f\u00e1i\u00f0 mig br\u00e1tt aftur heimtan.<a name=\"20\"><span class=\"versanumer\">20<\/span><\/a>En Gu\u00f0 fri\u00f0arins, er leiddi hinn mikla hir\u00f0i sau\u00f0anna, Drottin vorn Jes\u00fa, upp fr\u00e1 dau\u00f0um me\u00f0 bl\u00f3\u00f0i eil\u00edfs s\u00e1ttm\u00e1la,<a name=\"21\"><span class=\"versanumer\">21<\/span><\/a>hann fullkomni y\u00f0ur \u00ed \u00f6llu g\u00f3\u00f0u til a\u00f0 gj\u00f6ra vilja hans og komi \u00fev\u00ed til lei\u00f0ar \u00ed oss, sem \u00fe\u00f3knanlegt er \u00ed hans augum, fyrir Jes\u00fa Krist. Honum s\u00e9 d\u00fdr\u00f0 um aldir alda. Amen.<a name=\"22\"><span class=\"versanumer\">22<\/span><\/a>\u00c9g bi\u00f0 y\u00f0ur, br\u00e6\u00f0ur, a\u00f0 \u00fe\u00e9r taki\u00f0 vel \u00feessum \u00e1minningaror\u00f0um. F\u00e1ort hef \u00e9g rita\u00f0 y\u00f0ur.<a name=\"23\"><span class=\"versanumer\">23<\/span><\/a>Vita skulu\u00f0 \u00fe\u00e9r, a\u00f0 br\u00f3\u00f0ir vor T\u00edm\u00f3teus hefur veri\u00f0 l\u00e1tinn laus og \u00e1samt honum mun \u00e9g heims\u00e6kja y\u00f0ur, komi hann br\u00e1\u00f0um.<a name=\"24\"><span class=\"versanumer\">24<\/span><\/a>Beri\u00f0 kve\u00f0ju \u00f6llum lei\u00f0togum y\u00f0ar og \u00f6llum heil\u00f6gum. Mennirnir fr\u00e1 \u00cdtal\u00edu senda y\u00f0ur kve\u00f0ju.<a name=\"25\"><span class=\"versanumer\">25<\/span><\/a>N\u00e1\u00f0 s\u00e9 me\u00f0 y\u00f0ur \u00f6llum.<\/p>\n<div class=\"footnote1981\"><b>13.1<\/b> Br\u00f3\u00f0urk\u00e6rleikur 1\u00deess 4.9; R\u00f3m 12.10; 1P\u00e9t 1.22; 2P\u00e9t 1.7; 1J\u00f3h 3.10-18<br \/>\n<b>13.2<\/b> Sumir hafa h\u00fdst engla 1M\u00f3s 18.1-8; 19.1-3; Tob 5-7<br \/>\n<b>13.3<\/b> Bandingjar Heb 10.34; 11.36<br \/>\n<b>13.4<\/b> Hj\u00faskapurinn s\u00e9 \u00ed hei\u00f0ri haf\u00f0ur Ef 5.5; 1Kor 6.13-19<br \/>\n<b>13.5<\/b> 5M\u00f3s 31.6<br \/>\n<b>13.6<\/b> Slm 118.6<br \/>\n<b>13.9<\/b> Matar\u00e6\u00f0i R\u00f3m 14.2-23; 1Kor 8.8; K\u00f3l 2.16-22; 1T\u00edm 4.3<br \/>\n<b>13.11<\/b> Fyrir utan herb\u00fa\u00f0irnar 3M\u00f3s 16.27<br \/>\n<b>13.12<\/b> Jes\u00fas deyddur fyrir utan borgina J\u00f3h 19.17,20<br \/>\n<b>13.13<\/b> Vanvir\u00f0a Krists Heb 11.26<br \/>\n<b>13.14<\/b> Hin komandi borg Heb 11.16<br \/>\n<b>13.15<\/b> Lofgj\u00f6r\u00f0arf\u00f3rn 2Kro 29.3; Slm 50.14,23 \u2013 \u00e1v\u00f6xtur vara H\u00f3s 14.3<br \/>\n<b>13.17<\/b> Hl\u00fd\u00f0i\u00f0 lei\u00f0togum y\u00f0ar Heb 13.7; 1\u00deess 5.12<br \/>\n<b>13.20<\/b> Sbr Jes 63.11 \u2013 bl\u00f3\u00f0 s\u00e1ttm\u00e1lans Heb 9.20+ &#8211; eil\u00edfur s\u00e1ttm\u00e1li Jes 55.3; 61.8; Jer 32.40; Esk 37.26<br \/>\n<b>13.23<\/b> T\u00edm\u00f3teus Post 16.1+<\/div>\n","protected":false},"excerpt":{"rendered":"<p>1Br\u00f3\u00f0urk\u00e6rleikurinn haldist.2Gleymi\u00f0 ekki gestrisninni, \u00fev\u00ed a\u00f0 vegna hennar hafa sumir h\u00fdst engla \u00e1n \u00feess a\u00f0 vita.3Minnist bandingjanna, sem v\u00e6ru\u00f0 \u00fe\u00e9r sambandingjar \u00feeirra. Minnist \u00feeirra er illt l\u00ed\u00f0a, \u00fear sem \u00fe\u00e9r sj\u00e1lfir eru\u00f0 einnig me\u00f0 l\u00edkama.4Hj\u00faskapurinn s\u00e9 \u00ed hei\u00f0ri haf\u00f0ur \u00ed \u00f6llum greinum og hj\u00f3nas\u00e6ngin s\u00e9 \u00f3flekku\u00f0, \u00fev\u00ed a\u00f0 h\u00f3rkarla og frillul\u00edfismenn mun Gu\u00f0 d\u00e6ma.5S\u00fdni\u00f0 enga f\u00e9girni \u00ed heg\u00f0un y\u00f0ar, en l\u00e1ti\u00f0 y\u00f0ur n\u00e6gja \u00fea\u00f0, sem \u00fe\u00e9r hafi\u00f0. Gu\u00f0 hefur sj\u00e1lfur sagt: \u00c9g mun ekki sleppa af \u00fe\u00e9r hendinni n\u00e9 yfirgefa \u00feig.6\u00dev\u00ed getum v\u00e9r \u00f6ruggir sagt: Drottinn er minn hj\u00e1lpari, eigi mun \u00e9g \u00f3ttast. Hva\u00f0 geta mennirnir gj\u00f6rt m\u00e9r?7Veri\u00f0 minnugir lei\u00f0toga <a href=\"https:\/\/biblian.is\/1981\/hebreabrefid-13-kafli\/\"> [&#8230;]<\/a><\/p>\n","protected":false},"author":1,"featured_media":0,"parent":0,"menu_order":0,"comment_status":"open","ping_status":"open","template":"bibliukaflar.php","meta":{"footnotes":""},"class_list":["post-2493","page","type-page","status-publish","hentry"],"_links":{"self":[{"href":"https:\/\/biblian.is\/1981\/wp-json\/wp\/v2\/pages\/2493","targetHints":{"allow":["GET"]}}],"collection":[{"href":"https:\/\/biblian.is\/1981\/wp-json\/wp\/v2\/pages"}],"about":[{"href":"https:\/\/biblian.is\/1981\/wp-json\/wp\/v2\/types\/page"}],"author":[{"embeddable":true,"href":"https:\/\/biblian.is\/1981\/wp-json\/wp\/v2\/users\/1"}],"replies":[{"embeddable":true,"href":"https:\/\/biblian.is\/1981\/wp-json\/wp\/v2\/comments?post=2493"}],"version-history":[{"count":0,"href":"https:\/\/biblian.is\/1981\/wp-json\/wp\/v2\/pages\/2493\/revisions"}],"wp:attachment":[{"href":"https:\/\/biblian.is\/1981\/wp-json\/wp\/v2\/media?parent=2493"}],"curies":[{"name":"wp","href":"https:\/\/api.w.org\/{rel}","templated":true}]}}