{"id":2491,"date":"2017-11-18T20:22:01","date_gmt":"2017-11-18T20:22:01","guid":{"rendered":"http:\/\/biblian.is\/1981\/hebreabrefid-11-kafli\/"},"modified":"2017-11-18T20:22:01","modified_gmt":"2017-11-18T20:22:01","slug":"hebreabrefid-11-kafli","status":"publish","type":"page","link":"https:\/\/biblian.is\/1981\/hebreabrefid-11-kafli\/","title":{"rendered":"Hebreabr\u00e9fi\u00f0 11. kafli"},"content":{"rendered":"<p><a name=\"1\"><span class=\"versanumer\">1<\/span><\/a>Tr\u00fain er fullvissa um \u00fea\u00f0, sem menn vona, sannf\u00e6ring um \u00fe\u00e1 hluti, sem eigi er au\u00f0i\u00f0 a\u00f0 sj\u00e1.<a name=\"2\"><span class=\"versanumer\">2<\/span><\/a>Fyrir hana fengu mennirnir fyrr \u00e1 t\u00ed\u00f0um g\u00f3\u00f0an vitnisbur\u00f0.<a name=\"3\"><span class=\"versanumer\">3<\/span><\/a>Fyrir tr\u00fa skiljum v\u00e9r, a\u00f0 heimarnir eru gj\u00f6r\u00f0ir me\u00f0 or\u00f0i Gu\u00f0s og a\u00f0 hi\u00f0 s\u00fdnilega hefur ekki or\u00f0i\u00f0 til af \u00fev\u00ed, er s\u00e9\u00f0 var\u00f0.<a name=\"4\"><span class=\"versanumer\">4<\/span><\/a>Fyrir tr\u00fa bar Abel fram fyrir Gu\u00f0 betri f\u00f3rn en Kain, og fyrir tr\u00fa f\u00e9kk hann \u00feann vitnisbur\u00f0, a\u00f0 hann v\u00e6ri r\u00e9ttl\u00e1tur, er Gu\u00f0 bar vitni um f\u00f3rn hans. Me\u00f0 tr\u00fa sinni talar hann enn, \u00fe\u00f3tt dau\u00f0ur s\u00e9.<a name=\"5\"><span class=\"versanumer\">5<\/span><\/a>Fyrir tr\u00fa var Enok burt numinn, a\u00f0 eigi skyldi hann dau\u00f0ann l\u00edta. Ekki var hann framar a\u00f0 finna, af \u00fev\u00ed a\u00f0 Gu\u00f0 haf\u00f0i numi\u00f0 hann burt. \u00c1\u00f0ur en hann var burt numinn, haf\u00f0i hann fengi\u00f0 \u00feann vitnisbur\u00f0, a\u00f0 hann hef\u00f0i veri\u00f0 Gu\u00f0i \u00fe\u00f3knanlegur.<a name=\"6\"><span class=\"versanumer\">6<\/span><\/a>En \u00e1n tr\u00faar er \u00f3gerlegt a\u00f0 \u00fe\u00f3knast honum, \u00fev\u00ed a\u00f0 s\u00e1, sem gengur fram fyrir Gu\u00f0, ver\u00f0ur a\u00f0 tr\u00faa \u00fev\u00ed, a\u00f0 hann s\u00e9 til og a\u00f0 hann umbuni \u00feeim, er hans leita.<a name=\"7\"><span class=\"versanumer\">7<\/span><\/a>Fyrir tr\u00fa f\u00e9kk N\u00f3i bendingu um \u00fea\u00f0, sem enn \u00fe\u00e1 var ekki au\u00f0i\u00f0 a\u00f0 sj\u00e1. Hann \u00f3tta\u00f0ist Gu\u00f0 og sm\u00ed\u00f0a\u00f0i \u00f6rk til bj\u00f6rgunar heimilisf\u00f3lki s\u00ednu. Me\u00f0 tr\u00fa sinni d\u00e6mdi hann heiminn og var\u00f0 erfingi r\u00e9ttl\u00e6tisins af tr\u00fanni.<a name=\"8\"><span class=\"versanumer\">8<\/span><\/a>Fyrir tr\u00fa hl\u00fdddi Abraham, er hann var kalla\u00f0ur, og f\u00f3r burt til sta\u00f0ar, sem hann \u00e1tti a\u00f0 f\u00e1 til eignar. Hann f\u00f3r burt og vissi ekki hvert lei\u00f0in l\u00e1.<a name=\"9\"><span class=\"versanumer\">9<\/span><\/a>Fyrir tr\u00fa settist hann a\u00f0 \u00ed hinu fyrirheitna landi eins og \u00fatlendingur og haf\u00f0ist vi\u00f0 \u00ed tj\u00f6ldum, \u00e1samt \u00cdsak og Jakob, er voru samerfingjar me\u00f0 honum a\u00f0 hinu sama fyrirheiti.<a name=\"10\"><span class=\"versanumer\">10<\/span><\/a>\u00dev\u00ed a\u00f0 hann v\u00e6nti \u00feeirrar borgar, sem hefur traustan grunn, \u00feeirrar, sem Gu\u00f0 er smi\u00f0ur a\u00f0 og byggingarmeistari.<a name=\"11\"><span class=\"versanumer\">11<\/span><\/a>Fyrir tr\u00fa \u00f6\u00f0la\u00f0ist Abraham kraft til a\u00f0 eignast son, og \u00fe\u00f3 var Sara \u00f3byrja og hann kominn yfir aldur. Hann treysti \u00feeim, sem fyrirheiti\u00f0 haf\u00f0i gefi\u00f0.<a name=\"12\"><span class=\"versanumer\">12<\/span><\/a>\u00deess vegna kom \u00fat af honum, einum manni, og \u00fea\u00f0 mj\u00f6g ellihrumum, sl\u00edk ni\u00f0ja merg\u00f0 sem stj\u00f6rnur eru \u00e1 himni og sandkorn \u00e1 sj\u00e1varstr\u00f6nd, er ekki ver\u00f0ur t\u00f6lu \u00e1 komi\u00f0.<a name=\"13\"><span class=\"versanumer\">13<\/span><\/a>Allir \u00feessir menn d\u00f3u \u00ed tr\u00fa, \u00e1n \u00feess a\u00f0 hafa \u00f6\u00f0last fyrirheitin. \u00deeir s\u00e1u \u00feau \u00e1lengdar og f\u00f6gnu\u00f0u \u00feeim og j\u00e1tu\u00f0u, a\u00f0 \u00feeir v\u00e6ru gestir og \u00fatlendingar \u00e1 j\u00f6r\u00f0inni.<a name=\"14\"><span class=\"versanumer\">14<\/span><\/a>\u00deeir, sem sl\u00edkt m\u00e6la, s\u00fdna me\u00f0 \u00fev\u00ed, a\u00f0 \u00feeir eru a\u00f0 leita eigin \u00e6ttjar\u00f0ar.<a name=\"15\"><span class=\"versanumer\">15<\/span><\/a>Hef\u00f0u \u00feeir n\u00fa \u00e1tt vi\u00f0 \u00e6ttj\u00f6r\u00f0ina, sem \u00feeir f\u00f3ru fr\u00e1, \u00fe\u00e1 hef\u00f0u \u00feeir haft t\u00edma til a\u00f0 sn\u00faa \u00feanga\u00f0 aftur.<a name=\"16\"><span class=\"versanumer\">16<\/span><\/a>En n\u00fa \u00fer\u00e1\u00f0u \u00feeir betri \u00e6ttj\u00f6r\u00f0, \u00fea\u00f0 er a\u00f0 segja himneska. \u00deess vegna blyg\u00f0ast Gu\u00f0 s\u00edn ekki fyrir \u00fe\u00e1, a\u00f0 kallast Gu\u00f0 \u00feeirra, \u00fev\u00ed a\u00f0 borg bj\u00f3 hann \u00feeim.<a name=\"17\"><span class=\"versanumer\">17<\/span><\/a>Fyrir tr\u00fa f\u00f3rnf\u00e6r\u00f0i Abraham \u00cdsak, er hann var reyndur. Og Abraham, sem fengi\u00f0 haf\u00f0i fyrirheitin, var rei\u00f0ub\u00fainn a\u00f0 f\u00f3rnf\u00e6ra einkasyni s\u00ednum.<a name=\"18\"><span class=\"versanumer\">18<\/span><\/a>Vi\u00f0 hann haf\u00f0i Gu\u00f0 m\u00e6lt: Afkomendur \u00cdsaks munu taldir ver\u00f0a ni\u00f0jar \u00fe\u00ednir.<a name=\"19\"><span class=\"versanumer\">19<\/span><\/a>Hann hug\u00f0i, a\u00f0 Gu\u00f0 v\u00e6ri \u00feess jafnvel megnugur a\u00f0 vekja upp fr\u00e1 dau\u00f0um. \u00deess vegna m\u00e1 svo a\u00f0 or\u00f0i kve\u00f0a, a\u00f0 hann heimti hann aftur \u00far helju.<a name=\"20\"><span class=\"versanumer\">20<\/span><\/a>Fyrir tr\u00fa blessa\u00f0i \u00cdsak \u00fe\u00e1 Jakob og Esa\u00fa einnig um \u00f3komna t\u00edma.<a name=\"21\"><span class=\"versanumer\">21<\/span><\/a>Fyrir tr\u00fa blessa\u00f0i Jakob b\u00e1\u00f0a sonu J\u00f3sefs, er hann var a\u00f0 dau\u00f0a kominn og laut fram \u00e1 stafsh\u00faninn og ba\u00f0st fyrir.<a name=\"22\"><span class=\"versanumer\">22<\/span><\/a>Fyrir tr\u00fa minntist J\u00f3sef vi\u00f0 \u00e6vilokin \u00e1 brottf\u00f6r \u00cdsraelssona og gj\u00f6r\u00f0i r\u00e1\u00f0st\u00f6fun fyrir beinum s\u00ednum.<a name=\"23\"><span class=\"versanumer\">23<\/span><\/a>Fyrir tr\u00fa leyndu foreldrar M\u00f3se honum \u00ed \u00ferj\u00e1 m\u00e1nu\u00f0i eftir f\u00e6\u00f0ingu hans, af \u00fev\u00ed a\u00f0 \u00feau s\u00e1u, a\u00f0 sveinninn var fr\u00ed\u00f0ur, og \u00feau l\u00e9tu eigi skelfast af skipun konungsins.<a name=\"24\"><span class=\"versanumer\">24<\/span><\/a>Fyrir tr\u00fa hafna\u00f0i M\u00f3se \u00fev\u00ed, er hann var or\u00f0inn fullt\u00ed\u00f0a ma\u00f0ur, a\u00f0 vera talinn d\u00f3ttursonur Fara\u00f3s,<a name=\"25\"><span class=\"versanumer\">25<\/span><\/a>og kaus fremur illt a\u00f0 \u00feola me\u00f0 l\u00fd\u00f0 Gu\u00f0s en nj\u00f3ta skammvinns una\u00f0ar af syndinni.<a name=\"26\"><span class=\"versanumer\">26<\/span><\/a>Hann taldi vanvir\u00f0u Krists meiri au\u00f0 en fj\u00e1rsj\u00f3\u00f0u Egyptalands, \u00fev\u00ed a\u00f0 hann horf\u00f0i fram til launanna.<a name=\"27\"><span class=\"versanumer\">27<\/span><\/a>Fyrir tr\u00fa yfirgaf hann Egyptaland og \u00f3tta\u00f0ist ekki rei\u00f0i konungsins, en var \u00f6ruggur eins og hann s\u00e6i hinn \u00f3s\u00fdnilega.<a name=\"28\"><span class=\"versanumer\">28<\/span><\/a>Fyrir tr\u00fa h\u00e9lt hann p\u00e1ska og l\u00e9t rj\u00f3\u00f0a bl\u00f3\u00f0inu \u00e1 h\u00fasin, til \u00feess a\u00f0 ey\u00f0andi frumbur\u00f0anna skyldi ekki snerta \u00fe\u00e1.<a name=\"29\"><span class=\"versanumer\">29<\/span><\/a>Fyrir tr\u00fa gengu \u00feeir gegnum Rau\u00f0ahafi\u00f0 sem um \u00feurrt land, og er Egyptar freistu\u00f0u \u00feess, drukknu\u00f0u \u00feeir.<a name=\"30\"><span class=\"versanumer\">30<\/span><\/a>Fyrir tr\u00fa hrundu m\u00farar Jer\u00edk\u00f3borgar, er menn h\u00f6f\u00f0u gengi\u00f0 \u00ed kringum \u00fe\u00e1 \u00ed sj\u00f6 daga.<a name=\"31\"><span class=\"versanumer\">31<\/span><\/a>Fyrir tr\u00fa var \u00fea\u00f0, a\u00f0 sk\u00e6kjan Rahab f\u00f3rst ekki \u00e1samt hinum \u00f3hl\u00fd\u00f0nu, \u00fear sem h\u00fan haf\u00f0i teki\u00f0 vinsamlega m\u00f3ti nj\u00f3snarm\u00f6nnunum.<a name=\"32\"><span class=\"versanumer\">32<\/span><\/a>Hva\u00f0 \u00e1 \u00e9g a\u00f0 or\u00f0lengja framar um \u00feetta? Mig mundi skorta t\u00edma, ef \u00e9g f\u00e6ri a\u00f0 segja fr\u00e1 G\u00eddeon, Barak, Samson og Jefta, og af Dav\u00ed\u00f0, Sam\u00fael og sp\u00e1m\u00f6nnunum.<a name=\"33\"><span class=\"versanumer\">33<\/span><\/a>Fyrir tr\u00fa unnu \u00feeir sigur \u00e1 konungsr\u00edkjum, i\u00f0ku\u00f0u r\u00e9ttl\u00e6ti, \u00f6\u00f0lu\u00f0ust fyrirheit. \u00deeir byrg\u00f0u gin lj\u00f3na,<a name=\"34\"><span class=\"versanumer\">34<\/span><\/a>sl\u00f6kktu eldsb\u00e1l, komust undan sver\u00f0seggjum. \u00deeir ur\u00f0u styrkir, \u00fe\u00f3tt \u00e1\u00f0ur v\u00e6ru \u00feeir veikir, gj\u00f6r\u00f0ust \u00f6flugir \u00ed str\u00ed\u00f0i og st\u00f6kktu fylkingum \u00f3vina \u00e1 fl\u00f3tta.<a name=\"35\"><span class=\"versanumer\">35<\/span><\/a>Konur heimtu aftur s\u00edna framli\u00f0nu upprisna. A\u00f0rir voru pynda\u00f0ir og \u00fe\u00e1gu ekki lausn til \u00feess a\u00f0 \u00feeir \u00f6\u00f0lu\u00f0ust betri upprisu.<a name=\"36\"><span class=\"versanumer\">36<\/span><\/a>A\u00f0rir ur\u00f0u a\u00f0 s\u00e6ta h\u00e1\u00f0syr\u00f0um og h\u00fa\u00f0strokum og \u00fear \u00e1 ofan fj\u00f6trum og fangelsi.<a name=\"37\"><span class=\"versanumer\">37<\/span><\/a>\u00deeir voru gr\u00fdttir, saga\u00f0ir \u00ed sundur, h\u00f6ggnir me\u00f0 sver\u00f0i. \u00deeir r\u00e1fu\u00f0u \u00ed g\u00e6rum og geitskinnum, alls vana, a\u00f0\u00ferengdir og illa haldnir.<a name=\"38\"><span class=\"versanumer\">38<\/span><\/a>Og ekki \u00e1tti heimurinn sl\u00edka menn skili\u00f0. \u00deeir reiku\u00f0u um \u00f3bygg\u00f0ir og fj\u00f6ll og h\u00e9ldust vi\u00f0 \u00ed hellum og gj\u00f3tum.<a name=\"39\"><span class=\"versanumer\">39<\/span><\/a>En \u00fe\u00f3 a\u00f0 allir \u00feessir menn fengju g\u00f3\u00f0an vitnisbur\u00f0 fyrir tr\u00fa s\u00edna, hlutu \u00feeir \u00fe\u00f3 eigi fyrirheiti\u00f0.<a name=\"40\"><span class=\"versanumer\">40<\/span><\/a>Gu\u00f0 haf\u00f0i s\u00e9\u00f0 oss fyrir \u00fev\u00ed sem betra var: \u00c1n vor skyldu \u00feeir ekki fullkomnir ver\u00f0a.<\/p>\n<div class=\"footnote1981\"><b>11.1<\/b> Tr\u00fa 1Kor 13.12; 2Kor 5.7 \u2013 von R\u00f3m 8.24-25<br \/>\n<b>11.3<\/b> Heimarnir skapa\u00f0ir me\u00f0 or\u00f0i Gu\u00f0s 1M\u00f3s 1; Slm 33.6,9; 2P\u00e9t 3.5<br \/>\n<b>11.4<\/b> Abel 1M\u00f3s 4.4-10<br \/>\n<b>11.5<\/b> Enok 1M\u00f3s 5.18-24; S\u00edr 44.16; 49.14; L\u00fak 3.37<br \/>\n<b>11.7<\/b> N\u00f3i 1M\u00f3s 6.13-22; 7.1<br \/>\n<b>11.8<\/b> Abraham 1M\u00f3s 12.1-5<br \/>\n<b>11.9<\/b> \u00datlendingur 1M\u00f3s 23.4 \u2013 fyrirheitna landi\u00f0 1M\u00f3s 26.3; 35.12<br \/>\n<b>11.10<\/b> Himnesk Jer\u00fasalem Heb 11.16; 12.22; Opb 21.2,10-27<br \/>\n<b>11.11<\/b> Sara 1M\u00f3s 17.19; 18.11-14; 21.2<br \/>\n<b>11.12<\/b> Merg\u00f0 ni\u00f0ja 1M\u00f3s 13.16; 32.13 \u2013 sem stj\u00f6rnur 1M\u00f3s 15.5; 26.4; 5M\u00f3s 1.10 \u2013 sandkorn og stj\u00f6rnur 1M\u00f3s 22.17; S\u00edr 44.21<br \/>\n<b>11.17<\/b> Abraham f\u00f3rnar \u00cdsak 1M\u00f3s 22.1-14; Jak 2.21<br \/>\n<b>11.20<\/b> \u00cdsak blessar 1M\u00f3s 27.27-29,39-40<br \/>\n<b>11.21<\/b> Jakob blessar 1M\u00f3s 48.15-20; 49<br \/>\n<b>11.22<\/b> J\u00f3sef kve\u00f0ur 1M\u00f3s 50.24-25; 2M\u00f3s 13.19<br \/>\n<b>11.23<\/b> M\u00f3se leynt 2M\u00f3s 2.2 \u2013 skipun konungsins 2M\u00f3s 1.22<br \/>\n<b>11.24-27<\/b> Yfirgaf Egyptaland 2M\u00f3s 2.11-15<br \/>\n<b>11.28<\/b> P\u00e1skar 2M\u00f3s 12.12-13,22-23<br \/>\n<b>11.29<\/b> Rau\u00f0ahafi\u00f0 2M\u00f3s 14<br \/>\n<b>11.30<\/b> Jer\u00edk\u00f3 J\u00f3s 6<br \/>\n<b>11.31<\/b> Rahab J\u00f3s 2.1-13; 6.17,22-25; Matt 1.5; Jak 2.25<br \/>\n<b>11.32<\/b> G\u00eddeon D\u00f3m 6.7 \u2013 Barak D\u00f3m 4-5 \u2013 Samson D\u00f3m 13-16 \u2013 Jefta D\u00f3m 10-12 \u2013 Sam\u00fael og Dav\u00ed\u00f0 1Sam-2Sam<br \/>\n<b>11.33<\/b> Byrg\u00f0u gin lj\u00f3na D\u00f3m 14.5-6; 1Sam 17.34-36; Dan 6<br \/>\n<b>11.34<\/b> Sl\u00f6kktu eldsb\u00e1l Dan 3.23-25<br \/>\n<b>11.35<\/b> Upprisa dau\u00f0ra 1Kon 17.17-24; 2Kon 4.18-37<br \/>\n<b>11.36-37<\/b> Ofs\u00f3knir 2Makk 6.18-7.42; Jer 20; 37; 38; 2Kor 24.21<\/div>\n","protected":false},"excerpt":{"rendered":"<p>1Tr\u00fain er fullvissa um \u00fea\u00f0, sem menn vona, sannf\u00e6ring um \u00fe\u00e1 hluti, sem eigi er au\u00f0i\u00f0 a\u00f0 sj\u00e1.2Fyrir hana fengu mennirnir fyrr \u00e1 t\u00ed\u00f0um g\u00f3\u00f0an vitnisbur\u00f0.3Fyrir tr\u00fa skiljum v\u00e9r, a\u00f0 heimarnir eru gj\u00f6r\u00f0ir me\u00f0 or\u00f0i Gu\u00f0s og a\u00f0 hi\u00f0 s\u00fdnilega hefur ekki or\u00f0i\u00f0 til af \u00fev\u00ed, er s\u00e9\u00f0 var\u00f0.4Fyrir tr\u00fa bar Abel fram fyrir Gu\u00f0 betri f\u00f3rn en Kain, og fyrir tr\u00fa f\u00e9kk hann \u00feann vitnisbur\u00f0, a\u00f0 hann v\u00e6ri r\u00e9ttl\u00e1tur, er Gu\u00f0 bar vitni um f\u00f3rn hans. Me\u00f0 tr\u00fa sinni talar hann enn, \u00fe\u00f3tt dau\u00f0ur s\u00e9.5Fyrir tr\u00fa var Enok burt numinn, a\u00f0 eigi skyldi hann dau\u00f0ann l\u00edta. Ekki var hann <a href=\"https:\/\/biblian.is\/1981\/hebreabrefid-11-kafli\/\"> [&#8230;]<\/a><\/p>\n","protected":false},"author":1,"featured_media":0,"parent":0,"menu_order":0,"comment_status":"open","ping_status":"open","template":"bibliukaflar.php","meta":{"footnotes":""},"class_list":["post-2491","page","type-page","status-publish","hentry"],"_links":{"self":[{"href":"https:\/\/biblian.is\/1981\/wp-json\/wp\/v2\/pages\/2491","targetHints":{"allow":["GET"]}}],"collection":[{"href":"https:\/\/biblian.is\/1981\/wp-json\/wp\/v2\/pages"}],"about":[{"href":"https:\/\/biblian.is\/1981\/wp-json\/wp\/v2\/types\/page"}],"author":[{"embeddable":true,"href":"https:\/\/biblian.is\/1981\/wp-json\/wp\/v2\/users\/1"}],"replies":[{"embeddable":true,"href":"https:\/\/biblian.is\/1981\/wp-json\/wp\/v2\/comments?post=2491"}],"version-history":[{"count":0,"href":"https:\/\/biblian.is\/1981\/wp-json\/wp\/v2\/pages\/2491\/revisions"}],"wp:attachment":[{"href":"https:\/\/biblian.is\/1981\/wp-json\/wp\/v2\/media?parent=2491"}],"curies":[{"name":"wp","href":"https:\/\/api.w.org\/{rel}","templated":true}]}}