{"id":2490,"date":"2017-11-18T20:22:01","date_gmt":"2017-11-18T20:22:01","guid":{"rendered":"http:\/\/biblian.is\/1981\/hebreabrefid-10-kafli\/"},"modified":"2017-11-18T20:22:01","modified_gmt":"2017-11-18T20:22:01","slug":"hebreabrefid-10-kafli","status":"publish","type":"page","link":"https:\/\/biblian.is\/1981\/hebreabrefid-10-kafli\/","title":{"rendered":"Hebreabr\u00e9fi\u00f0 10. kafli"},"content":{"rendered":"<p><a name=\"1\"><span class=\"versanumer\">1<\/span><\/a>L\u00f6gm\u00e1li\u00f0 geymir a\u00f0eins skugga hins g\u00f3\u00f0a, sem er \u00ed v\u00e6ndum, ekki sk\u00fdra mynd \u00feess. \u00c1r eftir \u00e1r eru bornar fram s\u00f6mu f\u00f3rnir, sem geta aldrei gj\u00f6rt \u00fe\u00e1 fullkomna til framb\u00fa\u00f0ar, sem ganga fram fyrir Gu\u00f0.<a name=\"2\"><span class=\"versanumer\">2<\/span><\/a>Annars hef\u00f0u \u00feeir h\u00e6tt a\u00f0 bera \u00fe\u00e6r fram. D\u00fdrkendurnir hef\u00f0u \u00fe\u00e1 ekki framar veri\u00f0 s\u00e9r me\u00f0vitandi um synd, ef \u00feeir hef\u00f0u \u00ed eitt skipti fyrir \u00f6ll or\u00f0i\u00f0 hreinir.<a name=\"3\"><span class=\"versanumer\">3<\/span><\/a>En me\u00f0 \u00feessum f\u00f3rnum er minnt \u00e1 syndirnar \u00e1r hvert.<a name=\"4\"><span class=\"versanumer\">4<\/span><\/a>\u00dev\u00ed a\u00f0 bl\u00f3\u00f0 nauta og hafra getur me\u00f0 engu m\u00f3ti numi\u00f0 burt syndir.<a name=\"5\"><span class=\"versanumer\">5<\/span><\/a>\u00dev\u00ed er \u00fea\u00f0, a\u00f0 Kristur segir, \u00feegar hann kemur \u00ed heiminn: F\u00f3rn og gjafir hefur \u00fe\u00fa eigi vilja\u00f0, en l\u00edkama hefur \u00fe\u00fa b\u00fai\u00f0 m\u00e9r.<a name=\"6\"><span class=\"versanumer\">6<\/span><\/a>Brennif\u00f3rnir og syndaf\u00f3rnir ge\u00f0ju\u00f0ust \u00fe\u00e9r ekki.<a name=\"7\"><span class=\"versanumer\">7<\/span><\/a>\u00de\u00e1 sag\u00f0i \u00e9g: Sj\u00e1, \u00e9g er kominn \u00ed b\u00f3kinni er \u00fea\u00f0 rita\u00f0 um mig \u00e9g er kominn til a\u00f0 gj\u00f6ra \u00feinn vilja, Gu\u00f0 minn!<a name=\"8\"><span class=\"versanumer\">8<\/span><\/a>Fyrst segir hann: F\u00f3rnir og gjafir og brennif\u00f3rnir og syndaf\u00f3rnir hefur \u00fe\u00fa eigi vilja\u00f0, og eigi ge\u00f0ja\u00f0ist \u00fe\u00e9r a\u00f0 \u00feeim. En \u00fea\u00f0 eru einmitt \u00fe\u00e6r, sem fram eru bornar samkv\u00e6mt l\u00f6gm\u00e1linu.<a name=\"9\"><span class=\"versanumer\">9<\/span><\/a>S\u00ed\u00f0an segir hann: Sj\u00e1, \u00e9g er kominn til a\u00f0 gj\u00f6ra vilja \u00feinn. Hann tekur burt hi\u00f0 fyrra til \u00feess a\u00f0 sta\u00f0festa hi\u00f0 s\u00ed\u00f0ara.<a name=\"10\"><span class=\"versanumer\">10<\/span><\/a>Og samkv\u00e6mt \u00feessum vilja erum v\u00e9r helga\u00f0ir me\u00f0 \u00fev\u00ed, a\u00f0 l\u00edkama Jes\u00fa Krists var f\u00f3rna\u00f0 \u00ed eitt skipti fyrir \u00f6ll.<a name=\"11\"><span class=\"versanumer\">11<\/span><\/a>Og svo er \u00fev\u00ed fari\u00f0 um hvern prest, a\u00f0 hann er dag hvern bundinn vi\u00f0 helgi\u00fej\u00f3nustu s\u00edna og ber fram margsinnis hinar s\u00f6mu f\u00f3rnir, \u00fe\u00e6r sem \u00fe\u00f3 geta aldrei afm\u00e1\u00f0 syndir.<a name=\"12\"><span class=\"versanumer\">12<\/span><\/a>En Jes\u00fas bar fram eina f\u00f3rn fyrir syndirnar og settist um aldur vi\u00f0 h\u00e6gri h\u00f6nd Gu\u00f0s<a name=\"13\"><span class=\"versanumer\">13<\/span><\/a>og b\u00ed\u00f0ur \u00feess s\u00ed\u00f0an, a\u00f0 \u00f3vinir hans ver\u00f0i gj\u00f6r\u00f0ir a\u00f0 f\u00f3tsk\u00f6r hans.<a name=\"14\"><span class=\"versanumer\">14<\/span><\/a>\u00dev\u00ed a\u00f0 me\u00f0 einni f\u00f3rn hefur hann um aldur fullkomna\u00f0 \u00fe\u00e1, er helga\u00f0ir ver\u00f0a.<a name=\"15\"><span class=\"versanumer\">15<\/span><\/a>Og einnig heilagur andi vitnar fyrir oss. Fyrst segir hann:<a name=\"16\"><span class=\"versanumer\">16<\/span><\/a>\u00deetta er s\u00e1ttm\u00e1linn, er \u00e9g mun gj\u00f6ra vi\u00f0 \u00fe\u00e1 eftir \u00fe\u00e1 daga, segir Drottinn. L\u00f6g m\u00edn vil \u00e9g leggja \u00ed hj\u00f6rtu \u00feeirra, og \u00ed hugskot \u00feeirra vil \u00e9g rita \u00feau.<a name=\"17\"><span class=\"versanumer\">17<\/span><\/a>S\u00ed\u00f0an segir hann: \u00c9g mun aldrei framar minnast synda \u00feeirra e\u00f0a l\u00f6gm\u00e1lsbrota.<a name=\"18\"><span class=\"versanumer\">18<\/span><\/a>En \u00fear sem syndirnar eru fyrirgefnar, \u00fear \u00fearf ekki framar f\u00f3rn fyrir synd.<a name=\"19\"><span class=\"versanumer\">19<\/span><\/a>V\u00e9r megum n\u00fa, br\u00e6\u00f0ur, fyrir Jes\u00fa bl\u00f3\u00f0 me\u00f0 dj\u00f6rfung ganga inn \u00ed hi\u00f0 heilaga,<a name=\"20\"><span class=\"versanumer\">20<\/span><\/a>\u00feanga\u00f0 sem hann v\u00edg\u00f0i oss veginn, n\u00fdjan veg og lifandi inn \u00ed gegnum fortjaldi\u00f0, \u00fea\u00f0 er a\u00f0 segja l\u00edkama sinn.<a name=\"21\"><span class=\"versanumer\">21<\/span><\/a>V\u00e9r h\u00f6fum mikinn prest yfir h\u00fasi Gu\u00f0s.<a name=\"22\"><span class=\"versanumer\">22<\/span><\/a>L\u00e1tum oss \u00fev\u00ed ganga fram fyrir Gu\u00f0 me\u00f0 einl\u00e6gum hj\u00f6rtum, \u00ed \u00f6ruggu tr\u00faartrausti, me\u00f0 hj\u00f6rtum, sem hreinsu\u00f0 hafa veri\u00f0 og eru laus vi\u00f0 me\u00f0vitund um synd, og me\u00f0 l\u00edk\u00f6mum, sem lauga\u00f0ir hafa veri\u00f0 \u00ed hreinu vatni.<a name=\"23\"><span class=\"versanumer\">23<\/span><\/a>H\u00f6ldum fast vi\u00f0 j\u00e1tningu vonar vorrar \u00e1n \u00feess a\u00f0 hvika, \u00fev\u00ed a\u00f0 tr\u00far er s\u00e1, sem fyrirheiti\u00f0 hefur gefi\u00f0.<a name=\"24\"><span class=\"versanumer\">24<\/span><\/a>Gefum g\u00e6tur hver a\u00f0 \u00f6\u00f0rum og hvetjum hver annan til k\u00e6rleika og g\u00f3\u00f0ra verka.<a name=\"25\"><span class=\"versanumer\">25<\/span><\/a>Vanr\u00e6ki\u00f0 ekki safna\u00f0arsamkomur y\u00f0ar eins og sumra er si\u00f0ur, heldur upp\u00f6rvi\u00f0 hver annan, og \u00fea\u00f0 \u00fev\u00ed fremur sem \u00fe\u00e9r sj\u00e1i\u00f0 a\u00f0 dagurinn f\u00e6rist n\u00e6r.<a name=\"26\"><span class=\"versanumer\">26<\/span><\/a>\u00dev\u00ed a\u00f0 ef v\u00e9r syndgum af \u00e1settu r\u00e1\u00f0i, eftir a\u00f0 v\u00e9r h\u00f6fum \u00f6\u00f0last \u00feekkingu sannleikans, \u00fe\u00e1 er \u00far \u00fev\u00ed enga f\u00f3rn a\u00f0 f\u00e1 fyrir syndirnar,<a name=\"27\"><span class=\"versanumer\">27<\/span><\/a>heldur er \u00fea\u00f0 \u00f3ttaleg bi\u00f0 eftir d\u00f3mi og grimmilegur eldur, sem ey\u00f0a mun andst\u00e6\u00f0ingum Gu\u00f0s.<a name=\"28\"><span class=\"versanumer\">28<\/span><\/a>S\u00e1, er a\u00f0 engu hefur l\u00f6gm\u00e1l M\u00f3se, ver\u00f0ur v\u00e6g\u00f0arlaust l\u00edfl\u00e1tinn, ef tveir e\u00f0a \u00fer\u00edr vottar bera.<a name=\"29\"><span class=\"versanumer\">29<\/span><\/a>Hve miklu \u00feyngri hegning \u00e6tli\u00f0 \u00fe\u00e9r \u00fe\u00e1 ekki a\u00f0 s\u00e1 muni vera talinn ver\u00f0skulda, er f\u00f3tum tre\u00f0ur son Gu\u00f0s og vanhelgar bl\u00f3\u00f0 s\u00e1ttm\u00e1lans, er hann var helga\u00f0ur \u00ed, og sm\u00e1nar anda n\u00e1\u00f0arinnar?<a name=\"30\"><span class=\"versanumer\">30<\/span><\/a>V\u00e9r \u00feekkjum \u00feann, er sagt hefur: M\u00edn er hefndin, \u00e9g mun endurgjalda. Og \u00e1 \u00f6\u00f0rum sta\u00f0: Drottinn mun d\u00e6ma l\u00fd\u00f0 sinn.<a name=\"31\"><span class=\"versanumer\">31<\/span><\/a>\u00d3ttalegt er a\u00f0 falla \u00ed hendur lifanda Gu\u00f0s.<a name=\"32\"><span class=\"versanumer\">32<\/span><\/a>Minnist fyrri daga, er \u00fe\u00e9r h\u00f6f\u00f0u\u00f0 teki\u00f0 \u00e1 m\u00f3ti lj\u00f3sinu, hvernig \u00fe\u00e9r ur\u00f0u\u00f0 a\u00f0 \u00feola mikla raun \u00fej\u00e1ninga.<a name=\"33\"><span class=\"versanumer\">33<\/span><\/a>\u00dea\u00f0 var \u00fdmist, a\u00f0 \u00fe\u00e9r sj\u00e1lfir, sm\u00e1na\u00f0ir og a\u00f0\u00ferengdir, voru\u00f0 haf\u00f0ir a\u00f0 augnagamni, e\u00f0a \u00fe\u00e1 hitt, a\u00f0 \u00fe\u00e9r t\u00f3ku\u00f0 \u00fe\u00e1tt \u00ed kj\u00f6rum \u00feeirra, er \u00e1ttu sl\u00edku a\u00f0 s\u00e6ta.<a name=\"34\"><span class=\"versanumer\">34<\/span><\/a>\u00de\u00e9r \u00fej\u00e1\u00f0ust me\u00f0 bandingjum, og t\u00f3ku\u00f0 \u00fev\u00ed me\u00f0 gle\u00f0i, er \u00fe\u00e9r voru\u00f0 r\u00e6ndir eignum y\u00f0ar, \u00fev\u00ed a\u00f0 \u00fe\u00e9r vissu\u00f0, a\u00f0 \u00fe\u00e9r \u00e1ttu\u00f0 sj\u00e1lfir betri eign og varanlega.<a name=\"35\"><span class=\"versanumer\">35<\/span><\/a>Varpi\u00f0 \u00fev\u00ed eigi fr\u00e1 y\u00f0ur dj\u00f6rfung y\u00f0ar. H\u00fan mun hlj\u00f3ta mikla umbun.<a name=\"36\"><span class=\"versanumer\">36<\/span><\/a>\u00deolg\u00e6\u00f0is hafi\u00f0 \u00fe\u00e9r \u00fe\u00f6rf, til \u00feess a\u00f0 \u00fe\u00e9r gj\u00f6ri\u00f0 Gu\u00f0s vilja og \u00f6\u00f0list fyrirheiti\u00f0.<a name=\"37\"><span class=\"versanumer\">37<\/span><\/a>\u00dev\u00ed a\u00f0: Innan harla skamms t\u00edma mun s\u00e1 koma, sem koma \u00e1, og ekki dvelst honum.<a name=\"38\"><span class=\"versanumer\">38<\/span><\/a>Minn r\u00e9ttl\u00e1ti mun lifa fyrir tr\u00fana, en skj\u00f3ti hann s\u00e9r undan, \u00fe\u00e1 hefur s\u00e1la m\u00edn ekki vel\u00fe\u00f3knun \u00e1 honum.<a name=\"39\"><span class=\"versanumer\">39<\/span><\/a>En v\u00e9r skj\u00f3tum oss ekki undan og gl\u00f6tumst, heldur tr\u00faum v\u00e9r og frelsumst.<\/p>\n<div class=\"footnote1981\"><b>10.1<\/b> F\u00e1n\u00fdtar f\u00f3rnir Jes 1.11-13; Jer 6.20; 7.22; Am 5.21-25; H\u00f3s 6.6; M\u00edk 6.6-8<br \/>\n<b>10.5-7<\/b> Sbr Slm 40.7-9<br \/>\n<b>10.11<\/b> Daglegar f\u00f3rnir 2M\u00f3s 29.38<br \/>\n<b>10.12-13<\/b> Sbr Slm 110.1; Matt 22.44+<br \/>\n<b>10.16-17<\/b> Sbr Jer 31.31-34; Heb 8.10-12<br \/>\n<b>10.19<\/b> Bl\u00f3\u00f0 Krists Heb 9.12,14+<br \/>\n<b>10.22<\/b> Lauga\u00f0ir \u00ed vatni Esk 36.25; Ef 5.26<br \/>\n<b>10.28<\/b> Tveir e\u00f0a \u00fer\u00edr vottar 5M\u00f3s 17.6; 19.15; Matt 18.16; 2Kor 13.1; 1T\u00edm 5.19<br \/>\n<b>10.29<\/b> Bl\u00f3\u00f0 s\u00e1ttm\u00e1lans Heb 9.20+<br \/>\n<b>10.30<\/b> Sbr 5M\u00f3s 32.35-36; R\u00f3m 12.19<br \/>\n<b>10.32<\/b> Taka \u00e1 m\u00f3ti lj\u00f3sinu Heb 6.4+<br \/>\n<b>10.37<\/b> Sbr Jes 26.20<br \/>\n<b>10.38<\/b> Sbr Hab 2.3-4; R\u00f3m 1.17; gal 3.11<\/div>\n","protected":false},"excerpt":{"rendered":"<p>1L\u00f6gm\u00e1li\u00f0 geymir a\u00f0eins skugga hins g\u00f3\u00f0a, sem er \u00ed v\u00e6ndum, ekki sk\u00fdra mynd \u00feess. \u00c1r eftir \u00e1r eru bornar fram s\u00f6mu f\u00f3rnir, sem geta aldrei gj\u00f6rt \u00fe\u00e1 fullkomna til framb\u00fa\u00f0ar, sem ganga fram fyrir Gu\u00f0.2Annars hef\u00f0u \u00feeir h\u00e6tt a\u00f0 bera \u00fe\u00e6r fram. D\u00fdrkendurnir hef\u00f0u \u00fe\u00e1 ekki framar veri\u00f0 s\u00e9r me\u00f0vitandi um synd, ef \u00feeir hef\u00f0u \u00ed eitt skipti fyrir \u00f6ll or\u00f0i\u00f0 hreinir.3En me\u00f0 \u00feessum f\u00f3rnum er minnt \u00e1 syndirnar \u00e1r hvert.4\u00dev\u00ed a\u00f0 bl\u00f3\u00f0 nauta og hafra getur me\u00f0 engu m\u00f3ti numi\u00f0 burt syndir.5\u00dev\u00ed er \u00fea\u00f0, a\u00f0 Kristur segir, \u00feegar hann kemur \u00ed heiminn: F\u00f3rn og gjafir hefur \u00fe\u00fa eigi vilja\u00f0, <a href=\"https:\/\/biblian.is\/1981\/hebreabrefid-10-kafli\/\"> [&#8230;]<\/a><\/p>\n","protected":false},"author":1,"featured_media":0,"parent":0,"menu_order":0,"comment_status":"open","ping_status":"open","template":"bibliukaflar.php","meta":{"footnotes":""},"class_list":["post-2490","page","type-page","status-publish","hentry"],"_links":{"self":[{"href":"https:\/\/biblian.is\/1981\/wp-json\/wp\/v2\/pages\/2490","targetHints":{"allow":["GET"]}}],"collection":[{"href":"https:\/\/biblian.is\/1981\/wp-json\/wp\/v2\/pages"}],"about":[{"href":"https:\/\/biblian.is\/1981\/wp-json\/wp\/v2\/types\/page"}],"author":[{"embeddable":true,"href":"https:\/\/biblian.is\/1981\/wp-json\/wp\/v2\/users\/1"}],"replies":[{"embeddable":true,"href":"https:\/\/biblian.is\/1981\/wp-json\/wp\/v2\/comments?post=2490"}],"version-history":[{"count":0,"href":"https:\/\/biblian.is\/1981\/wp-json\/wp\/v2\/pages\/2490\/revisions"}],"wp:attachment":[{"href":"https:\/\/biblian.is\/1981\/wp-json\/wp\/v2\/media?parent=2490"}],"curies":[{"name":"wp","href":"https:\/\/api.w.org\/{rel}","templated":true}]}}