{"id":2489,"date":"2017-11-18T20:22:01","date_gmt":"2017-11-18T20:22:01","guid":{"rendered":"http:\/\/biblian.is\/1981\/hebreabrefid-9-kafli\/"},"modified":"2017-11-18T20:22:01","modified_gmt":"2017-11-18T20:22:01","slug":"hebreabrefid-9-kafli","status":"publish","type":"page","link":"https:\/\/biblian.is\/1981\/hebreabrefid-9-kafli\/","title":{"rendered":"Hebreabr\u00e9fi\u00f0 9. kafli"},"content":{"rendered":"<p><a name=\"1\"><span class=\"versanumer\">1<\/span><\/a>N\u00fa haf\u00f0i fyrri s\u00e1ttm\u00e1linn l\u00edka fyrirskipanir um \u00fej\u00f3nustuna og jar\u00f0neskan helgid\u00f3m.<a name=\"2\"><span class=\"versanumer\">2<\/span><\/a>Tjaldb\u00fa\u00f0 var gj\u00f6r\u00f0, hin fremri, og \u00ed henni voru b\u00e6\u00f0i lj\u00f3sastikan, bor\u00f0i\u00f0 og sko\u00f0unarbrau\u00f0in, og heitir h\u00fan hi\u00f0 heilaga.<a name=\"3\"><span class=\"versanumer\">3<\/span><\/a>En bak vi\u00f0 anna\u00f0 fortjaldi\u00f0 var tjaldb\u00fa\u00f0, sem h\u00e9t hi\u00f0 allrahelgasta.<a name=\"4\"><span class=\"versanumer\">4<\/span><\/a>\u00dear var reykelsisaltari \u00far gulli og s\u00e1ttm\u00e1ls\u00f6rkin, sem \u00f6ll var gulli b\u00fain. \u00cd henni var gullkeri\u00f0 me\u00f0 manna \u00ed, stafur Arons, sem laufgast haf\u00f0i, og s\u00e1ttm\u00e1lsspj\u00f6ldin.<a name=\"5\"><span class=\"versanumer\">5<\/span><\/a>En yfir henni voru ker\u00fabar d\u00fdr\u00f0arinnar og breiddu v\u00e6ngina yfir n\u00e1\u00f0arst\u00f3linn. En um \u00feetta hva\u00f0 fyrir sig \u00e1 n\u00fa ekki a\u00f0 r\u00e6\u00f0a.<a name=\"6\"><span class=\"versanumer\">6<\/span><\/a>\u00deessu er \u00feannig komi\u00f0 fyrir. Prestarnir ganga st\u00f6\u00f0ugt inn \u00ed fremri tjaldb\u00fa\u00f0ina og annast \u00fej\u00f3nustu s\u00edna.<a name=\"7\"><span class=\"versanumer\">7<\/span><\/a>Inn \u00ed hina innri gengur \u00e6\u00f0sti presturinn einn, einu sinni \u00e1 \u00e1ri, ekki \u00e1n bl\u00f3\u00f0s. \u00dea\u00f0 ber hann fram vegna sj\u00e1lfs s\u00edn og fyrir syndir l\u00fd\u00f0sins, sem dr\u00fdg\u00f0ar hafa veri\u00f0 af vang\u00e1.<a name=\"8\"><span class=\"versanumer\">8<\/span><\/a>Me\u00f0 \u00fev\u00ed s\u00fdnir heilagur andi, a\u00f0 vegurinn til hins heilaga er enn eigi kunnur or\u00f0inn, \u00e1 me\u00f0an fremri tjaldb\u00fa\u00f0in enn stendur.<a name=\"9\"><span class=\"versanumer\">9<\/span><\/a>H\u00fan er \u00edmynd \u00feess t\u00edma, sem n\u00fa er. H\u00e9r eru fram bornar gjafir og f\u00f3rnir, sem megna ekki a\u00f0 f\u00e6ra \u00feeim, sem innir \u00fej\u00f3nustuna af hendi, vissu um a\u00f0 vera fullkominn.<a name=\"10\"><span class=\"versanumer\">10<\/span><\/a>\u00deetta eru a\u00f0eins ytri fyrirm\u00e6li, \u00e1samt reglum um mat og drykk og \u00fdmiss konar \u00fevotta, sem m\u00f6nnum eru \u00e1 her\u00f0ar lag\u00f0ar allt til t\u00edma vi\u00f0reisnarinnar.<a name=\"11\"><span class=\"versanumer\">11<\/span><\/a>En Kristur er kominn sem \u00e6\u00f0sti prestur hinna komandi g\u00e6\u00f0a. Hann gekk inn \u00ed gegnum hina st\u00e6rri og fullkomnari tjaldb\u00fa\u00f0, sem ekki er me\u00f0 h\u00f6ndum gj\u00f6r\u00f0, \u00fea\u00f0 er a\u00f0 segja er ekki af \u00feessari sk\u00f6pun.<a name=\"12\"><span class=\"versanumer\">12<\/span><\/a>Ekki f\u00f3r hann me\u00f0 bl\u00f3\u00f0 hafra og k\u00e1lfa, heldur me\u00f0 eigi\u00f0 bl\u00f3\u00f0, inn \u00ed hi\u00f0 heilaga \u00ed eitt skipti fyrir \u00f6ll og afla\u00f0i eil\u00edfrar lausnar.<a name=\"13\"><span class=\"versanumer\">13<\/span><\/a>Ef bl\u00f3\u00f0 hafra og nauta og askan af kv\u00edgu, str\u00e1\u00f0 \u00e1 menn, er \u00f3hreinir hafa gj\u00f6rst, helgar til ytri hreinleika,<a name=\"14\"><span class=\"versanumer\">14<\/span><\/a>hve miklu fremur mun \u00fe\u00e1 bl\u00f3\u00f0 Krists hreinsa samvisku vora fr\u00e1 dau\u00f0um verkum, til a\u00f0 \u00fej\u00f3na Gu\u00f0i lifanda, \u00fear sem Kristur fyrir eil\u00edfan anda bar fram sj\u00e1lfan sig sem l\u00fdtalausa f\u00f3rn fyrir Gu\u00f0i.<a name=\"15\"><span class=\"versanumer\">15<\/span><\/a>\u00deess vegna er hann me\u00f0algangari n\u00fds s\u00e1ttm\u00e1la. Hann d\u00f3 og b\u00e6tti a\u00f0 fullu fyrir afbrotin undir fyrri s\u00e1ttm\u00e1lanum, til \u00feess a\u00f0 hinir k\u00f6llu\u00f0u m\u00e6ttu \u00f6\u00f0last hina eil\u00edfu arfleif\u00f0, sem heiti\u00f0 var.<a name=\"16\"><span class=\"versanumer\">16<\/span><\/a>Arflei\u00f0sluskr\u00e1 tekur ekki gildi fyrr en s\u00e1 er d\u00e1inn, er hana gj\u00f6r\u00f0i.<a name=\"17\"><span class=\"versanumer\">17<\/span><\/a>H\u00fan er \u00f3hagganleg, \u00feegar um l\u00e1tna er a\u00f0 r\u00e6\u00f0a, en er \u00ed engu gildi me\u00f0an arflei\u00f0andi lifir.<a name=\"18\"><span class=\"versanumer\">18<\/span><\/a>\u00deess vegna var ekki heldur hinn fyrri s\u00e1ttm\u00e1li v\u00edg\u00f0ur \u00e1n bl\u00f3\u00f0s.<a name=\"19\"><span class=\"versanumer\">19<\/span><\/a>\u00deegar M\u00f3se haf\u00f0i kunngj\u00f6rt gj\u00f6rv\u00f6llum l\u00fd\u00f0num \u00f6ll bo\u00f0or\u00f0 l\u00f6gm\u00e1lsins, \u00fe\u00e1 t\u00f3k hann bl\u00f3\u00f0 k\u00e1lfanna og hafranna \u00e1samt vatni og skarlatsrau\u00f0ri ull og \u00eds\u00f3pi og st\u00f6kkti b\u00e6\u00f0i \u00e1 sj\u00e1lfa b\u00f3kina og allan l\u00fd\u00f0inn<a name=\"20\"><span class=\"versanumer\">20<\/span><\/a>og m\u00e6lti: \u00deetta er bl\u00f3\u00f0 s\u00e1ttm\u00e1lans, sem Gu\u00f0 l\u00e9t gj\u00f6ra vi\u00f0 y\u00f0ur.<a name=\"21\"><span class=\"versanumer\">21<\/span><\/a>S\u00f6mulei\u00f0is st\u00f6kkti hann bl\u00f3\u00f0inu \u00e1 tjaldb\u00fa\u00f0ina og \u00f6ll \u00e1h\u00f6ldin vi\u00f0 helgi\u00fej\u00f3nustuna.<a name=\"22\"><span class=\"versanumer\">22<\/span><\/a>Og samkv\u00e6mt l\u00f6gm\u00e1linu er \u00fea\u00f0 n\u00e1lega allt, sem hreinsast me\u00f0 bl\u00f3\u00f0i, og eigi f\u00e6st fyrirgefning \u00e1n \u00fathellingar bl\u00f3\u00f0s.<a name=\"23\"><span class=\"versanumer\">23<\/span><\/a>\u00dea\u00f0 var \u00fev\u00ed \u00f3hj\u00e1kv\u00e6milegt, a\u00f0 eftirmyndir \u00feeirra hluta, sem \u00e1 himnum eru, yr\u00f0u hreinsa\u00f0ar me\u00f0 sl\u00edku. En sj\u00e1lft hi\u00f0 himneska krefst betri f\u00f3rna en \u00feessara.<a name=\"24\"><span class=\"versanumer\">24<\/span><\/a>\u00dev\u00ed a\u00f0 Kristur gekk ekki inn \u00ed helgid\u00f3m h\u00f6ndum gj\u00f6r\u00f0an, eftirmynd hins sanna helgid\u00f3ms, heldur inn \u00ed sj\u00e1lfan himininn, til \u00feess n\u00fa a\u00f0 birtast fyrir augliti Gu\u00f0s vor vegna.<a name=\"25\"><span class=\"versanumer\">25<\/span><\/a>Og ekki gj\u00f6r\u00f0i hann \u00fea\u00f0 til \u00feess a\u00f0 frambera sj\u00e1lfan sig margsinnis, eins og \u00e6\u00f0sti presturinn gengur inn \u00ed hi\u00f0 heilaga \u00e1 \u00e1ri hverju me\u00f0 annarra bl\u00f3\u00f0.<a name=\"26\"><span class=\"versanumer\">26<\/span><\/a>\u00de\u00e1 hef\u00f0i hann oft \u00feurft a\u00f0 l\u00ed\u00f0a fr\u00e1 grundv\u00f6llun heims. En n\u00fa hefur hann birst \u00ed eitt skipti fyrir \u00f6ll vi\u00f0 endi aldanna til a\u00f0 afm\u00e1 syndina me\u00f0 f\u00f3rn sinni.<a name=\"27\"><span class=\"versanumer\">27<\/span><\/a>Og eins og \u00fea\u00f0 liggur fyrir m\u00f6nnunum eitt sinn a\u00f0 deyja og eftir \u00fea\u00f0 a\u00f0 f\u00e1 sinn d\u00f3m,<a name=\"28\"><span class=\"versanumer\">28<\/span><\/a>\u00feannig var Kristi f\u00f3rnf\u00e6rt \u00ed eitt skipti til \u00feess a\u00f0 bera syndir margra, og \u00ed anna\u00f0 sinn mun hann birtast, ekki sem syndaf\u00f3rn, heldur til hj\u00e1lpr\u00e6\u00f0is \u00feeim, er hans b\u00ed\u00f0a.<\/p>\n<div class=\"footnote1981\"><b>9.2<\/b> Tjaldb\u00fa\u00f0in 2M\u00f3s 26.1-30 \u2013 lj\u00f3sastikan 2M\u00f3s 25.31-40 \u2013 bor\u00f0i\u00f0 og sko\u00f0unarbrau\u00f0in 2M\u00f3s 25.23-30<br \/>\n<b>9.3<\/b> Hi\u00f0 allrahelgasta 2M\u00f3s 26.31-33<br \/>\n<b>9.4<\/b> Reykelsisaltari 2M\u00f3s 30.1-6 \u2013 s\u00e1ttm\u00e1ls\u00f6rkin 2M\u00f3s 25.10-16 \u2013 gullkeri\u00f0 me\u00f0 manna \u00ed 2M\u00f3s 16.32-34 \u2013 stafur Arons 4M\u00f3s 17.1-10 \u2013 s\u00e1ttm\u00e1lsspj\u00f6ldin 2M\u00f3s 25.16; 40.20; 5M\u00f3s 10.3-5; 1Kon 8.9<br \/>\n<b>9.5<\/b> Ker\u00fabar og n\u00e1\u00f0arst\u00f3llinn 2M\u00f3s 25.17-22<br \/>\n<b>9.6<\/b> Ganga st\u00f6\u00f0ugt \u00ed fremri tjaldb\u00fa\u00f0ina 4M\u00f3s 18.2-6<br \/>\n<b>9.7<\/b> Innri tjaldb\u00fa\u00f0in 3M\u00f3s 16.2,12,15<br \/>\n<b>9.9<\/b> Megna ekki Heb 10.1-4,11<br \/>\n<b>9.11<\/b> Kristur \u00e6\u00f0sti prestur Heb 2.17+<br \/>\n<b>9.12<\/b> \u00cd eitt skipti fyrir \u00f6ll Heb 9.26; 10.10<br \/>\n<b>9.13<\/b> Bl\u00f3\u00f0 hreinsar 3M\u00f3s 16.14-16 \u2013 aska af kv\u00edgu 4M\u00f3s 19.9,17-19<br \/>\n<b>9.14<\/b> Bl\u00f3\u00f0 Krists Heb 10.19; 1P\u00e9t 1.18-19; 1J\u00f3h 1.7<br \/>\n<b>9.15<\/b> N\u00fdr s\u00e1ttm\u00e1li Heb 8.8-12+<br \/>\n<b>9.19-20<\/b> S\u00e1ttm\u00e1linn 2M\u00f3s 24.3-8 \u2013 bl\u00f3\u00f0 s\u00e1ttm\u00e1lans Sak 9.11; Matt 26.28; 1Kor 11.25; Heb 10.29; 12.24; 13.20 \u2013 \u00eds\u00f3pur 3M\u00f3s 14.4; 4M\u00f3s 19.6<br \/>\n<b>9.22<\/b> Hreinsast me\u00f0 bl\u00f3\u00f0i 3M\u00f3s 17.11; 4M\u00f3s 35.33<br \/>\n<b>9.28<\/b> Syndir margra Jes 53.12; 1P\u00e9t 2.24 \u2013 v\u00e6nta Krists 1\u00deess 1.10; Fil 3.20; 2T\u00edm 4.8<\/div>\n","protected":false},"excerpt":{"rendered":"<p>1N\u00fa haf\u00f0i fyrri s\u00e1ttm\u00e1linn l\u00edka fyrirskipanir um \u00fej\u00f3nustuna og jar\u00f0neskan helgid\u00f3m.2Tjaldb\u00fa\u00f0 var gj\u00f6r\u00f0, hin fremri, og \u00ed henni voru b\u00e6\u00f0i lj\u00f3sastikan, bor\u00f0i\u00f0 og sko\u00f0unarbrau\u00f0in, og heitir h\u00fan hi\u00f0 heilaga.3En bak vi\u00f0 anna\u00f0 fortjaldi\u00f0 var tjaldb\u00fa\u00f0, sem h\u00e9t hi\u00f0 allrahelgasta.4\u00dear var reykelsisaltari \u00far gulli og s\u00e1ttm\u00e1ls\u00f6rkin, sem \u00f6ll var gulli b\u00fain. \u00cd henni var gullkeri\u00f0 me\u00f0 manna \u00ed, stafur Arons, sem laufgast haf\u00f0i, og s\u00e1ttm\u00e1lsspj\u00f6ldin.5En yfir henni voru ker\u00fabar d\u00fdr\u00f0arinnar og breiddu v\u00e6ngina yfir n\u00e1\u00f0arst\u00f3linn. En um \u00feetta hva\u00f0 fyrir sig \u00e1 n\u00fa ekki a\u00f0 r\u00e6\u00f0a.6\u00deessu er \u00feannig komi\u00f0 fyrir. Prestarnir ganga st\u00f6\u00f0ugt inn \u00ed fremri tjaldb\u00fa\u00f0ina og annast \u00fej\u00f3nustu s\u00edna.7Inn <a href=\"https:\/\/biblian.is\/1981\/hebreabrefid-9-kafli\/\"> [&#8230;]<\/a><\/p>\n","protected":false},"author":1,"featured_media":0,"parent":0,"menu_order":0,"comment_status":"open","ping_status":"open","template":"bibliukaflar.php","meta":{"footnotes":""},"class_list":["post-2489","page","type-page","status-publish","hentry"],"_links":{"self":[{"href":"https:\/\/biblian.is\/1981\/wp-json\/wp\/v2\/pages\/2489","targetHints":{"allow":["GET"]}}],"collection":[{"href":"https:\/\/biblian.is\/1981\/wp-json\/wp\/v2\/pages"}],"about":[{"href":"https:\/\/biblian.is\/1981\/wp-json\/wp\/v2\/types\/page"}],"author":[{"embeddable":true,"href":"https:\/\/biblian.is\/1981\/wp-json\/wp\/v2\/users\/1"}],"replies":[{"embeddable":true,"href":"https:\/\/biblian.is\/1981\/wp-json\/wp\/v2\/comments?post=2489"}],"version-history":[{"count":0,"href":"https:\/\/biblian.is\/1981\/wp-json\/wp\/v2\/pages\/2489\/revisions"}],"wp:attachment":[{"href":"https:\/\/biblian.is\/1981\/wp-json\/wp\/v2\/media?parent=2489"}],"curies":[{"name":"wp","href":"https:\/\/api.w.org\/{rel}","templated":true}]}}