{"id":2488,"date":"2017-11-18T20:22:01","date_gmt":"2017-11-18T20:22:01","guid":{"rendered":"http:\/\/biblian.is\/1981\/hebreabrefid-8-kafli\/"},"modified":"2021-06-06T10:46:11","modified_gmt":"2021-06-06T10:46:11","slug":"hebreabrefid-8-kafli","status":"publish","type":"page","link":"https:\/\/biblian.is\/1981\/hebreabrefid-8-kafli\/","title":{"rendered":"Hebreabr\u00e9fi\u00f0 8. kafli"},"content":{"rendered":"<p><a name=\"1\"><span class=\"versanumer\">1<\/span><\/a>H\u00f6fu\u00f0inntak \u00feess, sem sagt hefur veri\u00f0, er \u00feetta: V\u00e9r h\u00f6fum \u00feann \u00e6\u00f0sta prest, er settist til h\u00e6gri handar vi\u00f0 h\u00e1s\u00e6ti h\u00e1tignarinnar \u00e1 himnum.<a name=\"2\"><span class=\"versanumer\">2<\/span><\/a>Hann er helgi\u00fej\u00f3nn helgid\u00f3msins og tjaldb\u00fa\u00f0arinnar, hinnar s\u00f6nnu, sem Drottinn reisti, en eigi ma\u00f0ur.<a name=\"3\"><span class=\"versanumer\">3<\/span><\/a>S\u00e9rhver \u00e6\u00f0sti prestur er skipa\u00f0ur til \u00feess a\u00f0 bera fram b\u00e6\u00f0i gjafir og f\u00f3rnir. \u00deess vegna er nau\u00f0synlegt, a\u00f0 \u00feessi \u00e6\u00f0sti prestur hafi l\u00edka eitthva\u00f0 fram a\u00f0 bera.<a name=\"4\"><span class=\"versanumer\">4<\/span><\/a>V\u00e6ri hann n\u00fa \u00e1 j\u00f6r\u00f0u, mundi hann alls ekki vera prestur, \u00fear sem \u00feeir eru fyrir, sem samkv\u00e6mt l\u00f6gm\u00e1linu bera fram gjafirnar.<a name=\"5\"><span class=\"versanumer\">5<\/span><\/a>En \u00feeir \u00fej\u00f3na eftirmynd og skugga hins himneska, eins og M\u00f3se f\u00e9kk bendingu um fr\u00e1 Gu\u00f0i, er hann var a\u00f0 koma upp tjaldb\u00fa\u00f0inni: G\u00e6t \u00feess, segir hann, a\u00f0 \u00fe\u00fa gj\u00f6rir allt eftir \u00feeirri fyrirmynd, sem \u00fe\u00e9r var s\u00fdnd \u00e1 fjallinu.<a name=\"6\"><span class=\"versanumer\">6<\/span><\/a>En n\u00fa hefur Jes\u00fas fengi\u00f0 \u00feeim mun \u00e1g\u00e6tari helgi\u00fej\u00f3nustu sem hann er me\u00f0algangari betri s\u00e1ttm\u00e1la, sem byggist \u00e1 betri fyrirheitum.<a name=\"7\"><span class=\"versanumer\">7<\/span><\/a>Hef\u00f0i hinn fyrri s\u00e1ttm\u00e1li veri\u00f0 \u00f3a\u00f0finnanlegur, \u00fe\u00e1 hef\u00f0i ekki veri\u00f0 \u00fe\u00f6rf fyrir annan.<a name=\"8\"><span class=\"versanumer\">8<\/span><\/a>En n\u00fa \u00e1v\u00edtar Gu\u00f0 \u00fe\u00e1 og segir: Sj\u00e1, dagar koma, segir Drottinn, er \u00e9g mun gj\u00f6ra n\u00fdjan s\u00e1ttm\u00e1la vi\u00f0 h\u00fas \u00cdsraels og vi\u00f0 h\u00fas J\u00fada,<a name=\"9\"><span class=\"versanumer\">9<\/span><\/a>ekki eins og s\u00e1ttm\u00e1lann, er \u00e9g gj\u00f6r\u00f0i vi\u00f0 fe\u00f0ur \u00feeirra \u00e1 \u00feeim degi, er \u00e9g t\u00f3k \u00ed h\u00f6nd \u00feeirra til a\u00f0 lei\u00f0a \u00fe\u00e1 \u00fat af Egyptalandi, \u00fev\u00ed a\u00f0 \u00feeir h\u00e9ldu ekki minn s\u00e1ttm\u00e1la, og \u00e9g hirti eigi um \u00fe\u00e1, segir Drottinn.<a name=\"10\"><span class=\"versanumer\">10<\/span><\/a>\u00deetta er s\u00e1ttm\u00e1linn, sem \u00e9g mun gj\u00f6ra vi\u00f0 h\u00fas \u00cdsraels eftir \u00fe\u00e1 daga, segir Drottinn: \u00c9g mun leggja l\u00f6g m\u00edn \u00ed hugskot \u00feeirra og rita \u00feau \u00e1 hj\u00f6rtu \u00feeirra. \u00c9g mun vera Gu\u00f0 \u00feeirra, og \u00feeir munu vera l\u00fd\u00f0ur minn.<a name=\"11\"><span class=\"versanumer\">11<\/span><\/a>Og enginn mun \u00fe\u00e1 kenna landa s\u00ednum og enginn br\u00f3\u00f0ur s\u00ednum og segja: \u00deekktu Drottin! Allir munu \u00feeir \u00feekkja mig, jafnt sm\u00e1ir sem st\u00f3rir.<a name=\"12\"><span class=\"versanumer\">12<\/span><\/a>\u00dev\u00ed a\u00f0 \u00e9g mun vera v\u00e6gur vi\u00f0 misgj\u00f6r\u00f0ir \u00feeirra og \u00e9g mun ekki framar minnast synda \u00feeirra.<a name=\"13\"><span class=\"versanumer\">13<\/span><\/a>\u00dear sem hann n\u00fa kallar \u00feetta n\u00fdjan s\u00e1ttm\u00e1la, \u00fe\u00e1 hefur hann l\u00fdst hinn fyrri \u00fareltan. En \u00fea\u00f0, sem er a\u00f0 \u00fareldast og fyrnast, er a\u00f0 \u00fev\u00ed komi\u00f0 a\u00f0 ver\u00f0a a\u00f0 engu.<\/p>\n<div class=\"footnote1981\"><b>8.1<\/b> Settist til h\u00e6gri handar vi\u00f0 Gu\u00f0 Matt 22.44+<br \/>\n<b>8.2<\/b> Hin sanna tjaldb\u00fa\u00f0 Heb 9.11 \u2013 helgid\u00f3mur Heb 9.24<br \/>\n<b>8.8-12<\/b> Sbr Jer 31.31-34 \u2013 n\u00fdr s\u00e1ttm\u00e1li L\u00fak 22.20; 1Kor 11.25; 2Kor 3.6; Heb 8.13; 9.15; 12.24<br \/>\n<b>8.12<\/b> Fyrirgefning synda Heb 10.17-18<\/div>\n","protected":false},"excerpt":{"rendered":"<p>1H\u00f6fu\u00f0inntak \u00feess, sem sagt hefur veri\u00f0, er \u00feetta: V\u00e9r h\u00f6fum \u00feann \u00e6\u00f0sta prest, er settist til h\u00e6gri handar vi\u00f0 h\u00e1s\u00e6ti h\u00e1tignarinnar \u00e1 himnum.2Hann er helgi\u00fej\u00f3nn helgid\u00f3msins og tjaldb\u00fa\u00f0arinnar, hinnar s\u00f6nnu, sem Drottinn reisti, en eigi ma\u00f0ur.3S\u00e9rhver \u00e6\u00f0sti prestur er skipa\u00f0ur til \u00feess a\u00f0 bera fram b\u00e6\u00f0i gjafir og f\u00f3rnir. \u00deess vegna er nau\u00f0synlegt, a\u00f0 \u00feessi \u00e6\u00f0sti prestur hafi l\u00edka eitthva\u00f0 fram a\u00f0 bera.4V\u00e6ri hann n\u00fa \u00e1 j\u00f6r\u00f0u, mundi hann alls ekki vera prestur, \u00fear sem \u00feeir eru fyrir, sem samkv\u00e6mt l\u00f6gm\u00e1linu bera fram gjafirnar.5En \u00feeir \u00fej\u00f3na eftirmynd og skugga hins himneska, eins og M\u00f3se f\u00e9kk bendingu um fr\u00e1 Gu\u00f0i, er <a href=\"https:\/\/biblian.is\/1981\/hebreabrefid-8-kafli\/\"> [&#8230;]<\/a><\/p>\n","protected":false},"author":1,"featured_media":0,"parent":0,"menu_order":0,"comment_status":"open","ping_status":"open","template":"bibliukaflar.php","meta":{"footnotes":""},"class_list":["post-2488","page","type-page","status-publish","hentry"],"_links":{"self":[{"href":"https:\/\/biblian.is\/1981\/wp-json\/wp\/v2\/pages\/2488","targetHints":{"allow":["GET"]}}],"collection":[{"href":"https:\/\/biblian.is\/1981\/wp-json\/wp\/v2\/pages"}],"about":[{"href":"https:\/\/biblian.is\/1981\/wp-json\/wp\/v2\/types\/page"}],"author":[{"embeddable":true,"href":"https:\/\/biblian.is\/1981\/wp-json\/wp\/v2\/users\/1"}],"replies":[{"embeddable":true,"href":"https:\/\/biblian.is\/1981\/wp-json\/wp\/v2\/comments?post=2488"}],"version-history":[{"count":0,"href":"https:\/\/biblian.is\/1981\/wp-json\/wp\/v2\/pages\/2488\/revisions"}],"wp:attachment":[{"href":"https:\/\/biblian.is\/1981\/wp-json\/wp\/v2\/media?parent=2488"}],"curies":[{"name":"wp","href":"https:\/\/api.w.org\/{rel}","templated":true}]}}