{"id":2486,"date":"2017-11-18T20:21:55","date_gmt":"2017-11-18T20:21:55","guid":{"rendered":"http:\/\/biblian.is\/1981\/hebreabrefid-6-kafli\/"},"modified":"2017-11-18T20:21:55","modified_gmt":"2017-11-18T20:21:55","slug":"hebreabrefid-6-kafli","status":"publish","type":"page","link":"https:\/\/biblian.is\/1981\/hebreabrefid-6-kafli\/","title":{"rendered":"Hebreabr\u00e9fi\u00f0 6. kafli"},"content":{"rendered":"<p><a name=\"1\"><span class=\"versanumer\">1<\/span><\/a>\u00deess vegna skulum v\u00e9r sleppa byrjunar-kenningunum um Krist og s\u00e6kja fram til fullkomleikans.<a name=\"2\"><span class=\"versanumer\">2<\/span><\/a>V\u00e9r f\u00f6rum ekki a\u00f0 byrja aftur \u00e1 undirst\u00f6\u00f0uatri\u00f0um eins og afturhvarfi fr\u00e1 dau\u00f0um verkum og tr\u00fa \u00e1 Gu\u00f0, kenningunni um sk\u00edrnir og handayfirlagningar, upprisu dau\u00f0ra og eil\u00edfan d\u00f3m.<a name=\"3\"><span class=\"versanumer\">3<\/span><\/a>Og \u00feetta munum v\u00e9r gj\u00f6ra, ef Gu\u00f0 lofar.<a name=\"4\"><span class=\"versanumer\">4<\/span><\/a>Ef menn eru eitt sinn or\u00f0nir uppl\u00fdstir og hafa smakka\u00f0 hina himnesku gj\u00f6f, fengi\u00f0 hlutdeild \u00ed heil\u00f6gum anda<a name=\"5\"><span class=\"versanumer\">5<\/span><\/a>og reynt Gu\u00f0s g\u00f3\u00f0a or\u00f0 og krafta komandi aldar,<a name=\"6\"><span class=\"versanumer\">6<\/span><\/a>en hafa s\u00ed\u00f0an falli\u00f0 fr\u00e1, \u00fe\u00e1 er \u00f3gerlegt a\u00f0 endurn\u00fdja \u00fe\u00e1 til afturhvarfs. \u00deeir eru a\u00f0 krossfesta Gu\u00f0s son a\u00f0 n\u00fdju og sm\u00e1na hann.<a name=\"7\"><span class=\"versanumer\">7<\/span><\/a>J\u00f6r\u00f0 s\u00fa, er drukki\u00f0 hefur \u00ed sig regni\u00f0, sem \u00e1 hana fellur hva\u00f0 eftir anna\u00f0, og ber gr\u00f3\u00f0ur til gagns fyrir \u00fe\u00e1, sem yrkja hana, f\u00e6r blessun fr\u00e1 Gu\u00f0i.<a name=\"8\"><span class=\"versanumer\">8<\/span><\/a>En beri h\u00fan \u00feyrna og \u00feistla, er h\u00fan \u00f3n\u00fdt. Yfir henni vofir b\u00f6lvun og hennar b\u00ed\u00f0ur a\u00f0 lokum a\u00f0 ver\u00f0a brennd.<a name=\"9\"><span class=\"versanumer\">9<\/span><\/a>En hva\u00f0 y\u00f0ur snertir, \u00fe\u00e9r elska\u00f0ir, \u00fe\u00e1 erum v\u00e9r sannf\u00e6r\u00f0ir um a\u00f0 y\u00f0ur er betur fari\u00f0 og \u00fe\u00e9r n\u00e6r hj\u00e1lpr\u00e6\u00f0inu, \u00fe\u00f3 a\u00f0 v\u00e9r m\u00e6lum svo.<a name=\"10\"><span class=\"versanumer\">10<\/span><\/a>Gu\u00f0 er ekki rangl\u00e1tur. Hann gleymir ekki verki y\u00f0ar og k\u00e6rleikanum, sem \u00fe\u00e9r au\u00f0s\u00fdndu\u00f0 nafni hans, er \u00fe\u00e9r veittu\u00f0 hinum heil\u00f6gu \u00fej\u00f3nustu og veiti\u00f0 enn.<a name=\"11\"><span class=\"versanumer\">11<\/span><\/a>V\u00e9r \u00f3skum, a\u00f0 s\u00e9rhver y\u00f0ar s\u00fdni s\u00f6mu \u00e1stundan allt til enda, \u00fear til von y\u00f0ar fullkomnast.<a name=\"12\"><span class=\"versanumer\">12<\/span><\/a>Gj\u00f6rist ekki slj\u00f3ir. Breyti\u00f0 heldur eftir \u00feeim, sem vegna tr\u00faar og st\u00f6\u00f0uglyndis erfa fyrirheitin.<a name=\"13\"><span class=\"versanumer\">13<\/span><\/a>\u00deegar Gu\u00f0 gaf Abraham fyrirheiti\u00f0, \u00fe\u00e1 s\u00f3r hann vi\u00f0 sj\u00e1lfan sig, \u00fear sem hann haf\u00f0i vi\u00f0 engan \u00e6\u00f0ri a\u00f0 sverja, og sag\u00f0i:<a name=\"14\"><span class=\"versanumer\">14<\/span><\/a>Sannlega mun \u00e9g r\u00edkulega blessa \u00feig og st\u00f3rum margfalda kyn \u00feitt.<a name=\"15\"><span class=\"versanumer\">15<\/span><\/a>Og Abraham \u00f6\u00f0la\u00f0ist \u00fea\u00f0, sem Gu\u00f0 haf\u00f0i heiti\u00f0 honum er hann haf\u00f0i be\u00f0i\u00f0 \u00feess me\u00f0 st\u00f6\u00f0uglyndi.<a name=\"16\"><span class=\"versanumer\">16<\/span><\/a>Menn sverja ei\u00f0 vi\u00f0 \u00feann, sem \u00e6\u00f0ri er, ei\u00f0urinn er \u00feeim sta\u00f0festing og bindur enda \u00e1 \u00f6ll andm\u00e6li.<a name=\"17\"><span class=\"versanumer\">17<\/span><\/a>Me\u00f0 \u00fev\u00ed n\u00fa a\u00f0 Gu\u00f0 vildi s\u00fdna erfingjum fyrirheitsins enn sk\u00fdrar, hve r\u00e1\u00f0 sitt v\u00e6ri \u00f3raskanlegt, \u00fe\u00e1 \u00e1byrg\u00f0ist hann heit sitt me\u00f0 ei\u00f0i.<a name=\"18\"><span class=\"versanumer\">18<\/span><\/a>\u00cd \u00feessum tveim \u00f3raskanlegu ath\u00f6fnum Gu\u00f0s, \u00fear sem \u00f3hugsandi er a\u00f0 hann fari me\u00f0 lygi, eigum v\u00e9r sterka upp\u00f6rvun, v\u00e9r sem h\u00f6fum leita\u00f0 h\u00e6lis \u00ed \u00feeirri s\u00e6lu von, sem v\u00e9r eigum.<a name=\"19\"><span class=\"versanumer\">19<\/span><\/a>H\u00fan er eins og akkeri s\u00e1larinnar, traust og \u00f6ruggt, og n\u00e6r alla lei\u00f0 inn fyrir fortjaldi\u00f0,<a name=\"20\"><span class=\"versanumer\">20<\/span><\/a>\u00feanga\u00f0 sem Jes\u00fas gekk inn, fyrirrennari vor vegna, \u00feegar hann var\u00f0 \u00e6\u00f0sti prestur a\u00f0 eil\u00edfu a\u00f0 h\u00e6tti Melk\u00edsedeks.<\/p>\n<div class=\"footnote1981\"><b>6.1<\/b> Breytni sem lei\u00f0ir til dau\u00f0a Heb 9.14; R\u00f3m 8.6,13; Ef 5.11; Gal 5.19<br \/>\n<b>6.2<\/b> Leggja hendur yfir Post 8.17; 19.6; 1T\u00edm 4.14; 5.22<br \/>\n<b>6.4<\/b> Uppl\u00fdstir Heb 10.32; Ef 1.18; 5.14<br \/>\n<b>6.5-6<\/b> \u00d3gerlegt Heb 10.26; Matt 12.31; 1J\u00f3h 5.16<br \/>\n<b>6.10<\/b> Hin heil\u00f6gu 2M\u00f3s 19.5-6; R\u00f3m 1.7; 12.13; 15.25; 16.2; 1P\u00e9t 1.16; 2.9<br \/>\n<b>6.14<\/b> Sbr 1M\u00f3s 22.17; S\u00edr 44.21; Heb 11.12<br \/>\n<b>6.15<\/b> St\u00f6\u00f0uglyndi R\u00f3m 4.20 \u2013 fyrirheit Heb 11.9,13,33,39<br \/>\n<b>6.18<\/b> Gu\u00f0 bregst ekki 4M\u00f3s 23.19; 1Sam 15.29<br \/>\n<b>6.19<\/b> Inn fyrir fortjaldi\u00f0 Heb 10.20; 3M\u00f3s 16.2-3,12,15<\/div>\n","protected":false},"excerpt":{"rendered":"<p>1\u00deess vegna skulum v\u00e9r sleppa byrjunar-kenningunum um Krist og s\u00e6kja fram til fullkomleikans.2V\u00e9r f\u00f6rum ekki a\u00f0 byrja aftur \u00e1 undirst\u00f6\u00f0uatri\u00f0um eins og afturhvarfi fr\u00e1 dau\u00f0um verkum og tr\u00fa \u00e1 Gu\u00f0, kenningunni um sk\u00edrnir og handayfirlagningar, upprisu dau\u00f0ra og eil\u00edfan d\u00f3m.3Og \u00feetta munum v\u00e9r gj\u00f6ra, ef Gu\u00f0 lofar.4Ef menn eru eitt sinn or\u00f0nir uppl\u00fdstir og hafa smakka\u00f0 hina himnesku gj\u00f6f, fengi\u00f0 hlutdeild \u00ed heil\u00f6gum anda5og reynt Gu\u00f0s g\u00f3\u00f0a or\u00f0 og krafta komandi aldar,6en hafa s\u00ed\u00f0an falli\u00f0 fr\u00e1, \u00fe\u00e1 er \u00f3gerlegt a\u00f0 endurn\u00fdja \u00fe\u00e1 til afturhvarfs. \u00deeir eru a\u00f0 krossfesta Gu\u00f0s son a\u00f0 n\u00fdju og sm\u00e1na hann.7J\u00f6r\u00f0 s\u00fa, er drukki\u00f0 hefur \u00ed <a href=\"https:\/\/biblian.is\/1981\/hebreabrefid-6-kafli\/\"> [&#8230;]<\/a><\/p>\n","protected":false},"author":1,"featured_media":0,"parent":0,"menu_order":0,"comment_status":"open","ping_status":"open","template":"bibliukaflar.php","meta":{"footnotes":""},"class_list":["post-2486","page","type-page","status-publish","hentry"],"_links":{"self":[{"href":"https:\/\/biblian.is\/1981\/wp-json\/wp\/v2\/pages\/2486","targetHints":{"allow":["GET"]}}],"collection":[{"href":"https:\/\/biblian.is\/1981\/wp-json\/wp\/v2\/pages"}],"about":[{"href":"https:\/\/biblian.is\/1981\/wp-json\/wp\/v2\/types\/page"}],"author":[{"embeddable":true,"href":"https:\/\/biblian.is\/1981\/wp-json\/wp\/v2\/users\/1"}],"replies":[{"embeddable":true,"href":"https:\/\/biblian.is\/1981\/wp-json\/wp\/v2\/comments?post=2486"}],"version-history":[{"count":0,"href":"https:\/\/biblian.is\/1981\/wp-json\/wp\/v2\/pages\/2486\/revisions"}],"wp:attachment":[{"href":"https:\/\/biblian.is\/1981\/wp-json\/wp\/v2\/media?parent=2486"}],"curies":[{"name":"wp","href":"https:\/\/api.w.org\/{rel}","templated":true}]}}