{"id":2485,"date":"2017-11-18T20:21:55","date_gmt":"2017-11-18T20:21:55","guid":{"rendered":"http:\/\/biblian.is\/1981\/hebreabrefid-5-kafli\/"},"modified":"2017-11-18T20:21:55","modified_gmt":"2017-11-18T20:21:55","slug":"hebreabrefid-5-kafli","status":"publish","type":"page","link":"https:\/\/biblian.is\/1981\/hebreabrefid-5-kafli\/","title":{"rendered":"Hebreabr\u00e9fi\u00f0 5. kafli"},"content":{"rendered":"<p><a name=\"1\"><span class=\"versanumer\">1<\/span><\/a>Svo er um hvern \u00e6\u00f0sta prest, sem \u00far flokki manna er tekinn, a\u00f0 hann er settur fyrir menn til \u00fej\u00f3nustu frammi fyrir Gu\u00f0i, til \u00feess a\u00f0 bera fram g\u00e1fur og f\u00f3rnir fyrir syndir.<a name=\"2\"><span class=\"versanumer\">2<\/span><\/a>Hann getur veri\u00f0 mildur vi\u00f0 f\u00e1fr\u00f3\u00f0a og villur\u00e1fandi, \u00fear sem hann sj\u00e1lfur er veikleika vafinn.<a name=\"3\"><span class=\"versanumer\">3<\/span><\/a>Og s\u00f6kum \u00feess \u00e1 hann a\u00f0 bera fram syndaf\u00f3rn, eigi s\u00ed\u00f0ur fyrir sj\u00e1lfan sig en fyrir l\u00fd\u00f0inn.<a name=\"4\"><span class=\"versanumer\">4<\/span><\/a>Enginn tekur s\u00e9r sj\u00e1lfum \u00feennan hei\u00f0ur, heldur er hann kalla\u00f0ur af Gu\u00f0i, eins og Aron.<a name=\"5\"><span class=\"versanumer\">5<\/span><\/a>Svo var \u00fea\u00f0 og um Krist. Ekki t\u00f3k hann s\u00e9r sj\u00e1lfur \u00fe\u00e1 vegsemd a\u00f0 gj\u00f6rast \u00e6\u00f0sti prestur. Hann f\u00e9kk hana af Gu\u00f0i, er hann sag\u00f0i vi\u00f0 hann: \u00de\u00fa ert sonur minn \u00ed dag hef \u00e9g f\u00e6tt \u00feig.<a name=\"6\"><span class=\"versanumer\">6<\/span><\/a>Og \u00e1 \u00f6\u00f0rum sta\u00f0: \u00de\u00fa ert prestur a\u00f0 eil\u00edfu a\u00f0 h\u00e6tti Melk\u00edsedeks.<a name=\"7\"><span class=\"versanumer\">7<\/span><\/a>\u00c1 jar\u00f0vistard\u00f6gum s\u00ednum bar hann fram me\u00f0 s\u00e1rum kveinst\u00f6fum og t\u00e1raf\u00f6llum b\u00e6nir og au\u00f0mj\u00fak andv\u00f6rp fyrir \u00feann, sem megna\u00f0i a\u00f0 frelsa hann fr\u00e1 dau\u00f0a, og f\u00e9kk b\u00e6nheyrslu vegna gu\u00f0hr\u00e6\u00f0slu sinnar.<a name=\"8\"><span class=\"versanumer\">8<\/span><\/a>Og \u00fe\u00f3tt hann sonur v\u00e6ri, l\u00e6r\u00f0i hann hl\u00fd\u00f0ni af \u00fev\u00ed, sem hann lei\u00f0.<a name=\"9\"><span class=\"versanumer\">9<\/span><\/a>\u00deegar hann var or\u00f0inn fullkominn, gj\u00f6r\u00f0ist hann \u00f6llum \u00feeim, er honum hl\u00fd\u00f0a, h\u00f6fundur eil\u00edfs hj\u00e1lpr\u00e6\u00f0is,<a name=\"10\"><span class=\"versanumer\">10<\/span><\/a>af Gu\u00f0i nefndur \u00e6\u00f0sti prestur a\u00f0 h\u00e6tti Melk\u00edsedeks.<a name=\"11\"><span class=\"versanumer\">11<\/span><\/a>Um \u00feetta h\u00f6fum v\u00e9r langt m\u00e1l a\u00f0 segja og torskili\u00f0, af \u00fev\u00ed a\u00f0 \u00fe\u00e9r hafi\u00f0 gj\u00f6rst heyrnarslj\u00f3ir.<a name=\"12\"><span class=\"versanumer\">12<\/span><\/a>\u00de\u00f3 a\u00f0 \u00fe\u00e9r t\u00edmans vegna \u00e6ttu\u00f0 a\u00f0 vera kennarar, \u00fe\u00e1 hafi\u00f0 \u00fe\u00e9r \u00feess enn \u00e1 n\u00fd \u00fe\u00f6rf, a\u00f0 einhver kenni y\u00f0ur undirst\u00f6\u00f0uatri\u00f0i Gu\u00f0s or\u00f0a. Svo er komi\u00f0 fyrir y\u00f0ur, a\u00f0 \u00fe\u00e9r hafi\u00f0 \u00fe\u00f6rf \u00e1 mj\u00f3lk, en ekki fastri f\u00e6\u00f0u.<a name=\"13\"><span class=\"versanumer\">13<\/span><\/a>En hver sem \u00e1 mj\u00f3lk n\u00e6rist er barn og skilur ekki bo\u00f0skap r\u00e9ttl\u00e6tisins.<a name=\"14\"><span class=\"versanumer\">14<\/span><\/a>Fasta f\u00e6\u00f0an er fyrir fullor\u00f0na, fyrir \u00fe\u00e1, sem jafnt og \u00fe\u00e9tt hafa tami\u00f0 skilningarvitin til a\u00f0 greina gott fr\u00e1 illu.<\/p>\n<div class=\"footnote1981\"><b>5.1<\/b> Presturinn frammi fyrir Gu\u00f0i 2M\u00f3s 28.43; 29.30; 4M\u00f3s 18.1-7 \u2013 kennir l\u00f6gm\u00e1li\u00f0 5M\u00f3s 33.10; 3M\u00f3s 10.11; Mal 2.7 \u2013 ber fram f\u00f3rnir 3M\u00f3s 1; 4; 9 o.fl.<br \/>\n<b>5.2<\/b> Skilur veikleikana Heb 2.17-18; 4.15 \u2013 syndir (af vang\u00e1) 4M\u00f3s 15.22-31; L\u00fak 23.34; Post 3.17<br \/>\n<b>5.3<\/b> Fyrir sj\u00e1lfan sig 3M\u00f3s 9.7-8; 16.6,11; Heb 7.27<br \/>\n<b>5.4<\/b> Kalla\u00f0ur 2M\u00f3s 28.1; 4M\u00f3s 16-17<br \/>\n<b>5.5<\/b> Sbr Slm 2.7; Heb 1.5<br \/>\n<b>5.6<\/b> Sbr Slm 110.4; Heb 6.20; 7.17<br \/>\n<b>5.8<\/b> Hl\u00fd\u00f0ni \u00ed \u00fej\u00e1ningu Matt 26.36-46 og hlst.; Fil 2.8<br \/>\n<b>5.9<\/b> Fullna\u00f0 Heb 2.10+<br \/>\n<b>5.12<\/b> Undirst\u00f6\u00f0uatri\u00f0i tr\u00faarinnar 1Kor 2.14-15; 3.1-3; 1P\u00e9t 2.2<\/div>\n","protected":false},"excerpt":{"rendered":"<p>1Svo er um hvern \u00e6\u00f0sta prest, sem \u00far flokki manna er tekinn, a\u00f0 hann er settur fyrir menn til \u00fej\u00f3nustu frammi fyrir Gu\u00f0i, til \u00feess a\u00f0 bera fram g\u00e1fur og f\u00f3rnir fyrir syndir.2Hann getur veri\u00f0 mildur vi\u00f0 f\u00e1fr\u00f3\u00f0a og villur\u00e1fandi, \u00fear sem hann sj\u00e1lfur er veikleika vafinn.3Og s\u00f6kum \u00feess \u00e1 hann a\u00f0 bera fram syndaf\u00f3rn, eigi s\u00ed\u00f0ur fyrir sj\u00e1lfan sig en fyrir l\u00fd\u00f0inn.4Enginn tekur s\u00e9r sj\u00e1lfum \u00feennan hei\u00f0ur, heldur er hann kalla\u00f0ur af Gu\u00f0i, eins og Aron.5Svo var \u00fea\u00f0 og um Krist. Ekki t\u00f3k hann s\u00e9r sj\u00e1lfur \u00fe\u00e1 vegsemd a\u00f0 gj\u00f6rast \u00e6\u00f0sti prestur. Hann f\u00e9kk hana af Gu\u00f0i, er hann <a href=\"https:\/\/biblian.is\/1981\/hebreabrefid-5-kafli\/\"> [&#8230;]<\/a><\/p>\n","protected":false},"author":1,"featured_media":0,"parent":0,"menu_order":0,"comment_status":"open","ping_status":"open","template":"bibliukaflar.php","meta":{"footnotes":""},"class_list":["post-2485","page","type-page","status-publish","hentry"],"_links":{"self":[{"href":"https:\/\/biblian.is\/1981\/wp-json\/wp\/v2\/pages\/2485","targetHints":{"allow":["GET"]}}],"collection":[{"href":"https:\/\/biblian.is\/1981\/wp-json\/wp\/v2\/pages"}],"about":[{"href":"https:\/\/biblian.is\/1981\/wp-json\/wp\/v2\/types\/page"}],"author":[{"embeddable":true,"href":"https:\/\/biblian.is\/1981\/wp-json\/wp\/v2\/users\/1"}],"replies":[{"embeddable":true,"href":"https:\/\/biblian.is\/1981\/wp-json\/wp\/v2\/comments?post=2485"}],"version-history":[{"count":0,"href":"https:\/\/biblian.is\/1981\/wp-json\/wp\/v2\/pages\/2485\/revisions"}],"wp:attachment":[{"href":"https:\/\/biblian.is\/1981\/wp-json\/wp\/v2\/media?parent=2485"}],"curies":[{"name":"wp","href":"https:\/\/api.w.org\/{rel}","templated":true}]}}