{"id":2484,"date":"2017-11-18T20:21:55","date_gmt":"2017-11-18T20:21:55","guid":{"rendered":"http:\/\/biblian.is\/1981\/hebreabrefid-4-kafli\/"},"modified":"2017-11-18T20:21:55","modified_gmt":"2017-11-18T20:21:55","slug":"hebreabrefid-4-kafli","status":"publish","type":"page","link":"https:\/\/biblian.is\/1981\/hebreabrefid-4-kafli\/","title":{"rendered":"Hebreabr\u00e9fi\u00f0 4. kafli"},"content":{"rendered":"<p><a name=\"1\"><span class=\"versanumer\">1<\/span><\/a>Fyrirheiti\u00f0 um \u00fea\u00f0 a\u00f0 ganga inn til hv\u00edldar hans stendur enn, v\u00f6rumst \u00fev\u00ed a\u00f0 nokkur y\u00f0ar ver\u00f0i til \u00feess a\u00f0 dragast aftur \u00far.<a name=\"2\"><span class=\"versanumer\">2<\/span><\/a>Fagna\u00f0arerindi\u00f0 var oss bo\u00f0a\u00f0 eigi s\u00ed\u00f0ur en \u00feeim. En or\u00f0i\u00f0, sem \u00feeir heyr\u00f0u, kom \u00feeim eigi a\u00f0 haldi vegna \u00feess, a\u00f0 \u00feeir t\u00f3ku ekki vi\u00f0 \u00fev\u00ed \u00ed tr\u00fa.<a name=\"3\"><span class=\"versanumer\">3<\/span><\/a>En v\u00e9r, sem tr\u00fa h\u00f6fum teki\u00f0, g\u00f6ngum inn til hv\u00edldarinnar eins og hann hefur sagt: Og \u00e9g s\u00f3r \u00ed br\u00e6\u00f0i minni: Eigi skulu \u00feeir inn ganga til hv\u00edldar minnar. \u00de\u00f3 voru verk Gu\u00f0s fullgj\u00f6r fr\u00e1 grundv\u00f6llun heims.<a name=\"4\"><span class=\"versanumer\">4<\/span><\/a>\u00dev\u00ed a\u00f0 einhvers sta\u00f0ar er svo a\u00f0 or\u00f0i kve\u00f0i\u00f0 um hinn sj\u00f6unda dag: Og Gu\u00f0 hv\u00edldist hinn sj\u00f6unda dag eftir \u00f6ll verk s\u00edn.<a name=\"5\"><span class=\"versanumer\">5<\/span><\/a>Og aftur \u00e1 \u00feessum sta\u00f0: Eigi skulu \u00feeir inn ganga til hv\u00edldar minnar.<a name=\"6\"><span class=\"versanumer\">6<\/span><\/a>Enn stendur \u00fev\u00ed til bo\u00f0a, a\u00f0 nokkrir gangi inn til hv\u00edldar Gu\u00f0s. \u00deeir, sem fagna\u00f0arerindi\u00f0 var fyrr bo\u00f0a\u00f0, gengu ekki inn sakir \u00f3hl\u00fd\u00f0ni.<a name=\"7\"><span class=\"versanumer\">7<\/span><\/a>\u00dev\u00ed \u00e1kve\u00f0ur Gu\u00f0 aftur dag einn, er hann segir l\u00f6ngu s\u00ed\u00f0ar fyrir munn Dav\u00ed\u00f0s: \u00cd dag. Eins og fyrr hefur sagt veri\u00f0: Ef \u00fe\u00e9r heyri\u00f0 raust hans \u00ed dag, \u00fe\u00e1 forher\u00f0i\u00f0 ekki hj\u00f6rtu y\u00f0ar.<a name=\"8\"><span class=\"versanumer\">8<\/span><\/a>Hef\u00f0i J\u00f3s\u00faa leitt \u00fe\u00e1 til hv\u00edldar, \u00fe\u00e1 hef\u00f0i Gu\u00f0 ekki s\u00ed\u00f0ar meir tala\u00f0 um annan dag.<a name=\"9\"><span class=\"versanumer\">9<\/span><\/a>Enn stendur \u00fe\u00e1 til bo\u00f0a sabbatshv\u00edld fyrir l\u00fd\u00f0 Gu\u00f0s.<a name=\"10\"><span class=\"versanumer\">10<\/span><\/a>\u00dev\u00ed a\u00f0 s\u00e1, sem gengur inn til hv\u00edldar hans, f\u00e6r hv\u00edld fr\u00e1 verkum s\u00ednum, eins og Gu\u00f0 hv\u00edldist eftir s\u00edn verk.<a name=\"11\"><span class=\"versanumer\">11<\/span><\/a>Kostum \u00fev\u00ed kapps um a\u00f0 ganga inn til \u00feessarar hv\u00edldar, til \u00feess a\u00f0 enginn \u00f3hl\u00fd\u00f0nist eins og \u00feeir og falli.<a name=\"12\"><span class=\"versanumer\">12<\/span><\/a>\u00dev\u00ed a\u00f0 or\u00f0 Gu\u00f0s er lifandi og kr\u00f6ftugt og beittara hverju tv\u00edeggju\u00f0u sver\u00f0i og sm\u00fdgur inn \u00ed innstu fylgsni s\u00e1lar og anda, li\u00f0am\u00f3ta og mergjar, \u00fea\u00f0 d\u00e6mir hugsanir og hugrenningar hjartans.<a name=\"13\"><span class=\"versanumer\">13<\/span><\/a>Enginn skapa\u00f0ur hlutur er honum hulinn, allt er bert og \u00f6ndvert augum hans. Honum eigum v\u00e9r reikningsskil a\u00f0 gj\u00f6ra.<a name=\"14\"><span class=\"versanumer\">14<\/span><\/a>Er v\u00e9r \u00fe\u00e1 h\u00f6fum mikinn \u00e6\u00f0sta prest, sem fari\u00f0 hefur \u00ed gegnum himnana, Jes\u00fa Gu\u00f0s son, skulum v\u00e9r halda fast vi\u00f0 j\u00e1tninguna.<a name=\"15\"><span class=\"versanumer\">15<\/span><\/a>Ekki h\u00f6fum v\u00e9r \u00feann \u00e6\u00f0sta prest, er eigi geti s\u00e9\u00f0 aumur \u00e1 veikleika vorum, heldur \u00feann, sem freista\u00f0 var \u00e1 allan h\u00e1tt eins og vor, en \u00e1n syndar.<a name=\"16\"><span class=\"versanumer\">16<\/span><\/a>G\u00f6ngum \u00fev\u00ed me\u00f0 dj\u00f6rfung a\u00f0 h\u00e1s\u00e6ti n\u00e1\u00f0arinnar, til \u00feess a\u00f0 v\u00e9r \u00f6\u00f0lumst miskunn og hlj\u00f3tum n\u00e1\u00f0 til hj\u00e1lpar \u00e1 hagkv\u00e6mum t\u00edma.<\/p>\n<div class=\"footnote1981\"><b>4.4<\/b> Sbr 1M\u00f3s 2.2<br \/>\n<b>4.8<\/b> Til hv\u00edldar J\u00f3s 21.44; 22.4; 23.1<br \/>\n<b>4.12<\/b> Or\u00f0 beittara sver\u00f0i Jes 49.2; SSal 18.16; Opb 19.15<br \/>\n<b>4.14<\/b> \u00c6\u00f0sti prestur Heb 2.17+<br \/>\n<b>4.15<\/b> Freista\u00f0 \u00e1n syndar Heb 2.17-18; 7.26; 9.14; J\u00f3h 8.46; 2Kor 5.21; 1J\u00f3h 3.5<\/div>\n","protected":false},"excerpt":{"rendered":"<p>1Fyrirheiti\u00f0 um \u00fea\u00f0 a\u00f0 ganga inn til hv\u00edldar hans stendur enn, v\u00f6rumst \u00fev\u00ed a\u00f0 nokkur y\u00f0ar ver\u00f0i til \u00feess a\u00f0 dragast aftur \u00far.2Fagna\u00f0arerindi\u00f0 var oss bo\u00f0a\u00f0 eigi s\u00ed\u00f0ur en \u00feeim. En or\u00f0i\u00f0, sem \u00feeir heyr\u00f0u, kom \u00feeim eigi a\u00f0 haldi vegna \u00feess, a\u00f0 \u00feeir t\u00f3ku ekki vi\u00f0 \u00fev\u00ed \u00ed tr\u00fa.3En v\u00e9r, sem tr\u00fa h\u00f6fum teki\u00f0, g\u00f6ngum inn til hv\u00edldarinnar eins og hann hefur sagt: Og \u00e9g s\u00f3r \u00ed br\u00e6\u00f0i minni: Eigi skulu \u00feeir inn ganga til hv\u00edldar minnar. \u00de\u00f3 voru verk Gu\u00f0s fullgj\u00f6r fr\u00e1 grundv\u00f6llun heims.4\u00dev\u00ed a\u00f0 einhvers sta\u00f0ar er svo a\u00f0 or\u00f0i kve\u00f0i\u00f0 um hinn sj\u00f6unda dag: Og Gu\u00f0 <a href=\"https:\/\/biblian.is\/1981\/hebreabrefid-4-kafli\/\"> [&#8230;]<\/a><\/p>\n","protected":false},"author":1,"featured_media":0,"parent":0,"menu_order":0,"comment_status":"open","ping_status":"open","template":"bibliukaflar.php","meta":{"footnotes":""},"class_list":["post-2484","page","type-page","status-publish","hentry"],"_links":{"self":[{"href":"https:\/\/biblian.is\/1981\/wp-json\/wp\/v2\/pages\/2484","targetHints":{"allow":["GET"]}}],"collection":[{"href":"https:\/\/biblian.is\/1981\/wp-json\/wp\/v2\/pages"}],"about":[{"href":"https:\/\/biblian.is\/1981\/wp-json\/wp\/v2\/types\/page"}],"author":[{"embeddable":true,"href":"https:\/\/biblian.is\/1981\/wp-json\/wp\/v2\/users\/1"}],"replies":[{"embeddable":true,"href":"https:\/\/biblian.is\/1981\/wp-json\/wp\/v2\/comments?post=2484"}],"version-history":[{"count":0,"href":"https:\/\/biblian.is\/1981\/wp-json\/wp\/v2\/pages\/2484\/revisions"}],"wp:attachment":[{"href":"https:\/\/biblian.is\/1981\/wp-json\/wp\/v2\/media?parent=2484"}],"curies":[{"name":"wp","href":"https:\/\/api.w.org\/{rel}","templated":true}]}}