{"id":2483,"date":"2017-11-18T20:21:55","date_gmt":"2017-11-18T20:21:55","guid":{"rendered":"http:\/\/biblian.is\/1981\/hebreabrefid-3-kafli\/"},"modified":"2017-11-18T20:21:55","modified_gmt":"2017-11-18T20:21:55","slug":"hebreabrefid-3-kafli","status":"publish","type":"page","link":"https:\/\/biblian.is\/1981\/hebreabrefid-3-kafli\/","title":{"rendered":"Hebreabr\u00e9fi\u00f0 3. kafli"},"content":{"rendered":"<p><a name=\"1\"><span class=\"versanumer\">1<\/span><\/a>Br\u00e6\u00f0ur heilagir! \u00de\u00e9r eru\u00f0 hluttakar himneskrar k\u00f6llunar. Gefi\u00f0 \u00fev\u00ed g\u00e6tur a\u00f0 Jes\u00fa, postula og \u00e6\u00f0sta presti j\u00e1tningar vorrar.<a name=\"2\"><span class=\"versanumer\">2<\/span><\/a>Hann var tr\u00far \u00feeim, er haf\u00f0i skipa\u00f0 hann, eins og M\u00f3se var \u00fea\u00f0 l\u00edka \u00ed \u00f6llu hans h\u00fasi.<a name=\"3\"><span class=\"versanumer\">3<\/span><\/a>En hann er ver\u00f0ur meiri d\u00fdr\u00f0ar en M\u00f3se, eins og s\u00e1, er h\u00fasi\u00f0 gj\u00f6r\u00f0i, \u00e1 meiri hei\u00f0ur en h\u00fasi\u00f0 sj\u00e1lft.<a name=\"4\"><span class=\"versanumer\">4<\/span><\/a>S\u00e9rhvert h\u00fas er gj\u00f6rt af einhverjum, en Gu\u00f0 er s\u00e1, sem allt hefur gj\u00f6rt.<a name=\"5\"><span class=\"versanumer\">5<\/span><\/a>M\u00f3se var a\u00f0 s\u00f6nnu tr\u00far \u00ed \u00f6llu hans h\u00fasi, eins og \u00fej\u00f3nn, til vitnisbur\u00f0ar um \u00fea\u00f0, sem \u00e1tti a\u00f0 ver\u00f0a tala\u00f0,<a name=\"6\"><span class=\"versanumer\">6<\/span><\/a>en Kristur eins og sonur yfir h\u00fasi hans. Og hans h\u00fas erum v\u00e9r, ef v\u00e9r h\u00f6ldum dj\u00f6rfunginni og voninni, sem v\u00e9r miklumst af.<a name=\"7\"><span class=\"versanumer\">7<\/span><\/a>\u00dev\u00ed er \u00fea\u00f0, eins og heilagur andi segir: Ef \u00fe\u00e9r heyri\u00f0 raust hans \u00ed dag,<a name=\"8\"><span class=\"versanumer\">8<\/span><\/a>&#8222;\u00fe\u00e1 forher\u00f0i\u00f0 ekki hj\u00f6rtu y\u00f0ar, eins og \u00ed uppreisninni \u00e1 degi freistingarinnar \u00e1 ey\u00f0im\u00f6rkinni;&#8220;<a name=\"9\"><span class=\"versanumer\">9<\/span><\/a>\u00fear sem fe\u00f0ur y\u00f0ar freistu\u00f0u m\u00edn og reyndu mig, \u00fe\u00f3tt \u00feeir fengju a\u00f0 sj\u00e1 verkin m\u00edn \u00ed fj\u00f6rut\u00edu \u00e1r.<a name=\"10\"><span class=\"versanumer\">10<\/span><\/a>\u00deess vegna var\u00f0 \u00e9g gramur kynsl\u00f3\u00f0 \u00feessari og sag\u00f0i: \u00c1n afl\u00e1ts villast \u00feeir \u00ed hj\u00f6rtum s\u00ednum. \u00deeir \u00feekktu ekki vegu m\u00edna.<a name=\"11\"><span class=\"versanumer\">11<\/span><\/a>Og \u00e9g s\u00f3r \u00ed br\u00e6\u00f0i minni: Eigi skulu \u00feeir inn ganga til hv\u00edldar minnar.<a name=\"12\"><span class=\"versanumer\">12<\/span><\/a>G\u00e6ti\u00f0 \u00feess, br\u00e6\u00f0ur, a\u00f0 enginn y\u00f0ar b\u00fai yfir vondu vantr\u00faar hjarta og falli fr\u00e1 lifanda Gu\u00f0i.<a name=\"13\"><span class=\"versanumer\">13<\/span><\/a>\u00c1minni\u00f0 heldur hver annan hvern dag, \u00e1 me\u00f0an enn heitir \u00ed dag, til \u00feess a\u00f0 enginn y\u00f0ar forher\u00f0ist af t\u00e1li syndarinnar.<a name=\"14\"><span class=\"versanumer\">14<\/span><\/a>\u00dev\u00ed a\u00f0 v\u00e9r erum or\u00f0nir hluttakar Krists, svo framarlega sem v\u00e9r h\u00f6ldum sta\u00f0fastlega allt til enda trausti voru, eins og \u00fea\u00f0 var a\u00f0 upphafi.<a name=\"15\"><span class=\"versanumer\">15<\/span><\/a>Sagt er: Ef \u00fe\u00e9r heyri\u00f0 raust hans \u00ed dag, \u00fe\u00e1 forher\u00f0i\u00f0 ekki hj\u00f6rtu y\u00f0ar eins og \u00ed uppreisninni<a name=\"16\"><span class=\"versanumer\">16<\/span><\/a>Hverjir voru \u00fe\u00e1 \u00feeir, sem heyrt h\u00f6f\u00f0u og gj\u00f6r\u00f0u \u00fe\u00f3 uppreisn? Voru \u00fea\u00f0 ekki einmitt allir \u00feeir, sem \u00fat h\u00f6f\u00f0u fari\u00f0 af Egyptalandi fyrir tilstilli M\u00f3se?<a name=\"17\"><span class=\"versanumer\">17<\/span><\/a>Og hverjum var hann gramur \u00ed fj\u00f6rut\u00edu \u00e1r? Var \u00fea\u00f0 ekki \u00feeim, sem syndga\u00f0 h\u00f6f\u00f0u og b\u00e1ru beinin \u00e1 ey\u00f0im\u00f6rkinni?<a name=\"18\"><span class=\"versanumer\">18<\/span><\/a>Og hverjum s\u00f3r hann, a\u00f0 eigi skyldu \u00feeir ganga inn til hv\u00edldar hans, nema hinum \u00f3hl\u00fd\u00f0nu?<a name=\"19\"><span class=\"versanumer\">19<\/span><\/a>V\u00e9r sj\u00e1um, a\u00f0 sakir vantr\u00faar fengu \u00feeir eigi gengi\u00f0 inn.<\/p>\n<div class=\"footnote1981\"><b>3.1<\/b> Jes\u00fas \u00e6\u00f0sti prestur Heb 2.17+<br \/>\n<b>3.2<\/b> M\u00f3se \u00ed h\u00fasi Gu\u00f0s 4M\u00f3s 12.7<br \/>\n<b>3.7-11<\/b> Slm 95.7-11<br \/>\n<b>3.8<\/b> Massa og Mer\u00edba 2M\u00f3s 17.7<br \/>\n<b>3.11-18<\/b> Nj\u00f3snarmenn sendir til Kanaanlands 4M\u00f3s 13 \u2013 vantr\u00fa 4M\u00f3s 14.11; 5M\u00f3s 1.28; sbr 4M\u00f3s 14.21-23 \u2013 d\u00f3u \u00e1 ey\u00f0im\u00f6rkinni 4M\u00f3s 14.29,32; 1Kor 10.10<\/div>\n","protected":false},"excerpt":{"rendered":"<p>1Br\u00e6\u00f0ur heilagir! \u00de\u00e9r eru\u00f0 hluttakar himneskrar k\u00f6llunar. Gefi\u00f0 \u00fev\u00ed g\u00e6tur a\u00f0 Jes\u00fa, postula og \u00e6\u00f0sta presti j\u00e1tningar vorrar.2Hann var tr\u00far \u00feeim, er haf\u00f0i skipa\u00f0 hann, eins og M\u00f3se var \u00fea\u00f0 l\u00edka \u00ed \u00f6llu hans h\u00fasi.3En hann er ver\u00f0ur meiri d\u00fdr\u00f0ar en M\u00f3se, eins og s\u00e1, er h\u00fasi\u00f0 gj\u00f6r\u00f0i, \u00e1 meiri hei\u00f0ur en h\u00fasi\u00f0 sj\u00e1lft.4S\u00e9rhvert h\u00fas er gj\u00f6rt af einhverjum, en Gu\u00f0 er s\u00e1, sem allt hefur gj\u00f6rt.5M\u00f3se var a\u00f0 s\u00f6nnu tr\u00far \u00ed \u00f6llu hans h\u00fasi, eins og \u00fej\u00f3nn, til vitnisbur\u00f0ar um \u00fea\u00f0, sem \u00e1tti a\u00f0 ver\u00f0a tala\u00f0,6en Kristur eins og sonur yfir h\u00fasi hans. Og hans h\u00fas erum v\u00e9r, ef <a href=\"https:\/\/biblian.is\/1981\/hebreabrefid-3-kafli\/\"> [&#8230;]<\/a><\/p>\n","protected":false},"author":1,"featured_media":0,"parent":0,"menu_order":0,"comment_status":"open","ping_status":"open","template":"bibliukaflar.php","meta":{"footnotes":""},"class_list":["post-2483","page","type-page","status-publish","hentry"],"_links":{"self":[{"href":"https:\/\/biblian.is\/1981\/wp-json\/wp\/v2\/pages\/2483","targetHints":{"allow":["GET"]}}],"collection":[{"href":"https:\/\/biblian.is\/1981\/wp-json\/wp\/v2\/pages"}],"about":[{"href":"https:\/\/biblian.is\/1981\/wp-json\/wp\/v2\/types\/page"}],"author":[{"embeddable":true,"href":"https:\/\/biblian.is\/1981\/wp-json\/wp\/v2\/users\/1"}],"replies":[{"embeddable":true,"href":"https:\/\/biblian.is\/1981\/wp-json\/wp\/v2\/comments?post=2483"}],"version-history":[{"count":0,"href":"https:\/\/biblian.is\/1981\/wp-json\/wp\/v2\/pages\/2483\/revisions"}],"wp:attachment":[{"href":"https:\/\/biblian.is\/1981\/wp-json\/wp\/v2\/media?parent=2483"}],"curies":[{"name":"wp","href":"https:\/\/api.w.org\/{rel}","templated":true}]}}