{"id":2482,"date":"2017-11-18T20:21:55","date_gmt":"2017-11-18T20:21:55","guid":{"rendered":"http:\/\/biblian.is\/1981\/hebreabrefid-2-kafli\/"},"modified":"2017-11-18T20:21:55","modified_gmt":"2017-11-18T20:21:55","slug":"hebreabrefid-2-kafli","status":"publish","type":"page","link":"https:\/\/biblian.is\/1981\/hebreabrefid-2-kafli\/","title":{"rendered":"Hebreabr\u00e9fi\u00f0 2. kafli"},"content":{"rendered":"<p><a name=\"1\"><span class=\"versanumer\">1<\/span><\/a>\u00deess vegna ber oss a\u00f0 gefa \u00fev\u00ed enn betur gaum, er v\u00e9r h\u00f6fum heyrt, svo a\u00f0 eigi berumst v\u00e9r aflei\u00f0is.<a name=\"2\"><span class=\"versanumer\">2<\/span><\/a>\u00dev\u00ed a\u00f0 hafi or\u00f0i\u00f0 af englum tala\u00f0 reynst st\u00f6\u00f0ugt og hvert afbrot og \u00f3hl\u00fd\u00f0ni hloti\u00f0 r\u00e9ttl\u00e1tt endurgjald,<a name=\"3\"><span class=\"versanumer\">3<\/span><\/a>hvernig f\u00e1um v\u00e9r \u00fe\u00e1 undan komist, ef v\u00e9r vanr\u00e6kjum sl\u00edkt hj\u00e1lpr\u00e6\u00f0i sem Drottinn flutti fyrst og var sta\u00f0fest fyrir oss af \u00feeim, er heyr\u00f0u?<a name=\"4\"><span class=\"versanumer\">4<\/span><\/a>Gu\u00f0 bar jafnframt vitni me\u00f0 \u00feeim me\u00f0 t\u00e1knum og undrum og margs konar kraftaverkum og gj\u00f6fum heilags anda, sem hann \u00fatb\u00fdtti a\u00f0 vild sinni.<a name=\"5\"><span class=\"versanumer\">5<\/span><\/a>\u00dev\u00ed ekki lag\u00f0i hann undir engla hinn komandi heim, sem v\u00e9r t\u00f6lum um.<a name=\"6\"><span class=\"versanumer\">6<\/span><\/a>Einhvers sta\u00f0ar er vitna\u00f0: Hva\u00f0 er ma\u00f0ur, a\u00f0 \u00fe\u00fa minnist hans? E\u00f0a mannssonur, a\u00f0 \u00fe\u00fa vitjir hans?<a name=\"7\"><span class=\"versanumer\">7<\/span><\/a>Skamma stund gj\u00f6r\u00f0ir \u00fe\u00fa hann englunum l\u00e6gri. \u00de\u00fa hefur kr\u00fdnt hann vegsemd og hei\u00f0ri. Og \u00fe\u00fa hefur skipa\u00f0 hann yfir verk handa \u00feinna.<a name=\"8\"><span class=\"versanumer\">8<\/span><\/a>Allt hefur \u00fe\u00fa lagt undir f\u00e6tur hans.Me\u00f0 \u00fev\u00ed a\u00f0 leggja allt undir hann, \u00fe\u00e1 hefur hann ekkert \u00fea\u00f0 eftir skili\u00f0, er ekki s\u00e9 undir hann lagt. Enn\u00fe\u00e1 sj\u00e1um v\u00e9r ekki, a\u00f0 allir hlutir s\u00e9u undir hann lag\u00f0ir.<a name=\"9\"><span class=\"versanumer\">9<\/span><\/a>En v\u00e9r sj\u00e1um, a\u00f0 Jes\u00fas, sem skamma stund var gj\u00f6r\u00f0ur englunum l\u00e6gri, er kr\u00fdndur vegsemd og hei\u00f0ri vegna dau\u00f0ans sem hann \u00feoldi. Af Gu\u00f0s n\u00e1\u00f0 skyldi hann deyja fyrir alla.<a name=\"10\"><span class=\"versanumer\">10<\/span><\/a>Allt er til vegna Gu\u00f0s og fyrir Gu\u00f0. \u00dev\u00ed var\u00f0 hann, er hann lei\u00f0ir marga syni til d\u00fdr\u00f0ar, a\u00f0 fullkomna me\u00f0 \u00fej\u00e1ningum \u00feann, er lei\u00f0ir \u00fe\u00e1 til hj\u00e1lpr\u00e6\u00f0is.<a name=\"11\"><span class=\"versanumer\">11<\/span><\/a>\u00dev\u00ed a\u00f0 s\u00e1 sem helgar og \u00feeir sem helga\u00f0ir ver\u00f0a eru allir fr\u00e1 einum komnir. \u00deess vegna telur hann s\u00e9r eigi vanvir\u00f0u a\u00f0 kalla \u00fe\u00e1 br\u00e6\u00f0ur,<a name=\"12\"><span class=\"versanumer\">12<\/span><\/a>er hann segir: \u00c9g mun kunnugt gj\u00f6ra nafn \u00feitt br\u00e6\u00f0rum m\u00ednum, \u00e9g mun syngja \u00fe\u00e9r lof mitt \u00ed s\u00f6fnu\u00f0inum.<a name=\"13\"><span class=\"versanumer\">13<\/span><\/a>Og aftur: \u00c9g mun treysta \u00e1 hann.Og enn fremur: Sj\u00e1, h\u00e9r er \u00e9g og b\u00f6rnin, er Gu\u00f0 gaf m\u00e9r.<a name=\"14\"><span class=\"versanumer\">14<\/span><\/a>\u00dear sem n\u00fa b\u00f6rnin eru af holdi og bl\u00f3\u00f0i, \u00fe\u00e1 hefur hann og sj\u00e1lfur fengi\u00f0 hlutdeild \u00ed mannlegu e\u00f0li \u00e1 sama h\u00e1tt, til \u00feess a\u00f0 hann me\u00f0 dau\u00f0a s\u00ednum g\u00e6ti a\u00f0 engu gj\u00f6rt \u00feann, sem hefur m\u00e1tt dau\u00f0ans, \u00fea\u00f0 er a\u00f0 segja dj\u00f6fulinn,<a name=\"15\"><span class=\"versanumer\">15<\/span><\/a>og frelsa\u00f0 alla \u00fe\u00e1, sem af \u00f3tta vi\u00f0 dau\u00f0ann voru undir \u00fer\u00e6lkun seldir alla s\u00edna \u00e6vi.<a name=\"16\"><span class=\"versanumer\">16<\/span><\/a>\u00dev\u00ed a\u00f0 v\u00edst er um \u00fea\u00f0, a\u00f0 ekki tekur hann a\u00f0 s\u00e9r englana, en hann tekur a\u00f0 s\u00e9r afsprengi Abrahams.<a name=\"17\"><span class=\"versanumer\">17<\/span><\/a>\u00dev\u00ed var \u00fea\u00f0, a\u00f0 hann \u00ed \u00f6llum greinum \u00e1tti a\u00f0 ver\u00f0a l\u00edkur br\u00e6\u00f0rum s\u00ednum, svo a\u00f0 hann yr\u00f0i miskunnsamur og tr\u00far \u00e6\u00f0sti prestur \u00ed \u00fej\u00f3nustu fyrir Gu\u00f0i, til \u00feess a\u00f0 fri\u00f0\u00fe\u00e6gja fyrir syndir l\u00fd\u00f0sins.<a name=\"18\"><span class=\"versanumer\">18<\/span><\/a>Sj\u00e1lfur hefur hann \u00fej\u00e1\u00f0st og hans veri\u00f0 freista\u00f0. \u00deess vegna er hann f\u00e6r um a\u00f0 hj\u00e1lpa \u00feeim, er ver\u00f0a fyrir freistingu.<\/p>\n<div class=\"footnote1981\"><b>2.2<\/b> Refsins Heb 10.29; 12.25<br \/>\n<b>2.4<\/b> Bar vitni me\u00f0 t\u00e1knum og undrum Mrk 16.17-18,20; Post 5.12; R\u00f3m 15.19; 2Kor 12.12<br \/>\n<b>2.6-8<\/b> Slm 8.5-7 \u2013 allt er lagt undir Krist 1Kor 15.27; Ef 1.22; Fil 3.21<br \/>\n<b>2.9<\/b> L\u00e6gja, kr\u00fdna vegsemd Fil 2.8-9<br \/>\n<b>2.10<\/b> Fullkomna me\u00f0 \u00fej\u00e1ningum L\u00fak 13.32; Heb 5.9; 7.28<br \/>\n<b>2.11<\/b> Systkin Matt 25.40; Mrk 3.35; J\u00f3h 20.17<br \/>\n<b>2.12<\/b> Slm 22.23<br \/>\n<b>2.13a<\/b> 2Sam 22.3; Jes 8.17<br \/>\n<b>2.13b<\/b> Jes 8.18<br \/>\n<b>2.14<\/b> Var\u00f0 sj\u00e1lfur ma\u00f0ur R\u00f3m 8.3; Fil 2.7; Heb 2.17 \u2013 verk dj\u00f6fulsins SSal 2.24; 1J\u00f3h 3.8<br \/>\n<b>2.17<\/b> Kristur \u00e6\u00f0sti prestur Heb 3.1; 4.14; 5.1; 6.20; 7.26; 8.1; 9.11<\/div>\n","protected":false},"excerpt":{"rendered":"<p>1\u00deess vegna ber oss a\u00f0 gefa \u00fev\u00ed enn betur gaum, er v\u00e9r h\u00f6fum heyrt, svo a\u00f0 eigi berumst v\u00e9r aflei\u00f0is.2\u00dev\u00ed a\u00f0 hafi or\u00f0i\u00f0 af englum tala\u00f0 reynst st\u00f6\u00f0ugt og hvert afbrot og \u00f3hl\u00fd\u00f0ni hloti\u00f0 r\u00e9ttl\u00e1tt endurgjald,3hvernig f\u00e1um v\u00e9r \u00fe\u00e1 undan komist, ef v\u00e9r vanr\u00e6kjum sl\u00edkt hj\u00e1lpr\u00e6\u00f0i sem Drottinn flutti fyrst og var sta\u00f0fest fyrir oss af \u00feeim, er heyr\u00f0u?4Gu\u00f0 bar jafnframt vitni me\u00f0 \u00feeim me\u00f0 t\u00e1knum og undrum og margs konar kraftaverkum og gj\u00f6fum heilags anda, sem hann \u00fatb\u00fdtti a\u00f0 vild sinni.5\u00dev\u00ed ekki lag\u00f0i hann undir engla hinn komandi heim, sem v\u00e9r t\u00f6lum um.6Einhvers sta\u00f0ar er vitna\u00f0: Hva\u00f0 er ma\u00f0ur, <a href=\"https:\/\/biblian.is\/1981\/hebreabrefid-2-kafli\/\"> [&#8230;]<\/a><\/p>\n","protected":false},"author":1,"featured_media":0,"parent":0,"menu_order":0,"comment_status":"open","ping_status":"open","template":"bibliukaflar.php","meta":{"footnotes":""},"class_list":["post-2482","page","type-page","status-publish","hentry"],"_links":{"self":[{"href":"https:\/\/biblian.is\/1981\/wp-json\/wp\/v2\/pages\/2482","targetHints":{"allow":["GET"]}}],"collection":[{"href":"https:\/\/biblian.is\/1981\/wp-json\/wp\/v2\/pages"}],"about":[{"href":"https:\/\/biblian.is\/1981\/wp-json\/wp\/v2\/types\/page"}],"author":[{"embeddable":true,"href":"https:\/\/biblian.is\/1981\/wp-json\/wp\/v2\/users\/1"}],"replies":[{"embeddable":true,"href":"https:\/\/biblian.is\/1981\/wp-json\/wp\/v2\/comments?post=2482"}],"version-history":[{"count":0,"href":"https:\/\/biblian.is\/1981\/wp-json\/wp\/v2\/pages\/2482\/revisions"}],"wp:attachment":[{"href":"https:\/\/biblian.is\/1981\/wp-json\/wp\/v2\/media?parent=2482"}],"curies":[{"name":"wp","href":"https:\/\/api.w.org\/{rel}","templated":true}]}}