{"id":2481,"date":"2017-11-18T20:21:55","date_gmt":"2017-11-18T20:21:55","guid":{"rendered":"http:\/\/biblian.is\/1981\/hebreabrefid-1-kafli\/"},"modified":"2017-11-18T20:21:55","modified_gmt":"2017-11-18T20:21:55","slug":"hebreabrefid-1-kafli","status":"publish","type":"page","link":"https:\/\/biblian.is\/1981\/hebreabrefid-1-kafli\/","title":{"rendered":"Hebreabr\u00e9fi\u00f0 1. kafli"},"content":{"rendered":"<p><a name=\"1\"><span class=\"versanumer\">1<\/span><\/a>Gu\u00f0 tala\u00f0i fyrrum oftsinnis og me\u00f0 m\u00f6rgu m\u00f3ti til fe\u00f0ranna fyrir munn sp\u00e1mannanna.<a name=\"2\"><span class=\"versanumer\">2<\/span><\/a>En n\u00fa \u00ed lok \u00feessara daga hefur hann til vor tala\u00f0 \u00ed syni s\u00ednum, sem hann setti erfingja allra hluta. Fyrir hann hefur hann l\u00edka heimana gj\u00f6rt.<a name=\"3\"><span class=\"versanumer\">3<\/span><\/a>Hann, sem er lj\u00f3mi d\u00fdr\u00f0ar hans og \u00edmynd veru hans og ber allt me\u00f0 or\u00f0i m\u00e1ttar s\u00edns, hreinsa\u00f0i oss af syndum vorum og settist til h\u00e6gri handar h\u00e1tigninni \u00e1 h\u00e6\u00f0um.<a name=\"4\"><span class=\"versanumer\">4<\/span><\/a>Hann er or\u00f0inn englunum \u00feeim mun meiri sem hann hefur a\u00f0 erf\u00f0um teki\u00f0 \u00e1g\u00e6tara nafn en \u00feeir.<a name=\"5\"><span class=\"versanumer\">5<\/span><\/a>\u00dev\u00ed vi\u00f0 hvern af englunum hefur hann nokkru sinni sagt: \u00de\u00fa ert sonur minn, \u00ed dag hef \u00e9g f\u00e6tt \u00feig.E\u00f0a: \u00c9g vil vera honum fa\u00f0ir, og hann skal vera m\u00e9r sonur!<a name=\"6\"><span class=\"versanumer\">6<\/span><\/a>Og aftur er hann lei\u00f0ir hinn frumgetna inn \u00ed heimsbygg\u00f0ina segir hann: Og allir englar Gu\u00f0s skulu tilbi\u00f0ja hann.<a name=\"7\"><span class=\"versanumer\">7<\/span><\/a>Og um englana segir hann: Hann sem gj\u00f6rir engla s\u00edna a\u00f0 vindum og \u00fej\u00f3na s\u00edna a\u00f0 eldslogum.<a name=\"8\"><span class=\"versanumer\">8<\/span><\/a>En um soninn: H\u00e1s\u00e6ti \u00feitt, \u00f3 Gu\u00f0, er um aldir alda, og sproti r\u00e9ttv\u00edsinnar er sproti r\u00edkis \u00fe\u00edns.<a name=\"9\"><span class=\"versanumer\">9<\/span><\/a>\u00de\u00fa hefur elska\u00f0 r\u00e9ttl\u00e6ti og hata\u00f0 rangl\u00e6ti. \u00dev\u00ed hefur Gu\u00f0, \u00feinn Gu\u00f0, smurt \u00feig gle\u00f0innar ol\u00edu fram yfir \u00fe\u00edna jafningja.<a name=\"10\"><span class=\"versanumer\">10<\/span><\/a>Og: \u00de\u00fa, Drottinn, hefur \u00ed upphafi grundvalla\u00f0 j\u00f6r\u00f0ina, og himnarnir eru verk handa \u00feinna.<a name=\"11\"><span class=\"versanumer\">11<\/span><\/a>\u00deeir munu farast, en \u00fe\u00fa varir. Allir munu \u00feeir fyrnast sem fat,<a name=\"12\"><span class=\"versanumer\">12<\/span><\/a>og \u00fe\u00fa munt \u00fe\u00e1 saman vefja eins og m\u00f6ttul, um \u00fe\u00e1 ver\u00f0ur skipt sem kl\u00e6\u00f0i. En \u00fe\u00fa ert hinn sami, og \u00fe\u00edn \u00e1r taka aldrei enda.<a name=\"13\"><span class=\"versanumer\">13<\/span><\/a>En vi\u00f0 hvern af englunum hefur hann nokkru sinni sagt: Set \u00feig m\u00e9r til h\u00e6gri handar, uns \u00e9g gj\u00f6ri \u00f3vini \u00fe\u00edna a\u00f0 f\u00f3tsk\u00f6r \u00feinni?<a name=\"14\"><span class=\"versanumer\">14<\/span><\/a>Eru \u00feeir ekki allir \u00fej\u00f3nustubundnir andar, \u00fatsendir \u00ed \u00feeirra \u00fearfir, sem hj\u00e1lpr\u00e6\u00f0i\u00f0 eiga a\u00f0 erfa?<\/p>\n<div class=\"footnote1981\"><b>1.1<\/b> Fe\u00f0urnir R\u00f3m 4.16-18; 11.17; 1Kor 10.1<br \/>\n<b>1.2<\/b> \u00cd lok \u00feessara daga Esk 38.16; Dan 2.28; 10.14; M\u00edk 4.1; Post 2.17; 1Kor 10.11; 1P\u00e9t 1.20 \u2013 Kristur erfingi Matt 21.38; 28.18; Slm 2.8; 1M\u00f3s 15.3-4; S\u00edr 44.21 \u2013 fyrir hann J\u00f3h 1.3; 1Kor 8.6; K\u00f3l 1.16; sbr Okv 8.27-31; SSal <b>7.21;<\/b> 9.9<br \/>\n<b>1.3<\/b> \u00cdmynd Gu\u00f0s 2Kor 4.4; K\u00f3l 1.15 \u2013 settist til h\u00e6gri handar vi\u00f0 Gu\u00f0 Slm 110.1; sbr Matt 22.44+<br \/>\n<b>1.4<\/b> Nafn Ef 1.21; Fil 2.9<br \/>\n<b>15a<\/b> Sbr Slm 2.7 \u2013 Kristur sonur Post 13.33; Heb 5.5<br \/>\n<b>1.5b<\/b> Sbr 2Sam 7.14; 1Kro 17.13<br \/>\n<b>1.6<\/b> Frumbur\u00f0urinn K\u00f3l 1.18 \u2013 heimsbygg\u00f0in Heb 2.5<br \/>\n<b>1.7<\/b> Slm 104.4<br \/>\n<b>1.8-9<\/b> Slm 45.7-8<br \/>\n<b>1.10-12<\/b> Slm 102.26-28<br \/>\n<b>1.13<\/b> Slm 110.1; Matt 22.44+ ; Heb 10.13<\/div>\n","protected":false},"excerpt":{"rendered":"<p>1Gu\u00f0 tala\u00f0i fyrrum oftsinnis og me\u00f0 m\u00f6rgu m\u00f3ti til fe\u00f0ranna fyrir munn sp\u00e1mannanna.2En n\u00fa \u00ed lok \u00feessara daga hefur hann til vor tala\u00f0 \u00ed syni s\u00ednum, sem hann setti erfingja allra hluta. Fyrir hann hefur hann l\u00edka heimana gj\u00f6rt.3Hann, sem er lj\u00f3mi d\u00fdr\u00f0ar hans og \u00edmynd veru hans og ber allt me\u00f0 or\u00f0i m\u00e1ttar s\u00edns, hreinsa\u00f0i oss af syndum vorum og settist til h\u00e6gri handar h\u00e1tigninni \u00e1 h\u00e6\u00f0um.4Hann er or\u00f0inn englunum \u00feeim mun meiri sem hann hefur a\u00f0 erf\u00f0um teki\u00f0 \u00e1g\u00e6tara nafn en \u00feeir.5\u00dev\u00ed vi\u00f0 hvern af englunum hefur hann nokkru sinni sagt: \u00de\u00fa ert sonur minn, \u00ed dag hef <a href=\"https:\/\/biblian.is\/1981\/hebreabrefid-1-kafli\/\"> [&#8230;]<\/a><\/p>\n","protected":false},"author":1,"featured_media":0,"parent":0,"menu_order":0,"comment_status":"open","ping_status":"open","template":"bibliukaflar.php","meta":{"footnotes":""},"class_list":["post-2481","page","type-page","status-publish","hentry"],"_links":{"self":[{"href":"https:\/\/biblian.is\/1981\/wp-json\/wp\/v2\/pages\/2481","targetHints":{"allow":["GET"]}}],"collection":[{"href":"https:\/\/biblian.is\/1981\/wp-json\/wp\/v2\/pages"}],"about":[{"href":"https:\/\/biblian.is\/1981\/wp-json\/wp\/v2\/types\/page"}],"author":[{"embeddable":true,"href":"https:\/\/biblian.is\/1981\/wp-json\/wp\/v2\/users\/1"}],"replies":[{"embeddable":true,"href":"https:\/\/biblian.is\/1981\/wp-json\/wp\/v2\/comments?post=2481"}],"version-history":[{"count":0,"href":"https:\/\/biblian.is\/1981\/wp-json\/wp\/v2\/pages\/2481\/revisions"}],"wp:attachment":[{"href":"https:\/\/biblian.is\/1981\/wp-json\/wp\/v2\/media?parent=2481"}],"curies":[{"name":"wp","href":"https:\/\/api.w.org\/{rel}","templated":true}]}}