{"id":2480,"date":"2017-11-18T20:21:55","date_gmt":"2017-11-18T20:21:55","guid":{"rendered":"http:\/\/biblian.is\/1981\/filemonsbrefid-1-kafli\/"},"modified":"2021-06-06T10:51:06","modified_gmt":"2021-06-06T10:51:06","slug":"filemonsbrefid-1-kafli","status":"publish","type":"page","link":"https:\/\/biblian.is\/1981\/filemonsbrefid-1-kafli\/","title":{"rendered":"F\u00edlemonsbr\u00e9fi\u00f0 1. kafli"},"content":{"rendered":"<p><a name=\"1\"><span class=\"versanumer\">1<\/span><\/a>P\u00e1ll, bandingi Krists Jes\u00fa, og T\u00edm\u00f3teus br\u00f3\u00f0ir vor, heilsa elsku\u00f0um vini okkar og samverkamanni F\u00edlemon,<a name=\"2\"><span class=\"versanumer\">2<\/span><\/a>svo og App\u00edu systur okkar og Arkippusi samherja okkar og s\u00f6fnu\u00f0inum, sem kemur saman \u00ed h\u00fasi \u00fe\u00ednu.<a name=\"3\"><span class=\"versanumer\">3<\/span><\/a>N\u00e1\u00f0 s\u00e9 me\u00f0 y\u00f0ur og fri\u00f0ur fr\u00e1 Gu\u00f0i f\u00f6\u00f0ur vorum og Drottni Jes\u00fa Kristi.<a name=\"4\"><span class=\"versanumer\">4<\/span><\/a>\u00c9g \u00feakka Gu\u00f0i m\u00ednum \u00e1vallt, er \u00e9g minnist \u00fe\u00edn \u00ed b\u00e6num m\u00ednum.<a name=\"5\"><span class=\"versanumer\">5<\/span><\/a>\u00dev\u00ed a\u00f0 \u00e9g heyri um tr\u00fana, sem \u00fe\u00fa hefur \u00e1 Drottni Jes\u00fa, og um k\u00e6rleika \u00feinn til hinna heil\u00f6gu.<a name=\"6\"><span class=\"versanumer\">6<\/span><\/a>\u00c9g bi\u00f0 \u00feess, a\u00f0 tr\u00fa \u00fe\u00edn, sem \u00fe\u00fa \u00e1tt me\u00f0 oss, ver\u00f0i mikilvirk \u00ed \u00feekkingunni \u00e1 \u00f6llu \u00fev\u00ed g\u00f3\u00f0a, sem tilheyrir Kristi.<a name=\"7\"><span class=\"versanumer\">7<\/span><\/a>\u00c9g hlaut mikla gle\u00f0i og huggun af k\u00e6rleika \u00fe\u00ednum, \u00fear e\u00f0 \u00fe\u00fa, br\u00f3\u00f0ir, hefur endurn\u00e6rt hj\u00f6rtu hinna heil\u00f6gu.<a name=\"8\"><span class=\"versanumer\">8<\/span><\/a>\u00dev\u00ed er \u00fea\u00f0, a\u00f0 \u00fe\u00f3tt \u00e9g g\u00e6ti me\u00f0 fullri dj\u00f6rfung \u00ed Kristi bo\u00f0i\u00f0 \u00fe\u00e9r a\u00f0 gera \u00fea\u00f0, sem skylt er,<a name=\"9\"><span class=\"versanumer\">9<\/span><\/a>\u00fe\u00e1 fer \u00e9g \u00fe\u00f3 heldur b\u00f3narveg vegna k\u00e6rleika \u00fe\u00edns, \u00fear sem \u00e9g er eins og \u00e9g er, hann P\u00e1ll gamli, og n\u00fa l\u00edka bandingi Krists Jes\u00fa.<a name=\"10\"><span class=\"versanumer\">10<\/span><\/a>\u00c9g bi\u00f0 \u00feig \u00fe\u00e1 fyrir barni\u00f0 mitt, sem \u00e9g hef geti\u00f0 \u00ed fj\u00f6trum m\u00ednum, hann Ones\u00edmus.<a name=\"11\"><span class=\"versanumer\">11<\/span><\/a>Hann var \u00fe\u00e9r \u00e1\u00f0ur \u00f3\u00fearfur, en er n\u00fa \u00fearfur b\u00e6\u00f0i \u00fe\u00e9r og m\u00e9r.<a name=\"12\"><span class=\"versanumer\">12<\/span><\/a>\u00c9g sendi hann til \u00fe\u00edn aftur, og er hann \u00fe\u00f3 sem hjarta\u00f0 \u00ed brj\u00f3sti m\u00e9r.<a name=\"13\"><span class=\"versanumer\">13<\/span><\/a>Feginn vildi \u00e9g hafa haldi\u00f0 honum hj\u00e1 m\u00e9r, til \u00feess a\u00f0 hann \u00ed \u00feinn sta\u00f0 veitti m\u00e9r \u00fej\u00f3nustu \u00ed fj\u00f6trum m\u00ednum vegna fagna\u00f0arerindisins.<a name=\"14\"><span class=\"versanumer\">14<\/span><\/a>En \u00e1n \u00fe\u00edns sam\u00feykkis vildi \u00e9g ekkert gj\u00f6ra, til \u00feess a\u00f0 velgj\u00f6r\u00f0 \u00fe\u00edn skyldi ekki koma eins og af nau\u00f0ung, heldur af f\u00fasum vilja.<a name=\"15\"><span class=\"versanumer\">15<\/span><\/a>V\u00edsast hefur hann \u00feess vegna or\u00f0i\u00f0 vi\u00f0skila vi\u00f0 \u00feig um stundarsakir, a\u00f0 \u00fe\u00fa s\u00ed\u00f0an skyldir f\u00e1 a\u00f0 halda honum eil\u00edflega,<a name=\"16\"><span class=\"versanumer\">16<\/span><\/a>ekki lengur eins og \u00fer\u00e6li, heldur \u00fer\u00e6li fremri, eins og elsku\u00f0um br\u00f3\u00f0ur. M\u00e9r er hann k\u00e6r br\u00f3\u00f0ir. Hve miklu fremur \u00fe\u00f3 \u00fe\u00e9r, b\u00e6\u00f0i sem ma\u00f0ur og kristinn.<a name=\"17\"><span class=\"versanumer\">17<\/span><\/a>Ef \u00fe\u00fa \u00fev\u00ed telur mig f\u00e9laga \u00feinn, \u00fe\u00e1 tak \u00fe\u00fa \u00e1 m\u00f3ti honum, eins og v\u00e6ri \u00fea\u00f0 \u00e9g sj\u00e1lfur.<a name=\"18\"><span class=\"versanumer\">18<\/span><\/a>En hafi hann eitthva\u00f0 gj\u00f6rt \u00e1 hluta \u00feinn, e\u00f0a s\u00e9 hann \u00ed skuld vi\u00f0 \u00feig, \u00fe\u00e1 f\u00e6r \u00fe\u00fa \u00fea\u00f0 m\u00e9r til reiknings.<a name=\"19\"><span class=\"versanumer\">19<\/span><\/a>\u00c9g, P\u00e1ll, rita me\u00f0 eigin hendi: \u00c9g mun gjalda. A\u00f0 \u00e9g ekki nefni vi\u00f0 \u00feig, a\u00f0 \u00fe\u00fa ert jafnvel \u00ed skuld vi\u00f0 mig um sj\u00e1lfan \u00feig.<a name=\"20\"><span class=\"versanumer\">20<\/span><\/a>J\u00e1, br\u00f3\u00f0ir, unn m\u00e9r gagns af \u00fe\u00e9r vegna Drottins, endurn\u00e6r hjarta mitt sakir Krists.<a name=\"21\"><span class=\"versanumer\">21<\/span><\/a>\u00cd fullu trausti til hl\u00fd\u00f0ni \u00feinnar rita \u00e9g til \u00fe\u00edn og veit, a\u00f0 \u00fe\u00fa munt gj\u00f6ra jafnvel fram yfir \u00fea\u00f0, sem \u00e9g m\u00e6list til.<a name=\"22\"><span class=\"versanumer\">22<\/span><\/a>En haf\u00f0u l\u00edka til gestaherbergi handa m\u00e9r, \u00fev\u00ed a\u00f0 \u00e9g vona, a\u00f0 \u00e9g vegna b\u00e6na y\u00f0ar muni ver\u00f0a gefinn y\u00f0ur.<a name=\"23\"><span class=\"versanumer\">23<\/span><\/a>Epafras, sambandingi minn vegna Krists Jes\u00fa, bi\u00f0ur a\u00f0 heilsa \u00fe\u00e9r. S\u00f6mulei\u00f0is<a name=\"24\"><span class=\"versanumer\">24<\/span><\/a>Mark\u00fas, Aristarkus, Demas og L\u00fakas, samverkamenn m\u00ednir.<a name=\"25\"><span class=\"versanumer\">25<\/span><\/a>N\u00e1\u00f0in Drottins vors Jes\u00fa Krists s\u00e9 me\u00f0 anda y\u00f0ar.<\/p>\n<div class=\"footnote1981\"><b>1<\/b> P\u00e1ll, bandingi Krists Ef 3.1+ &#8211; T\u00edm\u00f3teus Post 16.1+<br \/>\n<b>2<\/b> Arkippus K\u00f3l 4.17 \u2013 s\u00f6fnu\u00f0urinn \u00ed h\u00fasi \u00fe\u00ednu R\u00f3m 16.5+<br \/>\n<b>3<\/b> N\u00e1\u00f0 s\u00e9 me\u00f0 y\u00f0ur og fri\u00f0ur R\u00f3m 1.7; Gal 1.3; Fil 1.2 o.fl.<br \/>\n<b>4<\/b> \u00deakkir og fyrirb\u00e6n R\u00f3m 1.8-9<br \/>\n<b>6<\/b> Tr\u00fa og skilningur \u00e1 vilja Gu\u00f0s F\u00edlm 1.9; K\u00f3l 1.9<br \/>\n<b>7<\/b> Gle\u00f0i og upp\u00f6rvun 2Kor 7.4<br \/>\n<b>9<\/b> Bandingi Krists Ef 3.1+ ; F\u00edlm 1<br \/>\n<b>10<\/b> Sem \u00e9g hef geti\u00f0 1Kor 4.15; Gal 4.19 \u2013 Ones\u00edmus K\u00f3l 4.9<br \/>\n<b>13<\/b> \u00cd \u00feinn sta\u00f0 F\u00edlm 2.30<br \/>\n<b>14<\/b> Af f\u00fasum vilja 2Kor 9.7; 1P\u00e9t 5.2<br \/>\n<b>16<\/b> Fremri 1T\u00edm 6.2<br \/>\n<b>19<\/b> Me\u00f0 eigin hendi Gal 6.11+<br \/>\n<b>23<\/b> Epafras K\u00f3l 1.7+<br \/>\n<b>24<\/b> Mark\u00fas Post 12.12+ ; 2T\u00edm 4.11+ &#8211; Aristarkus Post 19.29+ &#8211; Demas K\u00f3l 4.14+ &#8211; L\u00fakas K\u00f3l 4.14+<\/div>\n","protected":false},"excerpt":{"rendered":"<p>1P\u00e1ll, bandingi Krists Jes\u00fa, og T\u00edm\u00f3teus br\u00f3\u00f0ir vor, heilsa elsku\u00f0um vini okkar og samverkamanni F\u00edlemon,2svo og App\u00edu systur okkar og Arkippusi samherja okkar og s\u00f6fnu\u00f0inum, sem kemur saman \u00ed h\u00fasi \u00fe\u00ednu.3N\u00e1\u00f0 s\u00e9 me\u00f0 y\u00f0ur og fri\u00f0ur fr\u00e1 Gu\u00f0i f\u00f6\u00f0ur vorum og Drottni Jes\u00fa Kristi.4\u00c9g \u00feakka Gu\u00f0i m\u00ednum \u00e1vallt, er \u00e9g minnist \u00fe\u00edn \u00ed b\u00e6num m\u00ednum.5\u00dev\u00ed a\u00f0 \u00e9g heyri um tr\u00fana, sem \u00fe\u00fa hefur \u00e1 Drottni Jes\u00fa, og um k\u00e6rleika \u00feinn til hinna heil\u00f6gu.6\u00c9g bi\u00f0 \u00feess, a\u00f0 tr\u00fa \u00fe\u00edn, sem \u00fe\u00fa \u00e1tt me\u00f0 oss, ver\u00f0i mikilvirk \u00ed \u00feekkingunni \u00e1 \u00f6llu \u00fev\u00ed g\u00f3\u00f0a, sem tilheyrir Kristi.7\u00c9g hlaut mikla gle\u00f0i og huggun af <a href=\"https:\/\/biblian.is\/1981\/filemonsbrefid-1-kafli\/\"> [&#8230;]<\/a><\/p>\n","protected":false},"author":1,"featured_media":0,"parent":0,"menu_order":0,"comment_status":"open","ping_status":"open","template":"bibliukaflar.php","meta":{"footnotes":""},"class_list":["post-2480","page","type-page","status-publish","hentry"],"_links":{"self":[{"href":"https:\/\/biblian.is\/1981\/wp-json\/wp\/v2\/pages\/2480","targetHints":{"allow":["GET"]}}],"collection":[{"href":"https:\/\/biblian.is\/1981\/wp-json\/wp\/v2\/pages"}],"about":[{"href":"https:\/\/biblian.is\/1981\/wp-json\/wp\/v2\/types\/page"}],"author":[{"embeddable":true,"href":"https:\/\/biblian.is\/1981\/wp-json\/wp\/v2\/users\/1"}],"replies":[{"embeddable":true,"href":"https:\/\/biblian.is\/1981\/wp-json\/wp\/v2\/comments?post=2480"}],"version-history":[{"count":0,"href":"https:\/\/biblian.is\/1981\/wp-json\/wp\/v2\/pages\/2480\/revisions"}],"wp:attachment":[{"href":"https:\/\/biblian.is\/1981\/wp-json\/wp\/v2\/media?parent=2480"}],"curies":[{"name":"wp","href":"https:\/\/api.w.org\/{rel}","templated":true}]}}