{"id":2479,"date":"2017-11-18T20:21:55","date_gmt":"2017-11-18T20:21:55","guid":{"rendered":"http:\/\/biblian.is\/1981\/titusarbref-3-kafli\/"},"modified":"2021-06-06T11:11:01","modified_gmt":"2021-06-06T11:11:01","slug":"titusarbrefid-3-kafli","status":"publish","type":"page","link":"https:\/\/biblian.is\/1981\/titusarbrefid-3-kafli\/","title":{"rendered":"T\u00edtusarbr\u00e9fi\u00f0 3. kafli"},"content":{"rendered":"<p><a name=\"1\"><span class=\"versanumer\">1<\/span><\/a>Minn \u00fe\u00e1 \u00e1 a\u00f0 vera undirgefnir h\u00f6f\u00f0ingjum og yfirv\u00f6ldum, hl\u00fd\u00f0nir og rei\u00f0ub\u00fanir til s\u00e9rhvers g\u00f3\u00f0s verks,<a name=\"2\"><span class=\"versanumer\">2<\/span><\/a>lastm\u00e6la engum, vera \u00f3deilugjarnir, sanngjarnir og s\u00fdna hvers konar h\u00f3gv\u00e6r\u00f0 vi\u00f0 alla menn.<a name=\"3\"><span class=\"versanumer\">3<\/span><\/a>\u00dev\u00ed a\u00f0 \u00feeir voru t\u00edmarnir, a\u00f0 v\u00e9r vorum einnig \u00f3skynsamir, \u00f3hl\u00fd\u00f0nir, villur\u00e1fandi, \u00ed \u00e1nau\u00f0 hvers konar f\u00fdsna og lostasemda. V\u00e9r \u00f3lum aldur vorn \u00ed illsku og \u00f6fund, vorum andstyggilegir, h\u00f6tu\u00f0um hver annan.<a name=\"4\"><span class=\"versanumer\">4<\/span><\/a>En er g\u00e6ska Gu\u00f0s frelsara vors birtist og elska hans til mannanna,<a name=\"5\"><span class=\"versanumer\">5<\/span><\/a>\u00fe\u00e1 frelsa\u00f0i hann oss, ekki vegna r\u00e9ttl\u00e6tisverkanna, sem v\u00e9r h\u00f6f\u00f0um unni\u00f0, heldur samkv\u00e6mt miskunn sinni \u00ed \u00feeirri laug, \u00fear sem v\u00e9r endurf\u00e6\u00f0umst og heilagur andi gj\u00f6rir oss n\u00fdja.<a name=\"6\"><span class=\"versanumer\">6<\/span><\/a>Hann \u00fathellti anda s\u00ednum yfir oss r\u00edkulega fyrir Jes\u00fa Krist, frelsara vorn,<a name=\"7\"><span class=\"versanumer\">7<\/span><\/a>til \u00feess a\u00f0 v\u00e9r, r\u00e9ttl\u00e6ttir fyrir n\u00e1\u00f0 hans, yr\u00f0um \u00ed voninni erfingjar eil\u00edfs l\u00edfs.<a name=\"8\"><span class=\"versanumer\">8<\/span><\/a>\u00dea\u00f0 or\u00f0 er satt, og \u00e1 \u00feetta vil \u00e9g a\u00f0 \u00fe\u00fa leggir alla \u00e1herslu, til \u00feess a\u00f0 \u00feeir, sem fest hafa tr\u00fa \u00e1 Gu\u00f0, l\u00e1ti s\u00e9r umhuga\u00f0 um a\u00f0 stunda g\u00f3\u00f0 verk. \u00deetta er gott og m\u00f6nnum nytsamlegt.<a name=\"9\"><span class=\"versanumer\">9<\/span><\/a>En for\u00f0ast \u00fe\u00fa heimskulegar \u00fer\u00e6tur og \u00e6ttart\u00f6lur, deilur og l\u00f6gm\u00e1lsst\u00e6lur. \u00de\u00e6r eru gagnslausar og til einskis.<a name=\"10\"><span class=\"versanumer\">10<\/span><\/a>\u00der\u00e6tumanni skalt \u00fe\u00fa snei\u00f0a hj\u00e1, er \u00fe\u00fa hefur einu sinni og tvisvar \u00e1minnt hann.<a name=\"11\"><span class=\"versanumer\">11<\/span><\/a>\u00de\u00fa veist a\u00f0 sl\u00edkur ma\u00f0ur er rangsn\u00fainn og syndugur. Hann er sj\u00e1lfd\u00e6mdur.<a name=\"12\"><span class=\"versanumer\">12<\/span><\/a>\u00deegar \u00e9g sendi Artemas til \u00fe\u00edn e\u00f0a T\u00fdk\u00edkus, kom \u00fe\u00e1 sem fyrst til m\u00edn \u00ed Nik\u00f3p\u00f3lis, \u00fev\u00ed \u00fear hef \u00e9g \u00e1sett m\u00e9r a\u00f0 hafa vetrarvist.<a name=\"13\"><span class=\"versanumer\">13<\/span><\/a>Grei\u00f0 sem best f\u00f6r \u00feeirra Senasar l\u00f6gvitrings og Apoll\u00f3ss, til \u00feess a\u00f0 \u00fe\u00e1 bresti ekkert.<a name=\"14\"><span class=\"versanumer\">14<\/span><\/a>En vorir menn eiga og a\u00f0 l\u00e6ra a\u00f0 stunda g\u00f3\u00f0 verk til nau\u00f0synja\u00fearfa, til \u00feess a\u00f0 \u00feeir s\u00e9u ekki \u00e1vaxtalausir.<a name=\"15\"><span class=\"versanumer\">15<\/span><\/a>Allir, sem hj\u00e1 m\u00e9r eru, senda \u00fe\u00e9r kve\u00f0ju. Heilsa \u00feeim, sem oss elska \u00ed tr\u00fa. N\u00e1\u00f0 s\u00e9 me\u00f0 y\u00f0ur \u00f6llum.<\/p>\n<div class=\"footnote1981\"><b>3.1<\/b> L\u00fata h\u00f6f\u00f0ingjum R\u00f3m 13.1; 1P\u00e9t 2.13<br \/>\n<b>3.2<\/b> \u00d3deilugjarnir 2T\u00edm 2.24+<br \/>\n<b>3.3<\/b> \u00deeir voru t\u00edmarnir 1Kor 6.11; Ef 2.2; 5.8; 1P\u00e9t 4.3<br \/>\n<b>3.4<\/b> Gu\u00f0 frelsari vor 1T\u00edm 1.1+<br \/>\n<b>3.5<\/b> Frelsa\u00f0i af miskunn 2T\u00edm 1.9+ &#8211; endurf\u00e6\u00f0ing Ef 5.26 \u2013 endurn\u00fdjun heilags anda J\u00f3h 3.5<br \/>\n<b>3.6<\/b> L\u00e9t andann streyma Jl 3.1<br \/>\n<b>3.7<\/b> R\u00e9ttl\u00e6tt fyrir n\u00e1\u00f0 R\u00f3m 3.24<br \/>\n<b>3.8<\/b> \u00dea\u00f0 or\u00f0 er satt 1T\u00edm 1.15+<br \/>\n<b>3.9<\/b> For\u00f0ast \u00fe\u00fa 2T\u00edm 2.14,16,23 \u2013 \u00e6ttart\u00f6lur 1T\u00edm 1.4<br \/>\n<b>3.10<\/b> Fyrsta og \u00f6nnur \u00e1minning Matt 18.15-17<br \/>\n<b>3.11<\/b> Rangsn\u00fainn &#8230; 1T\u00edm 6.4-5<br \/>\n<b>3.12<\/b> T\u00fdk\u00edkus Post 20.4+<br \/>\n<b>3.13<\/b> Apoll\u00f3s Post 18.24+<br \/>\n<b>3.14<\/b> L\u00e6ra a\u00f0 stunda g\u00f3\u00f0 verk T\u00edt 2.14 \u2013 hvar sem \u00feess er \u00fe\u00f6rf  Ef 4.28<\/div>\n","protected":false},"excerpt":{"rendered":"<p>1Minn \u00fe\u00e1 \u00e1 a\u00f0 vera undirgefnir h\u00f6f\u00f0ingjum og yfirv\u00f6ldum, hl\u00fd\u00f0nir og rei\u00f0ub\u00fanir til s\u00e9rhvers g\u00f3\u00f0s verks,2lastm\u00e6la engum, vera \u00f3deilugjarnir, sanngjarnir og s\u00fdna hvers konar h\u00f3gv\u00e6r\u00f0 vi\u00f0 alla menn.3\u00dev\u00ed a\u00f0 \u00feeir voru t\u00edmarnir, a\u00f0 v\u00e9r vorum einnig \u00f3skynsamir, \u00f3hl\u00fd\u00f0nir, villur\u00e1fandi, \u00ed \u00e1nau\u00f0 hvers konar f\u00fdsna og lostasemda. V\u00e9r \u00f3lum aldur vorn \u00ed illsku og \u00f6fund, vorum andstyggilegir, h\u00f6tu\u00f0um hver annan.4En er g\u00e6ska Gu\u00f0s frelsara vors birtist og elska hans til mannanna,5\u00fe\u00e1 frelsa\u00f0i hann oss, ekki vegna r\u00e9ttl\u00e6tisverkanna, sem v\u00e9r h\u00f6f\u00f0um unni\u00f0, heldur samkv\u00e6mt miskunn sinni \u00ed \u00feeirri laug, \u00fear sem v\u00e9r endurf\u00e6\u00f0umst og heilagur andi gj\u00f6rir oss n\u00fdja.6Hann \u00fathellti anda s\u00ednum <a href=\"https:\/\/biblian.is\/1981\/titusarbrefid-3-kafli\/\"> [&#8230;]<\/a><\/p>\n","protected":false},"author":1,"featured_media":0,"parent":0,"menu_order":0,"comment_status":"open","ping_status":"open","template":"bibliukaflar.php","meta":{"footnotes":""},"class_list":["post-2479","page","type-page","status-publish","hentry"],"_links":{"self":[{"href":"https:\/\/biblian.is\/1981\/wp-json\/wp\/v2\/pages\/2479","targetHints":{"allow":["GET"]}}],"collection":[{"href":"https:\/\/biblian.is\/1981\/wp-json\/wp\/v2\/pages"}],"about":[{"href":"https:\/\/biblian.is\/1981\/wp-json\/wp\/v2\/types\/page"}],"author":[{"embeddable":true,"href":"https:\/\/biblian.is\/1981\/wp-json\/wp\/v2\/users\/1"}],"replies":[{"embeddable":true,"href":"https:\/\/biblian.is\/1981\/wp-json\/wp\/v2\/comments?post=2479"}],"version-history":[{"count":0,"href":"https:\/\/biblian.is\/1981\/wp-json\/wp\/v2\/pages\/2479\/revisions"}],"wp:attachment":[{"href":"https:\/\/biblian.is\/1981\/wp-json\/wp\/v2\/media?parent=2479"}],"curies":[{"name":"wp","href":"https:\/\/api.w.org\/{rel}","templated":true}]}}