{"id":2478,"date":"2017-11-18T20:21:55","date_gmt":"2017-11-18T20:21:55","guid":{"rendered":"http:\/\/biblian.is\/1981\/titusarbref-2-kafli\/"},"modified":"2021-06-06T11:11:00","modified_gmt":"2021-06-06T11:11:00","slug":"titusarbrefid-2-kafli","status":"publish","type":"page","link":"https:\/\/biblian.is\/1981\/titusarbrefid-2-kafli\/","title":{"rendered":"T\u00edtusarbr\u00e9fi\u00f0 2. kafli"},"content":{"rendered":"<p><a name=\"1\"><span class=\"versanumer\">1<\/span><\/a>En tala \u00fe\u00fa \u00fea\u00f0, sem s\u00e6mir hinni heiln\u00e6mu kenningu.<a name=\"2\"><span class=\"versanumer\">2<\/span><\/a>Aldra\u00f0ir menn skulu vera bindindissamir, hei\u00f0vir\u00f0ir, h\u00f3gl\u00e1tir, heilbrig\u00f0ir \u00ed tr\u00fanni, k\u00e6rleikanum og \u00feolg\u00e6\u00f0inu.<a name=\"3\"><span class=\"versanumer\">3<\/span><\/a>Svo eiga og aldra\u00f0ar konur a\u00f0 vera \u00ed h\u00e1ttalagi s\u00ednu eins og heil\u00f6gum s\u00e6mir. \u00de\u00e6r skulu ekki vera r\u00f3gberar og ekki heldur \u00ed \u00e1nau\u00f0 ofdrykkjunnar, heldur kenni \u00fe\u00e6r gott fr\u00e1 s\u00e9r,<a name=\"4\"><span class=\"versanumer\">4<\/span><\/a>til \u00feess a\u00f0 \u00fe\u00e6r la\u00f0i hinar ungu til a\u00f0 elska menn s\u00edna og b\u00f6rn,<a name=\"5\"><span class=\"versanumer\">5<\/span><\/a>vera h\u00f3gl\u00e1tar, sk\u00edrl\u00edfar, heimilisr\u00e6knar, g\u00f3\u00f0l\u00e1tar og eiginm\u00f6nnum s\u00ednum undirgefnar, til \u00feess a\u00f0 or\u00f0i Gu\u00f0s ver\u00f0i ekki lastm\u00e6lt.<a name=\"6\"><span class=\"versanumer\">6<\/span><\/a>Svo skalt \u00fe\u00fa og \u00e1minna hina yngri menn a\u00f0 vera h\u00f3gl\u00e1tir.<a name=\"7\"><span class=\"versanumer\">7<\/span><\/a>S\u00fdn \u00feig sj\u00e1lfan \u00ed \u00f6llum greinum sem fyrirmynd \u00ed g\u00f3\u00f0um verkum. Vertu grandvar \u00ed fr\u00e6\u00f0slu \u00feinni og heilhuga, svo h\u00fan ver\u00f0i<a name=\"8\"><span class=\"versanumer\">8<\/span><\/a>heiln\u00e6m og \u00f3a\u00f0finnanleg og andst\u00e6\u00f0ingurinn fyrirver\u00f0i sig, \u00feegar hann hefur ekkert illt um oss a\u00f0 segja.<a name=\"9\"><span class=\"versanumer\">9<\/span><\/a>\u00c1minn \u00fer\u00e6la, a\u00f0 \u00feeir s\u00e9u undirgefnir h\u00fasb\u00e6ndum s\u00ednum og \u00ed \u00f6llu ge\u00f0\u00feekkir, ekki sv\u00f6rulir,<a name=\"10\"><span class=\"versanumer\">10<\/span><\/a>ekki hnuplsamir, heldur skulu \u00feeir au\u00f0s\u00fdna hvers konar g\u00f3\u00f0a tr\u00famennsku, til \u00feess a\u00f0 \u00feeir pr\u00fd\u00f0i kenningu Gu\u00f0s frelsara vors \u00ed \u00f6llum greinum.<a name=\"11\"><span class=\"versanumer\">11<\/span><\/a>\u00dev\u00ed a\u00f0 n\u00e1\u00f0 Gu\u00f0s hefur opinberast til s\u00e1luhj\u00e1lpar \u00f6llum m\u00f6nnum.<a name=\"12\"><span class=\"versanumer\">12<\/span><\/a>H\u00fan kennir oss a\u00f0 afneita \u00f3gu\u00f0leik og veraldlegum girndum og lifa h\u00f3gl\u00e1tlega, r\u00e9ttv\u00edslega og gu\u00f0r\u00e6kilega \u00ed heimi \u00feessum,<a name=\"13\"><span class=\"versanumer\">13<\/span><\/a>\u00ed eftirv\u00e6ntingu vorrar s\u00e6lu vonar, a\u00f0 hinn mikli Gu\u00f0 og frelsari vor Jes\u00fas Kristur opinberist \u00ed d\u00fdr\u00f0 sinni.<a name=\"14\"><span class=\"versanumer\">14<\/span><\/a>Hann gaf sj\u00e1lfan sig fyrir oss, til \u00feess a\u00f0 hann leysti oss fr\u00e1 \u00f6llu rangl\u00e6ti og hreinsa\u00f0i sj\u00e1lfum s\u00e9r til handa eignarl\u00fd\u00f0, kostg\u00e6finn til g\u00f3\u00f0ra verka.<a name=\"15\"><span class=\"versanumer\">15<\/span><\/a>Tala \u00fe\u00fa \u00feetta og \u00e1minn og vanda um me\u00f0 allri r\u00f6ggsemi. L\u00e1t engan l\u00edtilsvir\u00f0a \u00feig.<\/p>\n<div class=\"footnote1981\"><b>2.1<\/b> Kristin bo\u00f0un 2T\u00edm 1.13 \u2013 sem s\u00e6mir hinni heilm\u00e6nu kenningu 1T\u00edm 1.10+<br \/>\n<b>2.2<\/b> Tr\u00fa, k\u00e6rleikur, \u00feolg\u00e6\u00f0i 2\u00deess 1.3-4; 1T\u00edm 6.11; sbr 1Kor 13.13+<br \/>\n<b>2.3<\/b> Hin heil\u00f6gu R\u00f3m 1.7 \u2013 Ekki r\u00f3gberar 1T\u00edm 3.11<br \/>\n<b>2.5<\/b> Heimilisr\u00e6knar sbr Post 11.14; 16.15,31; 18.8; 1Kor 1.16 \u2013 undirgefnar eiginm\u00f6nnum Ef 5.22<br \/>\n<b>2.7<\/b> Fyrirmynd 1T\u00edm 4.12; 1P\u00e9t 5.3<br \/>\n<b>2.8<\/b> Ekkert illt a\u00f0 segja 1P\u00e9t 2.15<br \/>\n<b>2.9<\/b> Um \u00fer\u00e6la Ef 6.5; K\u00f3l 3.22; 1T\u00edm 6.1; 1P\u00e9t 2.18<br \/>\n<b>2.10<\/b> Gu\u00f0 frelsari vor 1T\u00edm 1.1+<br \/>\n<b>2.12<\/b> Afneita veraldlegum girndum 1J\u00f3h 2.16 \u2013 h\u00f3gl\u00e1tlega, r\u00e9ttv\u00edslega og gu\u00f0r\u00e6kilega sbr Ef 1.4<br \/>\n<b>2.13<\/b> Opinbera\u00f0ist \u00ed d\u00fdr\u00f0 1Kor 1.7; Fil 3.20; 1T\u00edm 6.14+<br \/>\n<b>2.14<\/b> Kristur gaf sj\u00e1lfan sig 1T\u00edm 2.6+ &#8211; til a\u00f0 leysa Slm 130.8 \u2013 eignarl\u00fd\u00f0ur 2M\u00f3s 19.5; 5M\u00f3s 4.20; 7.6; 14.2; Esk 37.23; 1P\u00e9t 2.9 \u2013 kostg\u00e6finn til g\u00f3\u00f0ra verka Ef 2.10; 1P\u00e9t 3.13<br \/>\n<b>2.15<\/b> L\u00e1t engan l\u00edtilsvir\u00f0a \u00feig 1T\u00edm 4.12<\/div>\n","protected":false},"excerpt":{"rendered":"<p>1En tala \u00fe\u00fa \u00fea\u00f0, sem s\u00e6mir hinni heiln\u00e6mu kenningu.2Aldra\u00f0ir menn skulu vera bindindissamir, hei\u00f0vir\u00f0ir, h\u00f3gl\u00e1tir, heilbrig\u00f0ir \u00ed tr\u00fanni, k\u00e6rleikanum og \u00feolg\u00e6\u00f0inu.3Svo eiga og aldra\u00f0ar konur a\u00f0 vera \u00ed h\u00e1ttalagi s\u00ednu eins og heil\u00f6gum s\u00e6mir. \u00de\u00e6r skulu ekki vera r\u00f3gberar og ekki heldur \u00ed \u00e1nau\u00f0 ofdrykkjunnar, heldur kenni \u00fe\u00e6r gott fr\u00e1 s\u00e9r,4til \u00feess a\u00f0 \u00fe\u00e6r la\u00f0i hinar ungu til a\u00f0 elska menn s\u00edna og b\u00f6rn,5vera h\u00f3gl\u00e1tar, sk\u00edrl\u00edfar, heimilisr\u00e6knar, g\u00f3\u00f0l\u00e1tar og eiginm\u00f6nnum s\u00ednum undirgefnar, til \u00feess a\u00f0 or\u00f0i Gu\u00f0s ver\u00f0i ekki lastm\u00e6lt.6Svo skalt \u00fe\u00fa og \u00e1minna hina yngri menn a\u00f0 vera h\u00f3gl\u00e1tir.7S\u00fdn \u00feig sj\u00e1lfan \u00ed \u00f6llum greinum sem fyrirmynd \u00ed g\u00f3\u00f0um verkum. <a href=\"https:\/\/biblian.is\/1981\/titusarbrefid-2-kafli\/\"> [&#8230;]<\/a><\/p>\n","protected":false},"author":1,"featured_media":0,"parent":0,"menu_order":0,"comment_status":"open","ping_status":"open","template":"bibliukaflar.php","meta":{"footnotes":""},"class_list":["post-2478","page","type-page","status-publish","hentry"],"_links":{"self":[{"href":"https:\/\/biblian.is\/1981\/wp-json\/wp\/v2\/pages\/2478","targetHints":{"allow":["GET"]}}],"collection":[{"href":"https:\/\/biblian.is\/1981\/wp-json\/wp\/v2\/pages"}],"about":[{"href":"https:\/\/biblian.is\/1981\/wp-json\/wp\/v2\/types\/page"}],"author":[{"embeddable":true,"href":"https:\/\/biblian.is\/1981\/wp-json\/wp\/v2\/users\/1"}],"replies":[{"embeddable":true,"href":"https:\/\/biblian.is\/1981\/wp-json\/wp\/v2\/comments?post=2478"}],"version-history":[{"count":0,"href":"https:\/\/biblian.is\/1981\/wp-json\/wp\/v2\/pages\/2478\/revisions"}],"wp:attachment":[{"href":"https:\/\/biblian.is\/1981\/wp-json\/wp\/v2\/media?parent=2478"}],"curies":[{"name":"wp","href":"https:\/\/api.w.org\/{rel}","templated":true}]}}