{"id":2477,"date":"2017-11-18T20:21:55","date_gmt":"2017-11-18T20:21:55","guid":{"rendered":"http:\/\/biblian.is\/1981\/titusarbref-1-kafli\/"},"modified":"2021-06-06T11:10:59","modified_gmt":"2021-06-06T11:10:59","slug":"titusarbrefid-1-kafli","status":"publish","type":"page","link":"https:\/\/biblian.is\/1981\/titusarbrefid-1-kafli\/","title":{"rendered":"T\u00edtusarbr\u00e9fi\u00f0 1. kafli"},"content":{"rendered":"<p><a name=\"1\"><span class=\"versanumer\">1<\/span><\/a>Fr\u00e1 P\u00e1li, \u00fej\u00f3ni Gu\u00f0s, en postula Jes\u00fa Krists til a\u00f0 efla tr\u00fa Gu\u00f0s \u00fatv\u00f6ldu og \u00feekkingu \u00e1 sannleikanum, sem lei\u00f0ir til gu\u00f0hr\u00e6\u00f0slu<a name=\"2\"><span class=\"versanumer\">2<\/span><\/a>\u00ed von um eil\u00edft l\u00edf. \u00dev\u00ed hefur Gu\u00f0, s\u00e1 er ekki l\u00fdgur, heiti\u00f0 fr\u00e1 eil\u00edfum t\u00ed\u00f0um,<a name=\"3\"><span class=\"versanumer\">3<\/span><\/a>en opinbera\u00f0 \u00e1 settum t\u00edma. \u00deetta or\u00f0 hans var m\u00e9r tr\u00faa\u00f0 fyrir a\u00f0 pr\u00e9dika eftir skipun Gu\u00f0s, frelsara vors.<a name=\"4\"><span class=\"versanumer\">4<\/span><\/a>Til T\u00edtusar, skilgetins sonar m\u00edns \u00ed sameiginlegri tr\u00fa. N\u00e1\u00f0 og fri\u00f0ur fr\u00e1 Gu\u00f0i f\u00f6\u00f0ur og Kristi Jes\u00fa, frelsara vorum.<a name=\"5\"><span class=\"versanumer\">5<\/span><\/a>\u00c9g l\u00e9t \u00feig eftir \u00e1 Kr\u00edt, til \u00feess a\u00f0 \u00fe\u00fa f\u00e6r\u00f0ir \u00ed lag \u00fea\u00f0, sem \u00f3gj\u00f6rt var, og skipa\u00f0ir \u00f6ldunga \u00ed hverri borg, svo sem \u00e9g lag\u00f0i fyrir \u00feig.<a name=\"6\"><span class=\"versanumer\">6<\/span><\/a>\u00d6ldungur \u00e1 a\u00f0 vera \u00f3a\u00f0finnanlegur, einkv\u00e6ntur, \u00e1 a\u00f0 eiga tr\u00fau\u00f0 b\u00f6rn, sem eigi eru s\u00f6ku\u00f0 um gj\u00e1l\u00edfi e\u00f0a \u00f3hl\u00fd\u00f0ni.<a name=\"7\"><span class=\"versanumer\">7<\/span><\/a>\u00dev\u00ed a\u00f0 biskup \u00e1 a\u00f0 vera \u00f3a\u00f0finnanlegur, \u00fear sem hann er r\u00e1\u00f0sma\u00f0ur Gu\u00f0s. Hann \u00e1 ekki a\u00f0 vera sj\u00e1lfbirgingur, ekki br\u00e1\u00f0ur, ekki drykkfelldur, ekki ofsafenginn, ekki s\u00f3lginn \u00ed lj\u00f3tan gr\u00f3\u00f0a.<a name=\"8\"><span class=\"versanumer\">8<\/span><\/a>Hann s\u00e9 gestrisinn, g\u00f3\u00f0gjarn, h\u00f3gl\u00e1tur, r\u00e9ttl\u00e1tur, heilagur og hafi stj\u00f3rn \u00e1 sj\u00e1lfum s\u00e9r.<a name=\"9\"><span class=\"versanumer\">9<\/span><\/a>Hann \u00e1 a\u00f0 vera ma\u00f0ur fastheldinn vi\u00f0 hi\u00f0 \u00e1rei\u00f0anlega or\u00f0, sem samkv\u00e6mt er kenningunni, til \u00feess a\u00f0 hann s\u00e9 f\u00e6r um b\u00e6\u00f0i a\u00f0 \u00e1minna me\u00f0 hinni heiln\u00e6mu kenningu og hrekja \u00fe\u00e1, sem m\u00f3ti m\u00e6la.<a name=\"10\"><span class=\"versanumer\">10<\/span><\/a>\u00dev\u00ed a\u00f0 margir eru \u00feverbrotnir og fara me\u00f0 h\u00e9g\u00f3mam\u00e1l og lei\u00f0a \u00ed villu, allra helst eru \u00fea\u00f0 \u00feeir sem halda fram umskurn,<a name=\"11\"><span class=\"versanumer\">11<\/span><\/a>og ver\u00f0ur a\u00f0 \u00feagga ni\u00f0ur \u00ed \u00feeim. \u00dea\u00f0 eru mennirnir, sem kollvarpa heilum heimilum, er \u00feeir kenna \u00fea\u00f0, sem eigi \u00e1 a\u00f0 kenna, fyrir sv\u00edvir\u00f0ilegs gr\u00f3\u00f0a sakir.<a name=\"12\"><span class=\"versanumer\">12<\/span><\/a>Einhver af \u00feeim, eigin sp\u00e1ma\u00f0ur \u00feeirra, hefur svo a\u00f0 or\u00f0i komist: Kr\u00edtarmenn eru s\u00edlj\u00fagandi, \u00f3argad\u00fdr og letimagar.<a name=\"13\"><span class=\"versanumer\">13<\/span><\/a>\u00deessi vitnisbur\u00f0ur er sannur. Fyrir \u00fe\u00e1 s\u00f6k skalt \u00fe\u00fa vanda har\u00f0lega um vi\u00f0 \u00fe\u00e1, til \u00feess a\u00f0 \u00feeir ver\u00f0i heilbrig\u00f0ir \u00ed tr\u00fanni,<a name=\"14\"><span class=\"versanumer\">14<\/span><\/a>og gefi sig ekki a\u00f0 gy\u00f0inga\u00e6vint\u00fdrum og bo\u00f0um manna, sem fr\u00e1hverfir eru sannleikanum.<a name=\"15\"><span class=\"versanumer\">15<\/span><\/a>Allir hlutir eru hreinum hreinir, en flekku\u00f0um og vantr\u00fau\u00f0um er ekkert hreint, heldur er b\u00e6\u00f0i hugur \u00feeirra flekka\u00f0ur og samviska.<a name=\"16\"><span class=\"versanumer\">16<\/span><\/a>\u00deeir segjast \u00feekkja Gu\u00f0, en afneita honum me\u00f0 verkum s\u00ednum. \u00deeir eru vi\u00f0bj\u00f3\u00f0slegir og \u00f3hl\u00fd\u00f0nir, \u00f3h\u00e6fir til hvers g\u00f3\u00f0s verks.<\/p>\n<div class=\"footnote1981\"><b>1.1<\/b> P\u00e1ll postuli 1Kor 1.1+ &#8211; \u00feekking \u00e1 sannleikanum 1T\u00edm 2.4+ &#8211; gu\u00f0r\u00e6kni 1T\u00edm 4.7-8+<br \/>\n<b>1.3<\/b> \u00c1 settum t\u00edma Ef 1.9-10; 1T\u00edm 2.6+ &#8211; Gu\u00f0 opinberar or\u00f0 sitt R\u00f3m 16.25-26; 1Kor 2.7-9;<br \/>\n<b>Ef<\/b> 3.5-9; K\u00f3l 1.26 \u2013 P\u00e1li fali\u00f0 a\u00f0 pr\u00e9dika 1T\u00edm 1.11+ &#8211; Gu\u00f0 frelsari 1T\u00edm 1.1+<br \/>\n<b>1.4<\/b> T\u00edtus 2Kor 2.13+ &#8211; skilgeti\u00f0 barn \u00ed tr\u00fa 1T\u00edm 1.2<br \/>\n<b>1.5<\/b> \u00d6ldungar Post 11.30+ ; sbr 1T\u00edm 3.1+<br \/>\n<b>1.6-9<\/b> Um \u00f6ldunga 1T\u00edm 3.2-7; 2T\u00edm 2.24-26<br \/>\n<b>1.9<\/b> Hin heiln\u00e6ma kenning 1T\u00edm 1.10+<br \/>\n<b>1.10<\/b> \u00deeir umskornu sbr Post 15.1<br \/>\n<b>1.11<\/b> Ey\u00f0ileggja fj\u00f6lskyldur 2T\u00edm 3.6 \u2013 fyrir sv\u00edvir\u00f0ilegs gr\u00f3\u00f0a sakir J\u00f3h 10.12; 1P\u00e9t 5.3<br \/>\n<b>1.13<\/b> Vanda har\u00f0lega um vi\u00f0 2T\u00edm 4.2<br \/>\n<b>1.14<\/b> B\u00e1biljur 1T\u00edm 1.4+<br \/>\n<b>1.15<\/b> Allt hreint Matt 15.11; L\u00fak 11.41; R\u00f3m 14.20<br \/>\n<b>1.16<\/b> Afneita Gu\u00f0i me\u00f0 verkum s\u00ednum 1J\u00f3h 1.6; 2.4<\/div>\n","protected":false},"excerpt":{"rendered":"<p>1Fr\u00e1 P\u00e1li, \u00fej\u00f3ni Gu\u00f0s, en postula Jes\u00fa Krists til a\u00f0 efla tr\u00fa Gu\u00f0s \u00fatv\u00f6ldu og \u00feekkingu \u00e1 sannleikanum, sem lei\u00f0ir til gu\u00f0hr\u00e6\u00f0slu2\u00ed von um eil\u00edft l\u00edf. \u00dev\u00ed hefur Gu\u00f0, s\u00e1 er ekki l\u00fdgur, heiti\u00f0 fr\u00e1 eil\u00edfum t\u00ed\u00f0um,3en opinbera\u00f0 \u00e1 settum t\u00edma. \u00deetta or\u00f0 hans var m\u00e9r tr\u00faa\u00f0 fyrir a\u00f0 pr\u00e9dika eftir skipun Gu\u00f0s, frelsara vors.4Til T\u00edtusar, skilgetins sonar m\u00edns \u00ed sameiginlegri tr\u00fa. N\u00e1\u00f0 og fri\u00f0ur fr\u00e1 Gu\u00f0i f\u00f6\u00f0ur og Kristi Jes\u00fa, frelsara vorum.5\u00c9g l\u00e9t \u00feig eftir \u00e1 Kr\u00edt, til \u00feess a\u00f0 \u00fe\u00fa f\u00e6r\u00f0ir \u00ed lag \u00fea\u00f0, sem \u00f3gj\u00f6rt var, og skipa\u00f0ir \u00f6ldunga \u00ed hverri borg, svo sem \u00e9g lag\u00f0i fyrir <a href=\"https:\/\/biblian.is\/1981\/titusarbrefid-1-kafli\/\"> [&#8230;]<\/a><\/p>\n","protected":false},"author":1,"featured_media":0,"parent":0,"menu_order":0,"comment_status":"open","ping_status":"open","template":"bibliukaflar.php","meta":{"footnotes":""},"class_list":["post-2477","page","type-page","status-publish","hentry"],"_links":{"self":[{"href":"https:\/\/biblian.is\/1981\/wp-json\/wp\/v2\/pages\/2477","targetHints":{"allow":["GET"]}}],"collection":[{"href":"https:\/\/biblian.is\/1981\/wp-json\/wp\/v2\/pages"}],"about":[{"href":"https:\/\/biblian.is\/1981\/wp-json\/wp\/v2\/types\/page"}],"author":[{"embeddable":true,"href":"https:\/\/biblian.is\/1981\/wp-json\/wp\/v2\/users\/1"}],"replies":[{"embeddable":true,"href":"https:\/\/biblian.is\/1981\/wp-json\/wp\/v2\/comments?post=2477"}],"version-history":[{"count":0,"href":"https:\/\/biblian.is\/1981\/wp-json\/wp\/v2\/pages\/2477\/revisions"}],"wp:attachment":[{"href":"https:\/\/biblian.is\/1981\/wp-json\/wp\/v2\/media?parent=2477"}],"curies":[{"name":"wp","href":"https:\/\/api.w.org\/{rel}","templated":true}]}}