{"id":2476,"date":"2017-11-18T20:21:55","date_gmt":"2017-11-18T20:21:55","guid":{"rendered":"http:\/\/biblian.is\/1981\/sidara-timoteusarbref-4-kafli\/"},"modified":"2021-06-06T11:10:16","modified_gmt":"2021-06-06T11:10:16","slug":"sidara-timoteusarbref-4-kafli","status":"publish","type":"page","link":"https:\/\/biblian.is\/1981\/sidara-timoteusarbref-4-kafli\/","title":{"rendered":"S\u00ed\u00f0ara T\u00edm\u00f3teusarbr\u00e9f 4. kafli"},"content":{"rendered":"<p><a name=\"1\"><span class=\"versanumer\">1<\/span><\/a>Fyrir augliti Gu\u00f0s og Krists Jes\u00fa, sem d\u00e6ma mun lifendur og dau\u00f0a, me\u00f0 endurkomu hans fyrir augum og r\u00edki hans heiti \u00e9g \u00e1 \u00feig:<a name=\"2\"><span class=\"versanumer\">2<\/span><\/a>Pr\u00e9dika \u00fe\u00fa or\u00f0i\u00f0, gef \u00feig a\u00f0 \u00fev\u00ed \u00ed t\u00edma og \u00f3t\u00edma. Vanda um, \u00e1v\u00edta, \u00e1minn me\u00f0 \u00f6llu langlyndi og fr\u00e6\u00f0slu.<a name=\"3\"><span class=\"versanumer\">3<\/span><\/a>\u00dev\u00ed a\u00f0 \u00feann t\u00edma mun a\u00f0 bera, er menn \u00feola ekki hina heiln\u00e6mu kenning, heldur h\u00f3pa \u00feeir a\u00f0 s\u00e9r kennurum eftir eigin f\u00fdsnum s\u00ednum til \u00feess a\u00f0 heyra \u00fea\u00f0, sem kitlar eyrun.<a name=\"4\"><span class=\"versanumer\">4<\/span><\/a>\u00deeir munu sn\u00faa eyrum s\u00ednum burt fr\u00e1 sannleikanum og hverfa a\u00f0 \u00e6vint\u00fdrum.<a name=\"5\"><span class=\"versanumer\">5<\/span><\/a>En ver \u00fe\u00fa alg\u00e1\u00f0ur \u00ed \u00f6llu, \u00feol illt, gj\u00f6r verk tr\u00fabo\u00f0a, fullna \u00fej\u00f3nustu \u00fe\u00edna.<a name=\"6\"><span class=\"versanumer\">6<\/span><\/a>N\u00fa er svo komi\u00f0, a\u00f0 m\u00e9r ver\u00f0ur f\u00f3rnf\u00e6rt, og t\u00edminn er kominn, a\u00f0 \u00e9g taki mig upp.<a name=\"7\"><span class=\"versanumer\">7<\/span><\/a>\u00c9g hef barist g\u00f3\u00f0u bar\u00e1ttunni, hef fullna\u00f0 skei\u00f0i\u00f0, hef var\u00f0veitt tr\u00fana.<a name=\"8\"><span class=\"versanumer\">8<\/span><\/a>Og n\u00fa er m\u00e9r geymdur sveigur r\u00e9ttl\u00e6tisins, sem Drottinn, hinn r\u00e9ttl\u00e1ti d\u00f3mari, mun gefa m\u00e9r \u00e1 \u00feeim degi. Og ekki einungis m\u00e9r, heldur og \u00f6llum, sem \u00fer\u00e1\u00f0 hafa endurkomu hans.<a name=\"9\"><span class=\"versanumer\">9<\/span><\/a>Reyndu a\u00f0 koma sem fyrst til m\u00edn,<a name=\"10\"><span class=\"versanumer\">10<\/span><\/a>\u00fev\u00ed a\u00f0 Demas hefur yfirgefi\u00f0 mig vegna \u00feess a\u00f0 hann elska\u00f0i \u00feennan heim. Hann er farinn til \u00deessalon\u00edku. Kreskes er farinn til Galat\u00edu og T\u00edtus til Dalmat\u00edu.<a name=\"11\"><span class=\"versanumer\">11<\/span><\/a>L\u00fakas er einn hj\u00e1 m\u00e9r. Tak \u00fe\u00fa Mark\u00fas og l\u00e1t hann koma me\u00f0 \u00fe\u00e9r, \u00fev\u00ed a\u00f0 hann er m\u00e9r \u00fearfur til \u00fej\u00f3nustu.<a name=\"12\"><span class=\"versanumer\">12<\/span><\/a>T\u00fdk\u00edkus hef \u00e9g sent til Efesus.<a name=\"13\"><span class=\"versanumer\">13<\/span><\/a>F\u00e6r \u00fe\u00fa m\u00e9r, \u00feegar \u00fe\u00fa kemur, m\u00f6ttulinn, sem \u00e9g skildi eftir \u00ed Tr\u00f3as hj\u00e1 Karpusi, og b\u00e6kurnar, einkanlega skinnb\u00e6kurnar.<a name=\"14\"><span class=\"versanumer\">14<\/span><\/a>Alexander koparsmi\u00f0ur gj\u00f6r\u00f0i m\u00e9r margt illt. Drottinn mun gjalda honum eftir verkum hans.<a name=\"15\"><span class=\"versanumer\">15<\/span><\/a>G\u00e6t \u00fe\u00edn l\u00edka fyrir honum, \u00fev\u00ed a\u00f0 mj\u00f6g st\u00f3\u00f0 hann \u00ed gegn or\u00f0um vorum.<a name=\"16\"><span class=\"versanumer\">16<\/span><\/a>\u00cd fyrstu m\u00e1lsv\u00f6rn minni kom enginn m\u00e9r til a\u00f0sto\u00f0ar, heldur yfirg\u00e1fu mig allir. Ver\u00f0i \u00feeim \u00fea\u00f0 ekki tilreikna\u00f0!<a name=\"17\"><span class=\"versanumer\">17<\/span><\/a>En Drottinn st\u00f3\u00f0 me\u00f0 m\u00e9r og veitti m\u00e9r kraft, til \u00feess a\u00f0 \u00e9g yr\u00f0i til a\u00f0 fullna pr\u00e9dikunina og allar \u00fej\u00f3\u00f0ir fengju a\u00f0 heyra. Og \u00e9g var\u00f0 frelsa\u00f0ur \u00far gini lj\u00f3nsins.<a name=\"18\"><span class=\"versanumer\">18<\/span><\/a>Drottinn mun frelsa mig fr\u00e1 \u00f6llu illu og mig h\u00f3lpinn lei\u00f0a inn \u00ed sitt himneska r\u00edki. Honum s\u00e9 d\u00fdr\u00f0 um aldir alda! Amen.<a name=\"19\"><span class=\"versanumer\">19<\/span><\/a>Heilsa \u00fe\u00fa Prisku og Akv\u00edlasi og heimili \u00d3nes\u00edf\u00f3rusar.<a name=\"20\"><span class=\"versanumer\">20<\/span><\/a>Erastus var\u00f0 eftir \u00ed Korintu, en Tr\u00f3f\u00edmus skildi \u00e9g eftir sj\u00fakan \u00ed M\u00edletus.<a name=\"21\"><span class=\"versanumer\">21<\/span><\/a>Fl\u00fdt \u00fe\u00e9r a\u00f0 koma fyrir vetur. Evb\u00falus sendir \u00fe\u00e9r kve\u00f0ju og P\u00fades og L\u00ednus og Kl\u00e1d\u00eda og allir br\u00e6\u00f0urnir.<a name=\"22\"><span class=\"versanumer\">22<\/span><\/a>Drottinn s\u00e9 me\u00f0 \u00fe\u00ednum anda. N\u00e1\u00f0 s\u00e9 me\u00f0 y\u00f0ur.<\/p>\n<div class=\"footnote1981\"><b>4.1<\/b> D\u00e6ma lifendur og dau\u00f0a Post 10.42; R\u00f3m 14.9-10; 1P\u00e9t 4.5 \u2013 endurkoma Jes\u00fa Krists 1T\u00edm 6.14+<br \/>\n<b>4.2<\/b> \u00cd t\u00edma og \u00f3t\u00edma Post 20.20-21<br \/>\n<b>4.3<\/b> \u00deann t\u00edma mun a\u00f0 bera &#8230; 1T\u00edm 4.1 \u2013 hin heiln\u00e6ma kenning 1T\u00edm 1.10+<br \/>\n<b>4.4<\/b> Kynjas\u00f6gur 1T\u00edm 4.7+<br \/>\n<b>4.6<\/b> M\u00e9r ver\u00f0ur f\u00f3rnf\u00e6rt Fil 2.17; sbr 2M\u00f3s 29.40; 4M\u00f3s 28.7 \u2013 taka sig upp Fil 1.23<br \/>\n<b>4.7<\/b> G\u00f3\u00f0a bar\u00e1ttan 1T\u00edm 1.18+<br \/>\n<b>4.8<\/b> Sveigur 1Kor 9.25+ ; 2T\u00edm 2.5 \u2013 endurkoma Drottins 1T\u00edm 6.14+<br \/>\n<b>4.10<\/b> Demas K\u00f3l 4.14+ &#8211; \u00deessalon\u00edku Post 17.1; 20.4; 27.2; Fil 4.16 \u2013 Galat\u00eda Post 16.6; 18.23; 1Kor 16.1; Gal 1.2; 1P\u00e9t 1.1 \u2013 T\u00edtus 2Kor 2.13+<br \/>\n<b>4.11<\/b> L\u00fakas K\u00f3l 4.14+ &#8211; Mark\u00fas Post 12.12+ ; K\u00f3l 4.10; F\u00edlm 24; 1P\u00e9t 5.13<br \/>\n<b>4.12<\/b> T\u00fdk\u00edkus Post 20.4 \u2013 Efesus Post 19.1+<br \/>\n<b>4.13<\/b> Tr\u00f3as Post 16.8+<br \/>\n<b>4.14<\/b> Alexander 1T\u00edm 1.20 \u2013 Drottinn mun gjalda 2Sam 3.39; Slm 28.4; 62.13; Okv 24.12; R\u00f3m 2.6<br \/>\n<b>4.16<\/b> Yfirg\u00e1fu P\u00e1l 2T\u00edm 1.15<br \/>\n<b>4.17<\/b> Drottinn st\u00f3\u00f0 me\u00f0 m\u00e9r Post 27.23 \u2013 P\u00e1ll pr\u00e9dikar \u00f6llum \u00fej\u00f3\u00f0um fagna\u00f0arerindi\u00f0 Post 9.15; 23.11; Gal 2.7 \u2013 \u00far gini lj\u00f3nsins Slm 22.22; Dan 6.21; 1Makk 2.60<br \/>\n<b>4.19<\/b> Priska og Akv\u00edlas Post 18.2+ &#8211; heimili \u00d3nes\u00edf\u00f3rusar 2T\u00edm 1.16-17<br \/>\n<b>4.20<\/b> Erastus R\u00f3m 16.23+ &#8211; Korinta Post 18.1; 19.1; 1Kor 1.2; 2Kor 1.1 \u2013 Tr\u00f3f\u00edmus Post 20.4 \u2013 M\u00edleteus Post 20.15-17<\/div>\n","protected":false},"excerpt":{"rendered":"<p>1Fyrir augliti Gu\u00f0s og Krists Jes\u00fa, sem d\u00e6ma mun lifendur og dau\u00f0a, me\u00f0 endurkomu hans fyrir augum og r\u00edki hans heiti \u00e9g \u00e1 \u00feig:2Pr\u00e9dika \u00fe\u00fa or\u00f0i\u00f0, gef \u00feig a\u00f0 \u00fev\u00ed \u00ed t\u00edma og \u00f3t\u00edma. Vanda um, \u00e1v\u00edta, \u00e1minn me\u00f0 \u00f6llu langlyndi og fr\u00e6\u00f0slu.3\u00dev\u00ed a\u00f0 \u00feann t\u00edma mun a\u00f0 bera, er menn \u00feola ekki hina heiln\u00e6mu kenning, heldur h\u00f3pa \u00feeir a\u00f0 s\u00e9r kennurum eftir eigin f\u00fdsnum s\u00ednum til \u00feess a\u00f0 heyra \u00fea\u00f0, sem kitlar eyrun.4\u00deeir munu sn\u00faa eyrum s\u00ednum burt fr\u00e1 sannleikanum og hverfa a\u00f0 \u00e6vint\u00fdrum.5En ver \u00fe\u00fa alg\u00e1\u00f0ur \u00ed \u00f6llu, \u00feol illt, gj\u00f6r verk tr\u00fabo\u00f0a, fullna \u00fej\u00f3nustu \u00fe\u00edna.6N\u00fa er svo <a href=\"https:\/\/biblian.is\/1981\/sidara-timoteusarbref-4-kafli\/\"> [&#8230;]<\/a><\/p>\n","protected":false},"author":1,"featured_media":0,"parent":0,"menu_order":0,"comment_status":"open","ping_status":"open","template":"bibliukaflar.php","meta":{"footnotes":""},"class_list":["post-2476","page","type-page","status-publish","hentry"],"_links":{"self":[{"href":"https:\/\/biblian.is\/1981\/wp-json\/wp\/v2\/pages\/2476","targetHints":{"allow":["GET"]}}],"collection":[{"href":"https:\/\/biblian.is\/1981\/wp-json\/wp\/v2\/pages"}],"about":[{"href":"https:\/\/biblian.is\/1981\/wp-json\/wp\/v2\/types\/page"}],"author":[{"embeddable":true,"href":"https:\/\/biblian.is\/1981\/wp-json\/wp\/v2\/users\/1"}],"replies":[{"embeddable":true,"href":"https:\/\/biblian.is\/1981\/wp-json\/wp\/v2\/comments?post=2476"}],"version-history":[{"count":0,"href":"https:\/\/biblian.is\/1981\/wp-json\/wp\/v2\/pages\/2476\/revisions"}],"wp:attachment":[{"href":"https:\/\/biblian.is\/1981\/wp-json\/wp\/v2\/media?parent=2476"}],"curies":[{"name":"wp","href":"https:\/\/api.w.org\/{rel}","templated":true}]}}