{"id":2475,"date":"2017-11-18T20:21:55","date_gmt":"2017-11-18T20:21:55","guid":{"rendered":"http:\/\/biblian.is\/1981\/sidara-timoteusarbref-3-kafli\/"},"modified":"2021-06-06T11:10:16","modified_gmt":"2021-06-06T11:10:16","slug":"sidara-timoteusarbref-3-kafli","status":"publish","type":"page","link":"https:\/\/biblian.is\/1981\/sidara-timoteusarbref-3-kafli\/","title":{"rendered":"S\u00ed\u00f0ara T\u00edm\u00f3teusarbr\u00e9f 3. kafli"},"content":{"rendered":"<p><a name=\"1\"><span class=\"versanumer\">1<\/span><\/a>Vita skalt \u00fe\u00fa \u00feetta, a\u00f0 \u00e1 s\u00ed\u00f0ustu d\u00f6gum munu koma \u00f6r\u00f0ugar t\u00ed\u00f0ir.<a name=\"2\"><span class=\"versanumer\">2<\/span><\/a>Mennirnir ver\u00f0a s\u00e9rg\u00f3\u00f0ir, f\u00e9gjarnir, raupsamir, hrokafullir, lastm\u00e6lendur, foreldrum \u00f3hl\u00fd\u00f0nir, van\u00feakkl\u00e1tir, vanheilagir,<a name=\"3\"><span class=\"versanumer\">3<\/span><\/a>k\u00e6rleikslausir, \u00f3s\u00e1ttf\u00fasir, r\u00f3gberandi, taumlausir, grimmir, ekki elskandi \u00fea\u00f0 sem gott er,<a name=\"4\"><span class=\"versanumer\">4<\/span><\/a>sviksamir, framhleypnir, ofmetna\u00f0arfullir, elskandi muna\u00f0arl\u00edfi\u00f0 meira en Gu\u00f0.<a name=\"5\"><span class=\"versanumer\">5<\/span><\/a>\u00deeir hafa \u00e1 s\u00e9r yfirskin gu\u00f0hr\u00e6\u00f0slunnar, en afneita krafti hennar. Sn\u00fa \u00fe\u00e9r burt fr\u00e1 sl\u00edkum!<a name=\"6\"><span class=\"versanumer\">6<\/span><\/a>\u00dar h\u00f3pi \u00feeirra eru mennirnir, sem smeygja s\u00e9r inn \u00e1 heimilin og n\u00e1 \u00e1 band sitt kvensniftum, sem syndum eru hla\u00f0nar og lei\u00f0ast af margv\u00edslegum f\u00fdsnum.<a name=\"7\"><span class=\"versanumer\">7<\/span><\/a>\u00de\u00e6r eru alltaf a\u00f0 reyna a\u00f0 l\u00e6ra, en geta aldrei komist til \u00feekkingar \u00e1 sannleikanum.<a name=\"8\"><span class=\"versanumer\">8<\/span><\/a>Eins og \u00feeir Jannes og Jambres st\u00f3\u00f0u \u00ed gegn M\u00f3se, \u00feannig standa og \u00feessir menn \u00ed gegn sannleikanum. \u00deeir eru menn hugspilltir og \u00f3h\u00e6fir \u00ed tr\u00fanni.<a name=\"9\"><span class=\"versanumer\">9<\/span><\/a>En \u00feeim mun ekki ver\u00f0a \u00e1gengt, \u00fev\u00ed a\u00f0 heimska \u00feeirra mun ver\u00f0a hverjum manni auglj\u00f3s, eins og l\u00edka heimska hinna var\u00f0.<a name=\"10\"><span class=\"versanumer\">10<\/span><\/a>\u00de\u00fa hefur breytt eftir m\u00e9r \u00ed kenningu, heg\u00f0un, \u00e1setningi, tr\u00fa, langlyndi, k\u00e6rleika, \u00feolg\u00e6\u00f0i,<a name=\"11\"><span class=\"versanumer\">11<\/span><\/a>\u00ed ofs\u00f3knum og \u00fej\u00e1ningum, sl\u00edkum sem fyrir mig komu \u00ed Ant\u00edokk\u00edu, \u00ed \u00cdk\u00f3n\u00edum og \u00ed L\u00fdstru. Sl\u00edkar ofs\u00f3knir \u00feoldi \u00e9g, og Drottinn frelsa\u00f0i mig \u00far \u00feeim \u00f6llum.<a name=\"12\"><span class=\"versanumer\">12<\/span><\/a>J\u00e1, allir, sem lifa vilja gu\u00f0r\u00e6kilega \u00ed samf\u00e9lagi vi\u00f0 Krist Jes\u00fa, munu ofs\u00f3ttir ver\u00f0a.<a name=\"13\"><span class=\"versanumer\">13<\/span><\/a>En vondir menn og svikarar munu magnast \u00ed vonskunni, villandi a\u00f0ra og villur\u00e1fandi sj\u00e1lfir.<a name=\"14\"><span class=\"versanumer\">14<\/span><\/a>En halt \u00fe\u00fa st\u00f6\u00f0uglega vi\u00f0 \u00fea\u00f0, sem \u00fe\u00fa hefur numi\u00f0 og hefur fest tr\u00fa \u00e1, \u00fear e\u00f0 \u00fe\u00fa veist af hverjum \u00fe\u00fa hefur numi\u00f0 \u00fea\u00f0.<a name=\"15\"><span class=\"versanumer\">15<\/span><\/a>\u00de\u00fa hefur fr\u00e1 blautu barnsbeini \u00feekkt heilagar ritningar. \u00de\u00e6r geta veitt \u00fe\u00e9r speki til s\u00e1luhj\u00e1lpar fyrir tr\u00fana \u00e1 Krist Jes\u00fa.<a name=\"16\"><span class=\"versanumer\">16<\/span><\/a>S\u00e9rhver ritning er innbl\u00e1sin af Gu\u00f0i og nyts\u00f6m til fr\u00e6\u00f0slu, til umv\u00f6ndunar, til lei\u00f0r\u00e9ttingar, til menntunar \u00ed r\u00e9ttl\u00e6ti,<a name=\"17\"><span class=\"versanumer\">17<\/span><\/a>til \u00feess a\u00f0 s\u00e1, sem tilheyrir Gu\u00f0i, s\u00e9 alb\u00fainn og h\u00e6fur gj\u00f6r til s\u00e9rhvers g\u00f3\u00f0s verks.<\/p>\n<div class=\"footnote1981\"><b>3.1<\/b> \u00c1 s\u00ed\u00f0ustu d\u00f6gum 1T\u00edm 4.1+<br \/>\n<b>3.2-4<\/b> Lestir R\u00f3m 1.29-31+<br \/>\n<b>3.5<\/b> Yfirskin gu\u00f0hr\u00e6\u00f0slunnar Matt 7.15,21; R\u00f3m 2.20-21; T\u00edt 1.16; sbr 1T\u00edm 4.7-8+<br \/>\n<b>3.6<\/b> Smeygja s\u00e9r inn T\u00edt 1.11<br \/>\n<b>3.7<\/b> \u00deekkja sannleikann 1T\u00edm 2.4+<br \/>\n<b>3.8<\/b> Hugspilltir 1T\u00edm 6.5<br \/>\n<b>3.11<\/b> \u00dej\u00e1ninar P\u00e1ls \u00ed Ant\u00edokk\u00edu Post 13.50; &#8211; \u00ed \u00cdk\u00f3n\u00edum Post 14.5 \u2013 \u00ed L\u00fdstru Post 14.19 \u2013 Drottinn frelsar Slm 34.20<br \/>\n<b>3.12<\/b> Ofs\u00f3ttir Matt 16.24; J\u00f3h 15.20; Post 14.22<br \/>\n<b>3.14<\/b> Af hverjum \u00fe\u00fa hefur numi\u00f0 2T\u00edm 1.5; 2.2<br \/>\n<b>3.15<\/b> Heilagrar ritningar og s\u00e1luhj\u00e1lp J\u00f3h 5.39<br \/>\n<b>3.16<\/b> Innbl\u00e1sin af Gu\u00f0i 2P\u00e9t 1.21 \u2013 nyts\u00f6m til fr\u00e6\u00f0slu R\u00f3m 15.4<br \/>\n<b>3.17<\/b> H\u00e6fur 2T\u00edm 2.21<\/div>\n","protected":false},"excerpt":{"rendered":"<p>1Vita skalt \u00fe\u00fa \u00feetta, a\u00f0 \u00e1 s\u00ed\u00f0ustu d\u00f6gum munu koma \u00f6r\u00f0ugar t\u00ed\u00f0ir.2Mennirnir ver\u00f0a s\u00e9rg\u00f3\u00f0ir, f\u00e9gjarnir, raupsamir, hrokafullir, lastm\u00e6lendur, foreldrum \u00f3hl\u00fd\u00f0nir, van\u00feakkl\u00e1tir, vanheilagir,3k\u00e6rleikslausir, \u00f3s\u00e1ttf\u00fasir, r\u00f3gberandi, taumlausir, grimmir, ekki elskandi \u00fea\u00f0 sem gott er,4sviksamir, framhleypnir, ofmetna\u00f0arfullir, elskandi muna\u00f0arl\u00edfi\u00f0 meira en Gu\u00f0.5\u00deeir hafa \u00e1 s\u00e9r yfirskin gu\u00f0hr\u00e6\u00f0slunnar, en afneita krafti hennar. Sn\u00fa \u00fe\u00e9r burt fr\u00e1 sl\u00edkum!6\u00dar h\u00f3pi \u00feeirra eru mennirnir, sem smeygja s\u00e9r inn \u00e1 heimilin og n\u00e1 \u00e1 band sitt kvensniftum, sem syndum eru hla\u00f0nar og lei\u00f0ast af margv\u00edslegum f\u00fdsnum.7\u00de\u00e6r eru alltaf a\u00f0 reyna a\u00f0 l\u00e6ra, en geta aldrei komist til \u00feekkingar \u00e1 sannleikanum.8Eins og \u00feeir Jannes og Jambres st\u00f3\u00f0u \u00ed gegn <a href=\"https:\/\/biblian.is\/1981\/sidara-timoteusarbref-3-kafli\/\"> [&#8230;]<\/a><\/p>\n","protected":false},"author":1,"featured_media":0,"parent":0,"menu_order":0,"comment_status":"open","ping_status":"open","template":"bibliukaflar.php","meta":{"footnotes":""},"class_list":["post-2475","page","type-page","status-publish","hentry"],"_links":{"self":[{"href":"https:\/\/biblian.is\/1981\/wp-json\/wp\/v2\/pages\/2475","targetHints":{"allow":["GET"]}}],"collection":[{"href":"https:\/\/biblian.is\/1981\/wp-json\/wp\/v2\/pages"}],"about":[{"href":"https:\/\/biblian.is\/1981\/wp-json\/wp\/v2\/types\/page"}],"author":[{"embeddable":true,"href":"https:\/\/biblian.is\/1981\/wp-json\/wp\/v2\/users\/1"}],"replies":[{"embeddable":true,"href":"https:\/\/biblian.is\/1981\/wp-json\/wp\/v2\/comments?post=2475"}],"version-history":[{"count":0,"href":"https:\/\/biblian.is\/1981\/wp-json\/wp\/v2\/pages\/2475\/revisions"}],"wp:attachment":[{"href":"https:\/\/biblian.is\/1981\/wp-json\/wp\/v2\/media?parent=2475"}],"curies":[{"name":"wp","href":"https:\/\/api.w.org\/{rel}","templated":true}]}}