{"id":2473,"date":"2017-11-18T20:21:55","date_gmt":"2017-11-18T20:21:55","guid":{"rendered":"http:\/\/biblian.is\/1981\/sidara-timoteusarbref-1-kafli\/"},"modified":"2021-06-06T11:10:15","modified_gmt":"2021-06-06T11:10:15","slug":"sidara-timoteusarbref-1-kafli","status":"publish","type":"page","link":"https:\/\/biblian.is\/1981\/sidara-timoteusarbref-1-kafli\/","title":{"rendered":"S\u00ed\u00f0ara T\u00edm\u00f3teusarbr\u00e9f 1. kafli"},"content":{"rendered":"<p><a name=\"1\"><span class=\"versanumer\">1<\/span><\/a>P\u00e1ll, a\u00f0 vilja Gu\u00f0s postuli Krists Jes\u00fa til a\u00f0 flytja fyrirheiti\u00f0 um l\u00edfi\u00f0 \u00ed Kristi Jes\u00fa, heilsar<a name=\"2\"><span class=\"versanumer\">2<\/span><\/a>T\u00edm\u00f3teusi, elsku\u00f0um syni s\u00ednum. N\u00e1\u00f0, miskunn og fri\u00f0ur fr\u00e1 Gu\u00f0i f\u00f6\u00f0ur og Kristi Jes\u00fa, Drottni vorum.<a name=\"3\"><span class=\"versanumer\">3<\/span><\/a>\u00deakkir gj\u00f6ri \u00e9g Gu\u00f0i, sem \u00e9g \u00fej\u00f3na, eins og forfe\u00f0ur m\u00ednir, me\u00f0 hreinni samvisku, \u00fev\u00ed a\u00f0 \u00e1n afl\u00e1ts, n\u00f3tt og dag, minnist \u00e9g \u00fe\u00edn \u00ed b\u00e6num m\u00ednum.<a name=\"4\"><span class=\"versanumer\">4<\/span><\/a>\u00c9g \u00fer\u00e1i a\u00f0 sj\u00e1 \u00feig, minnugur t\u00e1ra \u00feinna, til \u00feess a\u00f0 \u00e9g fyllist gle\u00f0i<a name=\"5\"><span class=\"versanumer\">5<\/span><\/a>er \u00e9g rifja upp fyrir m\u00e9r hina hr\u00e6snislausu tr\u00fa \u00fe\u00edna. S\u00fa tr\u00fa bj\u00f3 fyrst \u00ed henni L\u00f3is \u00f6mmu \u00feinni og \u00ed henni Evnike m\u00f3\u00f0ur \u00feinni, og \u00e9g er sannf\u00e6r\u00f0ur um, a\u00f0 h\u00fan b\u00fdr l\u00edka \u00ed \u00fe\u00e9r.<a name=\"6\"><span class=\"versanumer\">6<\/span><\/a>Fyrir \u00fe\u00e1 s\u00f6k minni \u00e9g \u00feig \u00e1 a\u00f0 gl\u00e6\u00f0a hj\u00e1 \u00fe\u00e9r \u00fe\u00e1 n\u00e1\u00f0argj\u00f6f, sem Gu\u00f0 gaf \u00fe\u00e9r vi\u00f0 yfirlagningu handa minna.<a name=\"7\"><span class=\"versanumer\">7<\/span><\/a>\u00dev\u00ed a\u00f0 ekki gaf Gu\u00f0 oss anda hugleysis, heldur anda m\u00e1ttar og k\u00e6rleiks og stillingar.<a name=\"8\"><span class=\"versanumer\">8<\/span><\/a>Fyrirver\u00f0 \u00feig \u00fev\u00ed ekki fyrir vitnisbur\u00f0inn um Drottin vorn, n\u00e9 fyrir mig, bandingja hans, heldur skalt \u00fe\u00fa me\u00f0 m\u00e9r illt \u00feola vegna fagna\u00f0arerindisins, svo sem Gu\u00f0 gefur m\u00e1ttinn til.<a name=\"9\"><span class=\"versanumer\">9<\/span><\/a>Hann hefur frelsa\u00f0 oss og kalla\u00f0 heilagri k\u00f6llun, ekki eftir verkum vorum, heldur eftir eigin \u00e1kv\u00f6r\u00f0un og n\u00e1\u00f0, sem oss var gefin fyrir Krist Jes\u00fa fr\u00e1 eil\u00edfum t\u00edmum,<a name=\"10\"><span class=\"versanumer\">10<\/span><\/a>en hefur n\u00fa birst vi\u00f0 komu frelsara vors Krists Jes\u00fa. Hann afm\u00e1\u00f0i dau\u00f0ann, en leiddi \u00ed lj\u00f3s l\u00edf og \u00f3forgengileika me\u00f0 fagna\u00f0arerindinu.<a name=\"11\"><span class=\"versanumer\">11<\/span><\/a>Og til a\u00f0 bo\u00f0a \u00fea\u00f0 er \u00e9g settur pr\u00e9dikari, postuli og kennari.<a name=\"12\"><span class=\"versanumer\">12<\/span><\/a>Fyrir \u00fe\u00e1 s\u00f6k l\u00ed\u00f0 \u00e9g og \u00feetta. En eigi fyrirver\u00f0 \u00e9g mig, \u00fev\u00ed a\u00f0 \u00e9g veit \u00e1 hvern \u00e9g tr\u00fai. Og \u00e9g er sannf\u00e6r\u00f0ur um, a\u00f0 hann er \u00feess megnugur a\u00f0 var\u00f0veita \u00fea\u00f0, sem m\u00e9r er tr\u00faa\u00f0 fyrir, \u00fear til dagurinn kemur.<a name=\"13\"><span class=\"versanumer\">13<\/span><\/a>Haf \u00fe\u00e9r til fyrirmyndar heiln\u00e6mu or\u00f0in, sem \u00fe\u00fa heyr\u00f0ir mig flytja. Stattu st\u00f6\u00f0ugur \u00ed \u00feeirri tr\u00fa og \u00feeim k\u00e6rleika, sem veitist \u00ed Kristi Jes\u00fa.<a name=\"14\"><span class=\"versanumer\">14<\/span><\/a>Var\u00f0veittu hi\u00f0 g\u00f3\u00f0a, sem \u00fe\u00e9r er tr\u00faa\u00f0 fyrir, me\u00f0 hj\u00e1lp heilags anda, sem \u00ed oss b\u00fdr.<a name=\"15\"><span class=\"versanumer\">15<\/span><\/a>\u00de\u00fa veist \u00feetta, a\u00f0 allir As\u00edumenn sneru vi\u00f0 m\u00e9r bakinu. \u00cd \u00feeirra flokki eru \u00feeir F\u00fdgelus og Hermogenes.<a name=\"16\"><span class=\"versanumer\">16<\/span><\/a>Drottinn veiti miskunn heimili \u00d3nes\u00edf\u00f3rusar, \u00fev\u00ed a\u00f0 oft hressti hann mig og fyrirvar\u00f0 sig ekki fyrir fj\u00f6tur minn,<a name=\"17\"><span class=\"versanumer\">17<\/span><\/a>heldur l\u00e9t s\u00e9r annt um a\u00f0 leita m\u00edn, \u00feegar hann kom til R\u00f3mar og fann mig.<a name=\"18\"><span class=\"versanumer\">18<\/span><\/a>Gefi Drottinn honum miskunn a\u00f0 finna hj\u00e1 Drottni Gu\u00f0i \u00e1 \u00feeim degi! Og \u00fe\u00fa \u00feekkir manna best, hve mikla \u00fej\u00f3nustu hann innti af hendi \u00ed Efesus.<\/p>\n<div class=\"footnote1981\"><b>1.1<\/b> P\u00e1ll postuli 1Kor 1.1+<br \/>\n<b>1.2<\/b> T\u00edm\u00f3teus Post 16.1+<br \/>\n<b>1.3<\/b> Eins og forfe\u00f0ur m\u00ednir Fil 3.5 \u2013 me\u00f0 hreinni samvisku Post 23.1; 24.16<br \/>\n<b>1.5<\/b> M\u00f3\u00f0ir T\u00edm\u00f3teusar Post 16.1<br \/>\n<b>1.6<\/b> Gj\u00f6f Gu\u00f0s 1T\u00edm 4.14 \u2013 leggja hendur yfir Matt 9.18+ ; Mrk 5.23+ ; Post 6.6+ ; 1T\u00edm 4.14; 5.22<br \/>\n<b>1.7<\/b> Ekki anda hugleysis R\u00f3m 8.15<br \/>\n<b>1.8<\/b> Fagna\u00f0arerindi\u00f0 og m\u00e1ttur Gu\u00f0s R\u00f3m 1.16<br \/>\n<b>1.9<\/b> Gu\u00f0 frelsar 1T\u00edm 1.1+ &#8211; eftir eigin \u00e1kv\u00f6r\u00f0un og n\u00e1\u00f0 Ef 2.8-9; T\u00edt 3.5<br \/>\n<b>1.10<\/b> Frelsari vor Kristur L\u00fak 2.11+ ; Post 4.12+ &#8211; afm\u00e1\u00f0i dau\u00f0ann 1Kor 15.15,57; Heb 2.14<br \/>\n<b>1.11<\/b> Pr\u00e9dikari og postuli 1T\u00edm 2.7+<br \/>\n<b>1.12<\/b> Tr\u00faa\u00f0 fyrir 1T\u00edm 6.20 \u2013 dagurinn 2T\u00edm 4.8<br \/>\n<b>1.15<\/b> Sneru vi\u00f0 m\u00e9r bakinu 2T\u00edm 4.16<br \/>\n<b>1.16<\/b> Heimili \u00d3nes\u00edf\u00f3rusar 2T\u00edm 4.19<br \/>\n<b>1.18<\/b> Finna miskunn hj\u00e1 Drottni J\u00fad 21<\/div>\n","protected":false},"excerpt":{"rendered":"<p>1P\u00e1ll, a\u00f0 vilja Gu\u00f0s postuli Krists Jes\u00fa til a\u00f0 flytja fyrirheiti\u00f0 um l\u00edfi\u00f0 \u00ed Kristi Jes\u00fa, heilsar2T\u00edm\u00f3teusi, elsku\u00f0um syni s\u00ednum. N\u00e1\u00f0, miskunn og fri\u00f0ur fr\u00e1 Gu\u00f0i f\u00f6\u00f0ur og Kristi Jes\u00fa, Drottni vorum.3\u00deakkir gj\u00f6ri \u00e9g Gu\u00f0i, sem \u00e9g \u00fej\u00f3na, eins og forfe\u00f0ur m\u00ednir, me\u00f0 hreinni samvisku, \u00fev\u00ed a\u00f0 \u00e1n afl\u00e1ts, n\u00f3tt og dag, minnist \u00e9g \u00fe\u00edn \u00ed b\u00e6num m\u00ednum.4\u00c9g \u00fer\u00e1i a\u00f0 sj\u00e1 \u00feig, minnugur t\u00e1ra \u00feinna, til \u00feess a\u00f0 \u00e9g fyllist gle\u00f0i5er \u00e9g rifja upp fyrir m\u00e9r hina hr\u00e6snislausu tr\u00fa \u00fe\u00edna. S\u00fa tr\u00fa bj\u00f3 fyrst \u00ed henni L\u00f3is \u00f6mmu \u00feinni og \u00ed henni Evnike m\u00f3\u00f0ur \u00feinni, og \u00e9g er sannf\u00e6r\u00f0ur um, <a href=\"https:\/\/biblian.is\/1981\/sidara-timoteusarbref-1-kafli\/\"> [&#8230;]<\/a><\/p>\n","protected":false},"author":1,"featured_media":0,"parent":0,"menu_order":0,"comment_status":"open","ping_status":"open","template":"bibliukaflar.php","meta":{"footnotes":""},"class_list":["post-2473","page","type-page","status-publish","hentry"],"_links":{"self":[{"href":"https:\/\/biblian.is\/1981\/wp-json\/wp\/v2\/pages\/2473","targetHints":{"allow":["GET"]}}],"collection":[{"href":"https:\/\/biblian.is\/1981\/wp-json\/wp\/v2\/pages"}],"about":[{"href":"https:\/\/biblian.is\/1981\/wp-json\/wp\/v2\/types\/page"}],"author":[{"embeddable":true,"href":"https:\/\/biblian.is\/1981\/wp-json\/wp\/v2\/users\/1"}],"replies":[{"embeddable":true,"href":"https:\/\/biblian.is\/1981\/wp-json\/wp\/v2\/comments?post=2473"}],"version-history":[{"count":0,"href":"https:\/\/biblian.is\/1981\/wp-json\/wp\/v2\/pages\/2473\/revisions"}],"wp:attachment":[{"href":"https:\/\/biblian.is\/1981\/wp-json\/wp\/v2\/media?parent=2473"}],"curies":[{"name":"wp","href":"https:\/\/api.w.org\/{rel}","templated":true}]}}