{"id":2472,"date":"2017-11-18T20:21:55","date_gmt":"2017-11-18T20:21:55","guid":{"rendered":"http:\/\/biblian.is\/1981\/fyrra-timoteusarbref-6-kafli\/"},"modified":"2021-06-06T10:56:53","modified_gmt":"2021-06-06T10:56:53","slug":"fyrra-timoteusarbref-6-kafli","status":"publish","type":"page","link":"https:\/\/biblian.is\/1981\/fyrra-timoteusarbref-6-kafli\/","title":{"rendered":"Fyrra T\u00edm\u00f3teusarbr\u00e9f 6. kafli"},"content":{"rendered":"<p><a name=\"1\"><span class=\"versanumer\">1<\/span><\/a>Allir \u00feeir, sem eru \u00e1nau\u00f0ugir \u00fer\u00e6lar, skulu s\u00fdna h\u00fasb\u00e6ndum s\u00ednum allan skyldugan hei\u00f0ur, til \u00feess a\u00f0 ekki ver\u00f0i lastm\u00e6lt nafni Gu\u00f0s og kenningunni.<a name=\"2\"><span class=\"versanumer\">2<\/span><\/a>En \u00feeir, sem tr\u00faa\u00f0a h\u00fasb\u00e6ndur eiga, skulu ekki l\u00edtilsvir\u00f0a \u00fe\u00e1, vegna \u00feess a\u00f0 \u00feeir eru br\u00e6\u00f0ur, heldur \u00fej\u00f3ni \u00feeim \u00fev\u00ed betur sem \u00feeir eru tr\u00faa\u00f0ir og elska\u00f0ir og kappkosta a\u00f0 gj\u00f6ra g\u00f3\u00f0verk. Kenn \u00fe\u00fa \u00feetta og \u00e1minn um \u00fea\u00f0.<a name=\"3\"><span class=\"versanumer\">3<\/span><\/a>Ef einhver fer me\u00f0 annarlegar kenningar og fylgir ekki hinum heiln\u00e6mu or\u00f0um Drottins vors Jes\u00fa Krists og \u00fev\u00ed, sem gu\u00f0r\u00e6kni vor kennir, \u00fe\u00e1 hefur hann ofmetnast og veit ekki neitt.<a name=\"4\"><span class=\"versanumer\">4<\/span><\/a>Hann er s\u00f3tttekinn af \u00fer\u00e6tum og or\u00f0ast\u00e6lum. Af \u00feessu f\u00e6\u00f0ist \u00f6fund, deilur, lastm\u00e6li, vondar hugsanir,<a name=\"5\"><span class=\"versanumer\">5<\/span><\/a>\u00fejark og \u00feras hugspilltra manna, sem eru sneyddir sannleikanum, en sko\u00f0a gu\u00f0hr\u00e6\u00f0sluna sem gr\u00f3\u00f0aveg.<a name=\"6\"><span class=\"versanumer\">6<\/span><\/a>J\u00e1, gu\u00f0hr\u00e6\u00f0slan samfara n\u00e6gjusemi er mikill gr\u00f3\u00f0avegur.<a name=\"7\"><span class=\"versanumer\">7<\/span><\/a>\u00dev\u00ed a\u00f0 ekkert h\u00f6fum v\u00e9r inn \u00ed heiminn flutt og ekki getum v\u00e9r heldur flutt neitt \u00fat \u00fea\u00f0an.<a name=\"8\"><span class=\"versanumer\">8<\/span><\/a>Ef v\u00e9r h\u00f6fum f\u00e6\u00f0i og kl\u00e6\u00f0i, \u00fe\u00e1 l\u00e1tum oss \u00fea\u00f0 n\u00e6gja.<a name=\"9\"><span class=\"versanumer\">9<\/span><\/a>En \u00feeir, sem r\u00edkir vilja ver\u00f0a, falla \u00ed freistni og sn\u00f6ru og alls kyns \u00f3viturlegar og ska\u00f0legar f\u00fdsnir, er s\u00f6kkva m\u00f6nnunum ni\u00f0ur \u00ed tort\u00edmingu og gl\u00f6tun.<a name=\"10\"><span class=\"versanumer\">10<\/span><\/a>F\u00e9girndin er r\u00f3t alls \u00feess, sem illt er. Vi\u00f0 \u00fe\u00e1 f\u00edkn hafa nokkrir villst fr\u00e1 tr\u00fanni og valdi\u00f0 sj\u00e1lfum s\u00e9r m\u00f6rgum harmkv\u00e6lum.<a name=\"11\"><span class=\"versanumer\">11<\/span><\/a>En \u00fe\u00fa, Gu\u00f0s ma\u00f0ur, for\u00f0ast \u00fe\u00fa \u00feetta, en stunda r\u00e9ttl\u00e6ti, gu\u00f0hr\u00e6\u00f0slu, tr\u00fa, k\u00e6rleika, st\u00f6\u00f0uglyndi og h\u00f3gv\u00e6r\u00f0.<a name=\"12\"><span class=\"versanumer\">12<\/span><\/a>Berstu tr\u00faarinnar g\u00f3\u00f0u bar\u00e1ttu, h\u00f6ndla \u00fe\u00fa eil\u00edfa l\u00edfi\u00f0, sem \u00fe\u00fa varst kalla\u00f0ur til og \u00fe\u00fa j\u00e1ta\u00f0ist me\u00f0 g\u00f3\u00f0u j\u00e1tningunni \u00ed vi\u00f0urvist margra votta.<a name=\"13\"><span class=\"versanumer\">13<\/span><\/a>\u00c9g b\u00fd\u00f0 \u00fe\u00e9r fyrir augliti Gu\u00f0s, sem veitir \u00f6llu l\u00edf, og fyrir augliti Krists Jes\u00fa, er gj\u00f6r\u00f0i g\u00f3\u00f0u j\u00e1tninguna frammi fyrir Pont\u00edusi P\u00edlatusi:<a name=\"14\"><span class=\"versanumer\">14<\/span><\/a>G\u00e6t \u00fe\u00fa bo\u00f0or\u00f0sins l\u00fdtalaust, \u00f3a\u00f0finnanlega allt til endurkomu Drottins vors Jes\u00fa Krists,<a name=\"15\"><span class=\"versanumer\">15<\/span><\/a>sem hinn blessa\u00f0i og eini alvaldur mun \u00e1 s\u00ednum t\u00edma birtast l\u00e1ta, konungur konunganna og Drottinn drottnanna.<a name=\"16\"><span class=\"versanumer\">16<\/span><\/a>Hann einn hefur \u00f3dau\u00f0leika, hann b\u00fdr \u00ed lj\u00f3si, sem enginn f\u00e6r til komist, hann sem enginn ma\u00f0ur leit n\u00e9 liti\u00f0 getur. Honum s\u00e9 hei\u00f0ur og eil\u00edfur m\u00e1ttur. Amen.<a name=\"17\"><span class=\"versanumer\">17<\/span><\/a>Bj\u00f3\u00f0 r\u00edkism\u00f6nnum \u00feessarar aldar a\u00f0 hreykja s\u00e9r ekki n\u00e9 treysta fallv\u00f6ltum au\u00f0i, heldur Gu\u00f0i, sem l\u00e6tur oss allt r\u00edkulega \u00ed t\u00e9 til nautnar.<a name=\"18\"><span class=\"versanumer\">18<\/span><\/a>Bj\u00f3\u00f0 \u00feeim a\u00f0 gj\u00f6ra gott, vera r\u00edkir af g\u00f3\u00f0um verkum, \u00f6rl\u00e1tir, f\u00fasir a\u00f0 mi\u00f0la \u00f6\u00f0rum,<a name=\"19\"><span class=\"versanumer\">19<\/span><\/a>me\u00f0 \u00fev\u00ed safna \u00feeir handa sj\u00e1lfum s\u00e9r fj\u00e1rsj\u00f3\u00f0i sem er g\u00f3\u00f0 undirsta\u00f0a til hins \u00f3komna, og munu geta h\u00f6ndla\u00f0 hi\u00f0 sanna l\u00edf.<a name=\"20\"><span class=\"versanumer\">20<\/span><\/a>\u00de\u00fa T\u00edm\u00f3teus, var\u00f0veit \u00fea\u00f0, sem \u00fe\u00e9r er tr\u00faa\u00f0 fyrir, og for\u00f0ast hinar vanheil\u00f6gu h\u00e9g\u00f3mar\u00e6\u00f0ur og m\u00f3tsagnir hinnar rangnefndu \u00feekkingar,<a name=\"21\"><span class=\"versanumer\">21<\/span><\/a>sem nokkrir hafa j\u00e1tast undir og or\u00f0i\u00f0 fr\u00e1villingar \u00ed tr\u00fanni. N\u00e1\u00f0 s\u00e9 me\u00f0 y\u00f0ur.<\/p>\n<div class=\"footnote1981\"><b>6.1<\/b> Um \u00fer\u00e6la Ef 6.5-9; K\u00f3l 3.22-25; T\u00edt 2.9-10; sbr 1Kor 7.21-24; Gal 3.28; F\u00edlm 10-17; 1P\u00e9t 2.18-20<br \/>\n<b>6.2<\/b> \u00dev\u00ed betur F\u00edlm 16<br \/>\n<b>6.3<\/b> Villukenningar Gal 1.6-9 \u2013 hin heiln\u00e6mu or\u00f0 2T\u00edm 1.13; sbr 1T\u00edm 1.10 \u2013 gu\u00f0r\u00e6kni 1T\u00edm 4.7-8+<br \/>\n<b>6.5<\/b> Hugspilltir menn 2T\u00edm 3.8 \u2013 sneyddir sannleikanum 2T\u00edm 4.4; T\u00edt 1.14<br \/>\n<b>6.6<\/b> Tr\u00fain er gr\u00f3\u00f0avegur 1T\u00edm 4.8 \u2013 n\u00e6gjusemi Fil 4.11-12; Heb 13.15<br \/>\n<b>6.7<\/b> Ekkert inn flutt Job 1.21; Pr\u00e9d 5.14<br \/>\n<b>6.8<\/b> L\u00e1tum okkur \u00fea\u00f0 n\u00e6gja Okv 30.8<br \/>\n<b>6.9<\/b> Vilja ver\u00f0a r\u00edkir Okv 23.4; 28.22<br \/>\n<b>6.11<\/b> For\u00f0ast &#8230; stunda 2T\u00edm 2.22; tr\u00fa, k\u00e6rleikur, st\u00f6\u00f0glyndi 2\u00deess 1.3-4; T\u00edt 2.2<br \/>\n<b>6.12<\/b> G\u00f3\u00f0a bar\u00e1ttan 1T\u00edm 1.18+ ; sbr 1Kor 9.25-26<br \/>\n<b>6.13<\/b> J\u00e1tning Jes\u00fa J\u00f3h 18.36-37; 19.11<br \/>\n<b>6.14<\/b> Endurkoma Drottins vors 2T\u00edm 4.1,8; T\u00edt 2.13<br \/>\n<b>6.15<\/b> \u00c1 s\u00ednum t\u00edma 1T\u00edm 2.6+ konungur konunganna 2Makk 13.4 \u2013 Drottinn drottnanna 5M\u00f3s 10.17; Slm 136.3<br \/>\n<b>6.16<\/b> Lj\u00f3s Slm 104.4 \u2013 enginn ma\u00f0ur leit 2M\u00f3s 33.20; sbr 1T\u00edm 1.17<br \/>\n<b>6.17<\/b> Hreykja s\u00e9r ekki Slm 62.10 \u2013 n\u00e9 treysta au\u00f0num L\u00fak 12.20<br \/>\n<b>6.18<\/b> F\u00fasir a\u00f0 mi\u00f0la \u00f6\u00f0rum Post 2.42,44; R\u00f3m 12.13<br \/>\n<b>6.19<\/b> Fj\u00e1rsj\u00f3\u00f0ur Matt 6.20<br \/>\n<b>6.20<\/b> Tr\u00faa\u00f0 fyrir 2T\u00edm 1.14 \u2013 for\u00f0ast h\u00e9g\u00f3mar\u00e6\u00f0ur 1T\u00edm 4.7+<br \/>\n<b>6.21<\/b> Villast 1T\u00edm 1.6; 2T\u00edm 2.18<\/div>\n","protected":false},"excerpt":{"rendered":"<p>1Allir \u00feeir, sem eru \u00e1nau\u00f0ugir \u00fer\u00e6lar, skulu s\u00fdna h\u00fasb\u00e6ndum s\u00ednum allan skyldugan hei\u00f0ur, til \u00feess a\u00f0 ekki ver\u00f0i lastm\u00e6lt nafni Gu\u00f0s og kenningunni.2En \u00feeir, sem tr\u00faa\u00f0a h\u00fasb\u00e6ndur eiga, skulu ekki l\u00edtilsvir\u00f0a \u00fe\u00e1, vegna \u00feess a\u00f0 \u00feeir eru br\u00e6\u00f0ur, heldur \u00fej\u00f3ni \u00feeim \u00fev\u00ed betur sem \u00feeir eru tr\u00faa\u00f0ir og elska\u00f0ir og kappkosta a\u00f0 gj\u00f6ra g\u00f3\u00f0verk. Kenn \u00fe\u00fa \u00feetta og \u00e1minn um \u00fea\u00f0.3Ef einhver fer me\u00f0 annarlegar kenningar og fylgir ekki hinum heiln\u00e6mu or\u00f0um Drottins vors Jes\u00fa Krists og \u00fev\u00ed, sem gu\u00f0r\u00e6kni vor kennir, \u00fe\u00e1 hefur hann ofmetnast og veit ekki neitt.4Hann er s\u00f3tttekinn af \u00fer\u00e6tum og or\u00f0ast\u00e6lum. Af \u00feessu f\u00e6\u00f0ist \u00f6fund, <a href=\"https:\/\/biblian.is\/1981\/fyrra-timoteusarbref-6-kafli\/\"> [&#8230;]<\/a><\/p>\n","protected":false},"author":1,"featured_media":0,"parent":0,"menu_order":0,"comment_status":"open","ping_status":"open","template":"bibliukaflar.php","meta":{"footnotes":""},"class_list":["post-2472","page","type-page","status-publish","hentry"],"_links":{"self":[{"href":"https:\/\/biblian.is\/1981\/wp-json\/wp\/v2\/pages\/2472","targetHints":{"allow":["GET"]}}],"collection":[{"href":"https:\/\/biblian.is\/1981\/wp-json\/wp\/v2\/pages"}],"about":[{"href":"https:\/\/biblian.is\/1981\/wp-json\/wp\/v2\/types\/page"}],"author":[{"embeddable":true,"href":"https:\/\/biblian.is\/1981\/wp-json\/wp\/v2\/users\/1"}],"replies":[{"embeddable":true,"href":"https:\/\/biblian.is\/1981\/wp-json\/wp\/v2\/comments?post=2472"}],"version-history":[{"count":0,"href":"https:\/\/biblian.is\/1981\/wp-json\/wp\/v2\/pages\/2472\/revisions"}],"wp:attachment":[{"href":"https:\/\/biblian.is\/1981\/wp-json\/wp\/v2\/media?parent=2472"}],"curies":[{"name":"wp","href":"https:\/\/api.w.org\/{rel}","templated":true}]}}