{"id":2470,"date":"2017-11-18T20:21:55","date_gmt":"2017-11-18T20:21:55","guid":{"rendered":"http:\/\/biblian.is\/1981\/fyrra-timoteusarbref-4-kafli\/"},"modified":"2021-06-06T10:56:52","modified_gmt":"2021-06-06T10:56:52","slug":"fyrra-timoteusarbref-4-kafli","status":"publish","type":"page","link":"https:\/\/biblian.is\/1981\/fyrra-timoteusarbref-4-kafli\/","title":{"rendered":"Fyrra T\u00edm\u00f3teusarbr\u00e9f 4. kafli"},"content":{"rendered":"<p><a name=\"1\"><span class=\"versanumer\">1<\/span><\/a>Andinn segir berlega, a\u00f0 \u00e1 s\u00ed\u00f0ari t\u00edmum muni sumir ganga af tr\u00fanni og gefa sig a\u00f0 villu\u00f6ndum og l\u00e6rd\u00f3mum illra anda.<a name=\"2\"><span class=\"versanumer\">2<\/span><\/a>\u00deessu valda hr\u00e6snisfullir lygarar, sem eru brennimerktir \u00e1 samvisku sinni.<a name=\"3\"><span class=\"versanumer\">3<\/span><\/a>\u00dea\u00f0 eru \u00feeir, sem meina hj\u00faskap og bj\u00f3\u00f0a m\u00f6nnum a\u00f0 halda s\u00e9r fr\u00e1 \u00feeirri f\u00e6\u00f0u, er Gu\u00f0 hefur skapa\u00f0 til \u00feess a\u00f0 vi\u00f0 henni s\u00e9 teki\u00f0 me\u00f0 \u00feakkargj\u00f6r\u00f0 af tr\u00fau\u00f0um m\u00f6nnum, er \u00feekkja sannleikann.<a name=\"4\"><span class=\"versanumer\">4<\/span><\/a>Allt sem Gu\u00f0 hefur skapa\u00f0 er gott, og engu ber fr\u00e1 s\u00e9r a\u00f0 kasta, s\u00e9 \u00fea\u00f0 \u00feegi\u00f0 me\u00f0 \u00feakkargj\u00f6r\u00f0.<a name=\"5\"><span class=\"versanumer\">5<\/span><\/a>\u00dea\u00f0 helgast af or\u00f0i Gu\u00f0s og b\u00e6n.<a name=\"6\"><span class=\"versanumer\">6<\/span><\/a>Me\u00f0 \u00fev\u00ed a\u00f0 br\u00fdna \u00feetta fyrir br\u00e6\u00f0runum, munt \u00fe\u00fa ver\u00f0a g\u00f3\u00f0ur \u00fej\u00f3nn Krists Jes\u00fa, n\u00e6r\u00f0ur af or\u00f0i tr\u00faarinnar og g\u00f3\u00f0u kenningarinnar, sem \u00fe\u00fa hefur fylgt.<a name=\"7\"><span class=\"versanumer\">7<\/span><\/a>En hafna \u00fe\u00fa vanheil\u00f6gum kerlinga\u00e6vint\u00fdrum, og \u00e6f sj\u00e1lfan \u00feig \u00ed gu\u00f0hr\u00e6\u00f0slu.<a name=\"8\"><span class=\"versanumer\">8<\/span><\/a>L\u00edkamleg \u00e6fing er nytsamleg \u00ed sumu, en gu\u00f0hr\u00e6\u00f0slan er til allra hluta nytsamleg og hefur fyrirheit b\u00e6\u00f0i fyrir \u00feetta l\u00edf og hi\u00f0 komanda.<a name=\"9\"><span class=\"versanumer\">9<\/span><\/a>\u00dea\u00f0 or\u00f0 er satt og \u00ed alla sta\u00f0i \u00feess vert, a\u00f0 vi\u00f0 \u00fev\u00ed s\u00e9 teki\u00f0.<a name=\"10\"><span class=\"versanumer\">10<\/span><\/a>\u00deess vegna leggjum v\u00e9r \u00e1 oss erfi\u00f0i og \u00fereytum str\u00ed\u00f0, \u00fev\u00ed a\u00f0 v\u00e9r h\u00f6fum fest von vora \u00e1 lifanda Gu\u00f0i, sem er frelsari allra manna, einkum tr\u00faa\u00f0ra.<a name=\"11\"><span class=\"versanumer\">11<\/span><\/a>Bj\u00f3\u00f0 \u00fe\u00fa \u00feetta og kenn \u00fea\u00f0.<a name=\"12\"><span class=\"versanumer\">12<\/span><\/a>L\u00e1t engan l\u00edta sm\u00e1um augum \u00e1 \u00e6sku \u00fe\u00edna, en ver fyrirmynd tr\u00faa\u00f0ra, \u00ed or\u00f0i, \u00ed heg\u00f0un, \u00ed k\u00e6rleika, \u00ed tr\u00fa, \u00ed hreinleika.<a name=\"13\"><span class=\"versanumer\">13<\/span><\/a>Ver \u00fe\u00fa, \u00feanga\u00f0 til \u00e9g kem, kostg\u00e6finn a\u00f0 lesa \u00far Ritningunni, \u00e1minna og kenna.<a name=\"14\"><span class=\"versanumer\">14<\/span><\/a>Vanr\u00e6ktu ekki n\u00e1\u00f0argj\u00f6fina \u00fe\u00edna, sem var gefin \u00fe\u00e9r a\u00f0 tilv\u00edsan sp\u00e1manna og me\u00f0 handayfirlagningu \u00f6ldunganna.<a name=\"15\"><span class=\"versanumer\">15<\/span><\/a>Stunda \u00feetta, ver allur \u00ed \u00feessu, til \u00feess a\u00f0 framf\u00f6r \u00fe\u00edn s\u00e9 \u00f6llum auglj\u00f3s.<a name=\"16\"><span class=\"versanumer\">16<\/span><\/a>Haf g\u00e1t \u00e1 sj\u00e1lfum \u00fe\u00e9r og fr\u00e6\u00f0slunni. Ver st\u00f6\u00f0ugur vi\u00f0 \u00feetta. \u00deegar \u00fe\u00fa gj\u00f6rir \u00fea\u00f0, muntu b\u00e6\u00f0i gj\u00f6ra sj\u00e1lfan \u00feig h\u00f3lpinn og \u00e1heyrendur \u00fe\u00edna.<\/p>\n<div class=\"footnote1981\"><b>4.1<\/b> \u00c1 s\u00ed\u00f0ustu t\u00edmum 2T\u00edm 3.1; 2P\u00e9t 3.3; 1J\u00f3h 2.18; J\u00fad 18<br \/>\n<b>4.3<\/b> Halda s\u00e9r fr\u00e1 f\u00e6\u00f0u sbr R\u00f3m 14; K\u00f3l 2.20-23; T\u00edt 1.13-15 \u2013 leyfilegt a\u00f0 eta 1M\u00f3s 9.3 \u2013 teki\u00f0 me\u00f0 \u00feakkl\u00e6ti R\u00f3m 14.6; 1Kor 10.30-31<br \/>\n<b>4.4<\/b> \u00d6ll sk\u00f6pun Gu\u00f0s er g\u00f3\u00f0 1M\u00f3s 1.31; Post 10.15<br \/>\n<b>4.7<\/b> H\u00e9giljum 1T\u00edm 1.4; 6.20; 2T\u00edm 2.16,23; 4.4; T\u00edt 1.14<br \/>\n<b>4.8<\/b> Gu\u00f0r\u00e6kni Post 3.12; 1T\u00edm 2.2; 3.16; 6.3,5-6,11; 2T\u00edm 3.5; T\u00edt 1.1; 2P\u00e9t 1.3,6-7 \u2013 nytsamleg 1T\u00edm 6.6 \u2013 l\u00edkamleg \u00e6fing 1Kor 9.24-27+<br \/>\n<b>4.9<\/b> \u00dea\u00f0 or\u00f0 er satt 1T\u00edm 1.15+<br \/>\n<b>4.10<\/b> Gu\u00f0 frelsari 1T\u00edm 1.1+<br \/>\n<b>4.12<\/b> Sm\u00e1um augum &#8230; T\u00edt 2.15<br \/>\n<b>4.13<\/b> Ritningrlestur L\u00fak 4.16-21; Post 13.14-16<br \/>\n<b>4.14<\/b> Handayfirlagning \u00f6ldunganna 2T\u00edm 1.6 \u2013 leggja hendur yfir Post 6.6+ ; 1T\u00edm 5.22 \u2013 \u00f6ldungar 1T\u00edm 5.17<\/div>\n","protected":false},"excerpt":{"rendered":"<p>1Andinn segir berlega, a\u00f0 \u00e1 s\u00ed\u00f0ari t\u00edmum muni sumir ganga af tr\u00fanni og gefa sig a\u00f0 villu\u00f6ndum og l\u00e6rd\u00f3mum illra anda.2\u00deessu valda hr\u00e6snisfullir lygarar, sem eru brennimerktir \u00e1 samvisku sinni.3\u00dea\u00f0 eru \u00feeir, sem meina hj\u00faskap og bj\u00f3\u00f0a m\u00f6nnum a\u00f0 halda s\u00e9r fr\u00e1 \u00feeirri f\u00e6\u00f0u, er Gu\u00f0 hefur skapa\u00f0 til \u00feess a\u00f0 vi\u00f0 henni s\u00e9 teki\u00f0 me\u00f0 \u00feakkargj\u00f6r\u00f0 af tr\u00fau\u00f0um m\u00f6nnum, er \u00feekkja sannleikann.4Allt sem Gu\u00f0 hefur skapa\u00f0 er gott, og engu ber fr\u00e1 s\u00e9r a\u00f0 kasta, s\u00e9 \u00fea\u00f0 \u00feegi\u00f0 me\u00f0 \u00feakkargj\u00f6r\u00f0.5\u00dea\u00f0 helgast af or\u00f0i Gu\u00f0s og b\u00e6n.6Me\u00f0 \u00fev\u00ed a\u00f0 br\u00fdna \u00feetta fyrir br\u00e6\u00f0runum, munt \u00fe\u00fa ver\u00f0a g\u00f3\u00f0ur \u00fej\u00f3nn Krists Jes\u00fa, <a href=\"https:\/\/biblian.is\/1981\/fyrra-timoteusarbref-4-kafli\/\"> [&#8230;]<\/a><\/p>\n","protected":false},"author":1,"featured_media":0,"parent":0,"menu_order":0,"comment_status":"open","ping_status":"open","template":"bibliukaflar.php","meta":{"footnotes":""},"class_list":["post-2470","page","type-page","status-publish","hentry"],"_links":{"self":[{"href":"https:\/\/biblian.is\/1981\/wp-json\/wp\/v2\/pages\/2470","targetHints":{"allow":["GET"]}}],"collection":[{"href":"https:\/\/biblian.is\/1981\/wp-json\/wp\/v2\/pages"}],"about":[{"href":"https:\/\/biblian.is\/1981\/wp-json\/wp\/v2\/types\/page"}],"author":[{"embeddable":true,"href":"https:\/\/biblian.is\/1981\/wp-json\/wp\/v2\/users\/1"}],"replies":[{"embeddable":true,"href":"https:\/\/biblian.is\/1981\/wp-json\/wp\/v2\/comments?post=2470"}],"version-history":[{"count":0,"href":"https:\/\/biblian.is\/1981\/wp-json\/wp\/v2\/pages\/2470\/revisions"}],"wp:attachment":[{"href":"https:\/\/biblian.is\/1981\/wp-json\/wp\/v2\/media?parent=2470"}],"curies":[{"name":"wp","href":"https:\/\/api.w.org\/{rel}","templated":true}]}}