{"id":2469,"date":"2017-11-18T20:21:55","date_gmt":"2017-11-18T20:21:55","guid":{"rendered":"http:\/\/biblian.is\/1981\/fyrra-timoteusarbref-3-kafli\/"},"modified":"2021-06-06T10:56:52","modified_gmt":"2021-06-06T10:56:52","slug":"fyrra-timoteusarbref-3-kafli","status":"publish","type":"page","link":"https:\/\/biblian.is\/1981\/fyrra-timoteusarbref-3-kafli\/","title":{"rendered":"Fyrra T\u00edm\u00f3teusarbr\u00e9f 3. kafli"},"content":{"rendered":"<p><a name=\"1\"><span class=\"versanumer\">1<\/span><\/a>\u00dea\u00f0 or\u00f0 er satt, a\u00f0 s\u00e6kist einhver eftir biskupsstarfi, \u00fe\u00e1 girnist hann fagurt hlutverk.<a name=\"2\"><span class=\"versanumer\">2<\/span><\/a>Biskup \u00e1 a\u00f0 vera \u00f3a\u00f0finnanlegur, einkv\u00e6ntur, bindindissamur, h\u00f3gl\u00e1tur, h\u00e1ttpr\u00fa\u00f0ur, gestrisinn, g\u00f3\u00f0ur fr\u00e6\u00f0ari.<a name=\"3\"><span class=\"versanumer\">3<\/span><\/a>Ekki drykkfelldur, ekki ofsafenginn, heldur g\u00e6fur, ekki deilugjarn, ekki f\u00e9gjarn.<a name=\"4\"><span class=\"versanumer\">4<\/span><\/a>Hann \u00e1 a\u00f0 vera ma\u00f0ur, sem veitir g\u00f3\u00f0a forst\u00f6\u00f0u heimili s\u00ednu og heldur b\u00f6rnum s\u00ednum \u00ed hl\u00fd\u00f0ni me\u00f0 allri si\u00f0pr\u00fd\u00f0i.<a name=\"5\"><span class=\"versanumer\">5<\/span><\/a>Hvernig m\u00e1 s\u00e1, sem ekki hefur vit \u00e1 a\u00f0 veita heimili s\u00ednu forst\u00f6\u00f0u, veita s\u00f6fnu\u00f0i Gu\u00f0s umsj\u00f3n?<a name=\"6\"><span class=\"versanumer\">6<\/span><\/a>Hann \u00e1 ekki a\u00f0 vera n\u00fdr \u00ed tr\u00fanni, til \u00feess a\u00f0 hann ofmetnist ekki og ver\u00f0i fyrir sama d\u00f3mi og dj\u00f6fullinn.<a name=\"7\"><span class=\"versanumer\">7<\/span><\/a>Hann \u00e1 l\u00edka a\u00f0 hafa g\u00f3\u00f0an or\u00f0st\u00edr hj\u00e1 \u00feeim, sem standa fyrir utan, til \u00feess a\u00f0 hann ver\u00f0i eigi fyrir \u00e1lasi og lendi \u00ed t\u00e1lsn\u00f6ru dj\u00f6fulsins.<a name=\"8\"><span class=\"versanumer\">8<\/span><\/a>Svo eiga og dj\u00e1knar a\u00f0 vera hei\u00f0vir\u00f0ir, ekki tv\u00edm\u00e6lismenn, ekki s\u00f3lgnir \u00ed v\u00edn, ekki gefnir fyrir lj\u00f3tan gr\u00f3\u00f0a.<a name=\"9\"><span class=\"versanumer\">9<\/span><\/a>\u00deeir skulu var\u00f0veita leyndard\u00f3m tr\u00faarinnar \u00ed hreinni samvisku.<a name=\"10\"><span class=\"versanumer\">10<\/span><\/a>Einnig \u00feessir menn s\u00e9u fyrst reyndir, s\u00ed\u00f0an takist \u00feeir \u00fej\u00f3nustuna \u00e1 hendur, ef \u00feeir eru \u00f3a\u00f0finnanlegir.<a name=\"11\"><span class=\"versanumer\">11<\/span><\/a>Svo eiga og konur a\u00f0 vera hei\u00f0vir\u00f0ar, ekki r\u00f3gberar, heldur bindindissamar, tr\u00faar \u00ed \u00f6llu.<a name=\"12\"><span class=\"versanumer\">12<\/span><\/a>Dj\u00e1knar s\u00e9u einkv\u00e6ntir, og hafi g\u00f3\u00f0a stj\u00f3rn \u00e1 b\u00f6rnum s\u00ednum og heimilum.<a name=\"13\"><span class=\"versanumer\">13<\/span><\/a>\u00dev\u00ed a\u00f0 \u00feeir, sem vel hafa sta\u00f0i\u00f0 \u00ed dj\u00e1knast\u00f6\u00f0u, koma s\u00e9r vel \u00ed veg og \u00f6\u00f0last mikla dj\u00f6rfung \u00ed tr\u00fanni \u00e1 Krist Jes\u00fa.<a name=\"14\"><span class=\"versanumer\">14<\/span><\/a>\u00deetta rita \u00e9g \u00fe\u00e9r, \u00fe\u00f3 a\u00f0 \u00e9g voni a\u00f0 koma br\u00e1\u00f0um til \u00fe\u00edn,<a name=\"15\"><span class=\"versanumer\">15<\/span><\/a>til \u00feess a\u00f0 \u00fe\u00fa skulir vita, ef m\u00e9r seinkar, hvernig \u00e1 a\u00f0 haga s\u00e9r \u00ed Gu\u00f0s h\u00fasi, sem er s\u00f6fnu\u00f0ur lifanda Gu\u00f0s, st\u00f3lpi og grundv\u00f6llur sannleikans.<a name=\"16\"><span class=\"versanumer\">16<\/span><\/a>Og v\u00edst er leyndard\u00f3mur gu\u00f0hr\u00e6\u00f0slunnar mikill: Hann opinbera\u00f0ist \u00ed holdi, var r\u00e9ttl\u00e6ttur \u00ed anda, birtist englum, var bo\u00f0a\u00f0ur me\u00f0 \u00fej\u00f3\u00f0um, var tr\u00faa\u00f0 \u00ed heimi, var hafinn upp \u00ed d\u00fdr\u00f0.<\/p>\n<div class=\"footnote1981\"><b>3.1<\/b> \u00dea\u00f0 or\u00f0 er satt 1T\u00edm 1.15+ &#8211; biskupsstarf sbr T\u00edt 1.6-9; Post 20.17,28<br \/>\n<b>3.2<\/b> Einkv\u00e6ntur sbr Mrk 10.1-11; 1T\u00edm 5.9<br \/>\n<b>3.3-7<\/b> Um biskupa T\u00edt 1.6-9; sbr 2T\u00edm 2.24-26<br \/>\n<b>3.7<\/b> Fyrir utan Mrk 4.11+ &#8211; ekki fyrir \u00e1lasi 2Kor 8.21<br \/>\n<b>3.8<\/b> Dj\u00e1knar Fil 1.1<br \/>\n<b>3.11<\/b> Konur sbr R\u00f3m 16.1 \u2013 ekki r\u00f3gberar T\u00edt 2.3<br \/>\n<b>3.12<\/b> Einkv\u00e6ntir 1T\u00edm 3.2+<br \/>\n<b>3.13<\/b> \u00c1vinna Mrk 10.43-44<br \/>\n<b>3.15<\/b> Gu\u00f0s h\u00fas Ef 2.19-22; sbr 1Kor 6.19<br \/>\n<b>3.16<\/b> Leyndard\u00f3mur Ef 3.3+ &#8211; tr\u00fa, gu\u00f0r\u00e6kni 1T\u00edm 4.7-8+ &#8211; birtist \u00ed manni J\u00f3h 1.14 \u2013 sanna\u00f0ist \u00ed anda R\u00f3m 1.4 \u2013 hafinn upp \u00ed d\u00fdr\u00f0 Mrk 16.19; Post 1.9; sbr Fil 2.9-11<\/div>\n","protected":false},"excerpt":{"rendered":"<p>1\u00dea\u00f0 or\u00f0 er satt, a\u00f0 s\u00e6kist einhver eftir biskupsstarfi, \u00fe\u00e1 girnist hann fagurt hlutverk.2Biskup \u00e1 a\u00f0 vera \u00f3a\u00f0finnanlegur, einkv\u00e6ntur, bindindissamur, h\u00f3gl\u00e1tur, h\u00e1ttpr\u00fa\u00f0ur, gestrisinn, g\u00f3\u00f0ur fr\u00e6\u00f0ari.3Ekki drykkfelldur, ekki ofsafenginn, heldur g\u00e6fur, ekki deilugjarn, ekki f\u00e9gjarn.4Hann \u00e1 a\u00f0 vera ma\u00f0ur, sem veitir g\u00f3\u00f0a forst\u00f6\u00f0u heimili s\u00ednu og heldur b\u00f6rnum s\u00ednum \u00ed hl\u00fd\u00f0ni me\u00f0 allri si\u00f0pr\u00fd\u00f0i.5Hvernig m\u00e1 s\u00e1, sem ekki hefur vit \u00e1 a\u00f0 veita heimili s\u00ednu forst\u00f6\u00f0u, veita s\u00f6fnu\u00f0i Gu\u00f0s umsj\u00f3n?6Hann \u00e1 ekki a\u00f0 vera n\u00fdr \u00ed tr\u00fanni, til \u00feess a\u00f0 hann ofmetnist ekki og ver\u00f0i fyrir sama d\u00f3mi og dj\u00f6fullinn.7Hann \u00e1 l\u00edka a\u00f0 hafa g\u00f3\u00f0an or\u00f0st\u00edr hj\u00e1 \u00feeim, sem standa fyrir <a href=\"https:\/\/biblian.is\/1981\/fyrra-timoteusarbref-3-kafli\/\"> [&#8230;]<\/a><\/p>\n","protected":false},"author":1,"featured_media":0,"parent":0,"menu_order":0,"comment_status":"open","ping_status":"open","template":"bibliukaflar.php","meta":{"footnotes":""},"class_list":["post-2469","page","type-page","status-publish","hentry"],"_links":{"self":[{"href":"https:\/\/biblian.is\/1981\/wp-json\/wp\/v2\/pages\/2469","targetHints":{"allow":["GET"]}}],"collection":[{"href":"https:\/\/biblian.is\/1981\/wp-json\/wp\/v2\/pages"}],"about":[{"href":"https:\/\/biblian.is\/1981\/wp-json\/wp\/v2\/types\/page"}],"author":[{"embeddable":true,"href":"https:\/\/biblian.is\/1981\/wp-json\/wp\/v2\/users\/1"}],"replies":[{"embeddable":true,"href":"https:\/\/biblian.is\/1981\/wp-json\/wp\/v2\/comments?post=2469"}],"version-history":[{"count":0,"href":"https:\/\/biblian.is\/1981\/wp-json\/wp\/v2\/pages\/2469\/revisions"}],"wp:attachment":[{"href":"https:\/\/biblian.is\/1981\/wp-json\/wp\/v2\/media?parent=2469"}],"curies":[{"name":"wp","href":"https:\/\/api.w.org\/{rel}","templated":true}]}}