{"id":2468,"date":"2017-11-18T20:21:55","date_gmt":"2017-11-18T20:21:55","guid":{"rendered":"http:\/\/biblian.is\/1981\/fyrra-timoteusarbref-2-kafli\/"},"modified":"2021-06-06T10:56:51","modified_gmt":"2021-06-06T10:56:51","slug":"fyrra-timoteusarbref-2-kafli","status":"publish","type":"page","link":"https:\/\/biblian.is\/1981\/fyrra-timoteusarbref-2-kafli\/","title":{"rendered":"Fyrra T\u00edm\u00f3teusarbr\u00e9f 2. kafli"},"content":{"rendered":"<p><a name=\"1\"><span class=\"versanumer\">1<\/span><\/a>Fyrst af \u00f6llu \u00e1minni \u00e9g um a\u00f0 bera fram \u00e1kall, b\u00e6nir, fyrirb\u00e6nir og \u00feakkargj\u00f6r\u00f0ir fyrir \u00f6llum m\u00f6nnum,<a name=\"2\"><span class=\"versanumer\">2<\/span><\/a>fyrir konungum og \u00f6llum \u00feeim, sem h\u00e1tt eru settir, til \u00feess a\u00f0 v\u00e9r f\u00e1um lifa\u00f0 fri\u00f0samlegu og r\u00f3legu l\u00edfi \u00ed allri gu\u00f0hr\u00e6\u00f0slu og si\u00f0pr\u00fd\u00f0i.<a name=\"3\"><span class=\"versanumer\">3<\/span><\/a>\u00deetta er gott og \u00fe\u00f3knanlegt fyrir frelsara vorum Gu\u00f0i,<a name=\"4\"><span class=\"versanumer\">4<\/span><\/a>sem vill a\u00f0 allir menn ver\u00f0i h\u00f3lpnir og komist til \u00feekkingar \u00e1 sannleikanum.<a name=\"5\"><span class=\"versanumer\">5<\/span><\/a>Einn er Gu\u00f0. Einn er og me\u00f0algangarinn milli Gu\u00f0s og manna, ma\u00f0urinn Kristur Jes\u00fas,<a name=\"6\"><span class=\"versanumer\">6<\/span><\/a>sem gaf sig sj\u00e1lfan til lausnargjalds fyrir alla. \u00dea\u00f0 var vitnisbur\u00f0ur hans \u00e1 settum t\u00edma.<a name=\"7\"><span class=\"versanumer\">7<\/span><\/a>Til a\u00f0 bo\u00f0a hann er \u00e9g skipa\u00f0ur pr\u00e9dikari og postuli, \u00e9g tala sannleika, l\u00fdg ekki, kennari hei\u00f0ingja \u00ed tr\u00fa og sannleika.<a name=\"8\"><span class=\"versanumer\">8<\/span><\/a>\u00c9g vil, a\u00f0 karlmenn bi\u00f0jist hvarvetna fyrir, me\u00f0 upplyftum heil\u00f6gum h\u00f6ndum, \u00e1n rei\u00f0i og \u00fer\u00e6tu.<a name=\"9\"><span class=\"versanumer\">9<\/span><\/a>S\u00f6mulei\u00f0is vil \u00e9g, a\u00f0 konur skr\u00fd\u00f0i sig s\u00e6mandi b\u00faningi, me\u00f0 blyg\u00f0 og h\u00f3gl\u00e6ti, ekki me\u00f0 fl\u00e9ttum og gulli e\u00f0a perlum og skartkl\u00e6\u00f0um,<a name=\"10\"><span class=\"versanumer\">10<\/span><\/a>heldur me\u00f0 g\u00f3\u00f0um verkum, eins og s\u00f3mir konum, er Gu\u00f0 vilja d\u00fdrka.<a name=\"11\"><span class=\"versanumer\">11<\/span><\/a>Konan \u00e1 a\u00f0 l\u00e6ra \u00ed kyrr\u00feey, \u00ed allri undirgefni.<a name=\"12\"><span class=\"versanumer\">12<\/span><\/a>Ekki leyfi \u00e9g konu a\u00f0 kenna e\u00f0a taka s\u00e9r vald yfir manninum, heldur \u00e1 h\u00fan a\u00f0 vera kyrrl\u00e1t.<a name=\"13\"><span class=\"versanumer\">13<\/span><\/a>\u00dev\u00ed a\u00f0 Adam var fyrst mynda\u00f0ur, s\u00ed\u00f0an Eva.<a name=\"14\"><span class=\"versanumer\">14<\/span><\/a>Adam l\u00e9t ekki t\u00e6last, heldur l\u00e9t konan t\u00e6last og gj\u00f6r\u00f0ist brotleg.<a name=\"15\"><span class=\"versanumer\">15<\/span><\/a>En h\u00fan mun h\u00f3lpin ver\u00f0a, sakir barnbur\u00f0arins, ef h\u00fan stendur st\u00f6\u00f0ug \u00ed tr\u00fa, k\u00e6rleika og helgun, samfara h\u00f3gl\u00e6ti.<\/p>\n<div class=\"footnote1981\"><b>2.1<\/b> B\u00e6nir, fyrirb\u00e6nir og \u00feakkargj\u00f6r\u00f0ir Ef 6.18; Fil 4.6<br \/>\n<b>2.2<\/b> Gu\u00f0s\u00f3tti 1T\u00edm 4.7-8+<br \/>\n<b>2.3<\/b> Gu\u00f0 frelsari 1T\u00edm 1.1+<br \/>\n<b>2.4<\/b> A\u00f0 allir ver\u00f0i h\u00f3lpnir Esk 18.23; 2P\u00e9t 3.9 \u2013 til \u00feekkingar \u00e1 sannleikanum 2T\u00edm 2.25; 3.7; T\u00edt 1.1<br \/>\n<b>2.5<\/b> Einn er Gu\u00f0 R\u00f3m 3.29-30; 10.12 \u2013 Jes\u00fas me\u00f0algangari Heb 12.24<br \/>\n<b>2.6<\/b> Gaf sj\u00e1lfan sig Gal 1.4; 2.20; T\u00edt 2.14 \u2013 til lausnargjalds Matt 20.28 \u2013 vitnisbur\u00f0ur Jes\u00fa 1T\u00edm 6.13; Opb 1.5; 3.14 \u2013 \u00e1 settum t\u00edma 1T\u00edm 6.15; T\u00edt 1.3; sbr Post 1.7; R\u00f3m 5.6-8; Gal 4.4<br \/>\n<b>2.7<\/b> Pr\u00e9dikari og postuli Post 9.15; Gal 2.7-8; 1T\u00edm 1.11<br \/>\n<b>2.9<\/b> S\u00e6mandi b\u00faningur 1P\u00e9t 3.3-5<br \/>\n<b>2.10<\/b> Me\u00f0 g\u00f3\u00f0um verkum 1T\u00edm 5.10<br \/>\n<b>2.11-12<\/b> Fyrirm\u00e6li til kristinna kvenna 1Kor 14.34<br \/>\n<b>2.12<\/b> Vera kyrrl\u00e1t sbr 1T\u00edm 5.13<br \/>\n<b>2.13<\/b> Adam fyrstur 1M\u00f3s 1.27; 2.7,22; 1Kor 11.8-9<br \/>\n<b>2.14<\/b> Konan l\u00e9t t\u00e6last 1M\u00f3s 3.6,13; 2Kor 11.3<br \/>\n<b>2.15<\/b> F\u00e6\u00f0ir b\u00f6rnin &#8230; 1T\u00edm 4.3; T\u00edt 2.3-5<\/div>\n","protected":false},"excerpt":{"rendered":"<p>1Fyrst af \u00f6llu \u00e1minni \u00e9g um a\u00f0 bera fram \u00e1kall, b\u00e6nir, fyrirb\u00e6nir og \u00feakkargj\u00f6r\u00f0ir fyrir \u00f6llum m\u00f6nnum,2fyrir konungum og \u00f6llum \u00feeim, sem h\u00e1tt eru settir, til \u00feess a\u00f0 v\u00e9r f\u00e1um lifa\u00f0 fri\u00f0samlegu og r\u00f3legu l\u00edfi \u00ed allri gu\u00f0hr\u00e6\u00f0slu og si\u00f0pr\u00fd\u00f0i.3\u00deetta er gott og \u00fe\u00f3knanlegt fyrir frelsara vorum Gu\u00f0i,4sem vill a\u00f0 allir menn ver\u00f0i h\u00f3lpnir og komist til \u00feekkingar \u00e1 sannleikanum.5Einn er Gu\u00f0. Einn er og me\u00f0algangarinn milli Gu\u00f0s og manna, ma\u00f0urinn Kristur Jes\u00fas,6sem gaf sig sj\u00e1lfan til lausnargjalds fyrir alla. \u00dea\u00f0 var vitnisbur\u00f0ur hans \u00e1 settum t\u00edma.7Til a\u00f0 bo\u00f0a hann er \u00e9g skipa\u00f0ur pr\u00e9dikari og postuli, \u00e9g tala sannleika, l\u00fdg <a href=\"https:\/\/biblian.is\/1981\/fyrra-timoteusarbref-2-kafli\/\"> [&#8230;]<\/a><\/p>\n","protected":false},"author":1,"featured_media":0,"parent":0,"menu_order":0,"comment_status":"open","ping_status":"open","template":"bibliukaflar.php","meta":{"footnotes":""},"class_list":["post-2468","page","type-page","status-publish","hentry"],"_links":{"self":[{"href":"https:\/\/biblian.is\/1981\/wp-json\/wp\/v2\/pages\/2468","targetHints":{"allow":["GET"]}}],"collection":[{"href":"https:\/\/biblian.is\/1981\/wp-json\/wp\/v2\/pages"}],"about":[{"href":"https:\/\/biblian.is\/1981\/wp-json\/wp\/v2\/types\/page"}],"author":[{"embeddable":true,"href":"https:\/\/biblian.is\/1981\/wp-json\/wp\/v2\/users\/1"}],"replies":[{"embeddable":true,"href":"https:\/\/biblian.is\/1981\/wp-json\/wp\/v2\/comments?post=2468"}],"version-history":[{"count":0,"href":"https:\/\/biblian.is\/1981\/wp-json\/wp\/v2\/pages\/2468\/revisions"}],"wp:attachment":[{"href":"https:\/\/biblian.is\/1981\/wp-json\/wp\/v2\/media?parent=2468"}],"curies":[{"name":"wp","href":"https:\/\/api.w.org\/{rel}","templated":true}]}}