{"id":2467,"date":"2017-11-18T20:21:51","date_gmt":"2017-11-18T20:21:51","guid":{"rendered":"http:\/\/biblian.is\/1981\/fyrra-timoteusarbref-1-kafli\/"},"modified":"2021-06-06T10:56:51","modified_gmt":"2021-06-06T10:56:51","slug":"fyrra-timoteusarbref-1-kafli","status":"publish","type":"page","link":"https:\/\/biblian.is\/1981\/fyrra-timoteusarbref-1-kafli\/","title":{"rendered":"Fyrra T\u00edm\u00f3teusarbr\u00e9f 1. kafli"},"content":{"rendered":"<p><a name=\"1\"><span class=\"versanumer\">1<\/span><\/a>P\u00e1ll, postuli Krists Jes\u00fa, a\u00f0 bo\u00f0i Gu\u00f0s frelsara vors og Krists Jes\u00fa, vonar vorrar, heilsar<a name=\"2\"><span class=\"versanumer\">2<\/span><\/a>T\u00edm\u00f3teusi, skilgetnum syni s\u00ednum \u00ed tr\u00fanni. N\u00e1\u00f0, miskunn og fri\u00f0ur fr\u00e1 Gu\u00f0i f\u00f6\u00f0ur og Kristi Jes\u00fa, Drottni vorum.<a name=\"3\"><span class=\"versanumer\">3<\/span><\/a>\u00deegar \u00e9g var \u00e1 f\u00f6rum til Maked\u00f3n\u00edu, hvatti \u00e9g \u00feig a\u00f0 halda kyrru fyrir \u00ed Efesus. \u00de\u00fa \u00e1ttir a\u00f0 bj\u00f3\u00f0a sumum m\u00f6nnum a\u00f0 fara ekki me\u00f0 annarlegar kenningar<a name=\"4\"><span class=\"versanumer\">4<\/span><\/a>og gefa sig ekki a\u00f0 \u00e6vint\u00fdrum og endalausum \u00e6ttart\u00f6lum, er fremur efla \u00fer\u00e6tur en tr\u00faarskilning \u00e1 r\u00e1\u00f0st\u00f6fun Gu\u00f0s.<a name=\"5\"><span class=\"versanumer\">5<\/span><\/a>Markmi\u00f0 \u00feessarar hvatningar er k\u00e6rleikur af hreinu hjarta, g\u00f3\u00f0ri samvisku og hr\u00e6snislausri tr\u00fa.<a name=\"6\"><span class=\"versanumer\">6<\/span><\/a>Sumir eru viknir fr\u00e1 \u00feessu og hafa sn\u00fai\u00f0 s\u00e9r til h\u00e9g\u00f3mam\u00e1ls.<a name=\"7\"><span class=\"versanumer\">7<\/span><\/a>\u00deeir vilja vera l\u00f6gm\u00e1lskennendur, \u00fe\u00f3 a\u00f0 hvorki skilji \u00feeir, hva\u00f0 \u00feeir sj\u00e1lfir segja, n\u00e9 hva\u00f0 \u00feeir eru a\u00f0 fullyr\u00f0a.<a name=\"8\"><span class=\"versanumer\">8<\/span><\/a>V\u00e9r vitum, a\u00f0 l\u00f6gm\u00e1li\u00f0 er gott, noti ma\u00f0urinn \u00fea\u00f0 r\u00e9ttilega<a name=\"9\"><span class=\"versanumer\">9<\/span><\/a>og viti a\u00f0 \u00fea\u00f0 er ekki \u00e6tla\u00f0 r\u00e9ttl\u00e1tum, heldur l\u00f6gleysingjum og \u00feverbrotnum, \u00f3gu\u00f0legum og syndurum, vanheil\u00f6gum og \u00f3hreinum, f\u00f6\u00f0urmor\u00f0ingjum og m\u00f3\u00f0urmor\u00f0ingjum, manndr\u00e1purum,<a name=\"10\"><span class=\"versanumer\">10<\/span><\/a>frillul\u00edfism\u00f6nnum, mannh\u00f3rum, manna\u00fej\u00f3fum, lygurum, meins\u00e6rism\u00f6nnum, og hva\u00f0 sem \u00fea\u00f0 er n\u00fa anna\u00f0, sem gagnst\u00e6tt er hinni heiln\u00e6mu kenningu.<a name=\"11\"><span class=\"versanumer\">11<\/span><\/a>\u00deetta er samkv\u00e6mt fagna\u00f0arerindinu um d\u00fdr\u00f0 hins blessa\u00f0a Gu\u00f0s, sem m\u00e9r var tr\u00faa\u00f0 fyrir.<a name=\"12\"><span class=\"versanumer\">12<\/span><\/a>\u00c9g \u00feakka honum, sem mig styrkan gj\u00f6r\u00f0i, Kristi Jes\u00fa, Drottni vorum, fyrir \u00fea\u00f0 a\u00f0 hann s\u00fdndi m\u00e9r \u00fea\u00f0 traust a\u00f0 fela m\u00e9r \u00fej\u00f3nustu,<a name=\"13\"><span class=\"versanumer\">13<\/span><\/a>m\u00e9r, sem fyrrum var lastm\u00e6landi, ofs\u00f3knari og sm\u00e1nari. En m\u00e9r var miskunna\u00f0, s\u00f6kum \u00feess a\u00f0 \u00e9g gj\u00f6r\u00f0i \u00fea\u00f0 \u00ed vantr\u00fa, \u00e1n \u00feess a\u00f0 vita, hva\u00f0 \u00e9g gj\u00f6r\u00f0i.<a name=\"14\"><span class=\"versanumer\">14<\/span><\/a>Og n\u00e1\u00f0in Drottins vors var\u00f0 st\u00f3rlega r\u00edk me\u00f0 tr\u00fanni og k\u00e6rleikanum, sem veitist \u00ed Kristi Jes\u00fa.<a name=\"15\"><span class=\"versanumer\">15<\/span><\/a>\u00dea\u00f0 or\u00f0 er satt, og \u00ed alla sta\u00f0i \u00feess vert, a\u00f0 vi\u00f0 \u00fev\u00ed s\u00e9 teki\u00f0, a\u00f0 Kristur Jes\u00fas kom \u00ed heiminn til a\u00f0 frelsa synduga menn, og er \u00e9g \u00feeirra fremstur.<a name=\"16\"><span class=\"versanumer\">16<\/span><\/a>En fyrir \u00fe\u00e1 s\u00f6k var m\u00e9r miskunna\u00f0, a\u00f0 Kristur Jes\u00fas skyldi s\u00fdna \u00e1 m\u00e9r fyrstum gj\u00f6rvallt langlyndi sitt, \u00feeim til d\u00e6mis, er \u00e1 hann munu tr\u00faa til eil\u00edfs l\u00edfs.<a name=\"17\"><span class=\"versanumer\">17<\/span><\/a>Konungi eil\u00edf\u00f0ar, \u00f3dau\u00f0legum, \u00f3s\u00fdnilegum, einum Gu\u00f0i s\u00e9 hei\u00f0ur og d\u00fdr\u00f0 um aldir alda. Amen.<a name=\"18\"><span class=\"versanumer\">18<\/span><\/a>\u00deetta er \u00fea\u00f0, sem \u00e9g minni \u00feig \u00e1, barni\u00f0 mitt, T\u00edm\u00f3teus, me\u00f0 \u00feau sp\u00e1d\u00f3msor\u00f0 \u00ed huga, sem \u00e1\u00f0ur voru yfir \u00fe\u00e9r t\u00f6lu\u00f0. Samkv\u00e6mt \u00feeim skalt \u00fe\u00fa berjast hinni g\u00f3\u00f0u bar\u00e1ttu,<a name=\"19\"><span class=\"versanumer\">19<\/span><\/a>\u00ed tr\u00fa og me\u00f0 g\u00f3\u00f0ri samvisku. Henni hafa sumir fr\u00e1 s\u00e9r varpa\u00f0 og li\u00f0i\u00f0 skipbrot \u00e1 tr\u00fa sinni.<a name=\"20\"><span class=\"versanumer\">20<\/span><\/a>\u00cd t\u00f6lu \u00feeirra eru \u00feeir H\u00fdmeneus og Alexander, sem \u00e9g hef selt Satan \u00e1 vald, til \u00feess a\u00f0 hirtingin kenni \u00feeim a\u00f0 h\u00e6tta a\u00f0 gu\u00f0lasta.<\/p>\n<div class=\"footnote1981\"><b>1.1<\/b> P\u00e1ll postuli 1Kor 1.1+ &#8211; Gu\u00f0 frelsari L\u00fak 1.47; 1T\u00edm 2.3; 4.10; 2T\u00edm 1.9; T\u00edt 1.3; 2.10; 3.4; J\u00fad 25 \u2013 Kristur, von vor K\u00f3l 1.27<br \/>\n<b>1.2<\/b> T\u00edm\u00f3teus Post 16.1+ &#8211; barn \u00ed tr\u00fanni T\u00edt 1.4 \u2013 n\u00e1\u00f0, miskunn og fri\u00f0ur 2T\u00edm 1.2; 2J\u00f3h 3; sbr R\u00f3m 1.7; 1Kor 1.3; 2Kor 1.2<br \/>\n<b>1.3<\/b> Til Maked\u00f3n\u00edu Post 20.1+ ; 2Kor 1.16<br \/>\n<b>1.4<\/b> Kynjas\u00f6gur 1T\u00edm 4.7; T\u00edt 1.14<br \/>\n<b>1.5<\/b> K\u00e6rleikur R\u00f3m 13.10<br \/>\n<b>1.6<\/b> Or\u00f0agj\u00e1lfur 1T\u00edm 6.4,20; T\u00edt 1.10<br \/>\n<b>1.8<\/b> L\u00f6gm\u00e1li\u00f0 er gott R\u00f3m 7.12,16<br \/>\n<b>1.9-10<\/b> Lestir R\u00f3m 1.29+<br \/>\n<b>1.10<\/b> Heiln\u00e6m kenning 2T\u00edm 4.3; T\u00edt 1.9; 2.1; sbr 1T\u00edm 4.6; 6.3; 2T\u00edm 1.13; T\u00edt 1.13; 2.8<br \/>\n<b>1.11<\/b> Tr\u00faa\u00f0 fyrir fagna\u00f0arerindinu 1T\u00edm 2.7; 2T\u00edm 1.11; 4.17; T\u00edt 1.3<br \/>\n<b>1.12<\/b> S\u00fdndi m\u00e9r traust Post 9.15; Gal 1.15-16<br \/>\n<b>1.13<\/b> Ofs\u00f3tti Post 8.3; 9.1-2; 1Kor 15.9; Gal 1.13; Fil 3.6<br \/>\n<b>1.15<\/b> Vert vi\u00f0t\u00f6ku 1T\u00edm 3.1; 4.9; 2T\u00edm 2.11; T\u00edt 3.8 \u2013 til a\u00f0 frelsa L\u00fak 15.2; 19.10<br \/>\n<b>1.17<\/b> Einn Gu\u00f0 R\u00f3m 16.27; sbr 1T\u00edm 2.5-6; 5.21; 6.15-16; 2T\u00edm 1.9-10; 2.8; 4.1<br \/>\n<b>1.18<\/b> Sp\u00e1d\u00f3msor\u00f0 t\u00f6lu\u00f0 yfir T\u00edm\u00f3teusi 1T\u00edm 4.14; Post 13.1-3 \u2013 berjast hinni g\u00f3\u00f0u bar\u00e1ttu 1T\u00edm 6.12; 2T\u00edm 4.7; sbr J\u00fad 3<br \/>\n<b>1.20<\/b> H\u00fdmeneus 2T\u00edm 2.17 \u2013 Alexander 2T\u00edm 4.14 \u2013 selja Satan \u00e1 vald 1Kor 5.5<\/div>\n","protected":false},"excerpt":{"rendered":"<p>1P\u00e1ll, postuli Krists Jes\u00fa, a\u00f0 bo\u00f0i Gu\u00f0s frelsara vors og Krists Jes\u00fa, vonar vorrar, heilsar2T\u00edm\u00f3teusi, skilgetnum syni s\u00ednum \u00ed tr\u00fanni. N\u00e1\u00f0, miskunn og fri\u00f0ur fr\u00e1 Gu\u00f0i f\u00f6\u00f0ur og Kristi Jes\u00fa, Drottni vorum.3\u00deegar \u00e9g var \u00e1 f\u00f6rum til Maked\u00f3n\u00edu, hvatti \u00e9g \u00feig a\u00f0 halda kyrru fyrir \u00ed Efesus. \u00de\u00fa \u00e1ttir a\u00f0 bj\u00f3\u00f0a sumum m\u00f6nnum a\u00f0 fara ekki me\u00f0 annarlegar kenningar4og gefa sig ekki a\u00f0 \u00e6vint\u00fdrum og endalausum \u00e6ttart\u00f6lum, er fremur efla \u00fer\u00e6tur en tr\u00faarskilning \u00e1 r\u00e1\u00f0st\u00f6fun Gu\u00f0s.5Markmi\u00f0 \u00feessarar hvatningar er k\u00e6rleikur af hreinu hjarta, g\u00f3\u00f0ri samvisku og hr\u00e6snislausri tr\u00fa.6Sumir eru viknir fr\u00e1 \u00feessu og hafa sn\u00fai\u00f0 s\u00e9r til h\u00e9g\u00f3mam\u00e1ls.7\u00deeir vilja vera <a href=\"https:\/\/biblian.is\/1981\/fyrra-timoteusarbref-1-kafli\/\"> [&#8230;]<\/a><\/p>\n","protected":false},"author":1,"featured_media":0,"parent":0,"menu_order":0,"comment_status":"open","ping_status":"open","template":"bibliukaflar.php","meta":{"footnotes":""},"class_list":["post-2467","page","type-page","status-publish","hentry"],"_links":{"self":[{"href":"https:\/\/biblian.is\/1981\/wp-json\/wp\/v2\/pages\/2467","targetHints":{"allow":["GET"]}}],"collection":[{"href":"https:\/\/biblian.is\/1981\/wp-json\/wp\/v2\/pages"}],"about":[{"href":"https:\/\/biblian.is\/1981\/wp-json\/wp\/v2\/types\/page"}],"author":[{"embeddable":true,"href":"https:\/\/biblian.is\/1981\/wp-json\/wp\/v2\/users\/1"}],"replies":[{"embeddable":true,"href":"https:\/\/biblian.is\/1981\/wp-json\/wp\/v2\/comments?post=2467"}],"version-history":[{"count":0,"href":"https:\/\/biblian.is\/1981\/wp-json\/wp\/v2\/pages\/2467\/revisions"}],"wp:attachment":[{"href":"https:\/\/biblian.is\/1981\/wp-json\/wp\/v2\/media?parent=2467"}],"curies":[{"name":"wp","href":"https:\/\/api.w.org\/{rel}","templated":true}]}}